{"id":1224,"date":"2013-09-03T15:10:23","date_gmt":"2013-09-03T15:10:23","guid":{"rendered":"https:\/\/www.villagraziella.com\/home-7-2\/"},"modified":"2019-11-28T09:43:47","modified_gmt":"2019-11-28T09:43:47","slug":"home-7","status":"publish","type":"page","link":"https:\/\/www.villagraziella.com\/de\/","title":{"rendered":"Home"},"content":{"rendered":"<div class=\"colonna margine\"><div class=\"illustrazioneuno\"><\/p>\n<h2><a href=\"beschreibung\/\">F\u00fchlen Sie sich wie zu Hause!<\/a><\/h2>\n<p><strong>In ihrem 2-Sternehotel<\/strong> in <strong>Marghera<\/strong>, in der <strong>Antica Villa Graziella<\/strong>, erwartet Sie unsere Mitarbeiter in einem angenehmen und gepflegten Ambiente und empfiehlt Ihnen gerne Touren durch das urspr\u00fcngliche <strong>Venedig<\/strong>.<\/p>\n<p><\/div><\/p>\n<\/div>\n<div class=\"colonna margine\"><div class=\"illustrazionedue\"><\/p>\n<h2><a href=\"lage\/\">In wenigen Minuten in Venedig!<\/a><\/h2>\n<p>Die Antica Villa Graziella ist ruhig gelegen und <strong>gut an<\/strong> die <strong>\u00f6ffentlichen Verkehrsmittel nach Venedig<\/strong> angeschlossen, die nur 300 Meter vom Hotel entfernt sind. Es verf\u00fcgt \u00fcber einen <strong>Privatparkplatz<\/strong> und einen <strong>Garten<\/strong>, in dem das <strong>Fr\u00fchst\u00fcck<\/strong> serviert wird.<\/p>\n<p><\/div><\/p>\n<\/div>\n<div class=\"colonna\"><div class=\"offers\"><\/p>\n<div id=\"offertespeciali\">\n<h2>Sonderangebote<\/h2>\n<div class=\"flexslider\" style=\"width:268px;\"><ul class=\"slides\"><li><a href=\"https:\/\/www.villagraziella.com\/de\/offers\/special-family-offer-stay-close-venice-3\/\"><img loading=\"lazy\" decoding=\"async\" width=\"268\" height=\"160\" src=\"https:\/\/www.villagraziella.com\/wp-content\/uploads\/2015\/02\/famiglia-268x160.jpg\" class=\"attachment-slider_medium size-slider_medium\" alt=\"\" \/><\/a><div class=\"flex-caption\"><div class=\"original-price price-all\"><\/div><div class=\"reducted-price price-all\"><\/div><div class=\"clear\"><\/div><div class=\"clear\"><\/div><div class=\"offer_title\"><a href=\"https:\/\/www.villagraziella.com\/de\/offers\/special-family-offer-stay-close-venice-3\/\">Special &#8222;Family Offer&#8220; for your stay close to Venice<\/a><\/div><\/div><\/li><li><a href=\"https:\/\/www.villagraziella.com\/de\/offers\/special-companies-try-2\/\"><img loading=\"lazy\" decoding=\"async\" width=\"268\" height=\"160\" src=\"https:\/\/www.villagraziella.com\/wp-content\/uploads\/2015\/01\/business-268x160.jpg\" class=\"attachment-slider_medium size-slider_medium\" alt=\"\" \/><\/a><div class=\"flex-caption\"><div class=\"original-price price-all\"><\/div><div class=\"reducted-price price-all\"><\/div><div class=\"clear\"><\/div><div class=\"clear\"><\/div><div class=\"offer_title\"><a href=\"https:\/\/www.villagraziella.com\/de\/offers\/special-companies-try-2\/\">&#8222;OFFER for COMPANIES&#8220; near Venice<\/a><\/div><\/div><\/li><li><a href=\"https:\/\/www.villagraziella.com\/de\/offers\/sonderangebote-fur-internet\/\"><img loading=\"lazy\" decoding=\"async\" width=\"268\" height=\"160\" src=\"https:\/\/www.villagraziella.com\/wp-content\/uploads\/2013\/09\/sanmarco-268x160.jpg\" class=\"attachment-slider_medium size-slider_medium\" alt=\"\" \/><\/a><div class=\"flex-caption\"><div class=\"original-price price-all\"><\/div><div class=\"reducted-price price-all\"><\/div><div class=\"clear\"><\/div><div class=\"clear\"><\/div><div class=\"offer_title\"><a href=\"https:\/\/www.villagraziella.com\/de\/offers\/sonderangebote-fur-internet\/\">Sonderangebote f\u00fcr Internet<\/a><\/div><\/div><\/li><\/ul><\/div>\n<p><a title=\"Sonderangebote\" href=\"sonderangebote\/\">Zur vollst\u00e4ndigen Liste gehen<\/a><\/p>\n<\/div>\n<p><\/div><\/p>\n<\/div>\n<hr \/>\n<div class=\"citazione tedesco\">\n<h3>\u201cDer optimale Ausgangspunkt f\u00fcr Venedig und Umgebung\u201d<\/h3>\n<p>Ein kleines, schmuckes Hotel, welches als idealer Ausgangspunkt f\u00fcr die Erkundung Venedigs und dem wundersch\u00f6nen Umland bestens geeignet ist. Schon beim Betreten des Hotels sp\u00fcrt man die angenehme und freundliche Atmosph\u00e4re, die sich auch in der Sauberkeit und Freundlichkeit im gesamten Haus widerspiegelt. Seniora Roberta \u00fcberraschte beim Fr\u00fchst\u00fccksb\u00fcfett mit einem selbstgebackenen leckeren Kuchen ihres Mannes und die Tipps f\u00fcr die Ausfl\u00fcge wurden mit Pl\u00e4nen und kleinen wichtigen Anmerkungen unterstrichen. Ausgezeichnet ist auch die Verkehrsanbindung, ob mit Bus, Bahn oder Flugzeug. Sehr zu empfehlender Startpunkt f\u00fcr einen Trip nach Venedig.<\/p>\n<p class=\"firma\">5\/5 Tripadvisor Traveller<\/p>\n<\/div>\n","protected":false},"excerpt":{"rendered":"<p>\u201cDer optimale Ausgangspunkt f\u00fcr Venedig und Umgebung\u201d Ein kleines, schmuckes Hotel, welches als idealer Ausgangspunkt f\u00fcr die Erkundung Venedigs und dem wundersch\u00f6nen Umland bestens geeignet ist. Schon beim Betreten des Hotels sp\u00fcrt man die angenehme und freundliche Atmosph\u00e4re, die sich auch in der Sauberkeit und Freundlichkeit im gesamten Haus widerspiegelt. Seniora Roberta \u00fcberraschte beim Fr\u00fchst\u00fccksb\u00fcfett [&hellip;]<\/p>\n","protected":false},"author":24,"featured_media":0,"parent":0,"menu_order":0,"comment_status":"open","ping_status":"open","template":"index.php","meta":{"ngg_post_thumbnail":0,"footnotes":""},"class_list":["post-1224","page","type-page","status-publish","hentry"],"yoast_head":"<!-- This site is optimized with the Yoast SEO plugin v25.7 - https:\/\/yoast.com\/wordpress\/plugins\/seo\/ -->\n<title>G\u00fcnstiges Hotel nahe Venedig - Villa Graziella Offizielle Seite<\/title>\n<meta name=\"description\" content=\"2-Sterne-Hotel in Marghera, preisg\u00fcnstiges Hotel und gut mit dem \u00f6ffentlichen Verkehrsmitteln nach Venedig serviert, nur 300 Meter entfernt.\" \/>\n<meta name=\"robots\" content=\"index, follow, max-snippet:-1, max-image-preview:large, max-video-preview:-1\" \/>\n<link rel=\"canonical\" href=\"https:\/\/www.villagraziella.com\/de\/\" \/>\n<meta property=\"og:locale\" content=\"de_DE\" \/>\n<meta property=\"og:type\" content=\"article\" \/>\n<meta property=\"og:title\" content=\"G\u00fcnstiges Hotel nahe Venedig - Villa Graziella Offizielle Seite\" \/>\n<meta property=\"og:description\" content=\"2-Sterne-Hotel in Marghera, preisg\u00fcnstiges Hotel und gut mit dem \u00f6ffentlichen Verkehrsmitteln nach Venedig serviert, nur 300 Meter entfernt.\" \/>\n<meta property=\"og:url\" content=\"https:\/\/www.villagraziella.com\/de\/\" \/>\n<meta property=\"og:site_name\" content=\"Villa Graziella\" \/>\n<meta property=\"article:modified_time\" content=\"2019-11-28T09:43:47+00:00\" \/>\n<meta name=\"twitter:label1\" content=\"Gesch\u00e4tzte Lesezeit\" \/>\n\t<meta name=\"twitter:data1\" content=\"1\u00a0Minute\" \/>\n<script type=\"application\/ld+json\" class=\"yoast-schema-graph\">{\"@context\":\"https:\/\/schema.org\",\"@graph\":[{\"@type\":\"WebPage\",\"@id\":\"https:\/\/www.villagraziella.com\/de\/\",\"url\":\"https:\/\/www.villagraziella.com\/de\/\",\"name\":\"G\u00fcnstiges Hotel nahe Venedig - Villa Graziella Offizielle Seite\",\"isPartOf\":{\"@id\":\"https:\/\/www.villagraziella.com\/de\/#website\"},\"datePublished\":\"2013-09-03T15:10:23+00:00\",\"dateModified\":\"2019-11-28T09:43:47+00:00\",\"description\":\"2-Sterne-Hotel in Marghera, preisg\u00fcnstiges Hotel und gut mit dem \u00f6ffentlichen Verkehrsmitteln nach Venedig serviert, nur 300 Meter entfernt.\",\"breadcrumb\":{\"@id\":\"https:\/\/www.villagraziella.com\/de\/#breadcrumb\"},\"inLanguage\":\"de\",\"potentialAction\":[{\"@type\":\"ReadAction\",\"target\":[\"https:\/\/www.villagraziella.com\/de\/\"]}]},{\"@type\":\"BreadcrumbList\",\"@id\":\"https:\/\/www.villagraziella.com\/de\/#breadcrumb\",\"itemListElement\":[{\"@type\":\"ListItem\",\"position\":1,\"name\":\"Home\",\"item\":\"https:\/\/www.villagraziella.com\/de\/\"},{\"@type\":\"ListItem\",\"position\":2,\"name\":\"Home\"}]},{\"@type\":\"WebSite\",\"@id\":\"https:\/\/www.villagraziella.com\/de\/#website\",\"url\":\"https:\/\/www.villagraziella.com\/de\/\",\"name\":\"Villa Graziella\",\"description\":\"\",\"potentialAction\":[{\"@type\":\"SearchAction\",\"target\":{\"@type\":\"EntryPoint\",\"urlTemplate\":\"https:\/\/www.villagraziella.com\/de\/?s={search_term_string}\"},\"query-input\":{\"@type\":\"PropertyValueSpecification\",\"valueRequired\":true,\"valueName\":\"search_term_string\"}}],\"inLanguage\":\"de\"}]}<\/script>\n<!-- \/ Yoast SEO plugin. -->","yoast_head_json":{"title":"G\u00fcnstiges Hotel nahe Venedig - Villa Graziella Offizielle Seite","description":"2-Sterne-Hotel in Marghera, preisg\u00fcnstiges Hotel und gut mit dem \u00f6ffentlichen Verkehrsmitteln nach Venedig serviert, nur 300 Meter entfernt.","robots":{"index":"index","follow":"follow","max-snippet":"max-snippet:-1","max-image-preview":"max-image-preview:large","max-video-preview":"max-video-preview:-1"},"canonical":"https:\/\/www.villagraziella.com\/de\/","og_locale":"de_DE","og_type":"article","og_title":"G\u00fcnstiges Hotel nahe Venedig - Villa Graziella Offizielle Seite","og_description":"2-Sterne-Hotel in Marghera, preisg\u00fcnstiges Hotel und gut mit dem \u00f6ffentlichen Verkehrsmitteln nach Venedig serviert, nur 300 Meter entfernt.","og_url":"https:\/\/www.villagraziella.com\/de\/","og_site_name":"Villa Graziella","article_modified_time":"2019-11-28T09:43:47+00:00","twitter_misc":{"Gesch\u00e4tzte Lesezeit":"1\u00a0Minute"},"schema":{"@context":"https:\/\/schema.org","@graph":[{"@type":"WebPage","@id":"https:\/\/www.villagraziella.com\/de\/","url":"https:\/\/www.villagraziella.com\/de\/","name":"G\u00fcnstiges Hotel nahe Venedig - Villa Graziella Offizielle Seite","isPartOf":{"@id":"https:\/\/www.villagraziella.com\/de\/#website"},"datePublished":"2013-09-03T15:10:23+00:00","dateModified":"2019-11-28T09:43:47+00:00","description":"2-Sterne-Hotel in Marghera, preisg\u00fcnstiges Hotel und gut mit dem \u00f6ffentlichen Verkehrsmitteln nach Venedig serviert, nur 300 Meter entfernt.","breadcrumb":{"@id":"https:\/\/www.villagraziella.com\/de\/#breadcrumb"},"inLanguage":"de","potentialAction":[{"@type":"ReadAction","target":["https:\/\/www.villagraziella.com\/de\/"]}]},{"@type":"BreadcrumbList","@id":"https:\/\/www.villagraziella.com\/de\/#breadcrumb","itemListElement":[{"@type":"ListItem","position":1,"name":"Home","item":"https:\/\/www.villagraziella.com\/de\/"},{"@type":"ListItem","position":2,"name":"Home"}]},{"@type":"WebSite","@id":"https:\/\/www.villagraziella.com\/de\/#website","url":"https:\/\/www.villagraziella.com\/de\/","name":"Villa Graziella","description":"","potentialAction":[{"@type":"SearchAction","target":{"@type":"EntryPoint","urlTemplate":"https:\/\/www.villagraziella.com\/de\/?s={search_term_string}"},"query-input":{"@type":"PropertyValueSpecification","valueRequired":true,"valueName":"search_term_string"}}],"inLanguage":"de"}]}},"publishpress_future_action":{"enabled":false,"date":"2026-05-11 13:04:42","action":"change-status","newStatus":"draft","terms":[],"taxonomy":"translation_priority","extraData":[]},"publishpress_future_workflow_manual_trigger":{"enabledWorkflows":[]},"_links":{"self":[{"href":"https:\/\/www.villagraziella.com\/de\/wp-json\/wp\/v2\/pages\/1224","targetHints":{"allow":["GET"]}}],"collection":[{"href":"https:\/\/www.villagraziella.com\/de\/wp-json\/wp\/v2\/pages"}],"about":[{"href":"https:\/\/www.villagraziella.com\/de\/wp-json\/wp\/v2\/types\/page"}],"author":[{"embeddable":true,"href":"https:\/\/www.villagraziella.com\/de\/wp-json\/wp\/v2\/users\/24"}],"replies":[{"embeddable":true,"href":"https:\/\/www.villagraziella.com\/de\/wp-json\/wp\/v2\/comments?post=1224"}],"version-history":[{"count":4,"href":"https:\/\/www.villagraziella.com\/de\/wp-json\/wp\/v2\/pages\/1224\/revisions"}],"predecessor-version":[{"id":2507,"href":"https:\/\/www.villagraziella.com\/de\/wp-json\/wp\/v2\/pages\/1224\/revisions\/2507"}],"wp:attachment":[{"href":"https:\/\/www.villagraziella.com\/de\/wp-json\/wp\/v2\/media?parent=1224"}],"curies":[{"name":"wp","href":"https:\/\/api.w.org\/{rel}","templated":true}]}}