{"id":1240,"date":"2015-01-14T14:07:44","date_gmt":"2015-01-14T14:07:44","guid":{"rendered":"https:\/\/www.villagraziella.com\/descrizione-2\/"},"modified":"2019-11-28T10:40:50","modified_gmt":"2019-11-28T10:40:50","slug":"beschreibung","status":"publish","type":"page","link":"https:\/\/www.villagraziella.com\/de\/beschreibung\/","title":{"rendered":"Beschreibung"},"content":{"rendered":"<div id=\"colonna-2\">\n<h1 class=\"piccolo\">Hotel mit kostenfreien Parkpl\u00e4tzen in Marghera<\/h1>\n<h2>Das Hotel<\/h2>\n<p>Die \u00dcbernachtung beinhaltet ein Fr\u00fchst\u00fcck. Es liegt in Marghera, einem venezianischen Stadtteil auf dem Festland, in einer ruhigen und stillen Umgebung in der N\u00e4he des Bahnhofs von Venedig-Mestre (nur 900m zu Fu\u00df entfernt) und ist nicht weit von der Ausfahrt der Autobahn von Mailand nach Venedig (1,5 km) entfernt. Es bestehen auch bequeme Verbindungen zu den Flugh\u00e4fen Venedigs (Marco Polo) und Trevisos.<\/p>\n<p>Dank unseres h\u00f6flichen Services und der Erfahrung unseres Teams erhalten Sie alles N\u00f6tige, damit Ihr Venedigaufenthalt nach Ma\u00df und gut gelungen ist. Wir beraten Sie gerne bei Besichtigungen, Museen, typischen Orten, die einen Besuch wert sind, nicht touristischen Restaurants und Nachtleben.<\/p>\n<p>Im Fr\u00fchling und im Sommer ist es m\u00f6glich im Freien, in unserem kleinen und sorgf\u00e4ltig gepflegten Garten, zu <strong>fruhstucken oder sich im Schatten<\/strong> unserer Laube hinzusetzen und unsere B\u00fccher und F\u00fchrer \u00fcber Venedig und Venetien zu lesen. Zum Hotel geh\u00f6rt ein kleiner, <strong>kostenloser Parkplatz im Innenhof<\/strong>. Wir machen darauf aufmerksam, dass die Parkpl\u00e4tze in der Altstadt Venedigs 20,00 EURO pro Tag kosten.<\/p>\n<h2>Services<\/h2>\n<p><strong>\u2019Antica Villa Graziella\u2019<\/strong> ist eines der beliebtesten <strong>2 Sterne- Hotels <\/strong>in<strong> Mestre bei Venedig,<\/strong> denn wenn auch nur ein sehr kleines Hotel, kann das Haus seinen G\u00e4sten zahlreiche Service- Dienste bieten.<\/p>\n<p>Der bl\u00fchende <strong>Garten<\/strong> steht in der warmen Jahreszeit f\u00fcr Ruhepausen oder zum Genie\u00dfen einer Tasse Espresso, eines hervorragenden Cappuccino, einer k\u00f6stlichen hei\u00dfen Schokolade und zum Lesen der Reisef\u00fchrer \u00fcber Venedig, der Kunstb\u00e4nde aus der hauseigenen Hotel- Bibliothek zur Disposition.<\/p>\n<p>Das Hotel bietet einen bequemen, <strong>kostenlosen Parkplatz<\/strong> f\u00fcr alle mit PKW oder Motorrad anreisenden G\u00e4ste, einen kleinen Gep\u00e4ckaufbewahrungsraum, <strong>Sicherheitstresor<\/strong>, Weckservice\/Weckruf, einen kleinen Bar- Service, <strong>Fax<\/strong>&#8211; Dienst und <strong>Internetanschluss<\/strong> an der Rezeption. Zudem finden Sie wenige Fu\u00dfminuten entfernt nicht nur Restaurants und Pizzerien, sondern auch einen Supermarkt, die Apotheke, eine W\u00e4schereinigung, Banken, etc. Nahe gelegene Einkaufscenter (Panorama, Nave de vero, Auchan, Le Barche) sind per Bus erreichbar.<\/p>\n<p>Das Hotel ist rund um die Uhr \u00fcber den \u00f6ffentlichen Busverkehr mit der Altstadt von Venedig verbunden. Die Fahrtzeit betr\u00e4gt nur 10 Minuten. Die Haltestelle ist nur 400 m (5 Min. zu Fu\u00df) entfernt; Fahrplan der Busse: bis 21.30 Uhr alle 10 Min., bis 0.30 Uhr alle 20 Min. und in der Nacht gibt es st\u00fcndliche Busverbindungen. Die \u2018Vaporetti\u2019 (Wasserbusse) sind in Venedig hingegen sehr teuer und deshalb empfehlen wir Ihnen, 12h-, 24h-, 48h- bzw. 3 Tage- Fahrkarten) zu erwerben, die alle \u00f6ffentlichen Verkehrsmittel (Bus und \u2018Vaporetti\u2019) von Mestre- Venedig abdecken und an dem Fahrkartenschalter der ACTV am P.le Roma-Venezia erh\u00e4ltlich sind.<\/p>\n<p><strong>Die Antica Villa Graziella<\/strong> hebt sich aus anderen Hotelangeboten aufgrund ihrer herzlichen Gastfreundschaft und der st\u00e4ndigen Verf\u00fcgbarkeit des Personals hervor, dem ein angenehmer Aufenthalt der G\u00e4ste in einem <strong>Hotel in Venedig Mestre<\/strong> am Herzen liegt. Kinder sind bei uns herzlich willkommen; f\u00fcr kleine G\u00e4ste bis zu drei Jahren stellen wir die Aufbettung eines Kleinkindbettes (Wiege) kostenlos zur Verf\u00fcgung. Kleine und mittelgro\u00dfe Haustiere sind erlaubt, wenn stubenrein und gut erzogen.<\/p>\n<p><\/div><div id=\"colonna-1\"><\/p>\n<div class=\"colonnaofferte\">\n<div class=\"offers\"><\/p>\n<div id=\"offertespeciali\">\n<h2>Sonderangebote<\/h2>\n<div class=\"flexslider\" style=\"width:268px;\"><ul class=\"slides\"><li><a href=\"https:\/\/www.villagraziella.com\/de\/offers\/special-family-offer-stay-close-venice-3\/\"><img loading=\"lazy\" decoding=\"async\" width=\"268\" height=\"160\" src=\"https:\/\/www.villagraziella.com\/wp-content\/uploads\/2015\/02\/famiglia-268x160.jpg\" class=\"attachment-slider_medium size-slider_medium\" alt=\"\" \/><\/a><div class=\"flex-caption\"><div class=\"original-price price-all\"><\/div><div class=\"reducted-price price-all\"><\/div><div class=\"clear\"><\/div><div class=\"clear\"><\/div><div class=\"offer_title\"><a href=\"https:\/\/www.villagraziella.com\/de\/offers\/special-family-offer-stay-close-venice-3\/\">Special &#8222;Family Offer&#8220; for your stay close to Venice<\/a><\/div><\/div><\/li><li><a href=\"https:\/\/www.villagraziella.com\/de\/offers\/special-companies-try-2\/\"><img loading=\"lazy\" decoding=\"async\" width=\"268\" height=\"160\" src=\"https:\/\/www.villagraziella.com\/wp-content\/uploads\/2015\/01\/business-268x160.jpg\" class=\"attachment-slider_medium size-slider_medium\" alt=\"\" \/><\/a><div class=\"flex-caption\"><div class=\"original-price price-all\"><\/div><div class=\"reducted-price price-all\"><\/div><div class=\"clear\"><\/div><div class=\"clear\"><\/div><div class=\"offer_title\"><a href=\"https:\/\/www.villagraziella.com\/de\/offers\/special-companies-try-2\/\">&#8222;OFFER for COMPANIES&#8220; near Venice<\/a><\/div><\/div><\/li><li><a href=\"https:\/\/www.villagraziella.com\/de\/offers\/sonderangebote-fur-internet\/\"><img loading=\"lazy\" decoding=\"async\" width=\"268\" height=\"160\" src=\"https:\/\/www.villagraziella.com\/wp-content\/uploads\/2013\/09\/sanmarco-268x160.jpg\" class=\"attachment-slider_medium size-slider_medium\" alt=\"\" \/><\/a><div class=\"flex-caption\"><div class=\"original-price price-all\"><\/div><div class=\"reducted-price price-all\"><\/div><div class=\"clear\"><\/div><div class=\"clear\"><\/div><div class=\"offer_title\"><a href=\"https:\/\/www.villagraziella.com\/de\/offers\/sonderangebote-fur-internet\/\">Sonderangebote f\u00fcr Internet<\/a><\/div><\/div><\/li><\/ul><\/div>\n<p><a href=\"..\/sonderangebote\/\" title=\"Sonderangebote\">Zur vollst\u00e4ndigen Liste gehen<\/a><\/p>\n<\/div>\n<p><\/div><\/p><\/div>\n<!-- index.php -->\n<div\n\tclass=\"ngg-galleryoverview ngg-ajax-pagination-none\"\n\tid=\"ngg-gallery-a4d344ef125264c717b135179f310794-1\">\n\n    \t<div class=\"slideshowlink\">\n        <a href='https:\/\/www.villagraziella.com\/de\/offers\/sonderangebote-fur-internet\/nggallery\/slideshow'>[Show as slideshow]<\/a>\n\t\t\n\t<\/div>\n\t\t\t<!-- Thumbnails -->\n\t\t\t\t<div id=\"ngg-image-0\" class=\"ngg-gallery-thumbnail-box\" >\n\t\t\t\t        <div class=\"ngg-gallery-thumbnail\">\n            <a href=\"https:\/\/www.villagraziella.com\/wp-content\/gallery\/descrizione\/DSC_2052brusy.jpg\"\n               title=\"\"\n               data-src=\"https:\/\/www.villagraziella.com\/wp-content\/gallery\/descrizione\/DSC_2052brusy.jpg\"\n               data-thumbnail=\"https:\/\/www.villagraziella.com\/wp-content\/gallery\/descrizione\/thumbs\/thumbs_DSC_2052brusy.jpg\"\n               data-image-id=\"114\"\n               data-title=\"DSC_2052brusy\"\n               data-description=\"\"\n               data-image-slug=\"dsc_2052brusy-1\"\n               class='thickbox' rel='a4d344ef125264c717b135179f310794'>\n                <img\n                    title=\"DSC_2052brusy\"\n                    alt=\"DSC_2052brusy\"\n                    src=\"https:\/\/www.villagraziella.com\/wp-content\/gallery\/descrizione\/thumbs\/thumbs_DSC_2052brusy.jpg\"\n                    width=\"280\"\n                    height=\"280\"\n                    style=\"max-width:100%;\"\n                \/>\n            <\/a>\n        <\/div>\n\t\t\t\t\t\t\t<\/div> \n\t\t\t\n        \n\t\t\t\t<div id=\"ngg-image-1\" class=\"ngg-gallery-thumbnail-box\" >\n\t\t\t\t        <div class=\"ngg-gallery-thumbnail\">\n            <a href=\"https:\/\/www.villagraziella.com\/wp-content\/gallery\/descrizione\/DSC_2140brusy.JPG\"\n               title=\"\"\n               data-src=\"https:\/\/www.villagraziella.com\/wp-content\/gallery\/descrizione\/DSC_2140brusy.JPG\"\n               data-thumbnail=\"https:\/\/www.villagraziella.com\/wp-content\/gallery\/descrizione\/thumbs\/thumbs_DSC_2140brusy.JPG\"\n               data-image-id=\"116\"\n               data-title=\"DSC_2140brusy\"\n               data-description=\"\"\n               data-image-slug=\"dsc_2140brusy-1\"\n               class='thickbox' rel='a4d344ef125264c717b135179f310794'>\n                <img\n                    title=\"DSC_2140brusy\"\n                    alt=\"DSC_2140brusy\"\n                    src=\"https:\/\/www.villagraziella.com\/wp-content\/gallery\/descrizione\/thumbs\/thumbs_DSC_2140brusy.JPG\"\n                    width=\"280\"\n                    height=\"280\"\n                    style=\"max-width:100%;\"\n                \/>\n            <\/a>\n        <\/div>\n\t\t\t\t\t\t\t<\/div> \n\t\t\t\n        \n\t\t\t\t<div id=\"ngg-image-2\" class=\"ngg-gallery-thumbnail-box\" >\n\t\t\t\t        <div class=\"ngg-gallery-thumbnail\">\n            <a href=\"https:\/\/www.villagraziella.com\/wp-content\/gallery\/descrizione\/DSC_2198brusy.jpg\"\n               title=\"\"\n               data-src=\"https:\/\/www.villagraziella.com\/wp-content\/gallery\/descrizione\/DSC_2198brusy.jpg\"\n               data-thumbnail=\"https:\/\/www.villagraziella.com\/wp-content\/gallery\/descrizione\/thumbs\/thumbs_DSC_2198brusy.jpg\"\n               data-image-id=\"117\"\n               data-title=\"DSC_2198brusy\"\n               data-description=\"\"\n               data-image-slug=\"dsc_2198brusy-1\"\n               class='thickbox' rel='a4d344ef125264c717b135179f310794'>\n                <img\n                    title=\"DSC_2198brusy\"\n                    alt=\"DSC_2198brusy\"\n                    src=\"https:\/\/www.villagraziella.com\/wp-content\/gallery\/descrizione\/thumbs\/thumbs_DSC_2198brusy.jpg\"\n                    width=\"280\"\n                    height=\"280\"\n                    style=\"max-width:100%;\"\n                \/>\n            <\/a>\n        <\/div>\n\t\t\t\t\t\t\t<\/div> \n\t\t\t\n        \n\t\t\n\t\t<!-- Pagination -->\n\t<div class='ngg-clear'><\/div>\t<\/div>\n\n<p><\/div><\/p>\n","protected":false},"excerpt":{"rendered":"","protected":false},"author":24,"featured_media":0,"parent":0,"menu_order":0,"comment_status":"open","ping_status":"open","template":"page-monocolonna.php","meta":{"ngg_post_thumbnail":0,"footnotes":""},"class_list":["post-1240","page","type-page","status-publish","hentry"],"yoast_head":"<!-- This site is optimized with the Yoast SEO plugin v25.7 - https:\/\/yoast.com\/wordpress\/plugins\/seo\/ -->\n<title>Hotel mit kostenlosen Parkpl\u00e4tzen Marghera \u2013 2-Sterne-Hotel Marghera<\/title>\n<meta name=\"description\" content=\"Hotel mit kostenfreien Parkpl\u00e4tzen in Marghera. Ein 2-Sterne-Familienhotel mit einem bl\u00fchenden Garten f\u00fcr Momente der Entspannung f\u00fcr die G\u00e4ste zur Verf\u00fcgung.\" \/>\n<meta name=\"robots\" content=\"index, follow, max-snippet:-1, max-image-preview:large, max-video-preview:-1\" \/>\n<link rel=\"canonical\" href=\"https:\/\/www.villagraziella.com\/de\/beschreibung\/\" \/>\n<meta property=\"og:locale\" content=\"de_DE\" \/>\n<meta property=\"og:type\" content=\"article\" \/>\n<meta property=\"og:title\" content=\"Hotel mit kostenlosen Parkpl\u00e4tzen Marghera \u2013 2-Sterne-Hotel Marghera\" \/>\n<meta property=\"og:description\" content=\"Hotel mit kostenfreien Parkpl\u00e4tzen in Marghera. Ein 2-Sterne-Familienhotel mit einem bl\u00fchenden Garten f\u00fcr Momente der Entspannung f\u00fcr die G\u00e4ste zur Verf\u00fcgung.\" \/>\n<meta property=\"og:url\" content=\"https:\/\/www.villagraziella.com\/de\/beschreibung\/\" \/>\n<meta property=\"og:site_name\" content=\"Villa Graziella\" \/>\n<meta property=\"article:modified_time\" content=\"2019-11-28T10:40:50+00:00\" \/>\n<meta name=\"twitter:label1\" content=\"Gesch\u00e4tzte Lesezeit\" \/>\n\t<meta name=\"twitter:data1\" content=\"3\u00a0Minuten\" \/>\n<script type=\"application\/ld+json\" class=\"yoast-schema-graph\">{\"@context\":\"https:\/\/schema.org\",\"@graph\":[{\"@type\":\"WebPage\",\"@id\":\"https:\/\/www.villagraziella.com\/de\/beschreibung\/\",\"url\":\"https:\/\/www.villagraziella.com\/de\/beschreibung\/\",\"name\":\"Hotel mit kostenlosen Parkpl\u00e4tzen Marghera \u2013 2-Sterne-Hotel Marghera\",\"isPartOf\":{\"@id\":\"https:\/\/www.villagraziella.com\/de\/#website\"},\"datePublished\":\"2015-01-14T14:07:44+00:00\",\"dateModified\":\"2019-11-28T10:40:50+00:00\",\"description\":\"Hotel mit kostenfreien Parkpl\u00e4tzen in Marghera. Ein 2-Sterne-Familienhotel mit einem bl\u00fchenden Garten f\u00fcr Momente der Entspannung f\u00fcr die G\u00e4ste zur Verf\u00fcgung.\",\"breadcrumb\":{\"@id\":\"https:\/\/www.villagraziella.com\/de\/beschreibung\/#breadcrumb\"},\"inLanguage\":\"de\",\"potentialAction\":[{\"@type\":\"ReadAction\",\"target\":[\"https:\/\/www.villagraziella.com\/de\/beschreibung\/\"]}]},{\"@type\":\"BreadcrumbList\",\"@id\":\"https:\/\/www.villagraziella.com\/de\/beschreibung\/#breadcrumb\",\"itemListElement\":[{\"@type\":\"ListItem\",\"position\":1,\"name\":\"Home\",\"item\":\"https:\/\/www.villagraziella.com\/de\/\"},{\"@type\":\"ListItem\",\"position\":2,\"name\":\"Beschreibung\"}]},{\"@type\":\"WebSite\",\"@id\":\"https:\/\/www.villagraziella.com\/de\/#website\",\"url\":\"https:\/\/www.villagraziella.com\/de\/\",\"name\":\"Villa Graziella\",\"description\":\"\",\"potentialAction\":[{\"@type\":\"SearchAction\",\"target\":{\"@type\":\"EntryPoint\",\"urlTemplate\":\"https:\/\/www.villagraziella.com\/de\/?s={search_term_string}\"},\"query-input\":{\"@type\":\"PropertyValueSpecification\",\"valueRequired\":true,\"valueName\":\"search_term_string\"}}],\"inLanguage\":\"de\"}]}<\/script>\n<!-- \/ Yoast SEO plugin. -->","yoast_head_json":{"title":"Hotel mit kostenlosen Parkpl\u00e4tzen Marghera \u2013 2-Sterne-Hotel Marghera","description":"Hotel mit kostenfreien Parkpl\u00e4tzen in Marghera. Ein 2-Sterne-Familienhotel mit einem bl\u00fchenden Garten f\u00fcr Momente der Entspannung f\u00fcr die G\u00e4ste zur Verf\u00fcgung.","robots":{"index":"index","follow":"follow","max-snippet":"max-snippet:-1","max-image-preview":"max-image-preview:large","max-video-preview":"max-video-preview:-1"},"canonical":"https:\/\/www.villagraziella.com\/de\/beschreibung\/","og_locale":"de_DE","og_type":"article","og_title":"Hotel mit kostenlosen Parkpl\u00e4tzen Marghera \u2013 2-Sterne-Hotel Marghera","og_description":"Hotel mit kostenfreien Parkpl\u00e4tzen in Marghera. Ein 2-Sterne-Familienhotel mit einem bl\u00fchenden Garten f\u00fcr Momente der Entspannung f\u00fcr die G\u00e4ste zur Verf\u00fcgung.","og_url":"https:\/\/www.villagraziella.com\/de\/beschreibung\/","og_site_name":"Villa Graziella","article_modified_time":"2019-11-28T10:40:50+00:00","twitter_misc":{"Gesch\u00e4tzte Lesezeit":"3\u00a0Minuten"},"schema":{"@context":"https:\/\/schema.org","@graph":[{"@type":"WebPage","@id":"https:\/\/www.villagraziella.com\/de\/beschreibung\/","url":"https:\/\/www.villagraziella.com\/de\/beschreibung\/","name":"Hotel mit kostenlosen Parkpl\u00e4tzen Marghera \u2013 2-Sterne-Hotel Marghera","isPartOf":{"@id":"https:\/\/www.villagraziella.com\/de\/#website"},"datePublished":"2015-01-14T14:07:44+00:00","dateModified":"2019-11-28T10:40:50+00:00","description":"Hotel mit kostenfreien Parkpl\u00e4tzen in Marghera. Ein 2-Sterne-Familienhotel mit einem bl\u00fchenden Garten f\u00fcr Momente der Entspannung f\u00fcr die G\u00e4ste zur Verf\u00fcgung.","breadcrumb":{"@id":"https:\/\/www.villagraziella.com\/de\/beschreibung\/#breadcrumb"},"inLanguage":"de","potentialAction":[{"@type":"ReadAction","target":["https:\/\/www.villagraziella.com\/de\/beschreibung\/"]}]},{"@type":"BreadcrumbList","@id":"https:\/\/www.villagraziella.com\/de\/beschreibung\/#breadcrumb","itemListElement":[{"@type":"ListItem","position":1,"name":"Home","item":"https:\/\/www.villagraziella.com\/de\/"},{"@type":"ListItem","position":2,"name":"Beschreibung"}]},{"@type":"WebSite","@id":"https:\/\/www.villagraziella.com\/de\/#website","url":"https:\/\/www.villagraziella.com\/de\/","name":"Villa Graziella","description":"","potentialAction":[{"@type":"SearchAction","target":{"@type":"EntryPoint","urlTemplate":"https:\/\/www.villagraziella.com\/de\/?s={search_term_string}"},"query-input":{"@type":"PropertyValueSpecification","valueRequired":true,"valueName":"search_term_string"}}],"inLanguage":"de"}]}},"publishpress_future_action":{"enabled":false,"date":"2026-04-24 06:08:53","action":"change-status","newStatus":"draft","terms":[],"taxonomy":"translation_priority","extraData":[]},"publishpress_future_workflow_manual_trigger":{"enabledWorkflows":[]},"_links":{"self":[{"href":"https:\/\/www.villagraziella.com\/de\/wp-json\/wp\/v2\/pages\/1240","targetHints":{"allow":["GET"]}}],"collection":[{"href":"https:\/\/www.villagraziella.com\/de\/wp-json\/wp\/v2\/pages"}],"about":[{"href":"https:\/\/www.villagraziella.com\/de\/wp-json\/wp\/v2\/types\/page"}],"author":[{"embeddable":true,"href":"https:\/\/www.villagraziella.com\/de\/wp-json\/wp\/v2\/users\/24"}],"replies":[{"embeddable":true,"href":"https:\/\/www.villagraziella.com\/de\/wp-json\/wp\/v2\/comments?post=1240"}],"version-history":[{"count":1,"href":"https:\/\/www.villagraziella.com\/de\/wp-json\/wp\/v2\/pages\/1240\/revisions"}],"predecessor-version":[{"id":2520,"href":"https:\/\/www.villagraziella.com\/de\/wp-json\/wp\/v2\/pages\/1240\/revisions\/2520"}],"wp:attachment":[{"href":"https:\/\/www.villagraziella.com\/de\/wp-json\/wp\/v2\/media?parent=1240"}],"curies":[{"name":"wp","href":"https:\/\/api.w.org\/{rel}","templated":true}]}}