{"id":1436,"date":"2015-01-14T14:09:25","date_gmt":"2015-01-14T14:09:25","guid":{"rendered":"https:\/\/www.villagraziella.com\/camere-2\/"},"modified":"2023-10-26T12:17:01","modified_gmt":"2023-10-26T12:17:01","slug":"zimmer","status":"publish","type":"page","link":"https:\/\/www.villagraziella.com\/de\/zimmer\/","title":{"rendered":"Zimmer"},"content":{"rendered":"<div id=\"colonna-2\">\n<h1>Zimmer<\/h1>\n<p><strong>14 Zimmer<\/strong>, deren Komfort \u00fcber dem der anderen <strong>2 Sterne- Hotels in Mestre<\/strong> liegt, erwarten die G\u00e4ste im <strong>\u2019Antica Villa Graziella\u2019<\/strong> &#8211; f\u00fcr einen angenehmen Aufenthalt in <strong>Venedigs Hotels<\/strong>.<\/p>\n<p>Helle, komfortable und gem\u00fctliche Ein- bis Doppelbettzimmer in verschiedenen Ausf\u00fchrungen (getrennte Betten nur auf Anfrage). Selbstregelnde <strong>Klimaanlage<\/strong>, <strong>eigenes Bad<\/strong> mit Dusche und Haartrockner, Wi-Fi Internetzugang, Safe, TV und direkter Telefonanschluss \u2013 all dies tr\u00e4gt zu einem wahrlich angenehmen Urlaubs- bzw. Wochenendaufenthalt im Hotel \u201aAntica Villa Graziella\u2019 bei.<\/p>\n<h2>Unsere Zimmer<\/h2>\n<div class=\"camere\">\n<div class=\"immagini\"><!-- index.php -->\n<div\n\tclass=\"ngg-galleryoverview ngg-ajax-pagination-none\"\n\tid=\"ngg-gallery-550e8aa23d2c04e9f2773d979c3f3951-1\">\n\n    \t<div class=\"slideshowlink\">\n        <a href='https:\/\/www.villagraziella.com\/de\/offers\/sonderangebote-fur-internet\/nggallery\/slideshow'>[Show as slideshow]<\/a>\n\t\t\n\t<\/div>\n\t\t\t<!-- Thumbnails -->\n\t\t\t\t<div id=\"ngg-image-0\" class=\"ngg-gallery-thumbnail-box\" >\n\t\t\t\t        <div class=\"ngg-gallery-thumbnail\">\n            <a href=\"https:\/\/www.villagraziella.com\/wp-content\/gallery\/doppia-uso-singola\/DSC_1763.JPG\"\n               title=\"\"\n               data-src=\"https:\/\/www.villagraziella.com\/wp-content\/gallery\/doppia-uso-singola\/DSC_1763.JPG\"\n               data-thumbnail=\"https:\/\/www.villagraziella.com\/wp-content\/gallery\/doppia-uso-singola\/thumbs\/thumbs_DSC_1763.JPG\"\n               data-image-id=\"119\"\n               data-title=\"DSC_1763\"\n               data-description=\"\"\n               data-image-slug=\"dsc_1763\"\n               class='thickbox' rel='550e8aa23d2c04e9f2773d979c3f3951'>\n                <img\n                    title=\"DSC_1763\"\n                    alt=\"DSC_1763\"\n                    src=\"https:\/\/www.villagraziella.com\/wp-content\/gallery\/doppia-uso-singola\/thumbs\/thumbs_DSC_1763.JPG\"\n                    width=\"140\"\n                    height=\"140\"\n                    style=\"max-width:100%;\"\n                \/>\n            <\/a>\n        <\/div>\n\t\t\t\t\t\t\t<\/div> \n\t\t\t\n        \n\t\t\t\t<div id=\"ngg-image-1\" class=\"ngg-gallery-thumbnail-box\" >\n\t\t\t\t        <div class=\"ngg-gallery-thumbnail\">\n            <a href=\"https:\/\/www.villagraziella.com\/wp-content\/gallery\/doppia-uso-singola\/DSC_1784brusy.jpg\"\n               title=\"\"\n               data-src=\"https:\/\/www.villagraziella.com\/wp-content\/gallery\/doppia-uso-singola\/DSC_1784brusy.jpg\"\n               data-thumbnail=\"https:\/\/www.villagraziella.com\/wp-content\/gallery\/doppia-uso-singola\/thumbs\/thumbs_DSC_1784brusy.jpg\"\n               data-image-id=\"120\"\n               data-title=\"DSC_1784brusy\"\n               data-description=\"\"\n               data-image-slug=\"dsc_1784brusy\"\n               class='thickbox' rel='550e8aa23d2c04e9f2773d979c3f3951'>\n                <img\n                    title=\"DSC_1784brusy\"\n                    alt=\"DSC_1784brusy\"\n                    src=\"https:\/\/www.villagraziella.com\/wp-content\/gallery\/doppia-uso-singola\/thumbs\/thumbs_DSC_1784brusy.jpg\"\n                    width=\"140\"\n                    height=\"140\"\n                    style=\"max-width:100%;\"\n                \/>\n            <\/a>\n        <\/div>\n\t\t\t\t\t\t\t<\/div> \n\t\t\t\n        \n\t\t\n\t\t<!-- Pagination -->\n\t<div class='ngg-clear'><\/div>\t<\/div>\n<\/div>\n<h3>Doppelzimmer als Einzelzimmer<\/h3>\n<p>Klassisch eingerichtetes Standardzimmer mit Bad und 1,40 Meter breitem Bett, klein und kompakt in der Ausf\u00fchrung, aber nicht im Komfort.<br \/>\nDie Ausstattung beinhaltet weiche Frottee-Handt\u00fccher, WLAN, regulierbare Klimaanlage\/Heizung, Flachbildfernseher (Satellit), Telefon mit Direktwahl und Safe.<br \/>\nMa\u00dfe des Bettes: 1 schmales Doppelbett (195 cm  x 140 cm)<\/p>\n<p><a class=\"pulsante\" href=\"https:\/\/book2.nozio.com\/accommodation\/list?channelId=10e8dca1-0865-4eee-8fb8-424514de7698&amp;culture=de\">Jetzt buchen<\/a><\/p>\n<\/div>\n<div class=\"camere\">\n<div class=\"immagini\"><!-- index.php -->\n<div\n\tclass=\"ngg-galleryoverview ngg-ajax-pagination-none\"\n\tid=\"ngg-gallery-6afc97dfc1faf2706e50449e7bcad485-1\">\n\n    \t<div class=\"slideshowlink\">\n        <a href='https:\/\/www.villagraziella.com\/de\/offers\/sonderangebote-fur-internet\/nggallery\/slideshow'>[Show as slideshow]<\/a>\n\t\t\n\t<\/div>\n\t\t\t<!-- Thumbnails -->\n\t\t\t\t<div id=\"ngg-image-0\" class=\"ngg-gallery-thumbnail-box\" >\n\t\t\t\t        <div class=\"ngg-gallery-thumbnail\">\n            <a href=\"https:\/\/www.villagraziella.com\/wp-content\/gallery\/matrimoniale\/3.jpg\"\n               title=\"\"\n               data-src=\"https:\/\/www.villagraziella.com\/wp-content\/gallery\/matrimoniale\/3.jpg\"\n               data-thumbnail=\"https:\/\/www.villagraziella.com\/wp-content\/gallery\/matrimoniale\/thumbs\/thumbs_3.jpg\"\n               data-image-id=\"5\"\n               data-title=\"3\"\n               data-description=\"\"\n               data-image-slug=\"3\"\n               class='thickbox' rel='6afc97dfc1faf2706e50449e7bcad485'>\n                <img\n                    title=\"3\"\n                    alt=\"3\"\n                    src=\"https:\/\/www.villagraziella.com\/wp-content\/gallery\/matrimoniale\/thumbs\/thumbs_3.jpg\"\n                    width=\"140\"\n                    height=\"140\"\n                    style=\"max-width:100%;\"\n                \/>\n            <\/a>\n        <\/div>\n\t\t\t\t\t\t\t<\/div> \n\t\t\t\n        \n\t\t\t\t<div id=\"ngg-image-1\" class=\"ngg-gallery-thumbnail-box\" >\n\t\t\t\t        <div class=\"ngg-gallery-thumbnail\">\n            <a href=\"https:\/\/www.villagraziella.com\/wp-content\/gallery\/matrimoniale\/1.jpg\"\n               title=\"\"\n               data-src=\"https:\/\/www.villagraziella.com\/wp-content\/gallery\/matrimoniale\/1.jpg\"\n               data-thumbnail=\"https:\/\/www.villagraziella.com\/wp-content\/gallery\/matrimoniale\/thumbs\/thumbs_1.jpg\"\n               data-image-id=\"1\"\n               data-title=\"1\"\n               data-description=\"\"\n               data-image-slug=\"1\"\n               class='thickbox' rel='6afc97dfc1faf2706e50449e7bcad485'>\n                <img\n                    title=\"1\"\n                    alt=\"1\"\n                    src=\"https:\/\/www.villagraziella.com\/wp-content\/gallery\/matrimoniale\/thumbs\/thumbs_1.jpg\"\n                    width=\"140\"\n                    height=\"140\"\n                    style=\"max-width:100%;\"\n                \/>\n            <\/a>\n        <\/div>\n\t\t\t\t\t\t\t<\/div> \n\t\t\t\n        \n\t\t\t\t<div id=\"ngg-image-2\" class=\"ngg-gallery-thumbnail-box\" >\n\t\t\t\t        <div class=\"ngg-gallery-thumbnail\">\n            <a href=\"https:\/\/www.villagraziella.com\/wp-content\/gallery\/matrimoniale\/1-1.jpg\"\n               title=\"\"\n               data-src=\"https:\/\/www.villagraziella.com\/wp-content\/gallery\/matrimoniale\/1-1.jpg\"\n               data-thumbnail=\"https:\/\/www.villagraziella.com\/wp-content\/gallery\/matrimoniale\/thumbs\/thumbs_1-1.jpg\"\n               data-image-id=\"3\"\n               data-title=\"1-1\"\n               data-description=\"\"\n               data-image-slug=\"1-1\"\n               class='thickbox' rel='6afc97dfc1faf2706e50449e7bcad485'>\n                <img\n                    title=\"1-1\"\n                    alt=\"1-1\"\n                    src=\"https:\/\/www.villagraziella.com\/wp-content\/gallery\/matrimoniale\/thumbs\/thumbs_1-1.jpg\"\n                    width=\"140\"\n                    height=\"140\"\n                    style=\"max-width:100%;\"\n                \/>\n            <\/a>\n        <\/div>\n\t\t\t\t\t\t\t<\/div> \n\t\t\t\n        \n\t\t\t\t<div id=\"ngg-image-3\" class=\"ngg-gallery-thumbnail-box\" >\n\t\t\t\t        <div class=\"ngg-gallery-thumbnail\">\n            <a href=\"https:\/\/www.villagraziella.com\/wp-content\/gallery\/matrimoniale\/2-1.jpg\"\n               title=\"\"\n               data-src=\"https:\/\/www.villagraziella.com\/wp-content\/gallery\/matrimoniale\/2-1.jpg\"\n               data-thumbnail=\"https:\/\/www.villagraziella.com\/wp-content\/gallery\/matrimoniale\/thumbs\/thumbs_2-1.jpg\"\n               data-image-id=\"4\"\n               data-title=\"2-1\"\n               data-description=\"\"\n               data-image-slug=\"2-1\"\n               class='thickbox' rel='6afc97dfc1faf2706e50449e7bcad485'>\n                <img\n                    title=\"2-1\"\n                    alt=\"2-1\"\n                    src=\"https:\/\/www.villagraziella.com\/wp-content\/gallery\/matrimoniale\/thumbs\/thumbs_2-1.jpg\"\n                    width=\"140\"\n                    height=\"140\"\n                    style=\"max-width:100%;\"\n                \/>\n            <\/a>\n        <\/div>\n\t\t\t\t\t\t\t<\/div> \n\t\t\t\n        \n\t\t\t\t<div id=\"ngg-image-4\" class=\"ngg-gallery-thumbnail-box\" >\n\t\t\t\t        <div class=\"ngg-gallery-thumbnail\">\n            <a href=\"https:\/\/www.villagraziella.com\/wp-content\/gallery\/matrimoniale\/2.jpg\"\n               title=\"\"\n               data-src=\"https:\/\/www.villagraziella.com\/wp-content\/gallery\/matrimoniale\/2.jpg\"\n               data-thumbnail=\"https:\/\/www.villagraziella.com\/wp-content\/gallery\/matrimoniale\/thumbs\/thumbs_2.jpg\"\n               data-image-id=\"2\"\n               data-title=\"2\"\n               data-description=\"\"\n               data-image-slug=\"2\"\n               class='thickbox' rel='6afc97dfc1faf2706e50449e7bcad485'>\n                <img\n                    title=\"2\"\n                    alt=\"2\"\n                    src=\"https:\/\/www.villagraziella.com\/wp-content\/gallery\/matrimoniale\/thumbs\/thumbs_2.jpg\"\n                    width=\"140\"\n                    height=\"140\"\n                    style=\"max-width:100%;\"\n                \/>\n            <\/a>\n        <\/div>\n\t\t\t\t\t\t\t<\/div> \n\t\t\t\n        \n\t\t\t\t<div id=\"ngg-image-5\" class=\"ngg-gallery-thumbnail-box\" >\n\t\t\t\t        <div class=\"ngg-gallery-thumbnail\">\n            <a href=\"https:\/\/www.villagraziella.com\/wp-content\/gallery\/matrimoniale\/3-1.jpg\"\n               title=\"\"\n               data-src=\"https:\/\/www.villagraziella.com\/wp-content\/gallery\/matrimoniale\/3-1.jpg\"\n               data-thumbnail=\"https:\/\/www.villagraziella.com\/wp-content\/gallery\/matrimoniale\/thumbs\/thumbs_3-1.jpg\"\n               data-image-id=\"6\"\n               data-title=\"3-1\"\n               data-description=\"\"\n               data-image-slug=\"3-1\"\n               class='thickbox' rel='6afc97dfc1faf2706e50449e7bcad485'>\n                <img\n                    title=\"3-1\"\n                    alt=\"3-1\"\n                    src=\"https:\/\/www.villagraziella.com\/wp-content\/gallery\/matrimoniale\/thumbs\/thumbs_3-1.jpg\"\n                    width=\"140\"\n                    height=\"140\"\n                    style=\"max-width:100%;\"\n                \/>\n            <\/a>\n        <\/div>\n\t\t\t\t\t\t\t<\/div> \n\t\t\t\n        \n\t\t\n\t\t<!-- Pagination -->\n\t<div class='ngg-clear'><\/div>\t<\/div>\n<\/div>\n<h3>Doppelzimmer<\/h3>\n<p>Klassisch eingerichtetes Standardzimmer mit Bad und Kingsize-Bett oder zwei Einzelbetten.<br \/>\nDie Ausstattung des gem\u00fctlichen und hellen Zimmers beinhaltet weiche Frottee-Handt\u00fccher, WLAN, regulierbare Klimaanlage\/Heizung, Flachbildfernseher (Satellit), Telefon mit Direktwahl und Safe.<br \/>\nMa\u00dfe des Bettes: 1 Doppelbett (200 cm x 170 cm) oder 2 Einzelbetten (200 cm x 85 cm).<\/p>\n<p><a class=\"pulsante\" href=\"https:\/\/book2.nozio.com\/accommodation\/list?channelId=10e8dca1-0865-4eee-8fb8-424514de7698&amp;culture=de\">Jetzt buchen<\/a><\/p>\n<\/div>\n<hr>\n<p><\/div><div id=\"colonna-1\"><\/p>\n<div class=\"colonnaofferte\">\n<div class=\"offers\"><\/p>\n<div id=\"offertespeciali\">\n<h2>Sonderangebote<\/h2>\n<div class=\"flexslider\" style=\"width:268px;\"><ul class=\"slides\"><li><a href=\"https:\/\/www.villagraziella.com\/de\/offers\/special-family-offer-stay-close-venice-3\/\"><img loading=\"lazy\" decoding=\"async\" width=\"268\" height=\"160\" src=\"https:\/\/www.villagraziella.com\/wp-content\/uploads\/2015\/02\/famiglia-268x160.jpg\" class=\"attachment-slider_medium size-slider_medium\" alt=\"\" \/><\/a><div class=\"flex-caption\"><div class=\"original-price price-all\"><\/div><div class=\"reducted-price price-all\"><\/div><div class=\"clear\"><\/div><div class=\"clear\"><\/div><div class=\"offer_title\"><a href=\"https:\/\/www.villagraziella.com\/de\/offers\/special-family-offer-stay-close-venice-3\/\">Special &#8222;Family Offer&#8220; for your stay close to Venice<\/a><\/div><\/div><\/li><li><a href=\"https:\/\/www.villagraziella.com\/de\/offers\/special-companies-try-2\/\"><img loading=\"lazy\" decoding=\"async\" width=\"268\" height=\"160\" src=\"https:\/\/www.villagraziella.com\/wp-content\/uploads\/2015\/01\/business-268x160.jpg\" class=\"attachment-slider_medium size-slider_medium\" alt=\"\" \/><\/a><div class=\"flex-caption\"><div class=\"original-price price-all\"><\/div><div class=\"reducted-price price-all\"><\/div><div class=\"clear\"><\/div><div class=\"clear\"><\/div><div class=\"offer_title\"><a href=\"https:\/\/www.villagraziella.com\/de\/offers\/special-companies-try-2\/\">&#8222;OFFER for COMPANIES&#8220; near Venice<\/a><\/div><\/div><\/li><li><a href=\"https:\/\/www.villagraziella.com\/de\/offers\/sonderangebote-fur-internet\/\"><img loading=\"lazy\" decoding=\"async\" width=\"268\" height=\"160\" src=\"https:\/\/www.villagraziella.com\/wp-content\/uploads\/2013\/09\/sanmarco-268x160.jpg\" class=\"attachment-slider_medium size-slider_medium\" alt=\"\" \/><\/a><div class=\"flex-caption\"><div class=\"original-price price-all\"><\/div><div class=\"reducted-price price-all\"><\/div><div class=\"clear\"><\/div><div class=\"clear\"><\/div><div class=\"offer_title\"><a href=\"https:\/\/www.villagraziella.com\/de\/offers\/sonderangebote-fur-internet\/\">Sonderangebote f\u00fcr Internet<\/a><\/div><\/div><\/li><\/ul><\/div>\n<p><a href=\"sonderangebote\/\" title=\"Sonderangebote\">Zur vollst\u00e4ndigen Liste gehen<\/a><\/p>\n<\/div>\n<p><\/div><\/p>\n<\/div>\n<div class=\"box\">\n<div class=\"illustrazioneuno\"><\/p>\n<h3>Quick info<\/h3>\n<p><strong>Die Rezeption des Hotels \u2018Antica Villa Graziella\u2019 und der hauseigene Parkplatz sind von sieben Uhr morgens bis Mitternacht ge\u00f6ffnet.<br \/>\nCHECK-IN von 14:00 bis 24:00 Uhr (Teilen Sie uns bitte mit, wenn Sie sp\u00e4ter anreisen sollten!)<br \/>\nCHECK-OUT bis 11:00 Uhr<\/strong><\/p>\n<p>Am An- und Abreisetag k\u00f6nnen Sie ohne weiteren Aufpreis Ihr Gep\u00e4ck im Hotel lassen und Ihren PKW auf der Stra\u00dfe am Haus parken. Somit haben Sie die M\u00f6glichkeit, den Tag in Venedig zu verbringen und erst am Nachmittag zur\u00fcckzukehren.<\/p>\n<p><\/div><\/p>\n<\/div>\n<p><\/div><\/p>\n","protected":false},"excerpt":{"rendered":"","protected":false},"author":24,"featured_media":0,"parent":0,"menu_order":0,"comment_status":"open","ping_status":"open","template":"page-monocolonna.php","meta":{"ngg_post_thumbnail":0,"footnotes":""},"class_list":["post-1436","page","type-page","status-publish","hentry"],"yoast_head":"<!-- This site is optimized with the Yoast SEO plugin v25.7 - https:\/\/yoast.com\/wordpress\/plugins\/seo\/ -->\n<title>Zimmer - Villa Graziella<\/title>\n<meta name=\"description\" content=\"Zimmer, Villa Graziella: 2-Sterne-Hotel in Marghera, preisg\u00fcnstiges Hotel und gut mit dem \u00f6ffentlichen Verkehrsmitteln nach Venedig serviert.\" \/>\n<meta name=\"robots\" content=\"index, follow, max-snippet:-1, max-image-preview:large, max-video-preview:-1\" \/>\n<link rel=\"canonical\" href=\"https:\/\/www.villagraziella.com\/de\/zimmer\/\" \/>\n<meta property=\"og:locale\" content=\"de_DE\" \/>\n<meta property=\"og:type\" content=\"article\" \/>\n<meta property=\"og:title\" content=\"Zimmer - Villa Graziella\" \/>\n<meta property=\"og:description\" content=\"Zimmer, Villa Graziella: 2-Sterne-Hotel in Marghera, preisg\u00fcnstiges Hotel und gut mit dem \u00f6ffentlichen Verkehrsmitteln nach Venedig serviert.\" \/>\n<meta property=\"og:url\" content=\"https:\/\/www.villagraziella.com\/de\/zimmer\/\" \/>\n<meta property=\"og:site_name\" content=\"Villa Graziella\" \/>\n<meta property=\"article:modified_time\" content=\"2023-10-26T12:17:01+00:00\" \/>\n<meta name=\"twitter:label1\" content=\"Gesch\u00e4tzte Lesezeit\" \/>\n\t<meta name=\"twitter:data1\" content=\"2\u00a0Minuten\" \/>\n<script type=\"application\/ld+json\" class=\"yoast-schema-graph\">{\"@context\":\"https:\/\/schema.org\",\"@graph\":[{\"@type\":\"WebPage\",\"@id\":\"https:\/\/www.villagraziella.com\/de\/zimmer\/\",\"url\":\"https:\/\/www.villagraziella.com\/de\/zimmer\/\",\"name\":\"Zimmer - Villa Graziella\",\"isPartOf\":{\"@id\":\"https:\/\/www.villagraziella.com\/de\/#website\"},\"datePublished\":\"2015-01-14T14:09:25+00:00\",\"dateModified\":\"2023-10-26T12:17:01+00:00\",\"description\":\"Zimmer, Villa Graziella: 2-Sterne-Hotel in Marghera, preisg\u00fcnstiges Hotel und gut mit dem \u00f6ffentlichen Verkehrsmitteln nach Venedig serviert.\",\"breadcrumb\":{\"@id\":\"https:\/\/www.villagraziella.com\/de\/zimmer\/#breadcrumb\"},\"inLanguage\":\"de\",\"potentialAction\":[{\"@type\":\"ReadAction\",\"target\":[\"https:\/\/www.villagraziella.com\/de\/zimmer\/\"]}]},{\"@type\":\"BreadcrumbList\",\"@id\":\"https:\/\/www.villagraziella.com\/de\/zimmer\/#breadcrumb\",\"itemListElement\":[{\"@type\":\"ListItem\",\"position\":1,\"name\":\"Home\",\"item\":\"https:\/\/www.villagraziella.com\/de\/\"},{\"@type\":\"ListItem\",\"position\":2,\"name\":\"Zimmer\"}]},{\"@type\":\"WebSite\",\"@id\":\"https:\/\/www.villagraziella.com\/de\/#website\",\"url\":\"https:\/\/www.villagraziella.com\/de\/\",\"name\":\"Villa Graziella\",\"description\":\"\",\"potentialAction\":[{\"@type\":\"SearchAction\",\"target\":{\"@type\":\"EntryPoint\",\"urlTemplate\":\"https:\/\/www.villagraziella.com\/de\/?s={search_term_string}\"},\"query-input\":{\"@type\":\"PropertyValueSpecification\",\"valueRequired\":true,\"valueName\":\"search_term_string\"}}],\"inLanguage\":\"de\"}]}<\/script>\n<!-- \/ Yoast SEO plugin. -->","yoast_head_json":{"title":"Zimmer - Villa Graziella","description":"Zimmer, Villa Graziella: 2-Sterne-Hotel in Marghera, preisg\u00fcnstiges Hotel und gut mit dem \u00f6ffentlichen Verkehrsmitteln nach Venedig serviert.","robots":{"index":"index","follow":"follow","max-snippet":"max-snippet:-1","max-image-preview":"max-image-preview:large","max-video-preview":"max-video-preview:-1"},"canonical":"https:\/\/www.villagraziella.com\/de\/zimmer\/","og_locale":"de_DE","og_type":"article","og_title":"Zimmer - Villa Graziella","og_description":"Zimmer, Villa Graziella: 2-Sterne-Hotel in Marghera, preisg\u00fcnstiges Hotel und gut mit dem \u00f6ffentlichen Verkehrsmitteln nach Venedig serviert.","og_url":"https:\/\/www.villagraziella.com\/de\/zimmer\/","og_site_name":"Villa Graziella","article_modified_time":"2023-10-26T12:17:01+00:00","twitter_misc":{"Gesch\u00e4tzte Lesezeit":"2\u00a0Minuten"},"schema":{"@context":"https:\/\/schema.org","@graph":[{"@type":"WebPage","@id":"https:\/\/www.villagraziella.com\/de\/zimmer\/","url":"https:\/\/www.villagraziella.com\/de\/zimmer\/","name":"Zimmer - Villa Graziella","isPartOf":{"@id":"https:\/\/www.villagraziella.com\/de\/#website"},"datePublished":"2015-01-14T14:09:25+00:00","dateModified":"2023-10-26T12:17:01+00:00","description":"Zimmer, Villa Graziella: 2-Sterne-Hotel in Marghera, preisg\u00fcnstiges Hotel und gut mit dem \u00f6ffentlichen Verkehrsmitteln nach Venedig serviert.","breadcrumb":{"@id":"https:\/\/www.villagraziella.com\/de\/zimmer\/#breadcrumb"},"inLanguage":"de","potentialAction":[{"@type":"ReadAction","target":["https:\/\/www.villagraziella.com\/de\/zimmer\/"]}]},{"@type":"BreadcrumbList","@id":"https:\/\/www.villagraziella.com\/de\/zimmer\/#breadcrumb","itemListElement":[{"@type":"ListItem","position":1,"name":"Home","item":"https:\/\/www.villagraziella.com\/de\/"},{"@type":"ListItem","position":2,"name":"Zimmer"}]},{"@type":"WebSite","@id":"https:\/\/www.villagraziella.com\/de\/#website","url":"https:\/\/www.villagraziella.com\/de\/","name":"Villa Graziella","description":"","potentialAction":[{"@type":"SearchAction","target":{"@type":"EntryPoint","urlTemplate":"https:\/\/www.villagraziella.com\/de\/?s={search_term_string}"},"query-input":{"@type":"PropertyValueSpecification","valueRequired":true,"valueName":"search_term_string"}}],"inLanguage":"de"}]}},"publishpress_future_action":{"enabled":false,"date":"2026-05-08 15:32:51","action":"change-status","newStatus":"draft","terms":[],"taxonomy":"translation_priority","extraData":[]},"publishpress_future_workflow_manual_trigger":{"enabledWorkflows":[]},"_links":{"self":[{"href":"https:\/\/www.villagraziella.com\/de\/wp-json\/wp\/v2\/pages\/1436","targetHints":{"allow":["GET"]}}],"collection":[{"href":"https:\/\/www.villagraziella.com\/de\/wp-json\/wp\/v2\/pages"}],"about":[{"href":"https:\/\/www.villagraziella.com\/de\/wp-json\/wp\/v2\/types\/page"}],"author":[{"embeddable":true,"href":"https:\/\/www.villagraziella.com\/de\/wp-json\/wp\/v2\/users\/24"}],"replies":[{"embeddable":true,"href":"https:\/\/www.villagraziella.com\/de\/wp-json\/wp\/v2\/comments?post=1436"}],"version-history":[{"count":8,"href":"https:\/\/www.villagraziella.com\/de\/wp-json\/wp\/v2\/pages\/1436\/revisions"}],"predecessor-version":[{"id":2607,"href":"https:\/\/www.villagraziella.com\/de\/wp-json\/wp\/v2\/pages\/1436\/revisions\/2607"}],"wp:attachment":[{"href":"https:\/\/www.villagraziella.com\/de\/wp-json\/wp\/v2\/media?parent=1436"}],"curies":[{"name":"wp","href":"https:\/\/api.w.org\/{rel}","templated":true}]}}