{"id":1241,"date":"2015-01-14T14:07:44","date_gmt":"2015-01-14T14:07:44","guid":{"rendered":"https:\/\/www.villagraziella.com\/descrizione-2\/"},"modified":"2019-11-28T10:41:24","modified_gmt":"2019-11-28T10:41:24","slug":"descripcion","status":"publish","type":"page","link":"https:\/\/www.villagraziella.com\/es\/descripcion\/","title":{"rendered":"Descripci\u00f2n"},"content":{"rendered":"<div id=\"colonna-2\">\n<h1 class=\"piccolo\">Hotel con aparcamiento gratuito en Marghera<\/h1>\n<h2>El hotel<\/h2>\n<p>Ofrecemos un servicio de pernoctaci\u00f3n y desayuno; est\u00e1 situado en Marghera, localidad de la provincia de Venecia en la tierra firme, en una zona tranquila y silenciosa. Est\u00e1 ubicado a s\u00f3lo 900 metros de la estaci\u00f3n ferroviaria de Mestre-Venecia, no lejos de la salida de la autopista Milano-Venezia (1,5 km). Son muy directas tambi\u00e9n las conexiones con los aeropuertos de Venecia (Marco Polo) y de Treviso.<\/p>\n<p>Gracias a la amabilidad y a la experiencia de nuestro personal podr\u00e1n obtener todo lo que necesiten para que su <strong>estancia en Venecia<\/strong> sea placentera y agradable. Con mucho placer les podremos aconsejar sobre las excursiones, museos lugares t\u00edpicos para visitar, restaurantes no tur\u00edsticos y vida nocturna.<\/p>\n<p>Durante la primavera y el verano es posible <strong>desayunar al aire libre en nuestro jard\u00edn<\/strong>, peque\u00f1o y muy bien cuidado, o sentarse a la sombra de la p\u00e9rgola a leer nuestros libros y gu\u00edas tur\u00edsticas de Venecia y del V\u00e9neto. Disponemos de un peque\u00f1o <strong>aparcamiento interior y gratuito<\/strong>.<\/p>\n<h2>Servicios<\/h2>\n<p><strong>Antica Villa Graziella<\/strong> es uno de los m\u00e1s apreciados <strong>hoteles de 2 estrellas <\/strong>de<strong> Mestre Venecia<\/strong> porque si bien es un hotel peque\u00f1o, ofrece a sus hu\u00e9spedes numerosos servicios.<\/p>\n<p>El <strong>jard\u00edn<\/strong> florido cuando llega el buen tiempo est\u00e1 a disposici\u00f3n de los clientes para los momentos de relax, para saborear un buen caf\u00e9 expr\u00e9s, un excelente cappuccino o un delicioso chocolate caliente, y para dedicarse a la lectura de las gu\u00edas de Venecia y los libros de arte que la biblioteca de Antica Villa Graziella pone al servicio de todos los hu\u00e9spedes.<\/p>\n<p>C\u00f3modo <strong>aparcamiento gratuito<\/strong> para quienes llegan en autom\u00f3vil o moto, peque\u00f1o dep\u00f3sito de equipajes, <strong>caja de seguridad<\/strong>, servicio de despertador, peque\u00f1o servicio de bar, servicio de <strong>fax<\/strong>  e <strong>Internet<\/strong> disponibles en recepci\u00f3n. Adem\u00e1s, a pocos minutos a pie hay restaurantes y pizzer\u00edas, adem\u00e1s de supermercado, farmacia, lavander\u00eda, bancos, etc. Centros comerciales en las proximidades (Panorama, Nave de vero, Auchan, Le Barche) a los que se llega en autob\u00fas.<\/p>\n<p>El servicio de autob\u00fas p\u00fablico garantiza la conexi\u00f3n del hotel con el casco antiguo de Venecia las 24 horas del d\u00eda en s\u00f3lo 10 min. de viaje. La parada est\u00e1 a tan solo 400 m (5 min andando) y hay autobuses cada 10 min hasta las 21.30 y cada 20 min hasta las 0.30. De noche, el servicio est\u00e1 garantizado cada hora. En cambio, los lanchones de pasajeros a Venecia son bastante caros, por lo cual le aconsejamos adquirir unos billetes acumulativos (12h; 24h; 48h; 3 d\u00edas), que incluyen todos los transportes p\u00fablicos (autobuses y lanchones de pasajeros) de Mestre Venecia y que podr\u00e1 adquirir en el despacho de billetes de ACTV en Piazzale Roma (Venecia).<\/p>\n<p><strong>La Antica Villa Graziella<\/strong> destaca de entre el resto de hoteles por su c\u00e1lida acogida y por la disponibilidad del personal, que siempre se esfuerza en procurar que los hu\u00e9spedes disfruten de una estancia lo m\u00e1s agradable posible en este <strong>hotel de Venecia Mestre<\/strong>. Los ni\u00f1os son bienvenidos; para ellos, y hasta los tres a\u00f1os, ponemos a disposici\u00f3n gratuitamente una camita (cuna). Se aceptan animales de peque\u00f1o y mediano tama\u00f1o, siempre que est\u00e9n bien educados.<\/p>\n<p><\/div><div id=\"colonna-1\"><\/p>\n<div class=\"colonnaofferte\">\n<div class=\"offers\"><\/p>\n<div id=\"offertespeciali\">\n<h2>Ofertas especiales <\/h2>\n<div class=\"flexslider\" style=\"width:268px;\"><ul class=\"slides\"><li><a href=\"https:\/\/www.villagraziella.com\/es\/offers\/special-family-offer-stay-close-venice-3\/\"><img loading=\"lazy\" decoding=\"async\" width=\"268\" height=\"160\" src=\"https:\/\/www.villagraziella.com\/wp-content\/uploads\/2015\/02\/famiglia-268x160.jpg\" class=\"attachment-slider_medium size-slider_medium\" alt=\"\" \/><\/a><div class=\"flex-caption\"><div class=\"original-price price-all\"><\/div><div class=\"reducted-price price-all\"><\/div><div class=\"clear\"><\/div><div class=\"clear\"><\/div><div class=\"offer_title\"><a href=\"https:\/\/www.villagraziella.com\/es\/offers\/special-family-offer-stay-close-venice-3\/\">Special \u00abFamily Offer\u00bb for your stay close to Venice<\/a><\/div><\/div><\/li><li><a href=\"https:\/\/www.villagraziella.com\/es\/offers\/special-companies-try-2\/\"><img loading=\"lazy\" decoding=\"async\" width=\"268\" height=\"160\" src=\"https:\/\/www.villagraziella.com\/wp-content\/uploads\/2015\/01\/business-268x160.jpg\" class=\"attachment-slider_medium size-slider_medium\" alt=\"\" \/><\/a><div class=\"flex-caption\"><div class=\"original-price price-all\"><\/div><div class=\"reducted-price price-all\"><\/div><div class=\"clear\"><\/div><div class=\"clear\"><\/div><div class=\"offer_title\"><a href=\"https:\/\/www.villagraziella.com\/es\/offers\/special-companies-try-2\/\">\u00abOFFER for COMPANIES\u00bb near Venice<\/a><\/div><\/div><\/li><li><a href=\"https:\/\/www.villagraziella.com\/es\/offers\/tarifas-especiales-para-internet\/\"><img loading=\"lazy\" decoding=\"async\" width=\"268\" height=\"160\" src=\"https:\/\/www.villagraziella.com\/wp-content\/uploads\/2013\/09\/sanmarco-268x160.jpg\" class=\"attachment-slider_medium size-slider_medium\" alt=\"\" \/><\/a><div class=\"flex-caption\"><div class=\"original-price price-all\"><\/div><div class=\"reducted-price price-all\"><\/div><div class=\"clear\"><\/div><div class=\"clear\"><\/div><div class=\"offer_title\"><a href=\"https:\/\/www.villagraziella.com\/es\/offers\/tarifas-especiales-para-internet\/\">Tarifas Especiales para Internet<\/a><\/div><\/div><\/li><\/ul><\/div>\n<p><a href=\"..\/ofertas-especiales\/\" title=\"Ofertas especiales\">Ir a la lista completa<\/a><\/p>\n<\/div>\n<p><\/div><\/p><\/div>\n<!-- index.php -->\n<div\n\tclass=\"ngg-galleryoverview ngg-ajax-pagination-none\"\n\tid=\"ngg-gallery-a4d344ef125264c717b135179f310794-1\">\n\n    \t<div class=\"slideshowlink\">\n        <a href='https:\/\/www.villagraziella.com\/es\/offers\/tarifas-especiales-para-internet\/nggallery\/slideshow'>[Show as slideshow]<\/a>\n\t\t\n\t<\/div>\n\t\t\t<!-- Thumbnails -->\n\t\t\t\t<div id=\"ngg-image-0\" class=\"ngg-gallery-thumbnail-box\" >\n\t\t\t\t        <div class=\"ngg-gallery-thumbnail\">\n            <a href=\"https:\/\/www.villagraziella.com\/wp-content\/gallery\/descrizione\/DSC_2052brusy.jpg\"\n               title=\"\"\n               data-src=\"https:\/\/www.villagraziella.com\/wp-content\/gallery\/descrizione\/DSC_2052brusy.jpg\"\n               data-thumbnail=\"https:\/\/www.villagraziella.com\/wp-content\/gallery\/descrizione\/thumbs\/thumbs_DSC_2052brusy.jpg\"\n               data-image-id=\"114\"\n               data-title=\"DSC_2052brusy\"\n               data-description=\"\"\n               data-image-slug=\"dsc_2052brusy-1\"\n               class='thickbox' rel='a4d344ef125264c717b135179f310794'>\n                <img\n                    title=\"DSC_2052brusy\"\n                    alt=\"DSC_2052brusy\"\n                    src=\"https:\/\/www.villagraziella.com\/wp-content\/gallery\/descrizione\/thumbs\/thumbs_DSC_2052brusy.jpg\"\n                    width=\"280\"\n                    height=\"280\"\n                    style=\"max-width:100%;\"\n                \/>\n            <\/a>\n        <\/div>\n\t\t\t\t\t\t\t<\/div> \n\t\t\t\n        \n\t\t\t\t<div id=\"ngg-image-1\" class=\"ngg-gallery-thumbnail-box\" >\n\t\t\t\t        <div class=\"ngg-gallery-thumbnail\">\n            <a href=\"https:\/\/www.villagraziella.com\/wp-content\/gallery\/descrizione\/DSC_2140brusy.JPG\"\n               title=\"\"\n               data-src=\"https:\/\/www.villagraziella.com\/wp-content\/gallery\/descrizione\/DSC_2140brusy.JPG\"\n               data-thumbnail=\"https:\/\/www.villagraziella.com\/wp-content\/gallery\/descrizione\/thumbs\/thumbs_DSC_2140brusy.JPG\"\n               data-image-id=\"116\"\n               data-title=\"DSC_2140brusy\"\n               data-description=\"\"\n               data-image-slug=\"dsc_2140brusy-1\"\n               class='thickbox' rel='a4d344ef125264c717b135179f310794'>\n                <img\n                    title=\"DSC_2140brusy\"\n                    alt=\"DSC_2140brusy\"\n                    src=\"https:\/\/www.villagraziella.com\/wp-content\/gallery\/descrizione\/thumbs\/thumbs_DSC_2140brusy.JPG\"\n                    width=\"280\"\n                    height=\"280\"\n                    style=\"max-width:100%;\"\n                \/>\n            <\/a>\n        <\/div>\n\t\t\t\t\t\t\t<\/div> \n\t\t\t\n        \n\t\t\t\t<div id=\"ngg-image-2\" class=\"ngg-gallery-thumbnail-box\" >\n\t\t\t\t        <div class=\"ngg-gallery-thumbnail\">\n            <a href=\"https:\/\/www.villagraziella.com\/wp-content\/gallery\/descrizione\/DSC_2198brusy.jpg\"\n               title=\"\"\n               data-src=\"https:\/\/www.villagraziella.com\/wp-content\/gallery\/descrizione\/DSC_2198brusy.jpg\"\n               data-thumbnail=\"https:\/\/www.villagraziella.com\/wp-content\/gallery\/descrizione\/thumbs\/thumbs_DSC_2198brusy.jpg\"\n               data-image-id=\"117\"\n               data-title=\"DSC_2198brusy\"\n               data-description=\"\"\n               data-image-slug=\"dsc_2198brusy-1\"\n               class='thickbox' rel='a4d344ef125264c717b135179f310794'>\n                <img\n                    title=\"DSC_2198brusy\"\n                    alt=\"DSC_2198brusy\"\n                    src=\"https:\/\/www.villagraziella.com\/wp-content\/gallery\/descrizione\/thumbs\/thumbs_DSC_2198brusy.jpg\"\n                    width=\"280\"\n                    height=\"280\"\n                    style=\"max-width:100%;\"\n                \/>\n            <\/a>\n        <\/div>\n\t\t\t\t\t\t\t<\/div> \n\t\t\t\n        \n\t\t\n\t\t<!-- Pagination -->\n\t<div class='ngg-clear'><\/div>\t<\/div>\n\n<p><\/div><\/p>\n","protected":false},"excerpt":{"rendered":"","protected":false},"author":24,"featured_media":0,"parent":0,"menu_order":0,"comment_status":"open","ping_status":"open","template":"page-monocolonna.php","meta":{"ngg_post_thumbnail":0,"footnotes":""},"class_list":["post-1241","page","type-page","status-publish","hentry"],"yoast_head":"<!-- This site is optimized with the Yoast SEO plugin v25.7 - https:\/\/yoast.com\/wordpress\/plugins\/seo\/ -->\n<title>Hotel con aparcamiento gratuito Marghera - Hotel 2 estrellas Marghera<\/title>\n<meta name=\"description\" content=\"Hotel con aparcamiento gratuito en Marghera. Un hotel de gesti\u00f3n familiar con un jard\u00edn florido a disposici\u00f3n para los momentos de relax.\" \/>\n<meta name=\"robots\" content=\"index, follow, max-snippet:-1, max-image-preview:large, max-video-preview:-1\" \/>\n<link rel=\"canonical\" href=\"https:\/\/www.villagraziella.com\/es\/descripcion\/\" \/>\n<meta property=\"og:locale\" content=\"es_ES\" \/>\n<meta property=\"og:type\" content=\"article\" \/>\n<meta property=\"og:title\" content=\"Hotel con aparcamiento gratuito Marghera - Hotel 2 estrellas Marghera\" \/>\n<meta property=\"og:description\" content=\"Hotel con aparcamiento gratuito en Marghera. Un hotel de gesti\u00f3n familiar con un jard\u00edn florido a disposici\u00f3n para los momentos de relax.\" \/>\n<meta property=\"og:url\" content=\"https:\/\/www.villagraziella.com\/es\/descripcion\/\" \/>\n<meta property=\"og:site_name\" content=\"Villa Graziella\" \/>\n<meta property=\"article:modified_time\" content=\"2019-11-28T10:41:24+00:00\" \/>\n<meta name=\"twitter:label1\" content=\"Tiempo de lectura\" \/>\n\t<meta name=\"twitter:data1\" content=\"3 minutos\" \/>\n<script type=\"application\/ld+json\" class=\"yoast-schema-graph\">{\"@context\":\"https:\/\/schema.org\",\"@graph\":[{\"@type\":\"WebPage\",\"@id\":\"https:\/\/www.villagraziella.com\/es\/descripcion\/\",\"url\":\"https:\/\/www.villagraziella.com\/es\/descripcion\/\",\"name\":\"Hotel con aparcamiento gratuito Marghera - Hotel 2 estrellas Marghera\",\"isPartOf\":{\"@id\":\"https:\/\/www.villagraziella.com\/es\/#website\"},\"datePublished\":\"2015-01-14T14:07:44+00:00\",\"dateModified\":\"2019-11-28T10:41:24+00:00\",\"description\":\"Hotel con aparcamiento gratuito en Marghera. Un hotel de gesti\u00f3n familiar con un jard\u00edn florido a disposici\u00f3n para los momentos de relax.\",\"breadcrumb\":{\"@id\":\"https:\/\/www.villagraziella.com\/es\/descripcion\/#breadcrumb\"},\"inLanguage\":\"es\",\"potentialAction\":[{\"@type\":\"ReadAction\",\"target\":[\"https:\/\/www.villagraziella.com\/es\/descripcion\/\"]}]},{\"@type\":\"BreadcrumbList\",\"@id\":\"https:\/\/www.villagraziella.com\/es\/descripcion\/#breadcrumb\",\"itemListElement\":[{\"@type\":\"ListItem\",\"position\":1,\"name\":\"Home\",\"item\":\"https:\/\/www.villagraziella.com\/es\/\"},{\"@type\":\"ListItem\",\"position\":2,\"name\":\"Descripci\u00f2n\"}]},{\"@type\":\"WebSite\",\"@id\":\"https:\/\/www.villagraziella.com\/es\/#website\",\"url\":\"https:\/\/www.villagraziella.com\/es\/\",\"name\":\"Villa Graziella\",\"description\":\"\",\"potentialAction\":[{\"@type\":\"SearchAction\",\"target\":{\"@type\":\"EntryPoint\",\"urlTemplate\":\"https:\/\/www.villagraziella.com\/es\/?s={search_term_string}\"},\"query-input\":{\"@type\":\"PropertyValueSpecification\",\"valueRequired\":true,\"valueName\":\"search_term_string\"}}],\"inLanguage\":\"es\"}]}<\/script>\n<!-- \/ Yoast SEO plugin. -->","yoast_head_json":{"title":"Hotel con aparcamiento gratuito Marghera - Hotel 2 estrellas Marghera","description":"Hotel con aparcamiento gratuito en Marghera. Un hotel de gesti\u00f3n familiar con un jard\u00edn florido a disposici\u00f3n para los momentos de relax.","robots":{"index":"index","follow":"follow","max-snippet":"max-snippet:-1","max-image-preview":"max-image-preview:large","max-video-preview":"max-video-preview:-1"},"canonical":"https:\/\/www.villagraziella.com\/es\/descripcion\/","og_locale":"es_ES","og_type":"article","og_title":"Hotel con aparcamiento gratuito Marghera - Hotel 2 estrellas Marghera","og_description":"Hotel con aparcamiento gratuito en Marghera. Un hotel de gesti\u00f3n familiar con un jard\u00edn florido a disposici\u00f3n para los momentos de relax.","og_url":"https:\/\/www.villagraziella.com\/es\/descripcion\/","og_site_name":"Villa Graziella","article_modified_time":"2019-11-28T10:41:24+00:00","twitter_misc":{"Tiempo de lectura":"3 minutos"},"schema":{"@context":"https:\/\/schema.org","@graph":[{"@type":"WebPage","@id":"https:\/\/www.villagraziella.com\/es\/descripcion\/","url":"https:\/\/www.villagraziella.com\/es\/descripcion\/","name":"Hotel con aparcamiento gratuito Marghera - Hotel 2 estrellas Marghera","isPartOf":{"@id":"https:\/\/www.villagraziella.com\/es\/#website"},"datePublished":"2015-01-14T14:07:44+00:00","dateModified":"2019-11-28T10:41:24+00:00","description":"Hotel con aparcamiento gratuito en Marghera. Un hotel de gesti\u00f3n familiar con un jard\u00edn florido a disposici\u00f3n para los momentos de relax.","breadcrumb":{"@id":"https:\/\/www.villagraziella.com\/es\/descripcion\/#breadcrumb"},"inLanguage":"es","potentialAction":[{"@type":"ReadAction","target":["https:\/\/www.villagraziella.com\/es\/descripcion\/"]}]},{"@type":"BreadcrumbList","@id":"https:\/\/www.villagraziella.com\/es\/descripcion\/#breadcrumb","itemListElement":[{"@type":"ListItem","position":1,"name":"Home","item":"https:\/\/www.villagraziella.com\/es\/"},{"@type":"ListItem","position":2,"name":"Descripci\u00f2n"}]},{"@type":"WebSite","@id":"https:\/\/www.villagraziella.com\/es\/#website","url":"https:\/\/www.villagraziella.com\/es\/","name":"Villa Graziella","description":"","potentialAction":[{"@type":"SearchAction","target":{"@type":"EntryPoint","urlTemplate":"https:\/\/www.villagraziella.com\/es\/?s={search_term_string}"},"query-input":{"@type":"PropertyValueSpecification","valueRequired":true,"valueName":"search_term_string"}}],"inLanguage":"es"}]}},"publishpress_future_action":{"enabled":false,"date":"2026-05-06 21:39:51","action":"change-status","newStatus":"draft","terms":[],"taxonomy":"translation_priority","extraData":[]},"publishpress_future_workflow_manual_trigger":{"enabledWorkflows":[]},"_links":{"self":[{"href":"https:\/\/www.villagraziella.com\/es\/wp-json\/wp\/v2\/pages\/1241","targetHints":{"allow":["GET"]}}],"collection":[{"href":"https:\/\/www.villagraziella.com\/es\/wp-json\/wp\/v2\/pages"}],"about":[{"href":"https:\/\/www.villagraziella.com\/es\/wp-json\/wp\/v2\/types\/page"}],"author":[{"embeddable":true,"href":"https:\/\/www.villagraziella.com\/es\/wp-json\/wp\/v2\/users\/24"}],"replies":[{"embeddable":true,"href":"https:\/\/www.villagraziella.com\/es\/wp-json\/wp\/v2\/comments?post=1241"}],"version-history":[{"count":1,"href":"https:\/\/www.villagraziella.com\/es\/wp-json\/wp\/v2\/pages\/1241\/revisions"}],"predecessor-version":[{"id":2524,"href":"https:\/\/www.villagraziella.com\/es\/wp-json\/wp\/v2\/pages\/1241\/revisions\/2524"}],"wp:attachment":[{"href":"https:\/\/www.villagraziella.com\/es\/wp-json\/wp\/v2\/media?parent=1241"}],"curies":[{"name":"wp","href":"https:\/\/api.w.org\/{rel}","templated":true}]}}