{"id":1333,"date":"2015-01-14T14:09:43","date_gmt":"2015-01-14T14:09:43","guid":{"rendered":"https:\/\/www.villagraziella.com\/recensioni-2\/"},"modified":"2018-06-27T14:28:58","modified_gmt":"2018-06-27T14:28:58","slug":"recensioni","status":"publish","type":"page","link":"https:\/\/www.villagraziella.com\/es\/recensioni\/","title":{"rendered":"Opiniones"},"content":{"rendered":"<div id=\"colonna-2\">\n<h1>Opiniones<\/h1>\n<p>\u00a1Consulta las <strong>opiniones que nuestros hu\u00e9spedes han<\/strong> publicado en los m\u00e1s importantes portales de rese\u00f1as online! Te recordamos que solo <strong>reservando directamente en nuestro Sitio Oficial ser\u00e1s un viajero privilegiado<\/strong>: \u00a1ser\u00e1s atendido personalmente por nuestro equipo desde el principio hasta el final y podr\u00e1s beneficiarte de tarifas especiales, ofertas y promociones reservadas exclusivamente para ti! Adem\u00e1s, si reservas a trav\u00e9s de nuestro Sitio Oficial, <strong>se te solicitar\u00e1 que escribas una \u00abrese\u00f1a oficial\u00bb, garantizada porque est\u00e1 vinculada a una reserva efectiva<\/strong>. \u00a1De esta forma, contribuir\u00e1s a mejorar la calidad del servicio que te ofrecemos a ti y a todos los viajeros!<\/p>\n<link rel=\"stylesheet\" href=\"https:\/\/include.nozio.com\/dynamic\/css\/nozioreviewscss.css\" type=\"text\/css\" media=\"all\" \/>\n<div id=\"nozioreviewswidget\"><a href=\"\">Antica Villa Graziella - Venezia Marghera<\/a><\/div>\n<script type=\"text\/javascript\" src=\"https:\/\/include.nozio.com\/dynamic\/js\/jquery_tooltip.js\"><\/script>\n<script type=\"text\/javascript\" src=\"https:\/\/include.nozio.com\/dynamic\/js\/nozio_reviews.php?idsk=58044&amp;lang=it&amp;widgetwidth=600\"><\/script>\n<hr \/>\n<div id=\"TA_selfserveprop629\" class=\"TA_selfserveprop\">\n<ul id=\"wr0fFf\" class=\"TA_links QK5BHfhpWK\">\n<li id=\"HnSfBEr\" class=\"yTAyWT\">\n<a target=\"_blank\" href=\"https:\/\/www.tripadvisor.it\/\"><img decoding=\"async\" src=\"https:\/\/www.tripadvisor.it\/img\/cdsi\/img2\/branding\/150_logo-11900-2.png\" alt=\"TripAdvisor\"\/><\/a>\n<\/li>\n<\/ul>\n<\/div>\n<p><script src=\"https:\/\/www.jscache.com\/wejs?wtype=selfserveprop&amp;uniq=629&amp;locationId=563400&amp;lang=es&amp;rating=true&amp;nreviews=5&amp;writereviewlink=true&amp;popIdx=true&amp;iswide=false&amp;border=true\"><\/script><\/p>\n<p><\/div><div id=\"colonna-1\"><\/p>\n<div class=\"colonnaofferte\">\n<div class=\"offers\"><\/p>\n<div id=\"offertespeciali\">\n<h2>Ofertas especiales <\/h2>\n<div class=\"flexslider\" style=\"width:268px;\"><ul class=\"slides\"><li><a href=\"https:\/\/www.villagraziella.com\/es\/offers\/special-family-offer-stay-close-venice-3\/\"><img loading=\"lazy\" decoding=\"async\" width=\"268\" height=\"160\" src=\"https:\/\/www.villagraziella.com\/wp-content\/uploads\/2015\/02\/famiglia-268x160.jpg\" class=\"attachment-slider_medium size-slider_medium\" alt=\"\" \/><\/a><div class=\"flex-caption\"><div class=\"original-price price-all\"><\/div><div class=\"reducted-price price-all\"><\/div><div class=\"clear\"><\/div><div class=\"clear\"><\/div><div class=\"offer_title\"><a href=\"https:\/\/www.villagraziella.com\/es\/offers\/special-family-offer-stay-close-venice-3\/\">Special \u00abFamily Offer\u00bb for your stay close to Venice<\/a><\/div><\/div><\/li><li><a href=\"https:\/\/www.villagraziella.com\/es\/offers\/special-companies-try-2\/\"><img loading=\"lazy\" decoding=\"async\" width=\"268\" height=\"160\" src=\"https:\/\/www.villagraziella.com\/wp-content\/uploads\/2015\/01\/business-268x160.jpg\" class=\"attachment-slider_medium size-slider_medium\" alt=\"\" \/><\/a><div class=\"flex-caption\"><div class=\"original-price price-all\"><\/div><div class=\"reducted-price price-all\"><\/div><div class=\"clear\"><\/div><div class=\"clear\"><\/div><div class=\"offer_title\"><a href=\"https:\/\/www.villagraziella.com\/es\/offers\/special-companies-try-2\/\">\u00abOFFER for COMPANIES\u00bb near Venice<\/a><\/div><\/div><\/li><li><a href=\"https:\/\/www.villagraziella.com\/es\/offers\/tarifas-especiales-para-internet\/\"><img loading=\"lazy\" decoding=\"async\" width=\"268\" height=\"160\" src=\"https:\/\/www.villagraziella.com\/wp-content\/uploads\/2013\/09\/sanmarco-268x160.jpg\" class=\"attachment-slider_medium size-slider_medium\" alt=\"\" \/><\/a><div class=\"flex-caption\"><div class=\"original-price price-all\"><\/div><div class=\"reducted-price price-all\"><\/div><div class=\"clear\"><\/div><div class=\"clear\"><\/div><div class=\"offer_title\"><a href=\"https:\/\/www.villagraziella.com\/es\/offers\/tarifas-especiales-para-internet\/\">Tarifas Especiales para Internet<\/a><\/div><\/div><\/li><\/ul><\/div>\n<p><a href=\"..\/ofertas-especiales\/\" title=\"Ofertas especiales\">Ir a la lista completa<\/a><\/p>\n<\/div>\n<p><\/div><\/p><\/div>\n<p><\/div><\/p>\n","protected":false},"excerpt":{"rendered":"","protected":false},"author":24,"featured_media":0,"parent":0,"menu_order":0,"comment_status":"open","ping_status":"open","template":"page-monocolonna.php","meta":{"ngg_post_thumbnail":0,"footnotes":""},"class_list":["post-1333","page","type-page","status-publish","hentry"],"yoast_head":"<!-- This site is optimized with the Yoast SEO plugin v25.7 - https:\/\/yoast.com\/wordpress\/plugins\/seo\/ -->\n<title>Opiniones - Villa Graziella<\/title>\n<meta name=\"description\" content=\"Opiniones, Villa Graziella: hotel de 2 estrellas se encuentra en Marghera, con precios asequibles y bien comunicado por transporte p\u00fablico a Venecia.\" \/>\n<meta name=\"robots\" content=\"index, follow, max-snippet:-1, max-image-preview:large, max-video-preview:-1\" \/>\n<link rel=\"canonical\" href=\"https:\/\/www.villagraziella.com\/es\/recensioni\/\" \/>\n<meta property=\"og:locale\" content=\"es_ES\" \/>\n<meta property=\"og:type\" content=\"article\" \/>\n<meta property=\"og:title\" content=\"Opiniones - Villa Graziella\" \/>\n<meta property=\"og:description\" content=\"Opiniones, Villa Graziella: hotel de 2 estrellas se encuentra en Marghera, con precios asequibles y bien comunicado por transporte p\u00fablico a Venecia.\" \/>\n<meta property=\"og:url\" content=\"https:\/\/www.villagraziella.com\/es\/recensioni\/\" \/>\n<meta property=\"og:site_name\" content=\"Villa Graziella\" \/>\n<meta property=\"article:modified_time\" content=\"2018-06-27T14:28:58+00:00\" \/>\n<meta property=\"og:image\" content=\"https:\/\/www.tripadvisor.it\/img\/cdsi\/img2\/branding\/150_logo-11900-2.png\" \/>\n<meta name=\"twitter:label1\" content=\"Tiempo de lectura\" \/>\n\t<meta name=\"twitter:data1\" content=\"1 minuto\" \/>\n<script type=\"application\/ld+json\" class=\"yoast-schema-graph\">{\"@context\":\"https:\/\/schema.org\",\"@graph\":[{\"@type\":\"WebPage\",\"@id\":\"https:\/\/www.villagraziella.com\/es\/recensioni\/\",\"url\":\"https:\/\/www.villagraziella.com\/es\/recensioni\/\",\"name\":\"Opiniones - Villa Graziella\",\"isPartOf\":{\"@id\":\"https:\/\/www.villagraziella.com\/es\/#website\"},\"primaryImageOfPage\":{\"@id\":\"https:\/\/www.villagraziella.com\/es\/recensioni\/#primaryimage\"},\"image\":{\"@id\":\"https:\/\/www.villagraziella.com\/es\/recensioni\/#primaryimage\"},\"thumbnailUrl\":\"https:\/\/www.tripadvisor.it\/img\/cdsi\/img2\/branding\/150_logo-11900-2.png\",\"datePublished\":\"2015-01-14T14:09:43+00:00\",\"dateModified\":\"2018-06-27T14:28:58+00:00\",\"description\":\"Opiniones, Villa Graziella: hotel de 2 estrellas se encuentra en Marghera, con precios asequibles y bien comunicado por transporte p\u00fablico a Venecia.\",\"breadcrumb\":{\"@id\":\"https:\/\/www.villagraziella.com\/es\/recensioni\/#breadcrumb\"},\"inLanguage\":\"es\",\"potentialAction\":[{\"@type\":\"ReadAction\",\"target\":[\"https:\/\/www.villagraziella.com\/es\/recensioni\/\"]}]},{\"@type\":\"ImageObject\",\"inLanguage\":\"es\",\"@id\":\"https:\/\/www.villagraziella.com\/es\/recensioni\/#primaryimage\",\"url\":\"https:\/\/www.tripadvisor.it\/img\/cdsi\/img2\/branding\/150_logo-11900-2.png\",\"contentUrl\":\"https:\/\/www.tripadvisor.it\/img\/cdsi\/img2\/branding\/150_logo-11900-2.png\"},{\"@type\":\"BreadcrumbList\",\"@id\":\"https:\/\/www.villagraziella.com\/es\/recensioni\/#breadcrumb\",\"itemListElement\":[{\"@type\":\"ListItem\",\"position\":1,\"name\":\"Home\",\"item\":\"https:\/\/www.villagraziella.com\/es\/\"},{\"@type\":\"ListItem\",\"position\":2,\"name\":\"Opiniones\"}]},{\"@type\":\"WebSite\",\"@id\":\"https:\/\/www.villagraziella.com\/es\/#website\",\"url\":\"https:\/\/www.villagraziella.com\/es\/\",\"name\":\"Villa Graziella\",\"description\":\"\",\"potentialAction\":[{\"@type\":\"SearchAction\",\"target\":{\"@type\":\"EntryPoint\",\"urlTemplate\":\"https:\/\/www.villagraziella.com\/es\/?s={search_term_string}\"},\"query-input\":{\"@type\":\"PropertyValueSpecification\",\"valueRequired\":true,\"valueName\":\"search_term_string\"}}],\"inLanguage\":\"es\"}]}<\/script>\n<!-- \/ Yoast SEO plugin. -->","yoast_head_json":{"title":"Opiniones - Villa Graziella","description":"Opiniones, Villa Graziella: hotel de 2 estrellas se encuentra en Marghera, con precios asequibles y bien comunicado por transporte p\u00fablico a Venecia.","robots":{"index":"index","follow":"follow","max-snippet":"max-snippet:-1","max-image-preview":"max-image-preview:large","max-video-preview":"max-video-preview:-1"},"canonical":"https:\/\/www.villagraziella.com\/es\/recensioni\/","og_locale":"es_ES","og_type":"article","og_title":"Opiniones - Villa Graziella","og_description":"Opiniones, Villa Graziella: hotel de 2 estrellas se encuentra en Marghera, con precios asequibles y bien comunicado por transporte p\u00fablico a Venecia.","og_url":"https:\/\/www.villagraziella.com\/es\/recensioni\/","og_site_name":"Villa Graziella","article_modified_time":"2018-06-27T14:28:58+00:00","og_image":[{"url":"https:\/\/www.tripadvisor.it\/img\/cdsi\/img2\/branding\/150_logo-11900-2.png","type":"","width":"","height":""}],"twitter_misc":{"Tiempo de lectura":"1 minuto"},"schema":{"@context":"https:\/\/schema.org","@graph":[{"@type":"WebPage","@id":"https:\/\/www.villagraziella.com\/es\/recensioni\/","url":"https:\/\/www.villagraziella.com\/es\/recensioni\/","name":"Opiniones - Villa Graziella","isPartOf":{"@id":"https:\/\/www.villagraziella.com\/es\/#website"},"primaryImageOfPage":{"@id":"https:\/\/www.villagraziella.com\/es\/recensioni\/#primaryimage"},"image":{"@id":"https:\/\/www.villagraziella.com\/es\/recensioni\/#primaryimage"},"thumbnailUrl":"https:\/\/www.tripadvisor.it\/img\/cdsi\/img2\/branding\/150_logo-11900-2.png","datePublished":"2015-01-14T14:09:43+00:00","dateModified":"2018-06-27T14:28:58+00:00","description":"Opiniones, Villa Graziella: hotel de 2 estrellas se encuentra en Marghera, con precios asequibles y bien comunicado por transporte p\u00fablico a Venecia.","breadcrumb":{"@id":"https:\/\/www.villagraziella.com\/es\/recensioni\/#breadcrumb"},"inLanguage":"es","potentialAction":[{"@type":"ReadAction","target":["https:\/\/www.villagraziella.com\/es\/recensioni\/"]}]},{"@type":"ImageObject","inLanguage":"es","@id":"https:\/\/www.villagraziella.com\/es\/recensioni\/#primaryimage","url":"https:\/\/www.tripadvisor.it\/img\/cdsi\/img2\/branding\/150_logo-11900-2.png","contentUrl":"https:\/\/www.tripadvisor.it\/img\/cdsi\/img2\/branding\/150_logo-11900-2.png"},{"@type":"BreadcrumbList","@id":"https:\/\/www.villagraziella.com\/es\/recensioni\/#breadcrumb","itemListElement":[{"@type":"ListItem","position":1,"name":"Home","item":"https:\/\/www.villagraziella.com\/es\/"},{"@type":"ListItem","position":2,"name":"Opiniones"}]},{"@type":"WebSite","@id":"https:\/\/www.villagraziella.com\/es\/#website","url":"https:\/\/www.villagraziella.com\/es\/","name":"Villa Graziella","description":"","potentialAction":[{"@type":"SearchAction","target":{"@type":"EntryPoint","urlTemplate":"https:\/\/www.villagraziella.com\/es\/?s={search_term_string}"},"query-input":{"@type":"PropertyValueSpecification","valueRequired":true,"valueName":"search_term_string"}}],"inLanguage":"es"}]}},"publishpress_future_action":{"enabled":false,"date":"2026-04-24 06:08:52","action":"change-status","newStatus":"draft","terms":[],"taxonomy":"translation_priority","extraData":[]},"publishpress_future_workflow_manual_trigger":{"enabledWorkflows":[]},"_links":{"self":[{"href":"https:\/\/www.villagraziella.com\/es\/wp-json\/wp\/v2\/pages\/1333","targetHints":{"allow":["GET"]}}],"collection":[{"href":"https:\/\/www.villagraziella.com\/es\/wp-json\/wp\/v2\/pages"}],"about":[{"href":"https:\/\/www.villagraziella.com\/es\/wp-json\/wp\/v2\/types\/page"}],"author":[{"embeddable":true,"href":"https:\/\/www.villagraziella.com\/es\/wp-json\/wp\/v2\/users\/24"}],"replies":[{"embeddable":true,"href":"https:\/\/www.villagraziella.com\/es\/wp-json\/wp\/v2\/comments?post=1333"}],"version-history":[{"count":1,"href":"https:\/\/www.villagraziella.com\/es\/wp-json\/wp\/v2\/pages\/1333\/revisions"}],"predecessor-version":[{"id":2423,"href":"https:\/\/www.villagraziella.com\/es\/wp-json\/wp\/v2\/pages\/1333\/revisions\/2423"}],"wp:attachment":[{"href":"https:\/\/www.villagraziella.com\/es\/wp-json\/wp\/v2\/media?parent=1333"}],"curies":[{"name":"wp","href":"https:\/\/api.w.org\/{rel}","templated":true}]}}