{"id":1514,"date":"2015-02-05T10:20:25","date_gmt":"2015-02-05T10:20:25","guid":{"rendered":"https:\/\/www.villagraziella.com\/?page_id=1514"},"modified":"2015-02-23T14:28:38","modified_gmt":"2015-02-23T14:28:38","slug":"mappa-es","status":"publish","type":"page","link":"https:\/\/www.villagraziella.com\/es\/mappa-es\/","title":{"rendered":"Mappa"},"content":{"rendered":"<h2>C\u00f3mo llegar hasta nosotros<\/h2>\n<div id=\"container-map\">\n<div id=\"map-canvas\"><\/div>\n<\/p><\/div>\n<h3>Si viene en autom\u00f3vil<\/h3>\n<p><strong>De la autopista A4 MILAN-PADUA-VENECIA<\/strong>; d\u00e9spues de PADOVA EST la autopista se bifurca: mant\u00e9ngase a la derecha y siga las indicaciones para VENEZIA\/AEROPORTO-MESTRE. D\u00e9spues de unos 10 km, llegar\u00e0 a la salida de la autopista VENEZIA-MESTRE, mant\u00e9ngase a la derecha y siga las indicaciones para VENEZIA-RAVENNA \/ MESTRE-MARGHERA; En la primera rotonda tome la segunda salida a la derecha hacia  MARGHERA *(inmediatamente despu\u00e9s de la gasolinera \u00abTotal Fina\u00bb); Llegar\u00e1 a una segunda rotonda (piazzale Parmesan) siga por la tercera calle (via Calvi). Al final de la calle, justo antes de la gasolinera \u00abQ8\u00bb a la izquierda, tuerza a la izquierda por via Coletti y habr\u00e1 llegado, el hotel Antica Villa Graziella (Via Luigi Coletti 6).<\/p>\n<p><strong>De la salida de la autopista A27 BELLUNO-VENECIA<\/strong>; siga las indicaciones para TANGENZIALE \/ VENEZIA-MILANO A4; siga percurriendo la Tangenziale de Mestre y salga a la ult\u00ecma salida siguendo las indicaciones para MARGHERA \/CHIOGGIA-RAVENNA; En la primera rotonda tome la tercera salida a la derecha hacia  MARGHERA; desde aqu\u00ed siga las mismas indicaciones dadas en el punto *(inmediatamente despu\u00e9s de la gasolinera&#8230;).<\/p>\n<p><strong>De la autopista A4 TRIESTE-UDINE-VENECIA<\/strong>; d\u00e9spues de SAN DONA&#8217;-NOVENTA siga por la autopista por unos 17 Km, aqu\u00ec hay una bifurcaci\u00f2n mant\u00e9ngase a la derecha y siga las indicaciones para VENEZIA-AEROPORTO\/ VENEZIA EST; D\u00e9spues de 1 km, llegar\u00e0 a la salida de la autopista VENEZIA EST. Siga las indicaciones para TANGENZIALE\/A4 MILANO-VENEZIA; siga percurriendo la Tangenziale de Mestre y salga a la ult\u00ecma salida siguendo las indicaciones para RAVENNA\/CHIOGGIA-MARGHERA; En la primera rotonda tome la tercera salida a la derecha hacia  MARGHERA; desde aqu\u00ed siga las mismas indicaciones dadas en el punto *(inmediatamente despu\u00e9s de la gasolinera&#8230;).<br \/>\nDe la Strada Statale Romea, la E45 de RAVENNA-CHIOGGIA, llegar\u00e0 en una grande rotonda. Salga al segunda salida, siguendo las indicaciones para la autopista VENEZIA- MILANO A4. Siga esta superstrada  hasta que llegar\u00e1 a otra grande rotonda. En esta rotonda, tome la primera salida a la derecha hacia  MARGHERA; desde aqu\u00ed siga las mismas indicaciones dadas en el punto *(inmediatamente despu\u00e9s de la gasolinera&#8230;).<\/p>\n<h3>Si viene en tren<\/h3>\n<p>Para llegar al Hotel<strong> \u00abAntica Villa Graziella **\u00bb <\/strong>tienes que bajar en la estaci\u00f3n de MESTRE-VENEZIA y est\u00e1 a s\u00f3lo 800 metros desde el hotel. <\/p>\n<p>Desde la estaci\u00f3n puede comunicarse con nosotros <strong>a pie<\/strong> si no tienes equipaje pesado (unos 15 min.); Cruzar luego la estaci\u00f3n por el paso subterr\u00e1neo y tomar el lado de MARGHERA; en una calle (Via Ulloa ou Via Rizzardi) llegar\u00e1 al final de los cuales encontrar\u00e1 una rotonda (Piazzale Giovannacci); Tome la primera carretera a la derecha (Viale Paolucci); al final de este camino que se ver\u00e1 el supermercado &#8216;ALI&#8217; est\u00e1 en su lado derecho y delante de ti la gasolinera Q8, estamos ah\u00ed, en la primera calle a la derecha en <strong>Via Luigi Coletti n\u00b0 6. <\/strong><\/p>\n<p>Si desea llegar con el <strong>Tranv\u00eda<\/strong>, salir de la estaci\u00f3n de tren desde el lado del MESTRE, girar a la derecha y continuar hasta llegar a PIAZZALE FAVRETTI donde encontrar\u00e1 una parada de tranv\u00eda (el \u00faltimo para las pasadas de Marghera a 21:33). Bajarse en VIA LAVELLI a Marghera, se hunde de nuevo en la calle principal (Viale Paolucci). Gire a la izquierda y continuar por 300 MT. Algunos ver\u00e1n el supermercado &#8216;ALI&#8217; est\u00e1 en su lado derecho y delante de ti la gasolinera Q8, somos despu\u00e9s de 30 metros, en la primera calle a la derecha en <strong>Via Luigi Coletti n\u00b0 6. <\/strong><\/p>\n<p>(El Tranv\u00eda de la estaci\u00f3n tarda unos 5 minutos para llegar al hotel el billete cuesta s\u00f2lo 1.30 euro por persona).<\/p>\n<p><strong>*)Le aconsejamos comprar el billete en la estaci\u00f3n de tren<\/strong><\/p>\n<p>Si tiene mucho equipaje, tambi\u00e9n puede tomar un <strong>taxi <\/strong>delante de la entrada principal de la estaci\u00f3n de MESTRE, en 5\/10 minutos habr\u00e1 llegado a la Antica Villa Graziella y cuesta unos 15\/20 (max 4 pers.).<\/p>\n<h3>Si viene en avi\u00f3n<\/h3>\n<p><strong>Del aeropuerto de Venecia \u00abMarco Polo\u00bb<\/strong><\/p>\n<p>Autob\u00fas p\u00f9blico ACTV: <\/p>\n<p><strong>L\u00ednea diurna (d\u00edas laborables)<\/strong>: desde el aeropuerto tomar el <strong>autob\u00fas n\u00ba 15<\/strong> (el \u00faltimo en Mestre en 20:15), bajarse en la \u00faltima parada en <strong>Piazzale Favretti en Mestre<\/strong> (cerca de la estaci\u00f3n de tren).  Desde all\u00ed tomar el <strong>tranv\u00eda<\/strong> y bajar en Via Lavelli en Marghera, se hunde de nuevo en la calle principal (Viale Paolucci). Gire a la izquierda y continuar por 300 MT alrededor y delante de usted ver\u00e1 la gasolinera Q8, estamos ah\u00ed, en la primera calle a la derecha en <strong>Via Luigi Coletti n\u00b0 6.<\/strong> <\/p>\n<p>ATENCI\u00d3N en <strong>los d\u00edas festivos<\/strong>, autob\u00fas <strong>n\u00ba 15 pases para Marghera<\/strong> (el \u00faltimo en Marghera en 19:50) te tiene que bajar en la primera parada en Via Lavelli, *IMPORTANTE despu\u00e9s de la rotonda de Piazzale Giovannacci parada de libro. <strong>*)<\/strong>desde aqu\u00ed seguir las indicaciones anteriores mencionadas.<\/p>\n<p>(Del aeropuerto tarda unos 40\/45 minutos para llegar al hote (depende del tr\u00e1fico), el billete cuesta s\u00f2lo 6,00 euro por persona).<\/p>\n<p><strong>L\u00ednea nocturna-diurna (entre semana o d\u00edas festivos): <\/strong>desde el aeropuerto tomar el <strong>autob\u00fas n\u00ba 5<\/strong>, bajarse en <strong>Venecia (piazzale Roma)<\/strong>, (el \u00faltimo en Venecia sale a las 1:10). El billete sencillo cuesta 6,00 Eur por persona. <\/p>\n<p> Luego tomar el <strong>autob\u00fas N2 (noche)<\/strong> a partir de las 0:50 (cada hora) a Marghera o el <\/p>\n<p> <strong>autob\u00fas n\u00b0 6 (d\u00eda)<\/strong>;  bajarse en la primera parada en Via Lavelli a Marghera, *IMPORTANTE <\/p>\n<p>despu\u00e9s de la rotonda de Piazzale Giovannacci parada de libro. <strong>*)<\/strong>desde aqu\u00ed seguir las indicaciones anteriores mencionadas. El billete cuesta s\u00f2lo 1,30 euro por persona.<\/p>\n<p>Autob\u00fas<strong> (directo) \u00abFly bus\u00bb <\/strong>l\u00edneas ATVO:<\/p>\n<p>desde el aeropuerto coger el <strong>Fly bus directo ATVO, <\/strong>(el \u00f9ltimo sale a las 24.20&#8242;): baje a la estaci\u00f2n de trenes de <strong>MESTRE-VENECIA*)<\/strong> que se encuentra a 800 metros de nosotros (15 minutos andando), <strong>*)<\/strong>despu\u00e9s prosiga siguiendo las mismas indicaciones dadas en el punto \u00abSi viene en tren\u00bb. (El autobus del aeropuerto tarda unos 20\/30 minutos (depende del tr\u00e1fico) para llegar a la estaci\u00f2n el billete cuesta 6.00 euro por persona).<\/p>\n<p><strong>*) Le aconsejamos a que primero comprar el billete en el aeropuerto<\/strong><\/p>\n<p>en TAXI<\/p>\n<p>Esto es una mejor soluci\u00f3n, es m\u00e1s r\u00e1pido y f\u00e1cil, desde el aeropuerto en s\u00f3lo 20\/30 minutos que llegas aqu\u00ed y el taxi cuesta unos 45\/55 euros (m\u00e1x. 4 personas).<\/p>\n<p><strong>Del aeropuerto de Treviso \u00abAntonio Canova\u00bb<\/strong><\/p>\n<p>Hay un <strong>servicio de traslado \u00abATVO\u00bb<\/strong> sin duda m\u00e1s barato es coincidiendo con los vuelos (el viaje dura unos 50\/60 min.) llega directamente a la estaci\u00f3n de tren de Venecia-Mestre y luego contin\u00faa a Piazzale Roma-Venecia. Deber\u00e1 bajar en la estaci\u00f3n de trenes de Venecia-Mestre, estamos en alrededor de 800. (15 mins. caminando), el billete sencillo cuesta 10,00 EUR por persona, ida y vuelta 18,00 euros por persona (incluyendo equipaje). <strong>*)<\/strong>despu\u00e9s prosiga siguiendo las mismas indicaciones dadas en el punto \u00abSi viene en tren\u00bb.<\/p>\n<p>Tambi\u00e9n existe <strong>el Taxi<\/strong> para llegar a <strong>\u00abAntica Villa Graziella **\u00bb<\/strong> pero es muy caro, unos 70\/80 Euro (m\u00e1x. 4 personas), el viaje toma unos 40\/50 minutos (dependiendo del tr\u00e1fico).<\/p>\n<p><a href=\"#\" onclick=\"self.print();return false;\">Impresi\u00f3n<\/a><\/p>\n","protected":false},"excerpt":{"rendered":"<p>C\u00f3mo llegar hasta nosotros Si viene en autom\u00f3vil De la autopista A4 MILAN-PADUA-VENECIA; d\u00e9spues de PADOVA EST la autopista se bifurca: mant\u00e9ngase a la derecha y siga las indicaciones para VENEZIA\/AEROPORTO-MESTRE. D\u00e9spues de unos 10 km, llegar\u00e0 a la salida de la autopista VENEZIA-MESTRE, mant\u00e9ngase a la derecha y siga las indicaciones para VENEZIA-RAVENNA \/ [&hellip;]<\/p>\n","protected":false},"author":24,"featured_media":0,"parent":0,"menu_order":0,"comment_status":"open","ping_status":"open","template":"page-popup.php","meta":{"ngg_post_thumbnail":0,"footnotes":""},"class_list":["post-1514","page","type-page","status-publish","hentry"],"yoast_head":"<!-- This site is optimized with the Yoast SEO plugin v25.7 - https:\/\/yoast.com\/wordpress\/plugins\/seo\/ -->\n<title>Mappa - Villa Graziella<\/title>\n<meta name=\"description\" content=\"Mappa, Villa Graziella:\" \/>\n<meta name=\"robots\" content=\"noindex, nofollow\" \/>\n<meta property=\"og:locale\" content=\"es_ES\" \/>\n<meta property=\"og:type\" content=\"article\" \/>\n<meta property=\"og:title\" content=\"Mappa - Villa Graziella\" \/>\n<meta property=\"og:description\" content=\"Mappa, Villa Graziella:\" \/>\n<meta property=\"og:url\" content=\"https:\/\/www.villagraziella.com\/es\/mappa-es\/\" \/>\n<meta property=\"og:site_name\" content=\"Villa Graziella\" \/>\n<meta property=\"article:modified_time\" content=\"2015-02-23T14:28:38+00:00\" \/>\n<meta name=\"twitter:label1\" content=\"Tiempo de lectura\" \/>\n\t<meta name=\"twitter:data1\" content=\"6 minutos\" \/>\n<script type=\"application\/ld+json\" class=\"yoast-schema-graph\">{\"@context\":\"https:\/\/schema.org\",\"@graph\":[{\"@type\":\"WebPage\",\"@id\":\"https:\/\/www.villagraziella.com\/es\/mappa-es\/\",\"url\":\"https:\/\/www.villagraziella.com\/es\/mappa-es\/\",\"name\":\"Mappa - Villa Graziella\",\"isPartOf\":{\"@id\":\"https:\/\/www.villagraziella.com\/es\/#website\"},\"datePublished\":\"2015-02-05T10:20:25+00:00\",\"dateModified\":\"2015-02-23T14:28:38+00:00\",\"description\":\"Mappa, Villa Graziella:\",\"breadcrumb\":{\"@id\":\"https:\/\/www.villagraziella.com\/es\/mappa-es\/#breadcrumb\"},\"inLanguage\":\"es\",\"potentialAction\":[{\"@type\":\"ReadAction\",\"target\":[\"https:\/\/www.villagraziella.com\/es\/mappa-es\/\"]}]},{\"@type\":\"BreadcrumbList\",\"@id\":\"https:\/\/www.villagraziella.com\/es\/mappa-es\/#breadcrumb\",\"itemListElement\":[{\"@type\":\"ListItem\",\"position\":1,\"name\":\"Home\",\"item\":\"https:\/\/www.villagraziella.com\/es\/\"},{\"@type\":\"ListItem\",\"position\":2,\"name\":\"Mappa\"}]},{\"@type\":\"WebSite\",\"@id\":\"https:\/\/www.villagraziella.com\/es\/#website\",\"url\":\"https:\/\/www.villagraziella.com\/es\/\",\"name\":\"Villa Graziella\",\"description\":\"\",\"potentialAction\":[{\"@type\":\"SearchAction\",\"target\":{\"@type\":\"EntryPoint\",\"urlTemplate\":\"https:\/\/www.villagraziella.com\/es\/?s={search_term_string}\"},\"query-input\":{\"@type\":\"PropertyValueSpecification\",\"valueRequired\":true,\"valueName\":\"search_term_string\"}}],\"inLanguage\":\"es\"}]}<\/script>\n<!-- \/ Yoast SEO plugin. -->","yoast_head_json":{"title":"Mappa - Villa Graziella","description":"Mappa, Villa Graziella:","robots":{"index":"noindex","follow":"nofollow"},"og_locale":"es_ES","og_type":"article","og_title":"Mappa - Villa Graziella","og_description":"Mappa, Villa Graziella:","og_url":"https:\/\/www.villagraziella.com\/es\/mappa-es\/","og_site_name":"Villa Graziella","article_modified_time":"2015-02-23T14:28:38+00:00","twitter_misc":{"Tiempo de lectura":"6 minutos"},"schema":{"@context":"https:\/\/schema.org","@graph":[{"@type":"WebPage","@id":"https:\/\/www.villagraziella.com\/es\/mappa-es\/","url":"https:\/\/www.villagraziella.com\/es\/mappa-es\/","name":"Mappa - Villa Graziella","isPartOf":{"@id":"https:\/\/www.villagraziella.com\/es\/#website"},"datePublished":"2015-02-05T10:20:25+00:00","dateModified":"2015-02-23T14:28:38+00:00","description":"Mappa, Villa Graziella:","breadcrumb":{"@id":"https:\/\/www.villagraziella.com\/es\/mappa-es\/#breadcrumb"},"inLanguage":"es","potentialAction":[{"@type":"ReadAction","target":["https:\/\/www.villagraziella.com\/es\/mappa-es\/"]}]},{"@type":"BreadcrumbList","@id":"https:\/\/www.villagraziella.com\/es\/mappa-es\/#breadcrumb","itemListElement":[{"@type":"ListItem","position":1,"name":"Home","item":"https:\/\/www.villagraziella.com\/es\/"},{"@type":"ListItem","position":2,"name":"Mappa"}]},{"@type":"WebSite","@id":"https:\/\/www.villagraziella.com\/es\/#website","url":"https:\/\/www.villagraziella.com\/es\/","name":"Villa Graziella","description":"","potentialAction":[{"@type":"SearchAction","target":{"@type":"EntryPoint","urlTemplate":"https:\/\/www.villagraziella.com\/es\/?s={search_term_string}"},"query-input":{"@type":"PropertyValueSpecification","valueRequired":true,"valueName":"search_term_string"}}],"inLanguage":"es"}]}},"publishpress_future_action":{"enabled":false,"date":"2026-05-06 22:46:37","action":"change-status","newStatus":"draft","terms":[],"taxonomy":"translation_priority","extraData":[]},"publishpress_future_workflow_manual_trigger":{"enabledWorkflows":[]},"_links":{"self":[{"href":"https:\/\/www.villagraziella.com\/es\/wp-json\/wp\/v2\/pages\/1514","targetHints":{"allow":["GET"]}}],"collection":[{"href":"https:\/\/www.villagraziella.com\/es\/wp-json\/wp\/v2\/pages"}],"about":[{"href":"https:\/\/www.villagraziella.com\/es\/wp-json\/wp\/v2\/types\/page"}],"author":[{"embeddable":true,"href":"https:\/\/www.villagraziella.com\/es\/wp-json\/wp\/v2\/users\/24"}],"replies":[{"embeddable":true,"href":"https:\/\/www.villagraziella.com\/es\/wp-json\/wp\/v2\/comments?post=1514"}],"version-history":[{"count":0,"href":"https:\/\/www.villagraziella.com\/es\/wp-json\/wp\/v2\/pages\/1514\/revisions"}],"wp:attachment":[{"href":"https:\/\/www.villagraziella.com\/es\/wp-json\/wp\/v2\/media?parent=1514"}],"curies":[{"name":"wp","href":"https:\/\/api.w.org\/{rel}","templated":true}]}}