{"id":1223,"date":"2013-09-03T15:10:23","date_gmt":"2013-09-03T15:10:23","guid":{"rendered":"https:\/\/www.villagraziella.com\/home-7-2\/"},"modified":"2019-11-28T09:45:56","modified_gmt":"2019-11-28T09:45:56","slug":"home-7","status":"publish","type":"page","link":"https:\/\/www.villagraziella.com\/fr\/","title":{"rendered":"Home"},"content":{"rendered":"<div class=\"colonna margine\"><div class=\"illustrazioneuno\"><\/p>\n<h2><a href=\"description-fr\/\">Sentez-vous comme<br \/>\n\u00e0 la maison !<\/a><\/h2>\n<p><strong>H\u00f4tel 2 \u00e9toiles<\/strong> \u00e0 <strong>Marghera<\/strong>, l\u2019<strong>Antica Villa Graziella<\/strong> vous attend dans un cadre confortable. Le personnel sera heureux de vous conseiller les <strong>itin\u00e9raires<\/strong> de d\u00e9couverte d\u2019une <strong>Venise<\/strong> plus authentique.<\/p>\n<p><\/div><\/p>\n<\/div>\n<div class=\"colonna margine\"><div class=\"illustrazionedue\"><\/p>\n<h2><a href=\"position\/\">A quelques minutes de Venise !<\/a><\/h2>\n<p>L\u2019Antica Villa Graziella se trouve dans un quartier calme et <strong>bien desservi<\/strong> par les <strong>transports en commun directs pour Venise<\/strong>, qui se trouvent \u00e0 300 m\u00e8tres \u00e0 peine. Elle dispose d&rsquo;un <strong>parking priv\u00e9<\/strong> et d&rsquo;un <strong>jardin<\/strong>, o\u00f9 le <strong>petit-d\u00e9jeuner<\/strong> est servi.<\/p>\n<p><\/div><\/p>\n<\/div>\n<div class=\"colonna\"><div class=\"offers\"><\/p>\n<div id=\"offertespeciali\">\n<h2>Offres Sp\u00e9ciales<\/h2>\n<div class=\"flexslider\" style=\"width:268px;\"><ul class=\"slides\"><li><a href=\"https:\/\/www.villagraziella.com\/fr\/offers\/special-family-offer-stay-close-venice-2\/\"><img loading=\"lazy\" decoding=\"async\" width=\"268\" height=\"160\" src=\"https:\/\/www.villagraziella.com\/wp-content\/uploads\/2015\/02\/famiglia-268x160.jpg\" class=\"attachment-slider_medium size-slider_medium\" alt=\"\" \/><\/a><div class=\"flex-caption\"><div class=\"original-price price-all\"><\/div><div class=\"reducted-price price-all\"><\/div><div class=\"clear\"><\/div><div class=\"clear\"><\/div><div class=\"offer_title\"><a href=\"https:\/\/www.villagraziella.com\/fr\/offers\/special-family-offer-stay-close-venice-2\/\">Sp\u00e9cial \u00ab\u00a0Offre Famille\u00a0\u00bb pour votre s\u00e9jour \u00e0 Venise<\/a><\/div><\/div><\/li><li><a href=\"https:\/\/www.villagraziella.com\/fr\/offers\/special-companies-try-2\/\"><img loading=\"lazy\" decoding=\"async\" width=\"268\" height=\"160\" src=\"https:\/\/www.villagraziella.com\/wp-content\/uploads\/2015\/01\/business-268x160.jpg\" class=\"attachment-slider_medium size-slider_medium\" alt=\"\" \/><\/a><div class=\"flex-caption\"><div class=\"original-price price-all\"><\/div><div class=\"reducted-price price-all\"><\/div><div class=\"clear\"><\/div><div class=\"clear\"><\/div><div class=\"offer_title\"><a href=\"https:\/\/www.villagraziella.com\/fr\/offers\/special-companies-try-2\/\">\u00ab\u00a0OFFER for COMPANIES\u00a0\u00bb near Venice<\/a><\/div><\/div><\/li><li><a href=\"https:\/\/www.villagraziella.com\/fr\/offers\/tarifs-speciaux-internet\/\"><img loading=\"lazy\" decoding=\"async\" width=\"268\" height=\"160\" src=\"https:\/\/www.villagraziella.com\/wp-content\/uploads\/2013\/09\/sanmarco-268x160.jpg\" class=\"attachment-slider_medium size-slider_medium\" alt=\"\" \/><\/a><div class=\"flex-caption\"><div class=\"original-price price-all\"><\/div><div class=\"reducted-price price-all\"><\/div><div class=\"clear\"><\/div><div class=\"clear\"><\/div><div class=\"offer_title\"><a href=\"https:\/\/www.villagraziella.com\/fr\/offers\/tarifs-speciaux-internet\/\">Tarifs Sp\u00e9ciaux Internet<\/a><\/div><\/div><\/li><\/ul><\/div>\n<p><a title=\"Offres Sp\u00e9ciales\" href=\"offres-speciales\/\">Voir la liste compl\u00e8te<\/a><\/p>\n<\/div>\n<p><\/div><\/p>\n<\/div>\n<hr \/>\n<div class=\"citazione\">\n<h3>\u201cPARFAIT\u201d<\/h3>\n<p>Petit h\u00f4tel familial tr\u00e8s sympa. La gentillesse et la courtoisie du personnel ont \u00e9t\u00e9 tr\u00e8s appr\u00e9ci\u00e9s. Id\u00e9alement situ\u00e9 aux portes de Venise, il suffit de 5 minutes de marche pour prendre le bus qui nous transporte en 15 minutes \u00e0 Venise. Le petit d\u00e9jeuner est tr\u00e8s correct avec petit cake maison, yaourt, jus d&rsquo;orange, c\u00e9r\u00e9ales. Tout le personnel parle parfaitement le fran\u00e7ais, ce qui est vraiment un plus pour nous aider \u00e0 d\u00e9busquer les bonnes adresses.<\/p>\n<p class=\"firma\">5\/5 Tripadvisor Traveller<\/p>\n<\/div>\n","protected":false},"excerpt":{"rendered":"<p>\u201cPARFAIT\u201d Petit h\u00f4tel familial tr\u00e8s sympa. La gentillesse et la courtoisie du personnel ont \u00e9t\u00e9 tr\u00e8s appr\u00e9ci\u00e9s. Id\u00e9alement situ\u00e9 aux portes de Venise, il suffit de 5 minutes de marche pour prendre le bus qui nous transporte en 15 minutes \u00e0 Venise. Le petit d\u00e9jeuner est tr\u00e8s correct avec petit cake maison, yaourt, jus d&rsquo;orange, [&hellip;]<\/p>\n","protected":false},"author":24,"featured_media":0,"parent":0,"menu_order":0,"comment_status":"open","ping_status":"open","template":"index.php","meta":{"ngg_post_thumbnail":0,"footnotes":""},"class_list":["post-1223","page","type-page","status-publish","hentry"],"yoast_head":"<!-- This site is optimized with the Yoast SEO plugin v25.7 - https:\/\/yoast.com\/wordpress\/plugins\/seo\/ -->\n<title>H\u00f4tel pas cher pr\u00e8s de Venise - Villa Graziella site officiel<\/title>\n<meta name=\"description\" content=\"H\u00f4tel 2 \u00e9toiles \u00e0 Marghera, abordable et bien desservi par les transports en commun \u00e0 Venise, \u00e0 seulement 300 m\u00e8tres.\" \/>\n<meta name=\"robots\" content=\"index, follow, max-snippet:-1, max-image-preview:large, max-video-preview:-1\" \/>\n<link rel=\"canonical\" href=\"https:\/\/www.villagraziella.com\/fr\/\" \/>\n<meta property=\"og:locale\" content=\"fr_FR\" \/>\n<meta property=\"og:type\" content=\"article\" \/>\n<meta property=\"og:title\" content=\"H\u00f4tel pas cher pr\u00e8s de Venise - Villa Graziella site officiel\" \/>\n<meta property=\"og:description\" content=\"H\u00f4tel 2 \u00e9toiles \u00e0 Marghera, abordable et bien desservi par les transports en commun \u00e0 Venise, \u00e0 seulement 300 m\u00e8tres.\" \/>\n<meta property=\"og:url\" content=\"https:\/\/www.villagraziella.com\/fr\/\" \/>\n<meta property=\"og:site_name\" content=\"Villa Graziella\" \/>\n<meta property=\"article:modified_time\" content=\"2019-11-28T09:45:56+00:00\" \/>\n<meta name=\"twitter:label1\" content=\"Dur\u00e9e de lecture estim\u00e9e\" \/>\n\t<meta name=\"twitter:data1\" content=\"1 minute\" \/>\n<script type=\"application\/ld+json\" class=\"yoast-schema-graph\">{\"@context\":\"https:\/\/schema.org\",\"@graph\":[{\"@type\":\"WebPage\",\"@id\":\"https:\/\/www.villagraziella.com\/fr\/\",\"url\":\"https:\/\/www.villagraziella.com\/fr\/\",\"name\":\"H\u00f4tel pas cher pr\u00e8s de Venise - Villa Graziella site officiel\",\"isPartOf\":{\"@id\":\"https:\/\/www.villagraziella.com\/fr\/#website\"},\"datePublished\":\"2013-09-03T15:10:23+00:00\",\"dateModified\":\"2019-11-28T09:45:56+00:00\",\"description\":\"H\u00f4tel 2 \u00e9toiles \u00e0 Marghera, abordable et bien desservi par les transports en commun \u00e0 Venise, \u00e0 seulement 300 m\u00e8tres.\",\"breadcrumb\":{\"@id\":\"https:\/\/www.villagraziella.com\/fr\/#breadcrumb\"},\"inLanguage\":\"fr-FR\",\"potentialAction\":[{\"@type\":\"ReadAction\",\"target\":[\"https:\/\/www.villagraziella.com\/fr\/\"]}]},{\"@type\":\"BreadcrumbList\",\"@id\":\"https:\/\/www.villagraziella.com\/fr\/#breadcrumb\",\"itemListElement\":[{\"@type\":\"ListItem\",\"position\":1,\"name\":\"Home\",\"item\":\"https:\/\/www.villagraziella.com\/fr\/\"},{\"@type\":\"ListItem\",\"position\":2,\"name\":\"Home\"}]},{\"@type\":\"WebSite\",\"@id\":\"https:\/\/www.villagraziella.com\/fr\/#website\",\"url\":\"https:\/\/www.villagraziella.com\/fr\/\",\"name\":\"Villa Graziella\",\"description\":\"\",\"potentialAction\":[{\"@type\":\"SearchAction\",\"target\":{\"@type\":\"EntryPoint\",\"urlTemplate\":\"https:\/\/www.villagraziella.com\/fr\/?s={search_term_string}\"},\"query-input\":{\"@type\":\"PropertyValueSpecification\",\"valueRequired\":true,\"valueName\":\"search_term_string\"}}],\"inLanguage\":\"fr-FR\"}]}<\/script>\n<!-- \/ Yoast SEO plugin. -->","yoast_head_json":{"title":"H\u00f4tel pas cher pr\u00e8s de Venise - Villa Graziella site officiel","description":"H\u00f4tel 2 \u00e9toiles \u00e0 Marghera, abordable et bien desservi par les transports en commun \u00e0 Venise, \u00e0 seulement 300 m\u00e8tres.","robots":{"index":"index","follow":"follow","max-snippet":"max-snippet:-1","max-image-preview":"max-image-preview:large","max-video-preview":"max-video-preview:-1"},"canonical":"https:\/\/www.villagraziella.com\/fr\/","og_locale":"fr_FR","og_type":"article","og_title":"H\u00f4tel pas cher pr\u00e8s de Venise - Villa Graziella site officiel","og_description":"H\u00f4tel 2 \u00e9toiles \u00e0 Marghera, abordable et bien desservi par les transports en commun \u00e0 Venise, \u00e0 seulement 300 m\u00e8tres.","og_url":"https:\/\/www.villagraziella.com\/fr\/","og_site_name":"Villa Graziella","article_modified_time":"2019-11-28T09:45:56+00:00","twitter_misc":{"Dur\u00e9e de lecture estim\u00e9e":"1 minute"},"schema":{"@context":"https:\/\/schema.org","@graph":[{"@type":"WebPage","@id":"https:\/\/www.villagraziella.com\/fr\/","url":"https:\/\/www.villagraziella.com\/fr\/","name":"H\u00f4tel pas cher pr\u00e8s de Venise - Villa Graziella site officiel","isPartOf":{"@id":"https:\/\/www.villagraziella.com\/fr\/#website"},"datePublished":"2013-09-03T15:10:23+00:00","dateModified":"2019-11-28T09:45:56+00:00","description":"H\u00f4tel 2 \u00e9toiles \u00e0 Marghera, abordable et bien desservi par les transports en commun \u00e0 Venise, \u00e0 seulement 300 m\u00e8tres.","breadcrumb":{"@id":"https:\/\/www.villagraziella.com\/fr\/#breadcrumb"},"inLanguage":"fr-FR","potentialAction":[{"@type":"ReadAction","target":["https:\/\/www.villagraziella.com\/fr\/"]}]},{"@type":"BreadcrumbList","@id":"https:\/\/www.villagraziella.com\/fr\/#breadcrumb","itemListElement":[{"@type":"ListItem","position":1,"name":"Home","item":"https:\/\/www.villagraziella.com\/fr\/"},{"@type":"ListItem","position":2,"name":"Home"}]},{"@type":"WebSite","@id":"https:\/\/www.villagraziella.com\/fr\/#website","url":"https:\/\/www.villagraziella.com\/fr\/","name":"Villa Graziella","description":"","potentialAction":[{"@type":"SearchAction","target":{"@type":"EntryPoint","urlTemplate":"https:\/\/www.villagraziella.com\/fr\/?s={search_term_string}"},"query-input":{"@type":"PropertyValueSpecification","valueRequired":true,"valueName":"search_term_string"}}],"inLanguage":"fr-FR"}]}},"publishpress_future_action":{"enabled":false,"date":"2026-04-18 03:58:28","action":"change-status","newStatus":"draft","terms":[],"taxonomy":"translation_priority","extraData":[]},"publishpress_future_workflow_manual_trigger":{"enabledWorkflows":[]},"_links":{"self":[{"href":"https:\/\/www.villagraziella.com\/fr\/wp-json\/wp\/v2\/pages\/1223","targetHints":{"allow":["GET"]}}],"collection":[{"href":"https:\/\/www.villagraziella.com\/fr\/wp-json\/wp\/v2\/pages"}],"about":[{"href":"https:\/\/www.villagraziella.com\/fr\/wp-json\/wp\/v2\/types\/page"}],"author":[{"embeddable":true,"href":"https:\/\/www.villagraziella.com\/fr\/wp-json\/wp\/v2\/users\/24"}],"replies":[{"embeddable":true,"href":"https:\/\/www.villagraziella.com\/fr\/wp-json\/wp\/v2\/comments?post=1223"}],"version-history":[{"count":4,"href":"https:\/\/www.villagraziella.com\/fr\/wp-json\/wp\/v2\/pages\/1223\/revisions"}],"predecessor-version":[{"id":2509,"href":"https:\/\/www.villagraziella.com\/fr\/wp-json\/wp\/v2\/pages\/1223\/revisions\/2509"}],"wp:attachment":[{"href":"https:\/\/www.villagraziella.com\/fr\/wp-json\/wp\/v2\/media?parent=1223"}],"curies":[{"name":"wp","href":"https:\/\/api.w.org\/{rel}","templated":true}]}}