{"id":1239,"date":"2015-01-14T14:07:44","date_gmt":"2015-01-14T14:07:44","guid":{"rendered":"https:\/\/www.villagraziella.com\/descrizione-2\/"},"modified":"2019-11-28T10:40:41","modified_gmt":"2019-11-28T10:40:41","slug":"description-fr","status":"publish","type":"page","link":"https:\/\/www.villagraziella.com\/fr\/description-fr\/","title":{"rendered":"Description"},"content":{"rendered":"<div id=\"colonna-2\">\n<h1 class=\"piccolo\">H\u00f4tel avec parking gratuit \u00e0 Marghera<\/h1>\n<h2>L&rsquo;h\u00f4tel<\/h2>\n<p>Nous vous proposons la formule nuit et petit-d\u00e9jeuner; il se trouve \u00e0 Marghera, une province de la V\u00e9n\u00e9tie situ\u00e9e sur la terre ferme, dans une zone tranquille et silencieuse, proche de la gare de chemins de fer Mestre-Venise (seulement 900 m\u00e8tres \u00e0 pied) et pas loin de la sortie de l&rsquo;autoroute Milan-Venise (1,5 km). Les liaisons sont faciles \u00e9galement avec les a\u00e9roports de Venise (Marco Polo) et de Tr\u00e9vise.<\/p>\n<p>Gr\u00e2ce \u00e0 notre service aimable et \u00e0 l&rsquo;exp\u00e9rience de notre \u00e9quipe, vous pourrez obtenir tout ce dont vous avez besoin afin que votre <strong>s\u00e9jour \u00e0 Venise<\/strong> soit le plus agr\u00e9able possible. Nous serons heureux de vous conseiller sur les visites, les mus\u00e9es, les endro its typiques \u00e0 visiter, les restaurants en dehors des circuits touristiques et la vie nocturne. <\/p>\n<p>Au printemps et en \u00e9t\u00e9, vous pouvez prendre le <strong>petit-d\u00e9jeuner dans notre jardin<\/strong>, petit mais tr\u00e8s agr\u00e9able, ou vous asseoir \u00e0 l&rsquo;ombre de la pergola pour lire les livres et les guides touristiques sur Venise et la V\u00e9n\u00e9tie que nous mettons \u00e0 votre disposition. Nous mettons \u00e0 votre disposition un petit <strong>parking int\u00e9rieur et gratuit<\/strong>. Nous vous rappelons que dans le centre historique de Venise, le parking co\u00fbte 20,00 EURO par jour.<\/p>\n<h2>Services<\/h2>\n<p>L&rsquo;<strong>Antica Villa Graziella<\/strong> est l&rsquo;un des <strong>h\u00f4tels 2 \u00e9toiles <\/strong> de<strong> Mestre Venise<\/strong> les plus appr\u00e9ci\u00e9s. Sa petite taille ne l&#8217;emp\u00eache pas d&rsquo;offrir de nombreux services \u00e0 ses clients.<\/p>\n<p>Le <strong>jardin<\/strong> fleuri aux beaux jours vous permettra de vous d\u00e9tendre, de d\u00e9guster un bon expresso, un d\u00e9licieux capuccino ou un savoureux chocolat chaud et vous pourrez vous consacrer \u00e0 la lecture des guides de Venise et des livres d&rsquo;art que la biblioth\u00e8que que l&rsquo;Antica Villa Graziella met \u00e0 la disposition de ses clients.<\/p>\n<p>Un <strong>parking gratuit<\/strong> pratique est pr\u00e9vu pour ceux qui arrivent en voiture ou en moto. De plus, la r\u00e9ception vous propose une petite consigne \u00e0 bagages, un <strong>coffre-fort<\/strong>, un service de r\u00e9veil, un petit service de bar, un service de <strong>fax<\/strong> ainsi qu&rsquo;un acc\u00e8s <strong>Internet<\/strong>. Par ailleurs, les restaurants et les pizzerias ainsi qu&rsquo;un supermarch\u00e9, une pharmacie, un pressing et des banques se situent \u00e0 quelques minutes \u00e0 pied. Les centres commerciaux proches (Panorama, Nave de vero, Auchan, Le Barche) sont desservis par autobus.<\/p>\n<p>Le service public d&rsquo;autobus relie l&rsquo;h\u00f4tel au centre historique de Venise 24 heures sur 24 en seulement 10 minutes. L&rsquo;arr\u00eat se trouve \u00e0 400 m\u00e8tres \u00e0 peine. (5 min. \u00e0 pied). La fr\u00e9quence de passage est de 10 min. jusqu&rsquo;\u00e0 21h30, puis de 20 min. jusqu&rsquo;\u00e0 0h30 ; la nuit, il y a un autobus par heure. Par contre, les billets des vaporetti de Venise sont tr\u00e8s co\u00fbteux et nous vous recommandons d&rsquo;acheter des billets cumulatifs (valables 12h, 24h, 48h ou 3 jours) valables dans l&rsquo;ensemble des transports publics (bus et vaporetti) de Mestre Venise que vous pouvez acheter aupr\u00e8s des kiosques de l&rsquo;ACTV \u00e0 Piazzale Roma-Venezia.<\/p>\n<p><strong>L&rsquo;Antica Villa Graziella<\/strong> se distingue des autres h\u00f4tels par son accueil chaleureux et la disponibilit\u00e9 de son personnel qui veille \u00e0 proposer un s\u00e9jour agr\u00e9able \u00e0 ses clients dans un <strong>h\u00f4tel de Venise Mestre<\/strong>. Les enfants sont bienvenus; nous mettons gratuitement un berceau \u00e0 disposition des parents de b\u00e9b\u00e9s de moins de 3 ans. Les petits animaux sont accept\u00e9s s&rsquo;ils sont bien dress\u00e9s.<\/p>\n<p><\/div><div id=\"colonna-1\"><\/p>\n<div class=\"colonnaofferte\">\n<div class=\"offers\"><\/p>\n<div id=\"offertespeciali\">\n<h2>Offres Sp\u00e9ciales<\/h2>\n<div class=\"flexslider\" style=\"width:268px;\"><ul class=\"slides\"><li><a href=\"https:\/\/www.villagraziella.com\/fr\/offers\/special-family-offer-stay-close-venice-2\/\"><img loading=\"lazy\" decoding=\"async\" width=\"268\" height=\"160\" src=\"https:\/\/www.villagraziella.com\/wp-content\/uploads\/2015\/02\/famiglia-268x160.jpg\" class=\"attachment-slider_medium size-slider_medium\" alt=\"\" \/><\/a><div class=\"flex-caption\"><div class=\"original-price price-all\"><\/div><div class=\"reducted-price price-all\"><\/div><div class=\"clear\"><\/div><div class=\"clear\"><\/div><div class=\"offer_title\"><a href=\"https:\/\/www.villagraziella.com\/fr\/offers\/special-family-offer-stay-close-venice-2\/\">Sp\u00e9cial \u00ab\u00a0Offre Famille\u00a0\u00bb pour votre s\u00e9jour \u00e0 Venise<\/a><\/div><\/div><\/li><li><a href=\"https:\/\/www.villagraziella.com\/fr\/offers\/special-companies-try-2\/\"><img loading=\"lazy\" decoding=\"async\" width=\"268\" height=\"160\" src=\"https:\/\/www.villagraziella.com\/wp-content\/uploads\/2015\/01\/business-268x160.jpg\" class=\"attachment-slider_medium size-slider_medium\" alt=\"\" \/><\/a><div class=\"flex-caption\"><div class=\"original-price price-all\"><\/div><div class=\"reducted-price price-all\"><\/div><div class=\"clear\"><\/div><div class=\"clear\"><\/div><div class=\"offer_title\"><a href=\"https:\/\/www.villagraziella.com\/fr\/offers\/special-companies-try-2\/\">\u00ab\u00a0OFFER for COMPANIES\u00a0\u00bb near Venice<\/a><\/div><\/div><\/li><li><a href=\"https:\/\/www.villagraziella.com\/fr\/offers\/tarifs-speciaux-internet\/\"><img loading=\"lazy\" decoding=\"async\" width=\"268\" height=\"160\" src=\"https:\/\/www.villagraziella.com\/wp-content\/uploads\/2013\/09\/sanmarco-268x160.jpg\" class=\"attachment-slider_medium size-slider_medium\" alt=\"\" \/><\/a><div class=\"flex-caption\"><div class=\"original-price price-all\"><\/div><div class=\"reducted-price price-all\"><\/div><div class=\"clear\"><\/div><div class=\"clear\"><\/div><div class=\"offer_title\"><a href=\"https:\/\/www.villagraziella.com\/fr\/offers\/tarifs-speciaux-internet\/\">Tarifs Sp\u00e9ciaux Internet<\/a><\/div><\/div><\/li><\/ul><\/div>\n<p><a href=\"..\/offres-speciales\/\" title=\"Offres Sp\u00e9ciales\">Voir la liste compl\u00e8te<\/a><\/p>\n<\/div>\n<p><\/div><\/p><\/div>\n<!-- index.php -->\n<div\n\tclass=\"ngg-galleryoverview ngg-ajax-pagination-none\"\n\tid=\"ngg-gallery-a4d344ef125264c717b135179f310794-1\">\n\n    \t<div class=\"slideshowlink\">\n        <a href='https:\/\/www.villagraziella.com\/fr\/offers\/tarifs-speciaux-internet\/nggallery\/slideshow'>[Show as slideshow]<\/a>\n\t\t\n\t<\/div>\n\t\t\t<!-- Thumbnails -->\n\t\t\t\t<div id=\"ngg-image-0\" class=\"ngg-gallery-thumbnail-box\" >\n\t\t\t\t        <div class=\"ngg-gallery-thumbnail\">\n            <a href=\"https:\/\/www.villagraziella.com\/wp-content\/gallery\/descrizione\/DSC_2052brusy.jpg\"\n               title=\"\"\n               data-src=\"https:\/\/www.villagraziella.com\/wp-content\/gallery\/descrizione\/DSC_2052brusy.jpg\"\n               data-thumbnail=\"https:\/\/www.villagraziella.com\/wp-content\/gallery\/descrizione\/thumbs\/thumbs_DSC_2052brusy.jpg\"\n               data-image-id=\"114\"\n               data-title=\"DSC_2052brusy\"\n               data-description=\"\"\n               data-image-slug=\"dsc_2052brusy-1\"\n               class='thickbox' rel='a4d344ef125264c717b135179f310794'>\n                <img\n                    title=\"DSC_2052brusy\"\n                    alt=\"DSC_2052brusy\"\n                    src=\"https:\/\/www.villagraziella.com\/wp-content\/gallery\/descrizione\/thumbs\/thumbs_DSC_2052brusy.jpg\"\n                    width=\"280\"\n                    height=\"280\"\n                    style=\"max-width:100%;\"\n                \/>\n            <\/a>\n        <\/div>\n\t\t\t\t\t\t\t<\/div> \n\t\t\t\n        \n\t\t\t\t<div id=\"ngg-image-1\" class=\"ngg-gallery-thumbnail-box\" >\n\t\t\t\t        <div class=\"ngg-gallery-thumbnail\">\n            <a href=\"https:\/\/www.villagraziella.com\/wp-content\/gallery\/descrizione\/DSC_2140brusy.JPG\"\n               title=\"\"\n               data-src=\"https:\/\/www.villagraziella.com\/wp-content\/gallery\/descrizione\/DSC_2140brusy.JPG\"\n               data-thumbnail=\"https:\/\/www.villagraziella.com\/wp-content\/gallery\/descrizione\/thumbs\/thumbs_DSC_2140brusy.JPG\"\n               data-image-id=\"116\"\n               data-title=\"DSC_2140brusy\"\n               data-description=\"\"\n               data-image-slug=\"dsc_2140brusy-1\"\n               class='thickbox' rel='a4d344ef125264c717b135179f310794'>\n                <img\n                    title=\"DSC_2140brusy\"\n                    alt=\"DSC_2140brusy\"\n                    src=\"https:\/\/www.villagraziella.com\/wp-content\/gallery\/descrizione\/thumbs\/thumbs_DSC_2140brusy.JPG\"\n                    width=\"280\"\n                    height=\"280\"\n                    style=\"max-width:100%;\"\n                \/>\n            <\/a>\n        <\/div>\n\t\t\t\t\t\t\t<\/div> \n\t\t\t\n        \n\t\t\t\t<div id=\"ngg-image-2\" class=\"ngg-gallery-thumbnail-box\" >\n\t\t\t\t        <div class=\"ngg-gallery-thumbnail\">\n            <a href=\"https:\/\/www.villagraziella.com\/wp-content\/gallery\/descrizione\/DSC_2198brusy.jpg\"\n               title=\"\"\n               data-src=\"https:\/\/www.villagraziella.com\/wp-content\/gallery\/descrizione\/DSC_2198brusy.jpg\"\n               data-thumbnail=\"https:\/\/www.villagraziella.com\/wp-content\/gallery\/descrizione\/thumbs\/thumbs_DSC_2198brusy.jpg\"\n               data-image-id=\"117\"\n               data-title=\"DSC_2198brusy\"\n               data-description=\"\"\n               data-image-slug=\"dsc_2198brusy-1\"\n               class='thickbox' rel='a4d344ef125264c717b135179f310794'>\n                <img\n                    title=\"DSC_2198brusy\"\n                    alt=\"DSC_2198brusy\"\n                    src=\"https:\/\/www.villagraziella.com\/wp-content\/gallery\/descrizione\/thumbs\/thumbs_DSC_2198brusy.jpg\"\n                    width=\"280\"\n                    height=\"280\"\n                    style=\"max-width:100%;\"\n                \/>\n            <\/a>\n        <\/div>\n\t\t\t\t\t\t\t<\/div> \n\t\t\t\n        \n\t\t\n\t\t<!-- Pagination -->\n\t<div class='ngg-clear'><\/div>\t<\/div>\n\n<p><\/div><\/p>\n","protected":false},"excerpt":{"rendered":"","protected":false},"author":24,"featured_media":0,"parent":0,"menu_order":0,"comment_status":"open","ping_status":"open","template":"page-monocolonna.php","meta":{"ngg_post_thumbnail":0,"footnotes":""},"class_list":["post-1239","page","type-page","status-publish","hentry"],"yoast_head":"<!-- This site is optimized with the Yoast SEO plugin v25.7 - https:\/\/yoast.com\/wordpress\/plugins\/seo\/ -->\n<title>H\u00f4tel avec parking gratuit \u00e0 Marghera - H\u00f4tel 2 \u00e9toiles Marghera<\/title>\n<meta name=\"description\" content=\"H\u00f4tel avec parking gratuit \u00e0 Marghera. Un h\u00f4tel familial avec un jardin fleuri \u00e0 disposition pour des moments de d\u00e9tente.\" \/>\n<meta name=\"robots\" content=\"index, follow, max-snippet:-1, max-image-preview:large, max-video-preview:-1\" \/>\n<link rel=\"canonical\" href=\"https:\/\/www.villagraziella.com\/fr\/description-fr\/\" \/>\n<meta property=\"og:locale\" content=\"fr_FR\" \/>\n<meta property=\"og:type\" content=\"article\" \/>\n<meta property=\"og:title\" content=\"H\u00f4tel avec parking gratuit \u00e0 Marghera - H\u00f4tel 2 \u00e9toiles Marghera\" \/>\n<meta property=\"og:description\" content=\"H\u00f4tel avec parking gratuit \u00e0 Marghera. Un h\u00f4tel familial avec un jardin fleuri \u00e0 disposition pour des moments de d\u00e9tente.\" \/>\n<meta property=\"og:url\" content=\"https:\/\/www.villagraziella.com\/fr\/description-fr\/\" \/>\n<meta property=\"og:site_name\" content=\"Villa Graziella\" \/>\n<meta property=\"article:modified_time\" content=\"2019-11-28T10:40:41+00:00\" \/>\n<meta name=\"twitter:label1\" content=\"Dur\u00e9e de lecture estim\u00e9e\" \/>\n\t<meta name=\"twitter:data1\" content=\"3 minutes\" \/>\n<script type=\"application\/ld+json\" class=\"yoast-schema-graph\">{\"@context\":\"https:\/\/schema.org\",\"@graph\":[{\"@type\":\"WebPage\",\"@id\":\"https:\/\/www.villagraziella.com\/fr\/description-fr\/\",\"url\":\"https:\/\/www.villagraziella.com\/fr\/description-fr\/\",\"name\":\"H\u00f4tel avec parking gratuit \u00e0 Marghera - H\u00f4tel 2 \u00e9toiles Marghera\",\"isPartOf\":{\"@id\":\"https:\/\/www.villagraziella.com\/fr\/#website\"},\"datePublished\":\"2015-01-14T14:07:44+00:00\",\"dateModified\":\"2019-11-28T10:40:41+00:00\",\"description\":\"H\u00f4tel avec parking gratuit \u00e0 Marghera. Un h\u00f4tel familial avec un jardin fleuri \u00e0 disposition pour des moments de d\u00e9tente.\",\"breadcrumb\":{\"@id\":\"https:\/\/www.villagraziella.com\/fr\/description-fr\/#breadcrumb\"},\"inLanguage\":\"fr-FR\",\"potentialAction\":[{\"@type\":\"ReadAction\",\"target\":[\"https:\/\/www.villagraziella.com\/fr\/description-fr\/\"]}]},{\"@type\":\"BreadcrumbList\",\"@id\":\"https:\/\/www.villagraziella.com\/fr\/description-fr\/#breadcrumb\",\"itemListElement\":[{\"@type\":\"ListItem\",\"position\":1,\"name\":\"Home\",\"item\":\"https:\/\/www.villagraziella.com\/fr\/\"},{\"@type\":\"ListItem\",\"position\":2,\"name\":\"Description\"}]},{\"@type\":\"WebSite\",\"@id\":\"https:\/\/www.villagraziella.com\/fr\/#website\",\"url\":\"https:\/\/www.villagraziella.com\/fr\/\",\"name\":\"Villa Graziella\",\"description\":\"\",\"potentialAction\":[{\"@type\":\"SearchAction\",\"target\":{\"@type\":\"EntryPoint\",\"urlTemplate\":\"https:\/\/www.villagraziella.com\/fr\/?s={search_term_string}\"},\"query-input\":{\"@type\":\"PropertyValueSpecification\",\"valueRequired\":true,\"valueName\":\"search_term_string\"}}],\"inLanguage\":\"fr-FR\"}]}<\/script>\n<!-- \/ Yoast SEO plugin. -->","yoast_head_json":{"title":"H\u00f4tel avec parking gratuit \u00e0 Marghera - H\u00f4tel 2 \u00e9toiles Marghera","description":"H\u00f4tel avec parking gratuit \u00e0 Marghera. Un h\u00f4tel familial avec un jardin fleuri \u00e0 disposition pour des moments de d\u00e9tente.","robots":{"index":"index","follow":"follow","max-snippet":"max-snippet:-1","max-image-preview":"max-image-preview:large","max-video-preview":"max-video-preview:-1"},"canonical":"https:\/\/www.villagraziella.com\/fr\/description-fr\/","og_locale":"fr_FR","og_type":"article","og_title":"H\u00f4tel avec parking gratuit \u00e0 Marghera - H\u00f4tel 2 \u00e9toiles Marghera","og_description":"H\u00f4tel avec parking gratuit \u00e0 Marghera. Un h\u00f4tel familial avec un jardin fleuri \u00e0 disposition pour des moments de d\u00e9tente.","og_url":"https:\/\/www.villagraziella.com\/fr\/description-fr\/","og_site_name":"Villa Graziella","article_modified_time":"2019-11-28T10:40:41+00:00","twitter_misc":{"Dur\u00e9e de lecture estim\u00e9e":"3 minutes"},"schema":{"@context":"https:\/\/schema.org","@graph":[{"@type":"WebPage","@id":"https:\/\/www.villagraziella.com\/fr\/description-fr\/","url":"https:\/\/www.villagraziella.com\/fr\/description-fr\/","name":"H\u00f4tel avec parking gratuit \u00e0 Marghera - H\u00f4tel 2 \u00e9toiles Marghera","isPartOf":{"@id":"https:\/\/www.villagraziella.com\/fr\/#website"},"datePublished":"2015-01-14T14:07:44+00:00","dateModified":"2019-11-28T10:40:41+00:00","description":"H\u00f4tel avec parking gratuit \u00e0 Marghera. Un h\u00f4tel familial avec un jardin fleuri \u00e0 disposition pour des moments de d\u00e9tente.","breadcrumb":{"@id":"https:\/\/www.villagraziella.com\/fr\/description-fr\/#breadcrumb"},"inLanguage":"fr-FR","potentialAction":[{"@type":"ReadAction","target":["https:\/\/www.villagraziella.com\/fr\/description-fr\/"]}]},{"@type":"BreadcrumbList","@id":"https:\/\/www.villagraziella.com\/fr\/description-fr\/#breadcrumb","itemListElement":[{"@type":"ListItem","position":1,"name":"Home","item":"https:\/\/www.villagraziella.com\/fr\/"},{"@type":"ListItem","position":2,"name":"Description"}]},{"@type":"WebSite","@id":"https:\/\/www.villagraziella.com\/fr\/#website","url":"https:\/\/www.villagraziella.com\/fr\/","name":"Villa Graziella","description":"","potentialAction":[{"@type":"SearchAction","target":{"@type":"EntryPoint","urlTemplate":"https:\/\/www.villagraziella.com\/fr\/?s={search_term_string}"},"query-input":{"@type":"PropertyValueSpecification","valueRequired":true,"valueName":"search_term_string"}}],"inLanguage":"fr-FR"}]}},"publishpress_future_action":{"enabled":false,"date":"2026-04-24 06:08:20","action":"change-status","newStatus":"draft","terms":[],"taxonomy":"translation_priority","extraData":[]},"publishpress_future_workflow_manual_trigger":{"enabledWorkflows":[]},"_links":{"self":[{"href":"https:\/\/www.villagraziella.com\/fr\/wp-json\/wp\/v2\/pages\/1239","targetHints":{"allow":["GET"]}}],"collection":[{"href":"https:\/\/www.villagraziella.com\/fr\/wp-json\/wp\/v2\/pages"}],"about":[{"href":"https:\/\/www.villagraziella.com\/fr\/wp-json\/wp\/v2\/types\/page"}],"author":[{"embeddable":true,"href":"https:\/\/www.villagraziella.com\/fr\/wp-json\/wp\/v2\/users\/24"}],"replies":[{"embeddable":true,"href":"https:\/\/www.villagraziella.com\/fr\/wp-json\/wp\/v2\/comments?post=1239"}],"version-history":[{"count":1,"href":"https:\/\/www.villagraziella.com\/fr\/wp-json\/wp\/v2\/pages\/1239\/revisions"}],"predecessor-version":[{"id":2519,"href":"https:\/\/www.villagraziella.com\/fr\/wp-json\/wp\/v2\/pages\/1239\/revisions\/2519"}],"wp:attachment":[{"href":"https:\/\/www.villagraziella.com\/fr\/wp-json\/wp\/v2\/media?parent=1239"}],"curies":[{"name":"wp","href":"https:\/\/api.w.org\/{rel}","templated":true}]}}