{"id":1331,"date":"2015-01-14T14:09:43","date_gmt":"2015-01-14T14:09:43","guid":{"rendered":"https:\/\/www.villagraziella.com\/recensioni-2\/"},"modified":"2018-06-27T14:26:30","modified_gmt":"2018-06-27T14:26:30","slug":"avis","status":"publish","type":"page","link":"https:\/\/www.villagraziella.com\/fr\/avis\/","title":{"rendered":"Avis"},"content":{"rendered":"<div id=\"colonna-2\">\n<h1>Avis<\/h1>\n<p>Consultez les <strong>avis que nos clients ont<\/strong> publi\u00e9s sur les plus importants portails d&rsquo;opinions en ligne ! Nous vous rappelons que seulement <strong>en r\u00e9servant directement depuis notre site officiel vous deviendrez un voyageur privil\u00e9gi\u00e9 <\/strong>: vous serez suivi personnellement par notre \u00e9quipe du d\u00e9but \u00e0 la fin et vous pourrez b\u00e9n\u00e9ficier de tarifs sp\u00e9ciaux, offres et promotions qui vous seront exclusivement r\u00e9serv\u00e9s! De plus, si vous r\u00e9servez sur notre site officiel, <strong>il vous sera demand\u00e9 d&rsquo;\u00e9crire un \u00ab\u00a0avis officiel\u00a0\u00bb, garanti car li\u00e9 \u00e0 une r\u00e9servation effective<\/strong>. De cette fa\u00e7on, vous pourrez contribuer \u00e0 am\u00e9liorer la qualit\u00e9 du service que nous offrons, \u00e0 vous et \u00e0 tous les voyageurs !<\/p>\n<link rel=\"stylesheet\" href=\"https:\/\/include.nozio.com\/dynamic\/css\/nozioreviewscss.css\" type=\"text\/css\" media=\"all\" \/>\n<div id=\"nozioreviewswidget\"><a href=\"\">Antica Villa Graziella - Venezia Marghera<\/a><\/div>\n<script type=\"text\/javascript\" src=\"https:\/\/include.nozio.com\/dynamic\/js\/jquery_tooltip.js\"><\/script>\n<script type=\"text\/javascript\" src=\"https:\/\/include.nozio.com\/dynamic\/js\/nozio_reviews.php?idsk=58044&amp;lang=it&amp;widgetwidth=600\"><\/script>\n<hr \/>\n<div id=\"TA_selfserveprop629\" class=\"TA_selfserveprop\">\n<ul id=\"wr0fFf\" class=\"TA_links QK5BHfhpWK\">\n<li id=\"HnSfBEr\" class=\"yTAyWT\">\n<a target=\"_blank\" href=\"https:\/\/www.tripadvisor.it\/\"><img decoding=\"async\" src=\"https:\/\/www.tripadvisor.it\/img\/cdsi\/img2\/branding\/150_logo-11900-2.png\" alt=\"TripAdvisor\"\/><\/a>\n<\/li>\n<\/ul>\n<\/div>\n<p><script src=\"https:\/\/www.jscache.com\/wejs?wtype=selfserveprop&amp;uniq=629&amp;locationId=563400&amp;lang=fr&amp;rating=true&amp;nreviews=5&amp;writereviewlink=true&amp;popIdx=true&amp;iswide=false&amp;border=true\"><\/script><\/p>\n<p><\/div><div id=\"colonna-1\"><\/p>\n<div class=\"colonnaofferte\">\n<div class=\"offers\"><\/p>\n<div id=\"offertespeciali\">\n<h2>Offres Sp\u00e9ciales<\/h2>\n<div class=\"flexslider\" style=\"width:268px;\"><ul class=\"slides\"><li><a href=\"https:\/\/www.villagraziella.com\/fr\/offers\/special-family-offer-stay-close-venice-2\/\"><img loading=\"lazy\" decoding=\"async\" width=\"268\" height=\"160\" src=\"https:\/\/www.villagraziella.com\/wp-content\/uploads\/2015\/02\/famiglia-268x160.jpg\" class=\"attachment-slider_medium size-slider_medium\" alt=\"\" \/><\/a><div class=\"flex-caption\"><div class=\"original-price price-all\"><\/div><div class=\"reducted-price price-all\"><\/div><div class=\"clear\"><\/div><div class=\"clear\"><\/div><div class=\"offer_title\"><a href=\"https:\/\/www.villagraziella.com\/fr\/offers\/special-family-offer-stay-close-venice-2\/\">Sp\u00e9cial \u00ab\u00a0Offre Famille\u00a0\u00bb pour votre s\u00e9jour \u00e0 Venise<\/a><\/div><\/div><\/li><li><a href=\"https:\/\/www.villagraziella.com\/fr\/offers\/special-companies-try-2\/\"><img loading=\"lazy\" decoding=\"async\" width=\"268\" height=\"160\" src=\"https:\/\/www.villagraziella.com\/wp-content\/uploads\/2015\/01\/business-268x160.jpg\" class=\"attachment-slider_medium size-slider_medium\" alt=\"\" \/><\/a><div class=\"flex-caption\"><div class=\"original-price price-all\"><\/div><div class=\"reducted-price price-all\"><\/div><div class=\"clear\"><\/div><div class=\"clear\"><\/div><div class=\"offer_title\"><a href=\"https:\/\/www.villagraziella.com\/fr\/offers\/special-companies-try-2\/\">\u00ab\u00a0OFFER for COMPANIES\u00a0\u00bb near Venice<\/a><\/div><\/div><\/li><li><a href=\"https:\/\/www.villagraziella.com\/fr\/offers\/tarifs-speciaux-internet\/\"><img loading=\"lazy\" decoding=\"async\" width=\"268\" height=\"160\" src=\"https:\/\/www.villagraziella.com\/wp-content\/uploads\/2013\/09\/sanmarco-268x160.jpg\" class=\"attachment-slider_medium size-slider_medium\" alt=\"\" \/><\/a><div class=\"flex-caption\"><div class=\"original-price price-all\"><\/div><div class=\"reducted-price price-all\"><\/div><div class=\"clear\"><\/div><div class=\"clear\"><\/div><div class=\"offer_title\"><a href=\"https:\/\/www.villagraziella.com\/fr\/offers\/tarifs-speciaux-internet\/\">Tarifs Sp\u00e9ciaux Internet<\/a><\/div><\/div><\/li><\/ul><\/div>\n<p><a href=\"..\/offres-speciales\/\" title=\"Offres Sp\u00e9ciales\">Voir la liste compl\u00e8te<\/a><\/p>\n<\/div>\n<p><\/div><\/p><\/div>\n<p><\/div><\/p>\n","protected":false},"excerpt":{"rendered":"","protected":false},"author":24,"featured_media":0,"parent":0,"menu_order":0,"comment_status":"open","ping_status":"open","template":"page-monocolonna.php","meta":{"ngg_post_thumbnail":0,"footnotes":""},"class_list":["post-1331","page","type-page","status-publish","hentry"],"yoast_head":"<!-- This site is optimized with the Yoast SEO plugin v25.7 - https:\/\/yoast.com\/wordpress\/plugins\/seo\/ -->\n<title>Avis - Villa Graziella<\/title>\n<meta name=\"description\" content=\"Avis, Villa Graziella: h\u00f4tel 2 \u00e9toiles \u00e0 Marghera, abordable et bien desservi par les transports en commun \u00e0 Venise.\" \/>\n<meta name=\"robots\" content=\"index, follow, max-snippet:-1, max-image-preview:large, max-video-preview:-1\" \/>\n<link rel=\"canonical\" href=\"https:\/\/www.villagraziella.com\/fr\/avis\/\" \/>\n<meta property=\"og:locale\" content=\"fr_FR\" \/>\n<meta property=\"og:type\" content=\"article\" \/>\n<meta property=\"og:title\" content=\"Avis - Villa Graziella\" \/>\n<meta property=\"og:description\" content=\"Avis, Villa Graziella: h\u00f4tel 2 \u00e9toiles \u00e0 Marghera, abordable et bien desservi par les transports en commun \u00e0 Venise.\" \/>\n<meta property=\"og:url\" content=\"https:\/\/www.villagraziella.com\/fr\/avis\/\" \/>\n<meta property=\"og:site_name\" content=\"Villa Graziella\" \/>\n<meta property=\"article:modified_time\" content=\"2018-06-27T14:26:30+00:00\" \/>\n<meta property=\"og:image\" content=\"https:\/\/www.tripadvisor.it\/img\/cdsi\/img2\/branding\/150_logo-11900-2.png\" \/>\n<meta name=\"twitter:label1\" content=\"Dur\u00e9e de lecture estim\u00e9e\" \/>\n\t<meta name=\"twitter:data1\" content=\"1 minute\" \/>\n<script type=\"application\/ld+json\" class=\"yoast-schema-graph\">{\"@context\":\"https:\/\/schema.org\",\"@graph\":[{\"@type\":\"WebPage\",\"@id\":\"https:\/\/www.villagraziella.com\/fr\/avis\/\",\"url\":\"https:\/\/www.villagraziella.com\/fr\/avis\/\",\"name\":\"Avis - Villa Graziella\",\"isPartOf\":{\"@id\":\"https:\/\/www.villagraziella.com\/fr\/#website\"},\"primaryImageOfPage\":{\"@id\":\"https:\/\/www.villagraziella.com\/fr\/avis\/#primaryimage\"},\"image\":{\"@id\":\"https:\/\/www.villagraziella.com\/fr\/avis\/#primaryimage\"},\"thumbnailUrl\":\"https:\/\/www.tripadvisor.it\/img\/cdsi\/img2\/branding\/150_logo-11900-2.png\",\"datePublished\":\"2015-01-14T14:09:43+00:00\",\"dateModified\":\"2018-06-27T14:26:30+00:00\",\"description\":\"Avis, Villa Graziella: h\u00f4tel 2 \u00e9toiles \u00e0 Marghera, abordable et bien desservi par les transports en commun \u00e0 Venise.\",\"breadcrumb\":{\"@id\":\"https:\/\/www.villagraziella.com\/fr\/avis\/#breadcrumb\"},\"inLanguage\":\"fr-FR\",\"potentialAction\":[{\"@type\":\"ReadAction\",\"target\":[\"https:\/\/www.villagraziella.com\/fr\/avis\/\"]}]},{\"@type\":\"ImageObject\",\"inLanguage\":\"fr-FR\",\"@id\":\"https:\/\/www.villagraziella.com\/fr\/avis\/#primaryimage\",\"url\":\"https:\/\/www.tripadvisor.it\/img\/cdsi\/img2\/branding\/150_logo-11900-2.png\",\"contentUrl\":\"https:\/\/www.tripadvisor.it\/img\/cdsi\/img2\/branding\/150_logo-11900-2.png\"},{\"@type\":\"BreadcrumbList\",\"@id\":\"https:\/\/www.villagraziella.com\/fr\/avis\/#breadcrumb\",\"itemListElement\":[{\"@type\":\"ListItem\",\"position\":1,\"name\":\"Home\",\"item\":\"https:\/\/www.villagraziella.com\/fr\/\"},{\"@type\":\"ListItem\",\"position\":2,\"name\":\"Avis\"}]},{\"@type\":\"WebSite\",\"@id\":\"https:\/\/www.villagraziella.com\/fr\/#website\",\"url\":\"https:\/\/www.villagraziella.com\/fr\/\",\"name\":\"Villa Graziella\",\"description\":\"\",\"potentialAction\":[{\"@type\":\"SearchAction\",\"target\":{\"@type\":\"EntryPoint\",\"urlTemplate\":\"https:\/\/www.villagraziella.com\/fr\/?s={search_term_string}\"},\"query-input\":{\"@type\":\"PropertyValueSpecification\",\"valueRequired\":true,\"valueName\":\"search_term_string\"}}],\"inLanguage\":\"fr-FR\"}]}<\/script>\n<!-- \/ Yoast SEO plugin. -->","yoast_head_json":{"title":"Avis - Villa Graziella","description":"Avis, Villa Graziella: h\u00f4tel 2 \u00e9toiles \u00e0 Marghera, abordable et bien desservi par les transports en commun \u00e0 Venise.","robots":{"index":"index","follow":"follow","max-snippet":"max-snippet:-1","max-image-preview":"max-image-preview:large","max-video-preview":"max-video-preview:-1"},"canonical":"https:\/\/www.villagraziella.com\/fr\/avis\/","og_locale":"fr_FR","og_type":"article","og_title":"Avis - Villa Graziella","og_description":"Avis, Villa Graziella: h\u00f4tel 2 \u00e9toiles \u00e0 Marghera, abordable et bien desservi par les transports en commun \u00e0 Venise.","og_url":"https:\/\/www.villagraziella.com\/fr\/avis\/","og_site_name":"Villa Graziella","article_modified_time":"2018-06-27T14:26:30+00:00","og_image":[{"url":"https:\/\/www.tripadvisor.it\/img\/cdsi\/img2\/branding\/150_logo-11900-2.png","type":"","width":"","height":""}],"twitter_misc":{"Dur\u00e9e de lecture estim\u00e9e":"1 minute"},"schema":{"@context":"https:\/\/schema.org","@graph":[{"@type":"WebPage","@id":"https:\/\/www.villagraziella.com\/fr\/avis\/","url":"https:\/\/www.villagraziella.com\/fr\/avis\/","name":"Avis - Villa Graziella","isPartOf":{"@id":"https:\/\/www.villagraziella.com\/fr\/#website"},"primaryImageOfPage":{"@id":"https:\/\/www.villagraziella.com\/fr\/avis\/#primaryimage"},"image":{"@id":"https:\/\/www.villagraziella.com\/fr\/avis\/#primaryimage"},"thumbnailUrl":"https:\/\/www.tripadvisor.it\/img\/cdsi\/img2\/branding\/150_logo-11900-2.png","datePublished":"2015-01-14T14:09:43+00:00","dateModified":"2018-06-27T14:26:30+00:00","description":"Avis, Villa Graziella: h\u00f4tel 2 \u00e9toiles \u00e0 Marghera, abordable et bien desservi par les transports en commun \u00e0 Venise.","breadcrumb":{"@id":"https:\/\/www.villagraziella.com\/fr\/avis\/#breadcrumb"},"inLanguage":"fr-FR","potentialAction":[{"@type":"ReadAction","target":["https:\/\/www.villagraziella.com\/fr\/avis\/"]}]},{"@type":"ImageObject","inLanguage":"fr-FR","@id":"https:\/\/www.villagraziella.com\/fr\/avis\/#primaryimage","url":"https:\/\/www.tripadvisor.it\/img\/cdsi\/img2\/branding\/150_logo-11900-2.png","contentUrl":"https:\/\/www.tripadvisor.it\/img\/cdsi\/img2\/branding\/150_logo-11900-2.png"},{"@type":"BreadcrumbList","@id":"https:\/\/www.villagraziella.com\/fr\/avis\/#breadcrumb","itemListElement":[{"@type":"ListItem","position":1,"name":"Home","item":"https:\/\/www.villagraziella.com\/fr\/"},{"@type":"ListItem","position":2,"name":"Avis"}]},{"@type":"WebSite","@id":"https:\/\/www.villagraziella.com\/fr\/#website","url":"https:\/\/www.villagraziella.com\/fr\/","name":"Villa Graziella","description":"","potentialAction":[{"@type":"SearchAction","target":{"@type":"EntryPoint","urlTemplate":"https:\/\/www.villagraziella.com\/fr\/?s={search_term_string}"},"query-input":{"@type":"PropertyValueSpecification","valueRequired":true,"valueName":"search_term_string"}}],"inLanguage":"fr-FR"}]}},"publishpress_future_action":{"enabled":false,"date":"2026-05-06 08:29:20","action":"change-status","newStatus":"draft","terms":[],"taxonomy":"translation_priority","extraData":[]},"publishpress_future_workflow_manual_trigger":{"enabledWorkflows":[]},"_links":{"self":[{"href":"https:\/\/www.villagraziella.com\/fr\/wp-json\/wp\/v2\/pages\/1331","targetHints":{"allow":["GET"]}}],"collection":[{"href":"https:\/\/www.villagraziella.com\/fr\/wp-json\/wp\/v2\/pages"}],"about":[{"href":"https:\/\/www.villagraziella.com\/fr\/wp-json\/wp\/v2\/types\/page"}],"author":[{"embeddable":true,"href":"https:\/\/www.villagraziella.com\/fr\/wp-json\/wp\/v2\/users\/24"}],"replies":[{"embeddable":true,"href":"https:\/\/www.villagraziella.com\/fr\/wp-json\/wp\/v2\/comments?post=1331"}],"version-history":[{"count":1,"href":"https:\/\/www.villagraziella.com\/fr\/wp-json\/wp\/v2\/pages\/1331\/revisions"}],"predecessor-version":[{"id":2421,"href":"https:\/\/www.villagraziella.com\/fr\/wp-json\/wp\/v2\/pages\/1331\/revisions\/2421"}],"wp:attachment":[{"href":"https:\/\/www.villagraziella.com\/fr\/wp-json\/wp\/v2\/media?parent=1331"}],"curies":[{"name":"wp","href":"https:\/\/api.w.org\/{rel}","templated":true}]}}