{"id":1435,"date":"2015-01-14T14:09:25","date_gmt":"2015-01-14T14:09:25","guid":{"rendered":"https:\/\/www.villagraziella.com\/camere-2\/"},"modified":"2023-10-26T12:16:04","modified_gmt":"2023-10-26T12:16:04","slug":"chambres","status":"publish","type":"page","link":"https:\/\/www.villagraziella.com\/fr\/chambres\/","title":{"rendered":"Chambres"},"content":{"rendered":"<div id=\"colonna-2\">\n<h1>Chambres<\/h1>\n<p>Les <strong>14 chambres<\/strong> offrant un confort de niveau sup\u00e9rieur parmi les <strong>h\u00f4tels 2 \u00e9toiles de Mestre<\/strong> accueillent les clients de la <strong>Antica Villa Graziella<\/strong> pour le plus agr\u00e9able des s\u00e9jours dans un <strong>h\u00f4tel de Venise<\/strong>.<\/p>\n<p>Des chambres confortables et lumineuses accueillant de une \u00e0 deux personnes. Plusieurs configurations sont possibles (lits doubles sur demande).  <strong>Air conditionn\u00e9<\/strong> r\u00e9glable individuellement, <strong>salle de bain priv\u00e9e<\/strong> avec douche et s\u00e8che-cheveux, acc\u00e8s internet Wi-Fi, coffre-fort \u00e9lectronique, tv et t\u00e9l\u00e9phone direct contribuent \u00e0 rendre les week ends ou les vacances des clients de l&rsquo;h\u00f4tel Antica Villa Graziella vraiment agr\u00e9ables.<\/p>\n<h2>Nos chambres<\/h2>\n<div class=\"camere\">\n<div class=\"immagini\"><!-- index.php -->\n<div\n\tclass=\"ngg-galleryoverview ngg-ajax-pagination-none\"\n\tid=\"ngg-gallery-550e8aa23d2c04e9f2773d979c3f3951-1\">\n\n    \t<div class=\"slideshowlink\">\n        <a href='https:\/\/www.villagraziella.com\/fr\/offers\/tarifs-speciaux-internet\/nggallery\/slideshow'>[Show as slideshow]<\/a>\n\t\t\n\t<\/div>\n\t\t\t<!-- Thumbnails -->\n\t\t\t\t<div id=\"ngg-image-0\" class=\"ngg-gallery-thumbnail-box\" >\n\t\t\t\t        <div class=\"ngg-gallery-thumbnail\">\n            <a href=\"https:\/\/www.villagraziella.com\/wp-content\/gallery\/doppia-uso-singola\/DSC_1763.JPG\"\n               title=\"\"\n               data-src=\"https:\/\/www.villagraziella.com\/wp-content\/gallery\/doppia-uso-singola\/DSC_1763.JPG\"\n               data-thumbnail=\"https:\/\/www.villagraziella.com\/wp-content\/gallery\/doppia-uso-singola\/thumbs\/thumbs_DSC_1763.JPG\"\n               data-image-id=\"119\"\n               data-title=\"DSC_1763\"\n               data-description=\"\"\n               data-image-slug=\"dsc_1763\"\n               class='thickbox' rel='550e8aa23d2c04e9f2773d979c3f3951'>\n                <img\n                    title=\"DSC_1763\"\n                    alt=\"DSC_1763\"\n                    src=\"https:\/\/www.villagraziella.com\/wp-content\/gallery\/doppia-uso-singola\/thumbs\/thumbs_DSC_1763.JPG\"\n                    width=\"140\"\n                    height=\"140\"\n                    style=\"max-width:100%;\"\n                \/>\n            <\/a>\n        <\/div>\n\t\t\t\t\t\t\t<\/div> \n\t\t\t\n        \n\t\t\t\t<div id=\"ngg-image-1\" class=\"ngg-gallery-thumbnail-box\" >\n\t\t\t\t        <div class=\"ngg-gallery-thumbnail\">\n            <a href=\"https:\/\/www.villagraziella.com\/wp-content\/gallery\/doppia-uso-singola\/DSC_1784brusy.jpg\"\n               title=\"\"\n               data-src=\"https:\/\/www.villagraziella.com\/wp-content\/gallery\/doppia-uso-singola\/DSC_1784brusy.jpg\"\n               data-thumbnail=\"https:\/\/www.villagraziella.com\/wp-content\/gallery\/doppia-uso-singola\/thumbs\/thumbs_DSC_1784brusy.jpg\"\n               data-image-id=\"120\"\n               data-title=\"DSC_1784brusy\"\n               data-description=\"\"\n               data-image-slug=\"dsc_1784brusy\"\n               class='thickbox' rel='550e8aa23d2c04e9f2773d979c3f3951'>\n                <img\n                    title=\"DSC_1784brusy\"\n                    alt=\"DSC_1784brusy\"\n                    src=\"https:\/\/www.villagraziella.com\/wp-content\/gallery\/doppia-uso-singola\/thumbs\/thumbs_DSC_1784brusy.jpg\"\n                    width=\"140\"\n                    height=\"140\"\n                    style=\"max-width:100%;\"\n                \/>\n            <\/a>\n        <\/div>\n\t\t\t\t\t\t\t<\/div> \n\t\t\t\n        \n\t\t\n\t\t<!-- Pagination -->\n\t<div class='ngg-clear'><\/div>\t<\/div>\n<\/div>\n<h3>Double, occupation simple<\/h3>\n<p>Chambre standard meubl\u00e9e dans un style classique avec une salle de bains privative, un lit \u00e0 une place et demie. Malgr\u00e9 ses petites dimensions, elle est r\u00e9solument confortable.<br \/>\nVous y trouverez des serviettes \u00e9ponges douces, le Wi-Fi, la climatisation et le chauffage individuels, une t\u00e9l\u00e9vision \u00e0 \u00e9cran plat (cha\u00eenes satellite), un t\u00e9l\u00e9phone direct et un coffre-fort.<br \/>\nTailles de lit : 1 petit lit double (195 cm x 140 cm)<\/p>\n<p><a class=\"pulsante\" href=\"https:\/\/book2.nozio.com\/accommodation\/list?channelId=10e8dca1-0865-4eee-8fb8-424514de7698&amp;culture=fr\">R\u00e9servez maintenant <\/a><\/p>\n<\/div>\n<div class=\"camere\">\n<div class=\"immagini\"><!-- index.php -->\n<div\n\tclass=\"ngg-galleryoverview ngg-ajax-pagination-none\"\n\tid=\"ngg-gallery-6afc97dfc1faf2706e50449e7bcad485-1\">\n\n    \t<div class=\"slideshowlink\">\n        <a href='https:\/\/www.villagraziella.com\/fr\/offers\/tarifs-speciaux-internet\/nggallery\/slideshow'>[Show as slideshow]<\/a>\n\t\t\n\t<\/div>\n\t\t\t<!-- Thumbnails -->\n\t\t\t\t<div id=\"ngg-image-0\" class=\"ngg-gallery-thumbnail-box\" >\n\t\t\t\t        <div class=\"ngg-gallery-thumbnail\">\n            <a href=\"https:\/\/www.villagraziella.com\/wp-content\/gallery\/matrimoniale\/3.jpg\"\n               title=\"\"\n               data-src=\"https:\/\/www.villagraziella.com\/wp-content\/gallery\/matrimoniale\/3.jpg\"\n               data-thumbnail=\"https:\/\/www.villagraziella.com\/wp-content\/gallery\/matrimoniale\/thumbs\/thumbs_3.jpg\"\n               data-image-id=\"5\"\n               data-title=\"3\"\n               data-description=\"\"\n               data-image-slug=\"3\"\n               class='thickbox' rel='6afc97dfc1faf2706e50449e7bcad485'>\n                <img\n                    title=\"3\"\n                    alt=\"3\"\n                    src=\"https:\/\/www.villagraziella.com\/wp-content\/gallery\/matrimoniale\/thumbs\/thumbs_3.jpg\"\n                    width=\"140\"\n                    height=\"140\"\n                    style=\"max-width:100%;\"\n                \/>\n            <\/a>\n        <\/div>\n\t\t\t\t\t\t\t<\/div> \n\t\t\t\n        \n\t\t\t\t<div id=\"ngg-image-1\" class=\"ngg-gallery-thumbnail-box\" >\n\t\t\t\t        <div class=\"ngg-gallery-thumbnail\">\n            <a href=\"https:\/\/www.villagraziella.com\/wp-content\/gallery\/matrimoniale\/1.jpg\"\n               title=\"\"\n               data-src=\"https:\/\/www.villagraziella.com\/wp-content\/gallery\/matrimoniale\/1.jpg\"\n               data-thumbnail=\"https:\/\/www.villagraziella.com\/wp-content\/gallery\/matrimoniale\/thumbs\/thumbs_1.jpg\"\n               data-image-id=\"1\"\n               data-title=\"1\"\n               data-description=\"\"\n               data-image-slug=\"1\"\n               class='thickbox' rel='6afc97dfc1faf2706e50449e7bcad485'>\n                <img\n                    title=\"1\"\n                    alt=\"1\"\n                    src=\"https:\/\/www.villagraziella.com\/wp-content\/gallery\/matrimoniale\/thumbs\/thumbs_1.jpg\"\n                    width=\"140\"\n                    height=\"140\"\n                    style=\"max-width:100%;\"\n                \/>\n            <\/a>\n        <\/div>\n\t\t\t\t\t\t\t<\/div> \n\t\t\t\n        \n\t\t\t\t<div id=\"ngg-image-2\" class=\"ngg-gallery-thumbnail-box\" >\n\t\t\t\t        <div class=\"ngg-gallery-thumbnail\">\n            <a href=\"https:\/\/www.villagraziella.com\/wp-content\/gallery\/matrimoniale\/1-1.jpg\"\n               title=\"\"\n               data-src=\"https:\/\/www.villagraziella.com\/wp-content\/gallery\/matrimoniale\/1-1.jpg\"\n               data-thumbnail=\"https:\/\/www.villagraziella.com\/wp-content\/gallery\/matrimoniale\/thumbs\/thumbs_1-1.jpg\"\n               data-image-id=\"3\"\n               data-title=\"1-1\"\n               data-description=\"\"\n               data-image-slug=\"1-1\"\n               class='thickbox' rel='6afc97dfc1faf2706e50449e7bcad485'>\n                <img\n                    title=\"1-1\"\n                    alt=\"1-1\"\n                    src=\"https:\/\/www.villagraziella.com\/wp-content\/gallery\/matrimoniale\/thumbs\/thumbs_1-1.jpg\"\n                    width=\"140\"\n                    height=\"140\"\n                    style=\"max-width:100%;\"\n                \/>\n            <\/a>\n        <\/div>\n\t\t\t\t\t\t\t<\/div> \n\t\t\t\n        \n\t\t\t\t<div id=\"ngg-image-3\" class=\"ngg-gallery-thumbnail-box\" >\n\t\t\t\t        <div class=\"ngg-gallery-thumbnail\">\n            <a href=\"https:\/\/www.villagraziella.com\/wp-content\/gallery\/matrimoniale\/2-1.jpg\"\n               title=\"\"\n               data-src=\"https:\/\/www.villagraziella.com\/wp-content\/gallery\/matrimoniale\/2-1.jpg\"\n               data-thumbnail=\"https:\/\/www.villagraziella.com\/wp-content\/gallery\/matrimoniale\/thumbs\/thumbs_2-1.jpg\"\n               data-image-id=\"4\"\n               data-title=\"2-1\"\n               data-description=\"\"\n               data-image-slug=\"2-1\"\n               class='thickbox' rel='6afc97dfc1faf2706e50449e7bcad485'>\n                <img\n                    title=\"2-1\"\n                    alt=\"2-1\"\n                    src=\"https:\/\/www.villagraziella.com\/wp-content\/gallery\/matrimoniale\/thumbs\/thumbs_2-1.jpg\"\n                    width=\"140\"\n                    height=\"140\"\n                    style=\"max-width:100%;\"\n                \/>\n            <\/a>\n        <\/div>\n\t\t\t\t\t\t\t<\/div> \n\t\t\t\n        \n\t\t\t\t<div id=\"ngg-image-4\" class=\"ngg-gallery-thumbnail-box\" >\n\t\t\t\t        <div class=\"ngg-gallery-thumbnail\">\n            <a href=\"https:\/\/www.villagraziella.com\/wp-content\/gallery\/matrimoniale\/2.jpg\"\n               title=\"\"\n               data-src=\"https:\/\/www.villagraziella.com\/wp-content\/gallery\/matrimoniale\/2.jpg\"\n               data-thumbnail=\"https:\/\/www.villagraziella.com\/wp-content\/gallery\/matrimoniale\/thumbs\/thumbs_2.jpg\"\n               data-image-id=\"2\"\n               data-title=\"2\"\n               data-description=\"\"\n               data-image-slug=\"2\"\n               class='thickbox' rel='6afc97dfc1faf2706e50449e7bcad485'>\n                <img\n                    title=\"2\"\n                    alt=\"2\"\n                    src=\"https:\/\/www.villagraziella.com\/wp-content\/gallery\/matrimoniale\/thumbs\/thumbs_2.jpg\"\n                    width=\"140\"\n                    height=\"140\"\n                    style=\"max-width:100%;\"\n                \/>\n            <\/a>\n        <\/div>\n\t\t\t\t\t\t\t<\/div> \n\t\t\t\n        \n\t\t\t\t<div id=\"ngg-image-5\" class=\"ngg-gallery-thumbnail-box\" >\n\t\t\t\t        <div class=\"ngg-gallery-thumbnail\">\n            <a href=\"https:\/\/www.villagraziella.com\/wp-content\/gallery\/matrimoniale\/3-1.jpg\"\n               title=\"\"\n               data-src=\"https:\/\/www.villagraziella.com\/wp-content\/gallery\/matrimoniale\/3-1.jpg\"\n               data-thumbnail=\"https:\/\/www.villagraziella.com\/wp-content\/gallery\/matrimoniale\/thumbs\/thumbs_3-1.jpg\"\n               data-image-id=\"6\"\n               data-title=\"3-1\"\n               data-description=\"\"\n               data-image-slug=\"3-1\"\n               class='thickbox' rel='6afc97dfc1faf2706e50449e7bcad485'>\n                <img\n                    title=\"3-1\"\n                    alt=\"3-1\"\n                    src=\"https:\/\/www.villagraziella.com\/wp-content\/gallery\/matrimoniale\/thumbs\/thumbs_3-1.jpg\"\n                    width=\"140\"\n                    height=\"140\"\n                    style=\"max-width:100%;\"\n                \/>\n            <\/a>\n        <\/div>\n\t\t\t\t\t\t\t<\/div> \n\t\t\t\n        \n\t\t\n\t\t<!-- Pagination -->\n\t<div class='ngg-clear'><\/div>\t<\/div>\n<\/div>\n<h3>Grand lit\/Double<\/h3>\n<p>Chambre standard meubl\u00e9e dans un style classique avec salle de bains priv\u00e9e et lit deux places (king size) ou bien deux lits jumeaux;<br \/>\nAccueillante et claire, vous y trouverez des serviettes \u00e9ponges douces, le Wi-Fi, la climatisation et le chauffage individuels, une t\u00e9l\u00e9vision \u00e0 \u00e9cran plat (cha\u00eenes satellite), un t\u00e9l\u00e9phone direct et un coffre-fort.<br \/>\nTailles de lit : 1 lit deux places (200cm x 170cm) ou 2 lits jumeaux (200cm x 85cm).<\/p>\n<p><a class=\"pulsante\" href=\"https:\/\/book2.nozio.com\/accommodation\/list?channelId=10e8dca1-0865-4eee-8fb8-424514de7698&amp;culture=fr\">R\u00e9servez maintenant<\/a><\/p>\n<\/div>\n<hr>\n<p><\/div><div id=\"colonna-1\"><\/p>\n<div class=\"colonnaofferte\">\n<div class=\"offers\"><\/p>\n<div id=\"offertespeciali\">\n<h2>Offres Sp\u00e9ciales<\/h2>\n<div class=\"flexslider\" style=\"width:268px;\"><ul class=\"slides\"><li><a href=\"https:\/\/www.villagraziella.com\/fr\/offers\/special-family-offer-stay-close-venice-2\/\"><img loading=\"lazy\" decoding=\"async\" width=\"268\" height=\"160\" src=\"https:\/\/www.villagraziella.com\/wp-content\/uploads\/2015\/02\/famiglia-268x160.jpg\" class=\"attachment-slider_medium size-slider_medium\" alt=\"\" \/><\/a><div class=\"flex-caption\"><div class=\"original-price price-all\"><\/div><div class=\"reducted-price price-all\"><\/div><div class=\"clear\"><\/div><div class=\"clear\"><\/div><div class=\"offer_title\"><a href=\"https:\/\/www.villagraziella.com\/fr\/offers\/special-family-offer-stay-close-venice-2\/\">Sp\u00e9cial \u00ab\u00a0Offre Famille\u00a0\u00bb pour votre s\u00e9jour \u00e0 Venise<\/a><\/div><\/div><\/li><li><a href=\"https:\/\/www.villagraziella.com\/fr\/offers\/special-companies-try-2\/\"><img loading=\"lazy\" decoding=\"async\" width=\"268\" height=\"160\" src=\"https:\/\/www.villagraziella.com\/wp-content\/uploads\/2015\/01\/business-268x160.jpg\" class=\"attachment-slider_medium size-slider_medium\" alt=\"\" \/><\/a><div class=\"flex-caption\"><div class=\"original-price price-all\"><\/div><div class=\"reducted-price price-all\"><\/div><div class=\"clear\"><\/div><div class=\"clear\"><\/div><div class=\"offer_title\"><a href=\"https:\/\/www.villagraziella.com\/fr\/offers\/special-companies-try-2\/\">\u00ab\u00a0OFFER for COMPANIES\u00a0\u00bb near Venice<\/a><\/div><\/div><\/li><li><a href=\"https:\/\/www.villagraziella.com\/fr\/offers\/tarifs-speciaux-internet\/\"><img loading=\"lazy\" decoding=\"async\" width=\"268\" height=\"160\" src=\"https:\/\/www.villagraziella.com\/wp-content\/uploads\/2013\/09\/sanmarco-268x160.jpg\" class=\"attachment-slider_medium size-slider_medium\" alt=\"\" \/><\/a><div class=\"flex-caption\"><div class=\"original-price price-all\"><\/div><div class=\"reducted-price price-all\"><\/div><div class=\"clear\"><\/div><div class=\"clear\"><\/div><div class=\"offer_title\"><a href=\"https:\/\/www.villagraziella.com\/fr\/offers\/tarifs-speciaux-internet\/\">Tarifs Sp\u00e9ciaux Internet<\/a><\/div><\/div><\/li><\/ul><\/div>\n<p><a href=\"offres-speciales\/\" title=\"Offres Sp\u00e9ciales\">Voir la liste compl\u00e8te<\/a><\/p>\n<\/div>\n<p><\/div><\/p>\n<\/div>\n<div class=\"box\">\n<div class=\"illustrazioneuno\"><\/p>\n<h3>Quick info<\/h3>\n<p><strong>La r\u00e9ception et le parking de l&rsquo;h\u00f4tel Antica Villa Graziella sont ouverts de 7h00 \u00e0 24h00.<br \/>\nARRIV\u00c9ES de 14h00 \u00e0 24h00 (Veuillez nous pr\u00e9venir en cas d&rsquo;arriv\u00e9e plus tardive !)<br \/>\nD\u00c9PARTS avant 11h00<\/strong><\/p>\n<p>Le jour de votre arriv\u00e9e ainsi que le jour de votre d\u00e9part, vous pourrez laisser vos bagages \u00e0 l&rsquo;h\u00f4tel et garer votre voiture dans la rue longeant l&rsquo;h\u00f4tel sans aucun suppl\u00e9ment. Vous pourrez ainsi passer la journ\u00e9e \u00e0 Venise et revenir dans l&rsquo;apr\u00e8s-midi.<\/p>\n<p><\/div><\/p>\n<\/div>\n<p><\/div><\/p>\n","protected":false},"excerpt":{"rendered":"","protected":false},"author":24,"featured_media":0,"parent":0,"menu_order":0,"comment_status":"open","ping_status":"open","template":"page-monocolonna.php","meta":{"ngg_post_thumbnail":0,"footnotes":""},"class_list":["post-1435","page","type-page","status-publish","hentry"],"yoast_head":"<!-- This site is optimized with the Yoast SEO plugin v25.7 - https:\/\/yoast.com\/wordpress\/plugins\/seo\/ -->\n<title>Chambres - Villa Graziella<\/title>\n<meta name=\"description\" content=\"Chambres, Villa Graziella: h\u00f4tel 2 \u00e9toiles \u00e0 Marghera, abordable et bien desservi par les transports en commun \u00e0 Venise.\" \/>\n<meta name=\"robots\" content=\"index, follow, max-snippet:-1, max-image-preview:large, max-video-preview:-1\" \/>\n<link rel=\"canonical\" href=\"https:\/\/www.villagraziella.com\/fr\/chambres\/\" \/>\n<meta property=\"og:locale\" content=\"fr_FR\" \/>\n<meta property=\"og:type\" content=\"article\" \/>\n<meta property=\"og:title\" content=\"Chambres - Villa Graziella\" \/>\n<meta property=\"og:description\" content=\"Chambres, Villa Graziella: h\u00f4tel 2 \u00e9toiles \u00e0 Marghera, abordable et bien desservi par les transports en commun \u00e0 Venise.\" \/>\n<meta property=\"og:url\" content=\"https:\/\/www.villagraziella.com\/fr\/chambres\/\" \/>\n<meta property=\"og:site_name\" content=\"Villa Graziella\" \/>\n<meta property=\"article:modified_time\" content=\"2023-10-26T12:16:04+00:00\" \/>\n<meta name=\"twitter:label1\" content=\"Dur\u00e9e de lecture estim\u00e9e\" \/>\n\t<meta name=\"twitter:data1\" content=\"2 minutes\" \/>\n<script type=\"application\/ld+json\" class=\"yoast-schema-graph\">{\"@context\":\"https:\/\/schema.org\",\"@graph\":[{\"@type\":\"WebPage\",\"@id\":\"https:\/\/www.villagraziella.com\/fr\/chambres\/\",\"url\":\"https:\/\/www.villagraziella.com\/fr\/chambres\/\",\"name\":\"Chambres - Villa Graziella\",\"isPartOf\":{\"@id\":\"https:\/\/www.villagraziella.com\/fr\/#website\"},\"datePublished\":\"2015-01-14T14:09:25+00:00\",\"dateModified\":\"2023-10-26T12:16:04+00:00\",\"description\":\"Chambres, Villa Graziella: h\u00f4tel 2 \u00e9toiles \u00e0 Marghera, abordable et bien desservi par les transports en commun \u00e0 Venise.\",\"breadcrumb\":{\"@id\":\"https:\/\/www.villagraziella.com\/fr\/chambres\/#breadcrumb\"},\"inLanguage\":\"fr-FR\",\"potentialAction\":[{\"@type\":\"ReadAction\",\"target\":[\"https:\/\/www.villagraziella.com\/fr\/chambres\/\"]}]},{\"@type\":\"BreadcrumbList\",\"@id\":\"https:\/\/www.villagraziella.com\/fr\/chambres\/#breadcrumb\",\"itemListElement\":[{\"@type\":\"ListItem\",\"position\":1,\"name\":\"Home\",\"item\":\"https:\/\/www.villagraziella.com\/fr\/\"},{\"@type\":\"ListItem\",\"position\":2,\"name\":\"Chambres\"}]},{\"@type\":\"WebSite\",\"@id\":\"https:\/\/www.villagraziella.com\/fr\/#website\",\"url\":\"https:\/\/www.villagraziella.com\/fr\/\",\"name\":\"Villa Graziella\",\"description\":\"\",\"potentialAction\":[{\"@type\":\"SearchAction\",\"target\":{\"@type\":\"EntryPoint\",\"urlTemplate\":\"https:\/\/www.villagraziella.com\/fr\/?s={search_term_string}\"},\"query-input\":{\"@type\":\"PropertyValueSpecification\",\"valueRequired\":true,\"valueName\":\"search_term_string\"}}],\"inLanguage\":\"fr-FR\"}]}<\/script>\n<!-- \/ Yoast SEO plugin. -->","yoast_head_json":{"title":"Chambres - Villa Graziella","description":"Chambres, Villa Graziella: h\u00f4tel 2 \u00e9toiles \u00e0 Marghera, abordable et bien desservi par les transports en commun \u00e0 Venise.","robots":{"index":"index","follow":"follow","max-snippet":"max-snippet:-1","max-image-preview":"max-image-preview:large","max-video-preview":"max-video-preview:-1"},"canonical":"https:\/\/www.villagraziella.com\/fr\/chambres\/","og_locale":"fr_FR","og_type":"article","og_title":"Chambres - Villa Graziella","og_description":"Chambres, Villa Graziella: h\u00f4tel 2 \u00e9toiles \u00e0 Marghera, abordable et bien desservi par les transports en commun \u00e0 Venise.","og_url":"https:\/\/www.villagraziella.com\/fr\/chambres\/","og_site_name":"Villa Graziella","article_modified_time":"2023-10-26T12:16:04+00:00","twitter_misc":{"Dur\u00e9e de lecture estim\u00e9e":"2 minutes"},"schema":{"@context":"https:\/\/schema.org","@graph":[{"@type":"WebPage","@id":"https:\/\/www.villagraziella.com\/fr\/chambres\/","url":"https:\/\/www.villagraziella.com\/fr\/chambres\/","name":"Chambres - Villa Graziella","isPartOf":{"@id":"https:\/\/www.villagraziella.com\/fr\/#website"},"datePublished":"2015-01-14T14:09:25+00:00","dateModified":"2023-10-26T12:16:04+00:00","description":"Chambres, Villa Graziella: h\u00f4tel 2 \u00e9toiles \u00e0 Marghera, abordable et bien desservi par les transports en commun \u00e0 Venise.","breadcrumb":{"@id":"https:\/\/www.villagraziella.com\/fr\/chambres\/#breadcrumb"},"inLanguage":"fr-FR","potentialAction":[{"@type":"ReadAction","target":["https:\/\/www.villagraziella.com\/fr\/chambres\/"]}]},{"@type":"BreadcrumbList","@id":"https:\/\/www.villagraziella.com\/fr\/chambres\/#breadcrumb","itemListElement":[{"@type":"ListItem","position":1,"name":"Home","item":"https:\/\/www.villagraziella.com\/fr\/"},{"@type":"ListItem","position":2,"name":"Chambres"}]},{"@type":"WebSite","@id":"https:\/\/www.villagraziella.com\/fr\/#website","url":"https:\/\/www.villagraziella.com\/fr\/","name":"Villa Graziella","description":"","potentialAction":[{"@type":"SearchAction","target":{"@type":"EntryPoint","urlTemplate":"https:\/\/www.villagraziella.com\/fr\/?s={search_term_string}"},"query-input":{"@type":"PropertyValueSpecification","valueRequired":true,"valueName":"search_term_string"}}],"inLanguage":"fr-FR"}]}},"publishpress_future_action":{"enabled":false,"date":"2026-04-28 09:57:19","action":"change-status","newStatus":"draft","terms":[],"taxonomy":"translation_priority","extraData":[]},"publishpress_future_workflow_manual_trigger":{"enabledWorkflows":[]},"_links":{"self":[{"href":"https:\/\/www.villagraziella.com\/fr\/wp-json\/wp\/v2\/pages\/1435","targetHints":{"allow":["GET"]}}],"collection":[{"href":"https:\/\/www.villagraziella.com\/fr\/wp-json\/wp\/v2\/pages"}],"about":[{"href":"https:\/\/www.villagraziella.com\/fr\/wp-json\/wp\/v2\/types\/page"}],"author":[{"embeddable":true,"href":"https:\/\/www.villagraziella.com\/fr\/wp-json\/wp\/v2\/users\/24"}],"replies":[{"embeddable":true,"href":"https:\/\/www.villagraziella.com\/fr\/wp-json\/wp\/v2\/comments?post=1435"}],"version-history":[{"count":7,"href":"https:\/\/www.villagraziella.com\/fr\/wp-json\/wp\/v2\/pages\/1435\/revisions"}],"predecessor-version":[{"id":2606,"href":"https:\/\/www.villagraziella.com\/fr\/wp-json\/wp\/v2\/pages\/1435\/revisions\/2606"}],"wp:attachment":[{"href":"https:\/\/www.villagraziella.com\/fr\/wp-json\/wp\/v2\/media?parent=1435"}],"curies":[{"name":"wp","href":"https:\/\/api.w.org\/{rel}","templated":true}]}}