{"id":1226,"date":"2013-09-03T15:10:23","date_gmt":"2013-09-03T15:10:23","guid":{"rendered":"https:\/\/www.villagraziella.com\/home-7-2\/"},"modified":"2019-11-28T09:45:27","modified_gmt":"2019-11-28T09:45:27","slug":"home-7","status":"publish","type":"page","link":"https:\/\/www.villagraziella.com\/hu\/","title":{"rendered":"Home"},"content":{"rendered":"<div class=\"colonna margine\"><div class=\"illustrazioneuno\"><\/p>\n<h2><a href=\"fekves\/\">\u00c9rezz\u00e9k magukat<br \/>\notthon!<\/a><\/h2>\n<p><strong>K\u00e9t csillagos sz\u00e1lloda Margher\u00e1ban<\/strong>, az <strong>Antica Villa Graziella<\/strong> k\u00e9nyelmes, gondozott k\u00f6rnyezetben v\u00e1rja \u00f6n\u00f6ket, \u00e9s \u00f6r\u00f6mmel aj\u00e1nlja figyelm\u00fckbe <strong>Velence<\/strong> legautentikusabb <strong>\u00fatvonalait<\/strong>.<\/p>\n<p><\/div><\/p>\n<\/div>\n<div class=\"colonna margine\"><div class=\"illustrazionedue\"><\/p>\n<h2><a href=\"leiras\/\">Velenc\u00e9t\u0151l n\u00e9h\u00e1ny percre!<\/a><\/h2>\n<p>Az Antica Villa Graziella nyugodt \u00e9s a <strong>Velenc\u00e9be tart\u00f3 k\u00f6zvetlen k\u00f6zleked\u00e9si <\/strong> <strong>eszk\u00f6z\u00f6k \u00e1ltal <\/strong>j\u00f3l kiszolg\u00e1lt, mind\u00f6ssze 300 m\u00e9ternyire elhelyezked\u0151 ponton fekszik. Rendelkezik <strong>mag\u00e1n parkol\u00f3val<\/strong> \u00e9s <strong>kerttel<\/strong>, ahol a <strong>reggelit<\/strong> szolg\u00e1lj\u00e1k fel.<\/p>\n<p><\/div><\/p>\n<\/div>\n<div class=\"colonna\"><div class=\"offers\"><\/p>\n<div id=\"offertespeciali\">\n<h2>Aj\u00e0nlataink<\/h2>\n<div class=\"flexslider\" style=\"width:268px;\"><ul class=\"slides\"><li><a href=\"https:\/\/www.villagraziella.com\/hu\/offers\/special-family-offer-stay-close-venice-3\/\"><img loading=\"lazy\" decoding=\"async\" width=\"268\" height=\"160\" src=\"https:\/\/www.villagraziella.com\/wp-content\/uploads\/2015\/02\/famiglia-268x160.jpg\" class=\"attachment-slider_medium size-slider_medium\" alt=\"\" \/><\/a><div class=\"flex-caption\"><div class=\"original-price price-all\"><\/div><div class=\"reducted-price price-all\"><\/div><div class=\"clear\"><\/div><div class=\"clear\"><\/div><div class=\"offer_title\"><a href=\"https:\/\/www.villagraziella.com\/hu\/offers\/special-family-offer-stay-close-venice-3\/\">Special &#8222;Family Offer&#8221; for your stay close to Venice<\/a><\/div><\/div><\/li><li><a href=\"https:\/\/www.villagraziella.com\/hu\/offers\/special-companies-try-2\/\"><img loading=\"lazy\" decoding=\"async\" width=\"268\" height=\"160\" src=\"https:\/\/www.villagraziella.com\/wp-content\/uploads\/2015\/01\/business-268x160.jpg\" class=\"attachment-slider_medium size-slider_medium\" alt=\"\" \/><\/a><div class=\"flex-caption\"><div class=\"original-price price-all\"><\/div><div class=\"reducted-price price-all\"><\/div><div class=\"clear\"><\/div><div class=\"clear\"><\/div><div class=\"offer_title\"><a href=\"https:\/\/www.villagraziella.com\/hu\/offers\/special-companies-try-2\/\">&#8222;OFFER for COMPANIES&#8221; near Venice<\/a><\/div><\/div><\/li><li><a href=\"https:\/\/www.villagraziella.com\/hu\/offers\/special-internet-rates\/\"><img loading=\"lazy\" decoding=\"async\" width=\"268\" height=\"160\" src=\"https:\/\/www.villagraziella.com\/wp-content\/uploads\/2013\/09\/sanmarco-268x160.jpg\" class=\"attachment-slider_medium size-slider_medium\" alt=\"\" \/><\/a><div class=\"flex-caption\"><div class=\"original-price price-all\"><\/div><div class=\"reducted-price price-all\"><\/div><div class=\"clear\"><\/div><div class=\"clear\"><\/div><div class=\"offer_title\"><a href=\"https:\/\/www.villagraziella.com\/hu\/offers\/special-internet-rates\/\">Special internet rates<\/a><\/div><\/div><\/li><\/ul><\/div>\n<p><a title=\"K\u00fcl\u00f6nleges aj\u00e0nlataink\" href=\"https:\/\/www.villagraziella.com\/hu\/kulonleges-ajanlatok\/\">Menj a teljes list\u00e1hoz<\/a><\/p>\n<\/div>\n<p><\/div><\/p>\n<\/div>\n<hr \/>\n<div class=\"citazione\">\n<h3>\u201cExcellent B&amp;B\u201d<\/h3>\n<p>This was the cleanest and well maintained place we&#8217;ve stayed in during our travel in Europe. The place is about 10 minutes to Venice by bus. if you don&#8217;t mind the bus and don&#8217;t want to spend a lot of money by staying in Venice, this would be a good alternative. Breakfast was included. The staff gave us a lot of information including bus schedule.<\/p>\n<p class=\"firma\">5\/5 Tripadvisor Traveller<\/p>\n<\/div>\n","protected":false},"excerpt":{"rendered":"<p>\u201cExcellent B&amp;B\u201d This was the cleanest and well maintained place we&#8217;ve stayed in during our travel in Europe. The place is about 10 minutes to Venice by bus. if you don&#8217;t mind the bus and don&#8217;t want to spend a lot of money by staying in Venice, this would be a good alternative. Breakfast was [&hellip;]<\/p>\n","protected":false},"author":24,"featured_media":0,"parent":0,"menu_order":0,"comment_status":"open","ping_status":"open","template":"index.php","meta":{"ngg_post_thumbnail":0,"footnotes":""},"class_list":["post-1226","page","type-page","status-publish","hentry"],"yoast_head":"<!-- This site is optimized with the Yoast SEO plugin v25.7 - https:\/\/yoast.com\/wordpress\/plugins\/seo\/ -->\n<title>Gazdas\u00e1gos hotel Velence k\u00f6zel\u00e9ben - A Villa Graziella hivatalos oldala<\/title>\n<meta name=\"description\" content=\"2 csillagos hotel Margher\u00e1ban, gazdas\u00e1gos, \u00e9s kiv\u00e1l\u00f3 \u00f6sszek\u00f6ttet\u00e9sekkel rendelkezik Velenc\u00e9be, csup\u00e1n 300 m\u00e9terre a bej\u00e1ratt\u00f3l.\" \/>\n<meta name=\"robots\" content=\"index, follow, max-snippet:-1, max-image-preview:large, max-video-preview:-1\" \/>\n<link rel=\"canonical\" href=\"https:\/\/www.villagraziella.com\/hu\/\" \/>\n<meta property=\"og:locale\" content=\"hu_HU\" \/>\n<meta property=\"og:type\" content=\"article\" \/>\n<meta property=\"og:title\" content=\"Gazdas\u00e1gos hotel Velence k\u00f6zel\u00e9ben - A Villa Graziella hivatalos oldala\" \/>\n<meta property=\"og:description\" content=\"2 csillagos hotel Margher\u00e1ban, gazdas\u00e1gos, \u00e9s kiv\u00e1l\u00f3 \u00f6sszek\u00f6ttet\u00e9sekkel rendelkezik Velenc\u00e9be, csup\u00e1n 300 m\u00e9terre a bej\u00e1ratt\u00f3l.\" \/>\n<meta property=\"og:url\" content=\"https:\/\/www.villagraziella.com\/hu\/\" \/>\n<meta property=\"og:site_name\" content=\"Villa Graziella\" \/>\n<meta property=\"article:modified_time\" content=\"2019-11-28T09:45:27+00:00\" \/>\n<meta name=\"twitter:label1\" content=\"Becs\u00fclt olvas\u00e1si id\u0151\" \/>\n\t<meta name=\"twitter:data1\" content=\"1 perc\" \/>\n<script type=\"application\/ld+json\" class=\"yoast-schema-graph\">{\"@context\":\"https:\/\/schema.org\",\"@graph\":[{\"@type\":\"WebPage\",\"@id\":\"https:\/\/www.villagraziella.com\/hu\/\",\"url\":\"https:\/\/www.villagraziella.com\/hu\/\",\"name\":\"Gazdas\u00e1gos hotel Velence k\u00f6zel\u00e9ben - A Villa Graziella hivatalos oldala\",\"isPartOf\":{\"@id\":\"https:\/\/www.villagraziella.com\/hu\/#website\"},\"datePublished\":\"2013-09-03T15:10:23+00:00\",\"dateModified\":\"2019-11-28T09:45:27+00:00\",\"description\":\"2 csillagos hotel Margher\u00e1ban, gazdas\u00e1gos, \u00e9s kiv\u00e1l\u00f3 \u00f6sszek\u00f6ttet\u00e9sekkel rendelkezik Velenc\u00e9be, csup\u00e1n 300 m\u00e9terre a bej\u00e1ratt\u00f3l.\",\"breadcrumb\":{\"@id\":\"https:\/\/www.villagraziella.com\/hu\/#breadcrumb\"},\"inLanguage\":\"hu\",\"potentialAction\":[{\"@type\":\"ReadAction\",\"target\":[\"https:\/\/www.villagraziella.com\/hu\/\"]}]},{\"@type\":\"BreadcrumbList\",\"@id\":\"https:\/\/www.villagraziella.com\/hu\/#breadcrumb\",\"itemListElement\":[{\"@type\":\"ListItem\",\"position\":1,\"name\":\"Home\",\"item\":\"https:\/\/www.villagraziella.com\/hu\/\"},{\"@type\":\"ListItem\",\"position\":2,\"name\":\"Home\"}]},{\"@type\":\"WebSite\",\"@id\":\"https:\/\/www.villagraziella.com\/hu\/#website\",\"url\":\"https:\/\/www.villagraziella.com\/hu\/\",\"name\":\"Villa Graziella\",\"description\":\"\",\"potentialAction\":[{\"@type\":\"SearchAction\",\"target\":{\"@type\":\"EntryPoint\",\"urlTemplate\":\"https:\/\/www.villagraziella.com\/hu\/?s={search_term_string}\"},\"query-input\":{\"@type\":\"PropertyValueSpecification\",\"valueRequired\":true,\"valueName\":\"search_term_string\"}}],\"inLanguage\":\"hu\"}]}<\/script>\n<!-- \/ Yoast SEO plugin. -->","yoast_head_json":{"title":"Gazdas\u00e1gos hotel Velence k\u00f6zel\u00e9ben - A Villa Graziella hivatalos oldala","description":"2 csillagos hotel Margher\u00e1ban, gazdas\u00e1gos, \u00e9s kiv\u00e1l\u00f3 \u00f6sszek\u00f6ttet\u00e9sekkel rendelkezik Velenc\u00e9be, csup\u00e1n 300 m\u00e9terre a bej\u00e1ratt\u00f3l.","robots":{"index":"index","follow":"follow","max-snippet":"max-snippet:-1","max-image-preview":"max-image-preview:large","max-video-preview":"max-video-preview:-1"},"canonical":"https:\/\/www.villagraziella.com\/hu\/","og_locale":"hu_HU","og_type":"article","og_title":"Gazdas\u00e1gos hotel Velence k\u00f6zel\u00e9ben - A Villa Graziella hivatalos oldala","og_description":"2 csillagos hotel Margher\u00e1ban, gazdas\u00e1gos, \u00e9s kiv\u00e1l\u00f3 \u00f6sszek\u00f6ttet\u00e9sekkel rendelkezik Velenc\u00e9be, csup\u00e1n 300 m\u00e9terre a bej\u00e1ratt\u00f3l.","og_url":"https:\/\/www.villagraziella.com\/hu\/","og_site_name":"Villa Graziella","article_modified_time":"2019-11-28T09:45:27+00:00","twitter_misc":{"Becs\u00fclt olvas\u00e1si id\u0151":"1 perc"},"schema":{"@context":"https:\/\/schema.org","@graph":[{"@type":"WebPage","@id":"https:\/\/www.villagraziella.com\/hu\/","url":"https:\/\/www.villagraziella.com\/hu\/","name":"Gazdas\u00e1gos hotel Velence k\u00f6zel\u00e9ben - A Villa Graziella hivatalos oldala","isPartOf":{"@id":"https:\/\/www.villagraziella.com\/hu\/#website"},"datePublished":"2013-09-03T15:10:23+00:00","dateModified":"2019-11-28T09:45:27+00:00","description":"2 csillagos hotel Margher\u00e1ban, gazdas\u00e1gos, \u00e9s kiv\u00e1l\u00f3 \u00f6sszek\u00f6ttet\u00e9sekkel rendelkezik Velenc\u00e9be, csup\u00e1n 300 m\u00e9terre a bej\u00e1ratt\u00f3l.","breadcrumb":{"@id":"https:\/\/www.villagraziella.com\/hu\/#breadcrumb"},"inLanguage":"hu","potentialAction":[{"@type":"ReadAction","target":["https:\/\/www.villagraziella.com\/hu\/"]}]},{"@type":"BreadcrumbList","@id":"https:\/\/www.villagraziella.com\/hu\/#breadcrumb","itemListElement":[{"@type":"ListItem","position":1,"name":"Home","item":"https:\/\/www.villagraziella.com\/hu\/"},{"@type":"ListItem","position":2,"name":"Home"}]},{"@type":"WebSite","@id":"https:\/\/www.villagraziella.com\/hu\/#website","url":"https:\/\/www.villagraziella.com\/hu\/","name":"Villa Graziella","description":"","potentialAction":[{"@type":"SearchAction","target":{"@type":"EntryPoint","urlTemplate":"https:\/\/www.villagraziella.com\/hu\/?s={search_term_string}"},"query-input":{"@type":"PropertyValueSpecification","valueRequired":true,"valueName":"search_term_string"}}],"inLanguage":"hu"}]}},"publishpress_future_action":{"enabled":false,"date":"2026-05-13 15:21:22","action":"change-status","newStatus":"draft","terms":[],"taxonomy":"translation_priority","extraData":[]},"publishpress_future_workflow_manual_trigger":{"enabledWorkflows":[]},"_links":{"self":[{"href":"https:\/\/www.villagraziella.com\/hu\/wp-json\/wp\/v2\/pages\/1226","targetHints":{"allow":["GET"]}}],"collection":[{"href":"https:\/\/www.villagraziella.com\/hu\/wp-json\/wp\/v2\/pages"}],"about":[{"href":"https:\/\/www.villagraziella.com\/hu\/wp-json\/wp\/v2\/types\/page"}],"author":[{"embeddable":true,"href":"https:\/\/www.villagraziella.com\/hu\/wp-json\/wp\/v2\/users\/24"}],"replies":[{"embeddable":true,"href":"https:\/\/www.villagraziella.com\/hu\/wp-json\/wp\/v2\/comments?post=1226"}],"version-history":[{"count":5,"href":"https:\/\/www.villagraziella.com\/hu\/wp-json\/wp\/v2\/pages\/1226\/revisions"}],"predecessor-version":[{"id":2508,"href":"https:\/\/www.villagraziella.com\/hu\/wp-json\/wp\/v2\/pages\/1226\/revisions\/2508"}],"wp:attachment":[{"href":"https:\/\/www.villagraziella.com\/hu\/wp-json\/wp\/v2\/media?parent=1226"}],"curies":[{"name":"wp","href":"https:\/\/api.w.org\/{rel}","templated":true}]}}