{"id":1242,"date":"2015-01-14T14:07:44","date_gmt":"2015-01-14T14:07:44","guid":{"rendered":"https:\/\/www.villagraziella.com\/descrizione-2\/"},"modified":"2019-11-28T10:40:59","modified_gmt":"2019-11-28T10:40:59","slug":"leiras","status":"publish","type":"page","link":"https:\/\/www.villagraziella.com\/hu\/leiras\/","title":{"rendered":"Le\u00edr\u00e1s"},"content":{"rendered":"<div id=\"colonna-2\">\n<h1 class=\"piccolo\">Hotel ingyenes margherai parkol\u00e1ssal<\/h1>\n<h2>A sz\u00e1lloda<\/h2>\n<p>Sz\u00e1ll\u00e1st \u00e9s reggelit k\u00edn\u00e1lunk vend\u00e9geinknek; Margher\u00e1ban tal\u00e1lhat\u00f3 a velencei j\u00e1r\u00e1s sz\u00e1razf\u00f6ldi ter\u00fclet\u00e9n, nyugodt \u00e9s csendes k\u00f6rnyezetben, k\u00f6zel a Mestre-Venezia (Mesztre-Velence) vas\u00fat\u00e1llom\u00e1shoz (csak 900 m-re gyalog) \u00e9s nincs messze a Milano-Venezia (Mil\u00e1n\u00f3-Velence) aut\u00f3sztr\u00e1d\u00e1t\u00f3l(1,5 Km). K\u00f6nny\u00fb k\u00f6zleked\u00e9si lehet\u00f5s\u00e9ggel lehet megk\u00f6zel\u00edteni oda-vissza a velencei (Marco Polo) \u00e9s a trevis\u00f3i rep\u00fcl\u00f5tereket.<\/p>\n<p>Az udvarias szolg\u00e1ltat\u00e1saink s a szem\u00e9lyzet\u00fcnk gyakorlat\u00e1nak k\u00f6sz\u00f6nhet\u0152en minden sz\u00fcks\u00e9ges k\u00edv\u00e1ns\u00e1gukat ki tudjuk el\u00e9g\u00edteni, amelyek biztos\u00edthatj\u00e1k az \u00d6n\u00f6k ig\u00e9nyeinek megfelel\u0152 \u00e9s <strong>sikeres velencei<\/strong> tart\u00f3zkod\u00e1st. K\u00e9szs\u00e9ggel javaslunk \u00d6n\u00f6knek v\u00e1rosl\u00e1togat\u00e1si programokat, m\u00fazeumokat; l\u00e1togat\u00e1sra \u00e9rdemes jellegzetes helyeket, nem turista \u00e9ttermeket \u00e9s az \u00e9jszakai \u00e9letet.<\/p>\n<p>Tavasszal \u00e9s ny\u00e1ron lehet\u0152s\u00e9g van a reggelit a kicsi \u00e9s <strong>sz\u00e9pen gondozott kert\u00fcnkben elfogyasztani<\/strong>, a lugas \u00e1rny\u00e9k\u00e1ban \u00fcld\u00f6g\u00e9lni \u00e9s olvasni a k\u00f6nyveinket valamint a Velenc\u00e9r\u0152l \u00e9s Veneto tartom\u00e1nyr\u00f3l sz\u00f3l\u00f3 turista \u00fatikalauzainkat. Rendelkez\u00fcnk egy kism\u00e9ret\u0171, <strong>ingyenesen ig\u00e9nybe vehet\u0151 bels\u0151 parkol\u00f3val<\/strong>. Ne felejtse el, Velence k\u00f6zpontj\u00e1ban a napi parkol\u00e1si d\u00edj 20,00 EURO.<\/p>\n<h2>Szolg\u00e0ltat\u00e0sok<\/h2>\n<p>Az <strong>Antica Villa Graziella<\/strong> egyike <strong> Mestre Velence<\/strong> legkedveltebb <strong>k\u00e9tcsillagos sz\u00e1llod\u00e1inak<\/strong>, mivel akkor is, ha igen kicsi, sokf\u00e9le szolg\u00e1ltat\u00e1st k\u00edn\u00e1l vend\u00e9geinek.<\/p>\n<p>A vir\u00e1gos <strong>kert<\/strong> a meleg \u00e9vszakban alkalmas arra, hogy itt n\u00e9h\u00e1ny percre kikapcsol\u00f3djanak, elfogyasszanak egy j\u00f3 k\u00e1v\u00e9t, egy kit\u0171n\u0151 cappuccin\u00f3t vagy egy \u00edzletes forr\u00f3 csokol\u00e1d\u00e9t, s olvasgass\u00e1k az Antica Villa Graziella k\u00f6nyvt\u00e1r \u00e1ltal valamennyi vend\u00e9ge sz\u00e1m\u00e1ra rendelkez\u00e9sre bocs\u00e1tott, Velenc\u00e9r\u0151l sz\u00f3l\u00f3 \u00fatik\u00f6nyveket.<\/p>\n<p>K\u00e9nyelmes <strong>d\u00edjtalan parkol\u00f3<\/strong> a g\u00e9pkocsival vagy motorral \u00e9rkez\u0151k sz\u00e1m\u00e1ra, kis csomagmeg\u0151rz\u0151, <strong>\u00e9rt\u00e9kmeg\u0151rz\u0151<\/strong>, \u00e9breszt\u00e9s, kis b\u00e1r, <strong>fax<\/strong> \u00e9s <strong>internet<\/strong>-szolg\u00e1ltat\u00e1s \u00e1llnak rendelkez\u00e9sre a recepci\u00f3n. Ezen t\u00falmen\u0151en gyalogosan n\u00e9h\u00e1ny percre tal\u00e1lhatnak \u00e9ttermeket \u00e9s pizzeri\u00e1kat, valamint szupermarketet, gy\u00f3gyszert\u00e1rat, ruhatiszt\u00edt\u00f3t, bankot stb. A k\u00f6zelben l\u00e9v\u0151 bev\u00e1s\u00e1rl\u00f3k\u00f6zpontok (Panorama, Nave de vero, Auchan, Le Barche) aut\u00f3busszal \u00e9rhet\u0151k el.<\/p>\n<p>Az aut\u00f3buszj\u00e1ratok a nap mind a 24 \u00f3r\u00e1j\u00e1ban k\u00e9nyelmes \u00f6sszek\u00f6ttet\u00e9st biztos\u00edtanak a sz\u00e1llod\u00e1t\u00f3l Velence belv\u00e1ros\u00e1hoz; az \u00fat csak t\u00edz percet vesz ig\u00e9nybe. A meg\u00e1ll\u00f3 mind\u00f6ssze 400 m\u00e9terre tal\u00e1lhat\u00f3 (gyalog 5 perc). 21.30-ig t\u00edz-, 0.30-ig h\u00faszpercenk\u00e9nt, m\u00edg \u00e9jjel \u00f3r\u00e1nk\u00e9nt \u00e9rkezik az aut\u00f3busz. A Velenc\u00e9be meno\u02dd vaporett\u00f3k viszont igen sokba ker\u00fclnek, ez\u00e9rt \u00e9rdemes 12, 24, 48 \u00f3r\u00e1ra vagy h\u00e1rom napra \u00e9rv\u00e9nyes jegyeket beszerezni, melyek Mestre Velence valamennyi t\u00f6megk\u00f6zleked\u00e9si eszk\u00f6z\u00e9re (busz, vaporetto) \u00e9rv\u00e9nyesek, s az ACTV P.le Roma-Venezi\u00e1n tal\u00e1lhat\u00f3 jegyp\u00e9nzt\u00e1r\u00e1n\u00e1l kaphat\u00f3ak.<\/p>\n<p><strong>Az Antica Villa Graziella-t<\/strong> a sz\u00edv\u00e9lyes fogadtat\u00e1s \u00e9s a szem\u00e9lyzet kedvess\u00e9ge k\u00fcl\u00f6nb\u00f6zteti meg a t\u00f6bbi sz\u00e1llod\u00e1t\u00f3l, a szem\u00e9lyzet mindent megtesz az\u00e9rt, hogy a vend\u00e9gek a lehet\u0151 legkellemesebben \u00e9rezz\u00e9k magukat a <strong>Velence Mestre-i sz\u00e1llod\u00e1ban<\/strong>. Sz\u00edvesen l\u00e1tjuk a gyermekeket; h\u00e1rom \u00e9ves korig ingyenesen kis\u00e1gyat (b\u00f6lcs\u0151t) bocs\u00e1tunk rendelkez\u00e9s\u00fckre. Kis \u00e9s k\u00f6zepes m\u00e9ret\u0171 \u00e1llatokat is befogadunk, felt\u00e9ve, hogy j\u00f3l vannak szoktatva.<\/p>\n<p><\/div><div id=\"colonna-1\"><\/p>\n<div class=\"colonnaofferte\">\n<div class=\"offers\"><\/p>\n<div id=\"offertespeciali\">\n<h2>K\u00fcl\u00f6nleges aj\u00e0nlataink<\/h2>\n<div class=\"flexslider\" style=\"width:268px;\"><ul class=\"slides\"><li><a href=\"https:\/\/www.villagraziella.com\/hu\/offers\/special-family-offer-stay-close-venice-3\/\"><img loading=\"lazy\" decoding=\"async\" width=\"268\" height=\"160\" src=\"https:\/\/www.villagraziella.com\/wp-content\/uploads\/2015\/02\/famiglia-268x160.jpg\" class=\"attachment-slider_medium size-slider_medium\" alt=\"\" \/><\/a><div class=\"flex-caption\"><div class=\"original-price price-all\"><\/div><div class=\"reducted-price price-all\"><\/div><div class=\"clear\"><\/div><div class=\"clear\"><\/div><div class=\"offer_title\"><a href=\"https:\/\/www.villagraziella.com\/hu\/offers\/special-family-offer-stay-close-venice-3\/\">Special &#8222;Family Offer&#8221; for your stay close to Venice<\/a><\/div><\/div><\/li><li><a href=\"https:\/\/www.villagraziella.com\/hu\/offers\/special-companies-try-2\/\"><img loading=\"lazy\" decoding=\"async\" width=\"268\" height=\"160\" src=\"https:\/\/www.villagraziella.com\/wp-content\/uploads\/2015\/01\/business-268x160.jpg\" class=\"attachment-slider_medium size-slider_medium\" alt=\"\" \/><\/a><div class=\"flex-caption\"><div class=\"original-price price-all\"><\/div><div class=\"reducted-price price-all\"><\/div><div class=\"clear\"><\/div><div class=\"clear\"><\/div><div class=\"offer_title\"><a href=\"https:\/\/www.villagraziella.com\/hu\/offers\/special-companies-try-2\/\">&#8222;OFFER for COMPANIES&#8221; near Venice<\/a><\/div><\/div><\/li><li><a href=\"https:\/\/www.villagraziella.com\/hu\/offers\/special-internet-rates\/\"><img loading=\"lazy\" decoding=\"async\" width=\"268\" height=\"160\" src=\"https:\/\/www.villagraziella.com\/wp-content\/uploads\/2013\/09\/sanmarco-268x160.jpg\" class=\"attachment-slider_medium size-slider_medium\" alt=\"\" \/><\/a><div class=\"flex-caption\"><div class=\"original-price price-all\"><\/div><div class=\"reducted-price price-all\"><\/div><div class=\"clear\"><\/div><div class=\"clear\"><\/div><div class=\"offer_title\"><a href=\"https:\/\/www.villagraziella.com\/hu\/offers\/special-internet-rates\/\">Special internet rates<\/a><\/div><\/div><\/li><\/ul><\/div>\n<p><a href=\"https:\/\/www.villagraziella.com\/hu\/kulonleges-ajanlatok\/\" title=\"K\u00fcl\u00f6nleges aj\u00e0nlataink\">Menj a teljes list\u00e1hoz<\/a><\/p>\n<\/div>\n<p><\/div><\/p><\/div>\n<!-- index.php -->\n<div\n\tclass=\"ngg-galleryoverview ngg-ajax-pagination-none\"\n\tid=\"ngg-gallery-a4d344ef125264c717b135179f310794-1\">\n\n    \t<div class=\"slideshowlink\">\n        <a href='https:\/\/www.villagraziella.com\/hu\/offers\/special-internet-rates\/nggallery\/slideshow'>[Show as slideshow]<\/a>\n\t\t\n\t<\/div>\n\t\t\t<!-- Thumbnails -->\n\t\t\t\t<div id=\"ngg-image-0\" class=\"ngg-gallery-thumbnail-box\" >\n\t\t\t\t        <div class=\"ngg-gallery-thumbnail\">\n            <a href=\"https:\/\/www.villagraziella.com\/wp-content\/gallery\/descrizione\/DSC_2052brusy.jpg\"\n               title=\"\"\n               data-src=\"https:\/\/www.villagraziella.com\/wp-content\/gallery\/descrizione\/DSC_2052brusy.jpg\"\n               data-thumbnail=\"https:\/\/www.villagraziella.com\/wp-content\/gallery\/descrizione\/thumbs\/thumbs_DSC_2052brusy.jpg\"\n               data-image-id=\"114\"\n               data-title=\"DSC_2052brusy\"\n               data-description=\"\"\n               data-image-slug=\"dsc_2052brusy-1\"\n               class='thickbox' rel='a4d344ef125264c717b135179f310794'>\n                <img\n                    title=\"DSC_2052brusy\"\n                    alt=\"DSC_2052brusy\"\n                    src=\"https:\/\/www.villagraziella.com\/wp-content\/gallery\/descrizione\/thumbs\/thumbs_DSC_2052brusy.jpg\"\n                    width=\"280\"\n                    height=\"280\"\n                    style=\"max-width:100%;\"\n                \/>\n            <\/a>\n        <\/div>\n\t\t\t\t\t\t\t<\/div> \n\t\t\t\n        \n\t\t\t\t<div id=\"ngg-image-1\" class=\"ngg-gallery-thumbnail-box\" >\n\t\t\t\t        <div class=\"ngg-gallery-thumbnail\">\n            <a href=\"https:\/\/www.villagraziella.com\/wp-content\/gallery\/descrizione\/DSC_2140brusy.JPG\"\n               title=\"\"\n               data-src=\"https:\/\/www.villagraziella.com\/wp-content\/gallery\/descrizione\/DSC_2140brusy.JPG\"\n               data-thumbnail=\"https:\/\/www.villagraziella.com\/wp-content\/gallery\/descrizione\/thumbs\/thumbs_DSC_2140brusy.JPG\"\n               data-image-id=\"116\"\n               data-title=\"DSC_2140brusy\"\n               data-description=\"\"\n               data-image-slug=\"dsc_2140brusy-1\"\n               class='thickbox' rel='a4d344ef125264c717b135179f310794'>\n                <img\n                    title=\"DSC_2140brusy\"\n                    alt=\"DSC_2140brusy\"\n                    src=\"https:\/\/www.villagraziella.com\/wp-content\/gallery\/descrizione\/thumbs\/thumbs_DSC_2140brusy.JPG\"\n                    width=\"280\"\n                    height=\"280\"\n                    style=\"max-width:100%;\"\n                \/>\n            <\/a>\n        <\/div>\n\t\t\t\t\t\t\t<\/div> \n\t\t\t\n        \n\t\t\t\t<div id=\"ngg-image-2\" class=\"ngg-gallery-thumbnail-box\" >\n\t\t\t\t        <div class=\"ngg-gallery-thumbnail\">\n            <a href=\"https:\/\/www.villagraziella.com\/wp-content\/gallery\/descrizione\/DSC_2198brusy.jpg\"\n               title=\"\"\n               data-src=\"https:\/\/www.villagraziella.com\/wp-content\/gallery\/descrizione\/DSC_2198brusy.jpg\"\n               data-thumbnail=\"https:\/\/www.villagraziella.com\/wp-content\/gallery\/descrizione\/thumbs\/thumbs_DSC_2198brusy.jpg\"\n               data-image-id=\"117\"\n               data-title=\"DSC_2198brusy\"\n               data-description=\"\"\n               data-image-slug=\"dsc_2198brusy-1\"\n               class='thickbox' rel='a4d344ef125264c717b135179f310794'>\n                <img\n                    title=\"DSC_2198brusy\"\n                    alt=\"DSC_2198brusy\"\n                    src=\"https:\/\/www.villagraziella.com\/wp-content\/gallery\/descrizione\/thumbs\/thumbs_DSC_2198brusy.jpg\"\n                    width=\"280\"\n                    height=\"280\"\n                    style=\"max-width:100%;\"\n                \/>\n            <\/a>\n        <\/div>\n\t\t\t\t\t\t\t<\/div> \n\t\t\t\n        \n\t\t\n\t\t<!-- Pagination -->\n\t<div class='ngg-clear'><\/div>\t<\/div>\n\n<p><\/div><\/p>\n","protected":false},"excerpt":{"rendered":"","protected":false},"author":24,"featured_media":0,"parent":0,"menu_order":0,"comment_status":"open","ping_status":"open","template":"page-monocolonna.php","meta":{"ngg_post_thumbnail":0,"footnotes":""},"class_list":["post-1242","page","type-page","status-publish","hentry"],"yoast_head":"<!-- This site is optimized with the Yoast SEO plugin v25.7 - https:\/\/yoast.com\/wordpress\/plugins\/seo\/ -->\n<title>Hotel ingyenes parkol\u00f3val Margher\u00e1ban - 2 csillagos hotel Margher\u00e1ban<\/title>\n<meta name=\"description\" content=\"Hotel ingyenes margherai parkol\u00e1ssal. A szoba 2 csillagos, csal\u00e1dias, vir\u00e1gos kerttel, amely a pihenni v\u00e1gy\u00f3k rendelkez\u00e9s\u00e9re \u00e1ll.\" \/>\n<meta name=\"robots\" content=\"index, follow, max-snippet:-1, max-image-preview:large, max-video-preview:-1\" \/>\n<link rel=\"canonical\" href=\"https:\/\/www.villagraziella.com\/hu\/leiras\/\" \/>\n<meta property=\"og:locale\" content=\"hu_HU\" \/>\n<meta property=\"og:type\" content=\"article\" \/>\n<meta property=\"og:title\" content=\"Hotel ingyenes parkol\u00f3val Margher\u00e1ban - 2 csillagos hotel Margher\u00e1ban\" \/>\n<meta property=\"og:description\" content=\"Hotel ingyenes margherai parkol\u00e1ssal. A szoba 2 csillagos, csal\u00e1dias, vir\u00e1gos kerttel, amely a pihenni v\u00e1gy\u00f3k rendelkez\u00e9s\u00e9re \u00e1ll.\" \/>\n<meta property=\"og:url\" content=\"https:\/\/www.villagraziella.com\/hu\/leiras\/\" \/>\n<meta property=\"og:site_name\" content=\"Villa Graziella\" \/>\n<meta property=\"article:modified_time\" content=\"2019-11-28T10:40:59+00:00\" \/>\n<meta name=\"twitter:label1\" content=\"Becs\u00fclt olvas\u00e1si id\u0151\" \/>\n\t<meta name=\"twitter:data1\" content=\"3 perc\" \/>\n<script type=\"application\/ld+json\" class=\"yoast-schema-graph\">{\"@context\":\"https:\/\/schema.org\",\"@graph\":[{\"@type\":\"WebPage\",\"@id\":\"https:\/\/www.villagraziella.com\/hu\/leiras\/\",\"url\":\"https:\/\/www.villagraziella.com\/hu\/leiras\/\",\"name\":\"Hotel ingyenes parkol\u00f3val Margher\u00e1ban - 2 csillagos hotel Margher\u00e1ban\",\"isPartOf\":{\"@id\":\"https:\/\/www.villagraziella.com\/hu\/#website\"},\"datePublished\":\"2015-01-14T14:07:44+00:00\",\"dateModified\":\"2019-11-28T10:40:59+00:00\",\"description\":\"Hotel ingyenes margherai parkol\u00e1ssal. A szoba 2 csillagos, csal\u00e1dias, vir\u00e1gos kerttel, amely a pihenni v\u00e1gy\u00f3k rendelkez\u00e9s\u00e9re \u00e1ll.\",\"breadcrumb\":{\"@id\":\"https:\/\/www.villagraziella.com\/hu\/leiras\/#breadcrumb\"},\"inLanguage\":\"hu\",\"potentialAction\":[{\"@type\":\"ReadAction\",\"target\":[\"https:\/\/www.villagraziella.com\/hu\/leiras\/\"]}]},{\"@type\":\"BreadcrumbList\",\"@id\":\"https:\/\/www.villagraziella.com\/hu\/leiras\/#breadcrumb\",\"itemListElement\":[{\"@type\":\"ListItem\",\"position\":1,\"name\":\"Home\",\"item\":\"https:\/\/www.villagraziella.com\/hu\/\"},{\"@type\":\"ListItem\",\"position\":2,\"name\":\"Le\u00edr\u00e1s\"}]},{\"@type\":\"WebSite\",\"@id\":\"https:\/\/www.villagraziella.com\/hu\/#website\",\"url\":\"https:\/\/www.villagraziella.com\/hu\/\",\"name\":\"Villa Graziella\",\"description\":\"\",\"potentialAction\":[{\"@type\":\"SearchAction\",\"target\":{\"@type\":\"EntryPoint\",\"urlTemplate\":\"https:\/\/www.villagraziella.com\/hu\/?s={search_term_string}\"},\"query-input\":{\"@type\":\"PropertyValueSpecification\",\"valueRequired\":true,\"valueName\":\"search_term_string\"}}],\"inLanguage\":\"hu\"}]}<\/script>\n<!-- \/ Yoast SEO plugin. -->","yoast_head_json":{"title":"Hotel ingyenes parkol\u00f3val Margher\u00e1ban - 2 csillagos hotel Margher\u00e1ban","description":"Hotel ingyenes margherai parkol\u00e1ssal. A szoba 2 csillagos, csal\u00e1dias, vir\u00e1gos kerttel, amely a pihenni v\u00e1gy\u00f3k rendelkez\u00e9s\u00e9re \u00e1ll.","robots":{"index":"index","follow":"follow","max-snippet":"max-snippet:-1","max-image-preview":"max-image-preview:large","max-video-preview":"max-video-preview:-1"},"canonical":"https:\/\/www.villagraziella.com\/hu\/leiras\/","og_locale":"hu_HU","og_type":"article","og_title":"Hotel ingyenes parkol\u00f3val Margher\u00e1ban - 2 csillagos hotel Margher\u00e1ban","og_description":"Hotel ingyenes margherai parkol\u00e1ssal. A szoba 2 csillagos, csal\u00e1dias, vir\u00e1gos kerttel, amely a pihenni v\u00e1gy\u00f3k rendelkez\u00e9s\u00e9re \u00e1ll.","og_url":"https:\/\/www.villagraziella.com\/hu\/leiras\/","og_site_name":"Villa Graziella","article_modified_time":"2019-11-28T10:40:59+00:00","twitter_misc":{"Becs\u00fclt olvas\u00e1si id\u0151":"3 perc"},"schema":{"@context":"https:\/\/schema.org","@graph":[{"@type":"WebPage","@id":"https:\/\/www.villagraziella.com\/hu\/leiras\/","url":"https:\/\/www.villagraziella.com\/hu\/leiras\/","name":"Hotel ingyenes parkol\u00f3val Margher\u00e1ban - 2 csillagos hotel Margher\u00e1ban","isPartOf":{"@id":"https:\/\/www.villagraziella.com\/hu\/#website"},"datePublished":"2015-01-14T14:07:44+00:00","dateModified":"2019-11-28T10:40:59+00:00","description":"Hotel ingyenes margherai parkol\u00e1ssal. A szoba 2 csillagos, csal\u00e1dias, vir\u00e1gos kerttel, amely a pihenni v\u00e1gy\u00f3k rendelkez\u00e9s\u00e9re \u00e1ll.","breadcrumb":{"@id":"https:\/\/www.villagraziella.com\/hu\/leiras\/#breadcrumb"},"inLanguage":"hu","potentialAction":[{"@type":"ReadAction","target":["https:\/\/www.villagraziella.com\/hu\/leiras\/"]}]},{"@type":"BreadcrumbList","@id":"https:\/\/www.villagraziella.com\/hu\/leiras\/#breadcrumb","itemListElement":[{"@type":"ListItem","position":1,"name":"Home","item":"https:\/\/www.villagraziella.com\/hu\/"},{"@type":"ListItem","position":2,"name":"Le\u00edr\u00e1s"}]},{"@type":"WebSite","@id":"https:\/\/www.villagraziella.com\/hu\/#website","url":"https:\/\/www.villagraziella.com\/hu\/","name":"Villa Graziella","description":"","potentialAction":[{"@type":"SearchAction","target":{"@type":"EntryPoint","urlTemplate":"https:\/\/www.villagraziella.com\/hu\/?s={search_term_string}"},"query-input":{"@type":"PropertyValueSpecification","valueRequired":true,"valueName":"search_term_string"}}],"inLanguage":"hu"}]}},"publishpress_future_action":{"enabled":false,"date":"2026-04-25 02:12:32","action":"change-status","newStatus":"draft","terms":[],"taxonomy":"translation_priority","extraData":[]},"publishpress_future_workflow_manual_trigger":{"enabledWorkflows":[]},"_links":{"self":[{"href":"https:\/\/www.villagraziella.com\/hu\/wp-json\/wp\/v2\/pages\/1242","targetHints":{"allow":["GET"]}}],"collection":[{"href":"https:\/\/www.villagraziella.com\/hu\/wp-json\/wp\/v2\/pages"}],"about":[{"href":"https:\/\/www.villagraziella.com\/hu\/wp-json\/wp\/v2\/types\/page"}],"author":[{"embeddable":true,"href":"https:\/\/www.villagraziella.com\/hu\/wp-json\/wp\/v2\/users\/24"}],"replies":[{"embeddable":true,"href":"https:\/\/www.villagraziella.com\/hu\/wp-json\/wp\/v2\/comments?post=1242"}],"version-history":[{"count":1,"href":"https:\/\/www.villagraziella.com\/hu\/wp-json\/wp\/v2\/pages\/1242\/revisions"}],"predecessor-version":[{"id":2521,"href":"https:\/\/www.villagraziella.com\/hu\/wp-json\/wp\/v2\/pages\/1242\/revisions\/2521"}],"wp:attachment":[{"href":"https:\/\/www.villagraziella.com\/hu\/wp-json\/wp\/v2\/media?parent=1242"}],"curies":[{"name":"wp","href":"https:\/\/api.w.org\/{rel}","templated":true}]}}