{"id":1334,"date":"2015-01-14T14:09:43","date_gmt":"2015-01-14T14:09:43","guid":{"rendered":"https:\/\/www.villagraziella.com\/recensioni-2\/"},"modified":"2018-06-27T14:29:49","modified_gmt":"2018-06-27T14:29:49","slug":"velemenyek","status":"publish","type":"page","link":"https:\/\/www.villagraziella.com\/hu\/velemenyek\/","title":{"rendered":"V\u00e9lem\u00e9nyek"},"content":{"rendered":"<div id=\"colonna-2\">\n<h1>V\u00e9lem\u00e9nyek<\/h1>\n<p>Tekintse meg a <strong>v\u00e9lem\u00e9nyeket, melyeket a vend\u00e9geink<\/strong> tettek k\u00f6zz\u00e9 a legfontosabb online \u00e9rt\u00e9kel\u0151 port\u00e1lokon! Felh\u00edvjuk a figyelm\u00e9t arra, hogy csak a <strong>Hivatalos Weboldalunkon t\u00f6rt\u00e9n\u0151 foglal\u00e1s eset\u00e9n lehet kiv\u00e1lts\u00e1gos utas<\/strong>: az elej\u00e9t\u0151l a v\u00e9g\u00e9ig, k\u00f6zvetlen\u00fcl a szem\u00e9lyzet\u00fcnk fog \u00d6nnek seg\u00edteni, valamint k\u00fcl\u00f6nleges \u00e1rakban \u00e9s csak \u00d6nnek fenntartott kedvezm\u00e9nyekben \u00e9s akci\u00f3kban fog r\u00e9szes\u00fclni!<br \/>\nAzon t\u00fal, ha a Hivatalos Weboldalunkon kereszt\u00fcl v\u00e9gzi el a foglal\u00e1s\u00e1t, <strong>egy \u201ehivatalos \u00e9rt\u00e9kel\u00e9st\u201d kell majd \u00edrnia, ami garant\u00e1lt, hiszen egy val\u00f3s foglal\u00e1shoz k\u00f6t\u0151dik<\/strong>. Ily m\u00f3don seg\u00edt nek\u00fcnk abban, hogy min\u0151s\u00e9gi szolg\u00e1ltat\u00e1st ny\u00fajtsunk \u00d6nnek, \u00e9s minden utasunknak!<\/p>\n<link rel=\"stylesheet\" href=\"https:\/\/include.nozio.com\/dynamic\/css\/nozioreviewscss.css\" type=\"text\/css\" media=\"all\" \/>\n<div id=\"nozioreviewswidget\"><a href=\"\">Antica Villa Graziella - Venezia Marghera<\/a><\/div>\n<script type=\"text\/javascript\" src=\"https:\/\/include.nozio.com\/dynamic\/js\/jquery_tooltip.js\"><\/script>\n<script type=\"text\/javascript\" src=\"https:\/\/include.nozio.com\/dynamic\/js\/nozio_reviews.php?idsk=58044&amp;lang=it&amp;widgetwidth=600\"><\/script>\n<hr \/>\n<div id=\"TA_selfserveprop629\" class=\"TA_selfserveprop\">\n<ul id=\"wr0fFf\" class=\"TA_links QK5BHfhpWK\">\n<li id=\"HnSfBEr\" class=\"yTAyWT\">\n<a target=\"_blank\" href=\"https:\/\/www.tripadvisor.it\/\"><img decoding=\"async\" src=\"https:\/\/www.tripadvisor.it\/img\/cdsi\/img2\/branding\/150_logo-11900-2.png\" alt=\"TripAdvisor\"\/><\/a>\n<\/li>\n<\/ul>\n<\/div>\n<p><script src=\"https:\/\/www.jscache.com\/wejs?wtype=selfserveprop&amp;uniq=629&amp;locationId=563400&amp;lang=hu&amp;rating=true&amp;nreviews=5&amp;writereviewlink=true&amp;popIdx=true&amp;iswide=false&amp;border=true\"><\/script><\/p>\n<p><\/div><div id=\"colonna-1\"><\/p>\n<div class=\"colonnaofferte\">\n<div class=\"offers\"><\/p>\n<div id=\"offertespeciali\">\n<h2>K\u00fcl\u00f6nleges aj\u00e0nlataink<\/h2>\n<div class=\"flexslider\" style=\"width:268px;\"><ul class=\"slides\"><li><a href=\"https:\/\/www.villagraziella.com\/hu\/offers\/special-family-offer-stay-close-venice-3\/\"><img loading=\"lazy\" decoding=\"async\" width=\"268\" height=\"160\" src=\"https:\/\/www.villagraziella.com\/wp-content\/uploads\/2015\/02\/famiglia-268x160.jpg\" class=\"attachment-slider_medium size-slider_medium\" alt=\"\" \/><\/a><div class=\"flex-caption\"><div class=\"original-price price-all\"><\/div><div class=\"reducted-price price-all\"><\/div><div class=\"clear\"><\/div><div class=\"clear\"><\/div><div class=\"offer_title\"><a href=\"https:\/\/www.villagraziella.com\/hu\/offers\/special-family-offer-stay-close-venice-3\/\">Special &#8222;Family Offer&#8221; for your stay close to Venice<\/a><\/div><\/div><\/li><li><a href=\"https:\/\/www.villagraziella.com\/hu\/offers\/special-companies-try-2\/\"><img loading=\"lazy\" decoding=\"async\" width=\"268\" height=\"160\" src=\"https:\/\/www.villagraziella.com\/wp-content\/uploads\/2015\/01\/business-268x160.jpg\" class=\"attachment-slider_medium size-slider_medium\" alt=\"\" \/><\/a><div class=\"flex-caption\"><div class=\"original-price price-all\"><\/div><div class=\"reducted-price price-all\"><\/div><div class=\"clear\"><\/div><div class=\"clear\"><\/div><div class=\"offer_title\"><a href=\"https:\/\/www.villagraziella.com\/hu\/offers\/special-companies-try-2\/\">&#8222;OFFER for COMPANIES&#8221; near Venice<\/a><\/div><\/div><\/li><li><a href=\"https:\/\/www.villagraziella.com\/hu\/offers\/special-internet-rates\/\"><img loading=\"lazy\" decoding=\"async\" width=\"268\" height=\"160\" src=\"https:\/\/www.villagraziella.com\/wp-content\/uploads\/2013\/09\/sanmarco-268x160.jpg\" class=\"attachment-slider_medium size-slider_medium\" alt=\"\" \/><\/a><div class=\"flex-caption\"><div class=\"original-price price-all\"><\/div><div class=\"reducted-price price-all\"><\/div><div class=\"clear\"><\/div><div class=\"clear\"><\/div><div class=\"offer_title\"><a href=\"https:\/\/www.villagraziella.com\/hu\/offers\/special-internet-rates\/\">Special internet rates<\/a><\/div><\/div><\/li><\/ul><\/div>\n<p><a href=\"https:\/\/www.villagraziella.com\/hu\/kulonleges-ajanlatok\/\" title=\"K\u00fcl\u00f6nleges aj\u00e0nlataink\">Menj a teljes list\u00e1hoz<\/a><\/p>\n<\/div>\n<p><\/div><\/p><\/div>\n<p><\/div><\/p>\n","protected":false},"excerpt":{"rendered":"","protected":false},"author":24,"featured_media":0,"parent":0,"menu_order":0,"comment_status":"open","ping_status":"open","template":"page-monocolonna.php","meta":{"ngg_post_thumbnail":0,"footnotes":""},"class_list":["post-1334","page","type-page","status-publish","hentry"],"yoast_head":"<!-- This site is optimized with the Yoast SEO plugin v25.7 - https:\/\/yoast.com\/wordpress\/plugins\/seo\/ -->\n<title>V\u00e9lem\u00e9nyek - Villa Graziella<\/title>\n<meta name=\"description\" content=\"V\u00e9lem\u00e9nyek, Villa Graziella: 2 csillagos hotel Margher\u00e1ban, gazdas\u00e1gos, \u00e9s kiv\u00e1l\u00f3 \u00f6sszek\u00f6ttet\u00e9sekkel rendelkezik Velenc\u00e9be.\" \/>\n<meta name=\"robots\" content=\"index, follow, max-snippet:-1, max-image-preview:large, max-video-preview:-1\" \/>\n<link rel=\"canonical\" href=\"https:\/\/www.villagraziella.com\/hu\/velemenyek\/\" \/>\n<meta property=\"og:locale\" content=\"hu_HU\" \/>\n<meta property=\"og:type\" content=\"article\" \/>\n<meta property=\"og:title\" content=\"V\u00e9lem\u00e9nyek - Villa Graziella\" \/>\n<meta property=\"og:description\" content=\"V\u00e9lem\u00e9nyek, Villa Graziella: 2 csillagos hotel Margher\u00e1ban, gazdas\u00e1gos, \u00e9s kiv\u00e1l\u00f3 \u00f6sszek\u00f6ttet\u00e9sekkel rendelkezik Velenc\u00e9be.\" \/>\n<meta property=\"og:url\" content=\"https:\/\/www.villagraziella.com\/hu\/velemenyek\/\" \/>\n<meta property=\"og:site_name\" content=\"Villa Graziella\" \/>\n<meta property=\"article:modified_time\" content=\"2018-06-27T14:29:49+00:00\" \/>\n<meta property=\"og:image\" content=\"https:\/\/www.tripadvisor.it\/img\/cdsi\/img2\/branding\/150_logo-11900-2.png\" \/>\n<meta name=\"twitter:label1\" content=\"Becs\u00fclt olvas\u00e1si id\u0151\" \/>\n\t<meta name=\"twitter:data1\" content=\"1 perc\" \/>\n<script type=\"application\/ld+json\" class=\"yoast-schema-graph\">{\"@context\":\"https:\/\/schema.org\",\"@graph\":[{\"@type\":\"WebPage\",\"@id\":\"https:\/\/www.villagraziella.com\/hu\/velemenyek\/\",\"url\":\"https:\/\/www.villagraziella.com\/hu\/velemenyek\/\",\"name\":\"V\u00e9lem\u00e9nyek - Villa Graziella\",\"isPartOf\":{\"@id\":\"https:\/\/www.villagraziella.com\/hu\/#website\"},\"primaryImageOfPage\":{\"@id\":\"https:\/\/www.villagraziella.com\/hu\/velemenyek\/#primaryimage\"},\"image\":{\"@id\":\"https:\/\/www.villagraziella.com\/hu\/velemenyek\/#primaryimage\"},\"thumbnailUrl\":\"https:\/\/www.tripadvisor.it\/img\/cdsi\/img2\/branding\/150_logo-11900-2.png\",\"datePublished\":\"2015-01-14T14:09:43+00:00\",\"dateModified\":\"2018-06-27T14:29:49+00:00\",\"description\":\"V\u00e9lem\u00e9nyek, Villa Graziella: 2 csillagos hotel Margher\u00e1ban, gazdas\u00e1gos, \u00e9s kiv\u00e1l\u00f3 \u00f6sszek\u00f6ttet\u00e9sekkel rendelkezik Velenc\u00e9be.\",\"breadcrumb\":{\"@id\":\"https:\/\/www.villagraziella.com\/hu\/velemenyek\/#breadcrumb\"},\"inLanguage\":\"hu\",\"potentialAction\":[{\"@type\":\"ReadAction\",\"target\":[\"https:\/\/www.villagraziella.com\/hu\/velemenyek\/\"]}]},{\"@type\":\"ImageObject\",\"inLanguage\":\"hu\",\"@id\":\"https:\/\/www.villagraziella.com\/hu\/velemenyek\/#primaryimage\",\"url\":\"https:\/\/www.tripadvisor.it\/img\/cdsi\/img2\/branding\/150_logo-11900-2.png\",\"contentUrl\":\"https:\/\/www.tripadvisor.it\/img\/cdsi\/img2\/branding\/150_logo-11900-2.png\"},{\"@type\":\"BreadcrumbList\",\"@id\":\"https:\/\/www.villagraziella.com\/hu\/velemenyek\/#breadcrumb\",\"itemListElement\":[{\"@type\":\"ListItem\",\"position\":1,\"name\":\"Home\",\"item\":\"https:\/\/www.villagraziella.com\/hu\/\"},{\"@type\":\"ListItem\",\"position\":2,\"name\":\"V\u00e9lem\u00e9nyek\"}]},{\"@type\":\"WebSite\",\"@id\":\"https:\/\/www.villagraziella.com\/hu\/#website\",\"url\":\"https:\/\/www.villagraziella.com\/hu\/\",\"name\":\"Villa Graziella\",\"description\":\"\",\"potentialAction\":[{\"@type\":\"SearchAction\",\"target\":{\"@type\":\"EntryPoint\",\"urlTemplate\":\"https:\/\/www.villagraziella.com\/hu\/?s={search_term_string}\"},\"query-input\":{\"@type\":\"PropertyValueSpecification\",\"valueRequired\":true,\"valueName\":\"search_term_string\"}}],\"inLanguage\":\"hu\"}]}<\/script>\n<!-- \/ Yoast SEO plugin. -->","yoast_head_json":{"title":"V\u00e9lem\u00e9nyek - Villa Graziella","description":"V\u00e9lem\u00e9nyek, Villa Graziella: 2 csillagos hotel Margher\u00e1ban, gazdas\u00e1gos, \u00e9s kiv\u00e1l\u00f3 \u00f6sszek\u00f6ttet\u00e9sekkel rendelkezik Velenc\u00e9be.","robots":{"index":"index","follow":"follow","max-snippet":"max-snippet:-1","max-image-preview":"max-image-preview:large","max-video-preview":"max-video-preview:-1"},"canonical":"https:\/\/www.villagraziella.com\/hu\/velemenyek\/","og_locale":"hu_HU","og_type":"article","og_title":"V\u00e9lem\u00e9nyek - Villa Graziella","og_description":"V\u00e9lem\u00e9nyek, Villa Graziella: 2 csillagos hotel Margher\u00e1ban, gazdas\u00e1gos, \u00e9s kiv\u00e1l\u00f3 \u00f6sszek\u00f6ttet\u00e9sekkel rendelkezik Velenc\u00e9be.","og_url":"https:\/\/www.villagraziella.com\/hu\/velemenyek\/","og_site_name":"Villa Graziella","article_modified_time":"2018-06-27T14:29:49+00:00","og_image":[{"url":"https:\/\/www.tripadvisor.it\/img\/cdsi\/img2\/branding\/150_logo-11900-2.png","type":"","width":"","height":""}],"twitter_misc":{"Becs\u00fclt olvas\u00e1si id\u0151":"1 perc"},"schema":{"@context":"https:\/\/schema.org","@graph":[{"@type":"WebPage","@id":"https:\/\/www.villagraziella.com\/hu\/velemenyek\/","url":"https:\/\/www.villagraziella.com\/hu\/velemenyek\/","name":"V\u00e9lem\u00e9nyek - Villa Graziella","isPartOf":{"@id":"https:\/\/www.villagraziella.com\/hu\/#website"},"primaryImageOfPage":{"@id":"https:\/\/www.villagraziella.com\/hu\/velemenyek\/#primaryimage"},"image":{"@id":"https:\/\/www.villagraziella.com\/hu\/velemenyek\/#primaryimage"},"thumbnailUrl":"https:\/\/www.tripadvisor.it\/img\/cdsi\/img2\/branding\/150_logo-11900-2.png","datePublished":"2015-01-14T14:09:43+00:00","dateModified":"2018-06-27T14:29:49+00:00","description":"V\u00e9lem\u00e9nyek, Villa Graziella: 2 csillagos hotel Margher\u00e1ban, gazdas\u00e1gos, \u00e9s kiv\u00e1l\u00f3 \u00f6sszek\u00f6ttet\u00e9sekkel rendelkezik Velenc\u00e9be.","breadcrumb":{"@id":"https:\/\/www.villagraziella.com\/hu\/velemenyek\/#breadcrumb"},"inLanguage":"hu","potentialAction":[{"@type":"ReadAction","target":["https:\/\/www.villagraziella.com\/hu\/velemenyek\/"]}]},{"@type":"ImageObject","inLanguage":"hu","@id":"https:\/\/www.villagraziella.com\/hu\/velemenyek\/#primaryimage","url":"https:\/\/www.tripadvisor.it\/img\/cdsi\/img2\/branding\/150_logo-11900-2.png","contentUrl":"https:\/\/www.tripadvisor.it\/img\/cdsi\/img2\/branding\/150_logo-11900-2.png"},{"@type":"BreadcrumbList","@id":"https:\/\/www.villagraziella.com\/hu\/velemenyek\/#breadcrumb","itemListElement":[{"@type":"ListItem","position":1,"name":"Home","item":"https:\/\/www.villagraziella.com\/hu\/"},{"@type":"ListItem","position":2,"name":"V\u00e9lem\u00e9nyek"}]},{"@type":"WebSite","@id":"https:\/\/www.villagraziella.com\/hu\/#website","url":"https:\/\/www.villagraziella.com\/hu\/","name":"Villa Graziella","description":"","potentialAction":[{"@type":"SearchAction","target":{"@type":"EntryPoint","urlTemplate":"https:\/\/www.villagraziella.com\/hu\/?s={search_term_string}"},"query-input":{"@type":"PropertyValueSpecification","valueRequired":true,"valueName":"search_term_string"}}],"inLanguage":"hu"}]}},"publishpress_future_action":{"enabled":false,"date":"2026-04-24 04:46:58","action":"change-status","newStatus":"draft","terms":[],"taxonomy":"translation_priority","extraData":[]},"publishpress_future_workflow_manual_trigger":{"enabledWorkflows":[]},"_links":{"self":[{"href":"https:\/\/www.villagraziella.com\/hu\/wp-json\/wp\/v2\/pages\/1334","targetHints":{"allow":["GET"]}}],"collection":[{"href":"https:\/\/www.villagraziella.com\/hu\/wp-json\/wp\/v2\/pages"}],"about":[{"href":"https:\/\/www.villagraziella.com\/hu\/wp-json\/wp\/v2\/types\/page"}],"author":[{"embeddable":true,"href":"https:\/\/www.villagraziella.com\/hu\/wp-json\/wp\/v2\/users\/24"}],"replies":[{"embeddable":true,"href":"https:\/\/www.villagraziella.com\/hu\/wp-json\/wp\/v2\/comments?post=1334"}],"version-history":[{"count":1,"href":"https:\/\/www.villagraziella.com\/hu\/wp-json\/wp\/v2\/pages\/1334\/revisions"}],"predecessor-version":[{"id":2425,"href":"https:\/\/www.villagraziella.com\/hu\/wp-json\/wp\/v2\/pages\/1334\/revisions\/2425"}],"wp:attachment":[{"href":"https:\/\/www.villagraziella.com\/hu\/wp-json\/wp\/v2\/media?parent=1334"}],"curies":[{"name":"wp","href":"https:\/\/api.w.org\/{rel}","templated":true}]}}