{"id":1438,"date":"2015-01-14T14:09:25","date_gmt":"2015-01-14T14:09:25","guid":{"rendered":"https:\/\/www.villagraziella.com\/camere-2\/"},"modified":"2023-10-26T12:21:36","modified_gmt":"2023-10-26T12:21:36","slug":"szobak","status":"publish","type":"page","link":"https:\/\/www.villagraziella.com\/hu\/szobak\/","title":{"rendered":"Szob\u00e0k"},"content":{"rendered":"<div id=\"colonna-2\">\n<h1>Szob\u00e0k<\/h1>\n<p><strong>14 szoba<\/strong>, <strong>a mestrei k\u00e9tcsillagos sz\u00e1llod\u00e1k<\/strong> \u00e1ltal k\u00edn\u00e1ltak\u00e9n\u00e1l magasabbszint\u0171 komforttal, fogadja az <strong>Antica Villa Graziella<\/strong> vend\u00e9geit, hogy e <strong>velencei hotelben<\/strong> a lehet\u0151 legkellemesebben \u00e9rezhess\u00e9k magukat.<\/p>\n<p>Komfortos \u00e9s vil\u00e1gos szob\u00e1k v\u00e1rnak egy-kett\u0151 szem\u00e9lyt, k\u00fcl\u00f6nb\u00f6z\u0151, rendk\u00edv\u00fcl k\u00e9nyelmes megold\u00e1sokat k\u00edn\u00e1lva (osztott \u00e1gyak csak k\u00e9r\u00e9sre).  \u00d6nszab\u00e1lyoz\u00f3 <strong>l\u00e9gkondicion\u00e1l\u00e1s<\/strong>, <strong>priv\u00e1t f\u00fcrd\u0151szoba<\/strong> zuhannyal \u00e9s hajsz\u00e1r\u00edt\u00f3val, Wi-Fi internet \u00f6sszek\u00f6ttet\u00e9s, P\u00e1nc\u00e9lszekr\u00e9ny, tv \u00e9s k\u00f6zvetlen telefon biztos\u00edtanak az Antica Villa Graziella hotel vend\u00e9gei sz\u00e1m\u00e1ra val\u00f3ban kellemes szabads\u00e1got \u00e9s h\u00e9tv\u00e9g\u00e9t.<\/p>\n<h2>Szob\u00e1ink<\/h2>\n<div class=\"camere\">\n<div class=\"immagini\"><!-- index.php -->\n<div\n\tclass=\"ngg-galleryoverview ngg-ajax-pagination-none\"\n\tid=\"ngg-gallery-550e8aa23d2c04e9f2773d979c3f3951-1\">\n\n    \t<div class=\"slideshowlink\">\n        <a href='https:\/\/www.villagraziella.com\/hu\/offers\/special-internet-rates\/nggallery\/slideshow'>[Show as slideshow]<\/a>\n\t\t\n\t<\/div>\n\t\t\t<!-- Thumbnails -->\n\t\t\t\t<div id=\"ngg-image-0\" class=\"ngg-gallery-thumbnail-box\" >\n\t\t\t\t        <div class=\"ngg-gallery-thumbnail\">\n            <a href=\"https:\/\/www.villagraziella.com\/wp-content\/gallery\/doppia-uso-singola\/DSC_1763.JPG\"\n               title=\"\"\n               data-src=\"https:\/\/www.villagraziella.com\/wp-content\/gallery\/doppia-uso-singola\/DSC_1763.JPG\"\n               data-thumbnail=\"https:\/\/www.villagraziella.com\/wp-content\/gallery\/doppia-uso-singola\/thumbs\/thumbs_DSC_1763.JPG\"\n               data-image-id=\"119\"\n               data-title=\"DSC_1763\"\n               data-description=\"\"\n               data-image-slug=\"dsc_1763\"\n               class='thickbox' rel='550e8aa23d2c04e9f2773d979c3f3951'>\n                <img\n                    title=\"DSC_1763\"\n                    alt=\"DSC_1763\"\n                    src=\"https:\/\/www.villagraziella.com\/wp-content\/gallery\/doppia-uso-singola\/thumbs\/thumbs_DSC_1763.JPG\"\n                    width=\"140\"\n                    height=\"140\"\n                    style=\"max-width:100%;\"\n                \/>\n            <\/a>\n        <\/div>\n\t\t\t\t\t\t\t<\/div> \n\t\t\t\n        \n\t\t\t\t<div id=\"ngg-image-1\" class=\"ngg-gallery-thumbnail-box\" >\n\t\t\t\t        <div class=\"ngg-gallery-thumbnail\">\n            <a href=\"https:\/\/www.villagraziella.com\/wp-content\/gallery\/doppia-uso-singola\/DSC_1784brusy.jpg\"\n               title=\"\"\n               data-src=\"https:\/\/www.villagraziella.com\/wp-content\/gallery\/doppia-uso-singola\/DSC_1784brusy.jpg\"\n               data-thumbnail=\"https:\/\/www.villagraziella.com\/wp-content\/gallery\/doppia-uso-singola\/thumbs\/thumbs_DSC_1784brusy.jpg\"\n               data-image-id=\"120\"\n               data-title=\"DSC_1784brusy\"\n               data-description=\"\"\n               data-image-slug=\"dsc_1784brusy\"\n               class='thickbox' rel='550e8aa23d2c04e9f2773d979c3f3951'>\n                <img\n                    title=\"DSC_1784brusy\"\n                    alt=\"DSC_1784brusy\"\n                    src=\"https:\/\/www.villagraziella.com\/wp-content\/gallery\/doppia-uso-singola\/thumbs\/thumbs_DSC_1784brusy.jpg\"\n                    width=\"140\"\n                    height=\"140\"\n                    style=\"max-width:100%;\"\n                \/>\n            <\/a>\n        <\/div>\n\t\t\t\t\t\t\t<\/div> \n\t\t\t\n        \n\t\t\n\t\t<!-- Pagination -->\n\t<div class='ngg-clear'><\/div>\t<\/div>\n<\/div>\n<h3>K\u00e9t\u00e1gyas szoba egy szem\u00e9ly r\u00e9sz\u00e9re<\/h3>\n<p>Standard, klasszikus st\u00edlusban berendezett szoba saj\u00e1t f\u00fcrd\u0151szob\u00e1val, m\u00e1sf\u00e9l szem\u00e9lyes, kompakt \u00e9s kism\u00e9ret\u0171, de k\u00e9nyelmes \u00e1ggyal.<br \/>\nA szoba felszerelts\u00e9ge; puha frott\u00edr t\u00f6r\u00f6lk\u00f6z\u0151k, Wi-Fi, egyedileg szab\u00e1lyozhat\u00f3 l\u00e9gkond\u00edcion\u00e1l\u00e1s\/f\u0171t\u00e9s, s\u00edkk\u00e9perny\u0151s TV (m\u0171holdas csatorn\u00e1k), k\u00f6zvetlen\u00fcl h\u00edvhat\u00f3 k\u00fcls\u0151 telefonvonal \u00e9s sz\u00e9f.<br \/>\nAz \u00e1gy m\u00e9retei: 1 kism\u00e9ret\u0171 francia\u00e1gy (195 cm  x 140cm)<\/p>\n<p><a class=\"pulsante\" href=\"https:\/\/book2.nozio.com\/accommodation\/list?channelId=10e8dca1-0865-4eee-8fb8-424514de7698&amp;culture=hu\">Foglaljon most<\/a><\/p>\n<\/div>\n<div class=\"camere\">\n<div class=\"immagini\"><!-- index.php -->\n<div\n\tclass=\"ngg-galleryoverview ngg-ajax-pagination-none\"\n\tid=\"ngg-gallery-6afc97dfc1faf2706e50449e7bcad485-1\">\n\n    \t<div class=\"slideshowlink\">\n        <a href='https:\/\/www.villagraziella.com\/hu\/offers\/special-internet-rates\/nggallery\/slideshow'>[Show as slideshow]<\/a>\n\t\t\n\t<\/div>\n\t\t\t<!-- Thumbnails -->\n\t\t\t\t<div id=\"ngg-image-0\" class=\"ngg-gallery-thumbnail-box\" >\n\t\t\t\t        <div class=\"ngg-gallery-thumbnail\">\n            <a href=\"https:\/\/www.villagraziella.com\/wp-content\/gallery\/matrimoniale\/3.jpg\"\n               title=\"\"\n               data-src=\"https:\/\/www.villagraziella.com\/wp-content\/gallery\/matrimoniale\/3.jpg\"\n               data-thumbnail=\"https:\/\/www.villagraziella.com\/wp-content\/gallery\/matrimoniale\/thumbs\/thumbs_3.jpg\"\n               data-image-id=\"5\"\n               data-title=\"3\"\n               data-description=\"\"\n               data-image-slug=\"3\"\n               class='thickbox' rel='6afc97dfc1faf2706e50449e7bcad485'>\n                <img\n                    title=\"3\"\n                    alt=\"3\"\n                    src=\"https:\/\/www.villagraziella.com\/wp-content\/gallery\/matrimoniale\/thumbs\/thumbs_3.jpg\"\n                    width=\"140\"\n                    height=\"140\"\n                    style=\"max-width:100%;\"\n                \/>\n            <\/a>\n        <\/div>\n\t\t\t\t\t\t\t<\/div> \n\t\t\t\n        \n\t\t\t\t<div id=\"ngg-image-1\" class=\"ngg-gallery-thumbnail-box\" >\n\t\t\t\t        <div class=\"ngg-gallery-thumbnail\">\n            <a href=\"https:\/\/www.villagraziella.com\/wp-content\/gallery\/matrimoniale\/1.jpg\"\n               title=\"\"\n               data-src=\"https:\/\/www.villagraziella.com\/wp-content\/gallery\/matrimoniale\/1.jpg\"\n               data-thumbnail=\"https:\/\/www.villagraziella.com\/wp-content\/gallery\/matrimoniale\/thumbs\/thumbs_1.jpg\"\n               data-image-id=\"1\"\n               data-title=\"1\"\n               data-description=\"\"\n               data-image-slug=\"1\"\n               class='thickbox' rel='6afc97dfc1faf2706e50449e7bcad485'>\n                <img\n                    title=\"1\"\n                    alt=\"1\"\n                    src=\"https:\/\/www.villagraziella.com\/wp-content\/gallery\/matrimoniale\/thumbs\/thumbs_1.jpg\"\n                    width=\"140\"\n                    height=\"140\"\n                    style=\"max-width:100%;\"\n                \/>\n            <\/a>\n        <\/div>\n\t\t\t\t\t\t\t<\/div> \n\t\t\t\n        \n\t\t\t\t<div id=\"ngg-image-2\" class=\"ngg-gallery-thumbnail-box\" >\n\t\t\t\t        <div class=\"ngg-gallery-thumbnail\">\n            <a href=\"https:\/\/www.villagraziella.com\/wp-content\/gallery\/matrimoniale\/1-1.jpg\"\n               title=\"\"\n               data-src=\"https:\/\/www.villagraziella.com\/wp-content\/gallery\/matrimoniale\/1-1.jpg\"\n               data-thumbnail=\"https:\/\/www.villagraziella.com\/wp-content\/gallery\/matrimoniale\/thumbs\/thumbs_1-1.jpg\"\n               data-image-id=\"3\"\n               data-title=\"1-1\"\n               data-description=\"\"\n               data-image-slug=\"1-1\"\n               class='thickbox' rel='6afc97dfc1faf2706e50449e7bcad485'>\n                <img\n                    title=\"1-1\"\n                    alt=\"1-1\"\n                    src=\"https:\/\/www.villagraziella.com\/wp-content\/gallery\/matrimoniale\/thumbs\/thumbs_1-1.jpg\"\n                    width=\"140\"\n                    height=\"140\"\n                    style=\"max-width:100%;\"\n                \/>\n            <\/a>\n        <\/div>\n\t\t\t\t\t\t\t<\/div> \n\t\t\t\n        \n\t\t\t\t<div id=\"ngg-image-3\" class=\"ngg-gallery-thumbnail-box\" >\n\t\t\t\t        <div class=\"ngg-gallery-thumbnail\">\n            <a href=\"https:\/\/www.villagraziella.com\/wp-content\/gallery\/matrimoniale\/2-1.jpg\"\n               title=\"\"\n               data-src=\"https:\/\/www.villagraziella.com\/wp-content\/gallery\/matrimoniale\/2-1.jpg\"\n               data-thumbnail=\"https:\/\/www.villagraziella.com\/wp-content\/gallery\/matrimoniale\/thumbs\/thumbs_2-1.jpg\"\n               data-image-id=\"4\"\n               data-title=\"2-1\"\n               data-description=\"\"\n               data-image-slug=\"2-1\"\n               class='thickbox' rel='6afc97dfc1faf2706e50449e7bcad485'>\n                <img\n                    title=\"2-1\"\n                    alt=\"2-1\"\n                    src=\"https:\/\/www.villagraziella.com\/wp-content\/gallery\/matrimoniale\/thumbs\/thumbs_2-1.jpg\"\n                    width=\"140\"\n                    height=\"140\"\n                    style=\"max-width:100%;\"\n                \/>\n            <\/a>\n        <\/div>\n\t\t\t\t\t\t\t<\/div> \n\t\t\t\n        \n\t\t\t\t<div id=\"ngg-image-4\" class=\"ngg-gallery-thumbnail-box\" >\n\t\t\t\t        <div class=\"ngg-gallery-thumbnail\">\n            <a href=\"https:\/\/www.villagraziella.com\/wp-content\/gallery\/matrimoniale\/2.jpg\"\n               title=\"\"\n               data-src=\"https:\/\/www.villagraziella.com\/wp-content\/gallery\/matrimoniale\/2.jpg\"\n               data-thumbnail=\"https:\/\/www.villagraziella.com\/wp-content\/gallery\/matrimoniale\/thumbs\/thumbs_2.jpg\"\n               data-image-id=\"2\"\n               data-title=\"2\"\n               data-description=\"\"\n               data-image-slug=\"2\"\n               class='thickbox' rel='6afc97dfc1faf2706e50449e7bcad485'>\n                <img\n                    title=\"2\"\n                    alt=\"2\"\n                    src=\"https:\/\/www.villagraziella.com\/wp-content\/gallery\/matrimoniale\/thumbs\/thumbs_2.jpg\"\n                    width=\"140\"\n                    height=\"140\"\n                    style=\"max-width:100%;\"\n                \/>\n            <\/a>\n        <\/div>\n\t\t\t\t\t\t\t<\/div> \n\t\t\t\n        \n\t\t\t\t<div id=\"ngg-image-5\" class=\"ngg-gallery-thumbnail-box\" >\n\t\t\t\t        <div class=\"ngg-gallery-thumbnail\">\n            <a href=\"https:\/\/www.villagraziella.com\/wp-content\/gallery\/matrimoniale\/3-1.jpg\"\n               title=\"\"\n               data-src=\"https:\/\/www.villagraziella.com\/wp-content\/gallery\/matrimoniale\/3-1.jpg\"\n               data-thumbnail=\"https:\/\/www.villagraziella.com\/wp-content\/gallery\/matrimoniale\/thumbs\/thumbs_3-1.jpg\"\n               data-image-id=\"6\"\n               data-title=\"3-1\"\n               data-description=\"\"\n               data-image-slug=\"3-1\"\n               class='thickbox' rel='6afc97dfc1faf2706e50449e7bcad485'>\n                <img\n                    title=\"3-1\"\n                    alt=\"3-1\"\n                    src=\"https:\/\/www.villagraziella.com\/wp-content\/gallery\/matrimoniale\/thumbs\/thumbs_3-1.jpg\"\n                    width=\"140\"\n                    height=\"140\"\n                    style=\"max-width:100%;\"\n                \/>\n            <\/a>\n        <\/div>\n\t\t\t\t\t\t\t<\/div> \n\t\t\t\n        \n\t\t\n\t\t<!-- Pagination -->\n\t<div class='ngg-clear'><\/div>\t<\/div>\n<\/div>\n<h3>Francia\u00e1gyas\/K\u00e9tszem\u00e9lyes<\/h3>\n<p>Standard, klasszikus st\u00edlusban berendezett szoba saj\u00e1t f\u00fcrd\u0151szob\u00e1val \u00e9s egy k\u00e9tszem\u00e9lyes (king size) vagy k\u00e9t egyszem\u00e9lyes \u00e1ggyal.<br \/>\nOtthonos, j\u00f3 megvil\u00e1g\u00edt\u00e1s\u00fa szoba az al\u00e1bbi felszerelts\u00e9ggel: puha frott\u00edr t\u00f6r\u00f6lk\u00f6z\u0151k, Wi-Fi, egyedileg szab\u00e1lyozhat\u00f3 l\u00e9gkond\u00edcion\u00e1l\u00e1s\/f\u0171t\u00e9s, s\u00edkk\u00e9perny\u0151s TV (m\u0171holdas csatorn\u00e1k), k\u00f6zvetlen\u00fcl h\u00edvhat\u00f3 k\u00fcls\u0151 telefonvonal \u00e9s sz\u00e9f.<br \/>\nAz \u00e1gy m\u00e9retei: 1 francia\u00e1gy (200cm x 170cm) vagy 2 egyszem\u00e9lyes \u00e1gy (200cm x 85cm).<\/p>\n<p><a class=\"pulsante\" href=\"https:\/\/book2.nozio.com\/accommodation\/list?channelId=10e8dca1-0865-4eee-8fb8-424514de7698&amp;culture=hu\">Foglaljon most<\/a><\/p>\n<\/div>\n<hr>\n<p><\/div><div id=\"colonna-1\"><\/p>\n<div class=\"colonnaofferte\">\n<div class=\"offers\"><\/p>\n<div id=\"offertespeciali\">\n<h2>K\u00fcl\u00f6nleges aj\u00e0nlataink<\/h2>\n<div class=\"flexslider\" style=\"width:268px;\"><ul class=\"slides\"><li><a href=\"https:\/\/www.villagraziella.com\/hu\/offers\/special-family-offer-stay-close-venice-3\/\"><img loading=\"lazy\" decoding=\"async\" width=\"268\" height=\"160\" src=\"https:\/\/www.villagraziella.com\/wp-content\/uploads\/2015\/02\/famiglia-268x160.jpg\" class=\"attachment-slider_medium size-slider_medium\" alt=\"\" \/><\/a><div class=\"flex-caption\"><div class=\"original-price price-all\"><\/div><div class=\"reducted-price price-all\"><\/div><div class=\"clear\"><\/div><div class=\"clear\"><\/div><div class=\"offer_title\"><a href=\"https:\/\/www.villagraziella.com\/hu\/offers\/special-family-offer-stay-close-venice-3\/\">Special &#8222;Family Offer&#8221; for your stay close to Venice<\/a><\/div><\/div><\/li><li><a href=\"https:\/\/www.villagraziella.com\/hu\/offers\/special-companies-try-2\/\"><img loading=\"lazy\" decoding=\"async\" width=\"268\" height=\"160\" src=\"https:\/\/www.villagraziella.com\/wp-content\/uploads\/2015\/01\/business-268x160.jpg\" class=\"attachment-slider_medium size-slider_medium\" alt=\"\" \/><\/a><div class=\"flex-caption\"><div class=\"original-price price-all\"><\/div><div class=\"reducted-price price-all\"><\/div><div class=\"clear\"><\/div><div class=\"clear\"><\/div><div class=\"offer_title\"><a href=\"https:\/\/www.villagraziella.com\/hu\/offers\/special-companies-try-2\/\">&#8222;OFFER for COMPANIES&#8221; near Venice<\/a><\/div><\/div><\/li><li><a href=\"https:\/\/www.villagraziella.com\/hu\/offers\/special-internet-rates\/\"><img loading=\"lazy\" decoding=\"async\" width=\"268\" height=\"160\" src=\"https:\/\/www.villagraziella.com\/wp-content\/uploads\/2013\/09\/sanmarco-268x160.jpg\" class=\"attachment-slider_medium size-slider_medium\" alt=\"\" \/><\/a><div class=\"flex-caption\"><div class=\"original-price price-all\"><\/div><div class=\"reducted-price price-all\"><\/div><div class=\"clear\"><\/div><div class=\"clear\"><\/div><div class=\"offer_title\"><a href=\"https:\/\/www.villagraziella.com\/hu\/offers\/special-internet-rates\/\">Special internet rates<\/a><\/div><\/div><\/li><\/ul><\/div>\n<p><a href=\"https:\/\/www.villagraziella.com\/hu\/kulonleges-ajanlatok\/\" title=\"K\u00fcl\u00f6nleges aj\u00e0nlataink\">Menj a teljes list\u00e1hoz<\/a><\/p>\n<\/div>\n<p><\/div><\/p>\n<\/div>\n<div class=\"box\">\n<div class=\"illustrazioneuno\"><\/p>\n<h3>Quick info<\/h3>\n<p><strong>Az Antica Villa Graziella hotel recepci\u00f3ja \u00e9s parkol\u00f3ja reggel h\u00e9tt\u00e9jf\u00e9lig van nyitva.<br \/>\n\u00c9RKEZ\u00c9S 14:00-24:00 \u00f3r\u00e1ig (\u00c9rtes\u00edtsenek minket, ha k\u00e9s \u00e9rkeznek!)<br \/>\nT\u00c1VOZ\u00c1S 11:00 \u00f3ra el.<\/strong><\/p>\n<p>\u00c9rkez\u00e9skor \u00e9s indul\u00e1skor a csomagok a sz\u00e1llod\u00e1ban maradhatnak, a g\u00e9pkocsi pedig a szemk\u00f6zti utc\u00e1ban parkolhat minden j\u00e1rul\u00e9kos k\u00f6lts\u00e9g n\u00e9lk\u00fcl; ily m\u00f3don m\u00e9g egy napot t\u00f6lthetnek Velenc\u00e9ben, s el\u00e9g, ha d\u00e9lut\u00e1n t\u00e9rnek vissza.<\/p>\n<p><\/div><\/p>\n<\/div>\n<p><\/div><\/p>\n","protected":false},"excerpt":{"rendered":"","protected":false},"author":24,"featured_media":0,"parent":0,"menu_order":0,"comment_status":"open","ping_status":"open","template":"page-monocolonna.php","meta":{"ngg_post_thumbnail":0,"footnotes":""},"class_list":["post-1438","page","type-page","status-publish","hentry"],"yoast_head":"<!-- This site is optimized with the Yoast SEO plugin v25.7 - https:\/\/yoast.com\/wordpress\/plugins\/seo\/ -->\n<title>Szob\u00e0k - Villa Graziella<\/title>\n<meta name=\"description\" content=\"Szob\u00e0k, Villa Graziella: 2 csillagos hotel Margher\u00e1ban, gazdas\u00e1gos, \u00e9s kiv\u00e1l\u00f3 \u00f6sszek\u00f6ttet\u00e9sekkel rendelkezik Velenc\u00e9be.\" \/>\n<meta name=\"robots\" content=\"index, follow, max-snippet:-1, max-image-preview:large, max-video-preview:-1\" \/>\n<link rel=\"canonical\" href=\"https:\/\/www.villagraziella.com\/hu\/szobak\/\" \/>\n<meta property=\"og:locale\" content=\"hu_HU\" \/>\n<meta property=\"og:type\" content=\"article\" \/>\n<meta property=\"og:title\" content=\"Szob\u00e0k - Villa Graziella\" \/>\n<meta property=\"og:description\" content=\"Szob\u00e0k, Villa Graziella: 2 csillagos hotel Margher\u00e1ban, gazdas\u00e1gos, \u00e9s kiv\u00e1l\u00f3 \u00f6sszek\u00f6ttet\u00e9sekkel rendelkezik Velenc\u00e9be.\" \/>\n<meta property=\"og:url\" content=\"https:\/\/www.villagraziella.com\/hu\/szobak\/\" \/>\n<meta property=\"og:site_name\" content=\"Villa Graziella\" \/>\n<meta property=\"article:modified_time\" content=\"2023-10-26T12:21:36+00:00\" \/>\n<meta name=\"twitter:label1\" content=\"Becs\u00fclt olvas\u00e1si id\u0151\" \/>\n\t<meta name=\"twitter:data1\" content=\"2 perc\" \/>\n<script type=\"application\/ld+json\" class=\"yoast-schema-graph\">{\"@context\":\"https:\/\/schema.org\",\"@graph\":[{\"@type\":\"WebPage\",\"@id\":\"https:\/\/www.villagraziella.com\/hu\/szobak\/\",\"url\":\"https:\/\/www.villagraziella.com\/hu\/szobak\/\",\"name\":\"Szob\u00e0k - Villa Graziella\",\"isPartOf\":{\"@id\":\"https:\/\/www.villagraziella.com\/hu\/#website\"},\"datePublished\":\"2015-01-14T14:09:25+00:00\",\"dateModified\":\"2023-10-26T12:21:36+00:00\",\"description\":\"Szob\u00e0k, Villa Graziella: 2 csillagos hotel Margher\u00e1ban, gazdas\u00e1gos, \u00e9s kiv\u00e1l\u00f3 \u00f6sszek\u00f6ttet\u00e9sekkel rendelkezik Velenc\u00e9be.\",\"breadcrumb\":{\"@id\":\"https:\/\/www.villagraziella.com\/hu\/szobak\/#breadcrumb\"},\"inLanguage\":\"hu\",\"potentialAction\":[{\"@type\":\"ReadAction\",\"target\":[\"https:\/\/www.villagraziella.com\/hu\/szobak\/\"]}]},{\"@type\":\"BreadcrumbList\",\"@id\":\"https:\/\/www.villagraziella.com\/hu\/szobak\/#breadcrumb\",\"itemListElement\":[{\"@type\":\"ListItem\",\"position\":1,\"name\":\"Home\",\"item\":\"https:\/\/www.villagraziella.com\/hu\/\"},{\"@type\":\"ListItem\",\"position\":2,\"name\":\"Szob\u00e0k\"}]},{\"@type\":\"WebSite\",\"@id\":\"https:\/\/www.villagraziella.com\/hu\/#website\",\"url\":\"https:\/\/www.villagraziella.com\/hu\/\",\"name\":\"Villa Graziella\",\"description\":\"\",\"potentialAction\":[{\"@type\":\"SearchAction\",\"target\":{\"@type\":\"EntryPoint\",\"urlTemplate\":\"https:\/\/www.villagraziella.com\/hu\/?s={search_term_string}\"},\"query-input\":{\"@type\":\"PropertyValueSpecification\",\"valueRequired\":true,\"valueName\":\"search_term_string\"}}],\"inLanguage\":\"hu\"}]}<\/script>\n<!-- \/ Yoast SEO plugin. -->","yoast_head_json":{"title":"Szob\u00e0k - Villa Graziella","description":"Szob\u00e0k, Villa Graziella: 2 csillagos hotel Margher\u00e1ban, gazdas\u00e1gos, \u00e9s kiv\u00e1l\u00f3 \u00f6sszek\u00f6ttet\u00e9sekkel rendelkezik Velenc\u00e9be.","robots":{"index":"index","follow":"follow","max-snippet":"max-snippet:-1","max-image-preview":"max-image-preview:large","max-video-preview":"max-video-preview:-1"},"canonical":"https:\/\/www.villagraziella.com\/hu\/szobak\/","og_locale":"hu_HU","og_type":"article","og_title":"Szob\u00e0k - Villa Graziella","og_description":"Szob\u00e0k, Villa Graziella: 2 csillagos hotel Margher\u00e1ban, gazdas\u00e1gos, \u00e9s kiv\u00e1l\u00f3 \u00f6sszek\u00f6ttet\u00e9sekkel rendelkezik Velenc\u00e9be.","og_url":"https:\/\/www.villagraziella.com\/hu\/szobak\/","og_site_name":"Villa Graziella","article_modified_time":"2023-10-26T12:21:36+00:00","twitter_misc":{"Becs\u00fclt olvas\u00e1si id\u0151":"2 perc"},"schema":{"@context":"https:\/\/schema.org","@graph":[{"@type":"WebPage","@id":"https:\/\/www.villagraziella.com\/hu\/szobak\/","url":"https:\/\/www.villagraziella.com\/hu\/szobak\/","name":"Szob\u00e0k - Villa Graziella","isPartOf":{"@id":"https:\/\/www.villagraziella.com\/hu\/#website"},"datePublished":"2015-01-14T14:09:25+00:00","dateModified":"2023-10-26T12:21:36+00:00","description":"Szob\u00e0k, Villa Graziella: 2 csillagos hotel Margher\u00e1ban, gazdas\u00e1gos, \u00e9s kiv\u00e1l\u00f3 \u00f6sszek\u00f6ttet\u00e9sekkel rendelkezik Velenc\u00e9be.","breadcrumb":{"@id":"https:\/\/www.villagraziella.com\/hu\/szobak\/#breadcrumb"},"inLanguage":"hu","potentialAction":[{"@type":"ReadAction","target":["https:\/\/www.villagraziella.com\/hu\/szobak\/"]}]},{"@type":"BreadcrumbList","@id":"https:\/\/www.villagraziella.com\/hu\/szobak\/#breadcrumb","itemListElement":[{"@type":"ListItem","position":1,"name":"Home","item":"https:\/\/www.villagraziella.com\/hu\/"},{"@type":"ListItem","position":2,"name":"Szob\u00e0k"}]},{"@type":"WebSite","@id":"https:\/\/www.villagraziella.com\/hu\/#website","url":"https:\/\/www.villagraziella.com\/hu\/","name":"Villa Graziella","description":"","potentialAction":[{"@type":"SearchAction","target":{"@type":"EntryPoint","urlTemplate":"https:\/\/www.villagraziella.com\/hu\/?s={search_term_string}"},"query-input":{"@type":"PropertyValueSpecification","valueRequired":true,"valueName":"search_term_string"}}],"inLanguage":"hu"}]}},"publishpress_future_action":{"enabled":false,"date":"2026-04-24 06:09:45","action":"change-status","newStatus":"draft","terms":[],"taxonomy":"translation_priority","extraData":[]},"publishpress_future_workflow_manual_trigger":{"enabledWorkflows":[]},"_links":{"self":[{"href":"https:\/\/www.villagraziella.com\/hu\/wp-json\/wp\/v2\/pages\/1438","targetHints":{"allow":["GET"]}}],"collection":[{"href":"https:\/\/www.villagraziella.com\/hu\/wp-json\/wp\/v2\/pages"}],"about":[{"href":"https:\/\/www.villagraziella.com\/hu\/wp-json\/wp\/v2\/types\/page"}],"author":[{"embeddable":true,"href":"https:\/\/www.villagraziella.com\/hu\/wp-json\/wp\/v2\/users\/24"}],"replies":[{"embeddable":true,"href":"https:\/\/www.villagraziella.com\/hu\/wp-json\/wp\/v2\/comments?post=1438"}],"version-history":[{"count":6,"href":"https:\/\/www.villagraziella.com\/hu\/wp-json\/wp\/v2\/pages\/1438\/revisions"}],"predecessor-version":[{"id":2612,"href":"https:\/\/www.villagraziella.com\/hu\/wp-json\/wp\/v2\/pages\/1438\/revisions\/2612"}],"wp:attachment":[{"href":"https:\/\/www.villagraziella.com\/hu\/wp-json\/wp\/v2\/media?parent=1438"}],"curies":[{"name":"wp","href":"https:\/\/api.w.org\/{rel}","templated":true}]}}