{"id":119,"date":"2013-09-03T15:10:23","date_gmt":"2013-09-03T15:10:23","guid":{"rendered":"https:\/\/www.villagraziella.com\/?page_id=119"},"modified":"2019-11-28T09:41:57","modified_gmt":"2019-11-28T09:41:57","slug":"home-7","status":"publish","type":"page","link":"https:\/\/www.villagraziella.com\/it\/","title":{"rendered":"Home"},"content":{"rendered":"<div class=\"colonna margine\"><a class=\"nascondimobile\" href=\"https:\/\/book2.nozio.com\/accommodation\/list?channelId=6074be2c-3717-4f53-a309-8635a31d5ad6&#038;culture=it\"><img decoding=\"async\" src=\"\/wp-content\/themes\/villagraziella\/img\/promocode-it.png\" \/><\/a><div class=\"illustrazioneuno\"><\/p>\n<h2><a href=\"descrizione\/\">Sentitevi come<br \/>\na casa!<\/a><\/h2>\n<p><strong>Albergo 2 stelle<\/strong> a <strong>Marghera<\/strong>, l\u2019<strong>Antica Villa Graziella<\/strong> vi aspetta in ambienti confortevoli e curati. Lo staff sar\u00e0 lieto di suggerirvi tutti gli <strong>itinerari<\/strong> della <strong>Venezia<\/strong> pi\u00f9 autentica.<\/p>\n<p><\/div><\/p>\n<\/div>\n<div class=\"colonna margine\"><div class=\"illustrazionedue\"><\/p>\n<h2><a href=\"posizione\/\">A qualche minuto da Venezia!<\/a><\/h2>\n<p>L\u2019Antica Villa Graziella si trova in una posizione tranquilla e <strong>ben servita<\/strong> dai <strong>mezzi pubblici diretti a Venezia<\/strong>, distanti solo 300 metri. Dispone di <strong>parcheggio privato<\/strong> e <strong>giardino<\/strong>, dove \u00e8 servita la <strong>prima colazione<\/strong>.<\/p>\n<p><\/div><\/p>\n<\/div>\n<div class=\"colonna\"><div class=\"offers\"><\/p>\n<div id=\"offertespeciali\">\n<h2>Offerte Speciali<\/h2>\n<div class=\"flexslider\" style=\"width:268px;\"><ul class=\"slides\"><li><a href=\"https:\/\/www.villagraziella.com\/it\/offers\/special-family-offer-stay-close-venice\/\"><img loading=\"lazy\" decoding=\"async\" width=\"268\" height=\"160\" src=\"https:\/\/www.villagraziella.com\/wp-content\/uploads\/2015\/02\/famiglia-268x160.jpg\" class=\"attachment-slider_medium size-slider_medium\" alt=\"\" \/><\/a><div class=\"flex-caption\"><div class=\"original-price price-all\"><\/div><div class=\"reducted-price price-all\"><\/div><div class=\"clear\"><\/div><div class=\"clear\"><\/div><div class=\"offer_title\"><a href=\"https:\/\/www.villagraziella.com\/it\/offers\/special-family-offer-stay-close-venice\/\">Speciale &#8220;Offerta famiglia&#8221; soggiorno vicino a Venezia<\/a><\/div><\/div><\/li><li><a href=\"https:\/\/www.villagraziella.com\/it\/offers\/special-companies-try\/\"><img loading=\"lazy\" decoding=\"async\" width=\"268\" height=\"160\" src=\"https:\/\/www.villagraziella.com\/wp-content\/uploads\/2015\/01\/business-268x160.jpg\" class=\"attachment-slider_medium size-slider_medium\" alt=\"\" \/><\/a><div class=\"flex-caption\"><div class=\"original-price price-all\"><\/div><div class=\"reducted-price price-all\"><\/div><div class=\"clear\"><\/div><div class=\"clear\"><\/div><div class=\"offer_title\"><a href=\"https:\/\/www.villagraziella.com\/it\/offers\/special-companies-try\/\">&#8220;SPECIALE AZIENDE&#8221; vicino Venezia<\/a><\/div><\/div><\/li><li><a href=\"https:\/\/www.villagraziella.com\/it\/offers\/tariffe-speciali-per-internet\/\"><img loading=\"lazy\" decoding=\"async\" width=\"268\" height=\"160\" src=\"https:\/\/www.villagraziella.com\/wp-content\/uploads\/2013\/09\/sanmarco-268x160.jpg\" class=\"attachment-slider_medium size-slider_medium\" alt=\"\" \/><\/a><div class=\"flex-caption\"><div class=\"original-price price-all\"><\/div><div class=\"reducted-price price-all\"><\/div><div class=\"clear\"><\/div><div class=\"clear\"><\/div><div class=\"offer_title\"><a href=\"https:\/\/www.villagraziella.com\/it\/offers\/tariffe-speciali-per-internet\/\">Tariffe Speciali per Internet<\/a><\/div><\/div><\/li><\/ul><\/div>\n<p><a title=\"Offerte Speciali\" href=\"offerte-speciali\/\">Vai alla lista completa<\/a><\/p>\n<\/div>\n<p><\/div><\/p>\n<\/div>\n<hr \/>\n<div class=\"citazione\">\n<h3>\u201cEccellente hotel per una vacanza a Venezia\u201d<\/h3>\n<p>La posizione dell&#8217;hotel \u00e8 comodissima sia dall&#8217;uscita autostradale che dai bus per raggiungere Venezia (5 minuti a piedi). La villa \u00e8 situata in zona molto tranquilla e le camere sono bene accessoriate. Molta cura nella pulizia. Il personale si \u00e8 dimostrato disponibilissimo e competente. Concludendo: Ottima scelta per chi intende trascorrere una vacanza a Venezia e dintorni. Lo consiglio!!<\/p>\n<p class=\"firma\">5\/5 Tripadvisor Traveller<\/p>\n<\/div>\n","protected":false},"excerpt":{"rendered":"<p>\u201cEccellente hotel per una vacanza a Venezia\u201d La posizione dell&#8217;hotel \u00e8 comodissima sia dall&#8217;uscita autostradale che dai bus per raggiungere Venezia (5 minuti a piedi). La villa \u00e8 situata in zona molto tranquilla e le camere sono bene accessoriate. Molta cura nella pulizia. Il personale si \u00e8 dimostrato disponibilissimo e competente. Concludendo: Ottima scelta per [&hellip;]<\/p>\n","protected":false},"author":24,"featured_media":0,"parent":0,"menu_order":0,"comment_status":"open","ping_status":"open","template":"index.php","meta":{"ngg_post_thumbnail":0,"footnotes":""},"class_list":["post-119","page","type-page","status-publish","hentry"],"yoast_head":"<!-- This site is optimized with the Yoast SEO plugin v25.7 - https:\/\/yoast.com\/wordpress\/plugins\/seo\/ -->\n<title>Hotel economico vicino Venezia - Villa Graziella Sito Ufficiale<\/title>\n<meta name=\"description\" content=\"Albergo 2 stelle a Marghera, economico e ben servito dai mezzi pubblici per Venezia, distanti solo 300 metri.\" \/>\n<meta name=\"robots\" content=\"index, follow, max-snippet:-1, max-image-preview:large, max-video-preview:-1\" \/>\n<link rel=\"canonical\" href=\"https:\/\/www.villagraziella.com\/it\/\" \/>\n<meta property=\"og:locale\" content=\"it_IT\" \/>\n<meta property=\"og:type\" content=\"article\" \/>\n<meta property=\"og:title\" content=\"Hotel economico vicino Venezia - Villa Graziella Sito Ufficiale\" \/>\n<meta property=\"og:description\" content=\"Albergo 2 stelle a Marghera, economico e ben servito dai mezzi pubblici per Venezia, distanti solo 300 metri.\" \/>\n<meta property=\"og:url\" content=\"https:\/\/www.villagraziella.com\/it\/\" \/>\n<meta property=\"og:site_name\" content=\"Villa Graziella\" \/>\n<meta property=\"article:modified_time\" content=\"2019-11-28T09:41:57+00:00\" \/>\n<meta name=\"twitter:label1\" content=\"Tempo di lettura stimato\" \/>\n\t<meta name=\"twitter:data1\" content=\"1 minuto\" \/>\n<script type=\"application\/ld+json\" class=\"yoast-schema-graph\">{\"@context\":\"https:\/\/schema.org\",\"@graph\":[{\"@type\":\"WebPage\",\"@id\":\"https:\/\/www.villagraziella.com\/it\/\",\"url\":\"https:\/\/www.villagraziella.com\/it\/\",\"name\":\"Hotel economico vicino Venezia - Villa Graziella Sito Ufficiale\",\"isPartOf\":{\"@id\":\"https:\/\/www.villagraziella.com\/it\/#website\"},\"datePublished\":\"2013-09-03T15:10:23+00:00\",\"dateModified\":\"2019-11-28T09:41:57+00:00\",\"description\":\"Albergo 2 stelle a Marghera, economico e ben servito dai mezzi pubblici per Venezia, distanti solo 300 metri.\",\"breadcrumb\":{\"@id\":\"https:\/\/www.villagraziella.com\/it\/#breadcrumb\"},\"inLanguage\":\"it-IT\",\"potentialAction\":[{\"@type\":\"ReadAction\",\"target\":[\"https:\/\/www.villagraziella.com\/it\/\"]}]},{\"@type\":\"BreadcrumbList\",\"@id\":\"https:\/\/www.villagraziella.com\/it\/#breadcrumb\",\"itemListElement\":[{\"@type\":\"ListItem\",\"position\":1,\"name\":\"Home\",\"item\":\"https:\/\/www.villagraziella.com\/it\/\"},{\"@type\":\"ListItem\",\"position\":2,\"name\":\"Home\"}]},{\"@type\":\"WebSite\",\"@id\":\"https:\/\/www.villagraziella.com\/it\/#website\",\"url\":\"https:\/\/www.villagraziella.com\/it\/\",\"name\":\"Villa Graziella\",\"description\":\"\",\"potentialAction\":[{\"@type\":\"SearchAction\",\"target\":{\"@type\":\"EntryPoint\",\"urlTemplate\":\"https:\/\/www.villagraziella.com\/it\/?s={search_term_string}\"},\"query-input\":{\"@type\":\"PropertyValueSpecification\",\"valueRequired\":true,\"valueName\":\"search_term_string\"}}],\"inLanguage\":\"it-IT\"}]}<\/script>\n<!-- \/ Yoast SEO plugin. -->","yoast_head_json":{"title":"Hotel economico vicino Venezia - Villa Graziella Sito Ufficiale","description":"Albergo 2 stelle a Marghera, economico e ben servito dai mezzi pubblici per Venezia, distanti solo 300 metri.","robots":{"index":"index","follow":"follow","max-snippet":"max-snippet:-1","max-image-preview":"max-image-preview:large","max-video-preview":"max-video-preview:-1"},"canonical":"https:\/\/www.villagraziella.com\/it\/","og_locale":"it_IT","og_type":"article","og_title":"Hotel economico vicino Venezia - Villa Graziella Sito Ufficiale","og_description":"Albergo 2 stelle a Marghera, economico e ben servito dai mezzi pubblici per Venezia, distanti solo 300 metri.","og_url":"https:\/\/www.villagraziella.com\/it\/","og_site_name":"Villa Graziella","article_modified_time":"2019-11-28T09:41:57+00:00","twitter_misc":{"Tempo di lettura stimato":"1 minuto"},"schema":{"@context":"https:\/\/schema.org","@graph":[{"@type":"WebPage","@id":"https:\/\/www.villagraziella.com\/it\/","url":"https:\/\/www.villagraziella.com\/it\/","name":"Hotel economico vicino Venezia - Villa Graziella Sito Ufficiale","isPartOf":{"@id":"https:\/\/www.villagraziella.com\/it\/#website"},"datePublished":"2013-09-03T15:10:23+00:00","dateModified":"2019-11-28T09:41:57+00:00","description":"Albergo 2 stelle a Marghera, economico e ben servito dai mezzi pubblici per Venezia, distanti solo 300 metri.","breadcrumb":{"@id":"https:\/\/www.villagraziella.com\/it\/#breadcrumb"},"inLanguage":"it-IT","potentialAction":[{"@type":"ReadAction","target":["https:\/\/www.villagraziella.com\/it\/"]}]},{"@type":"BreadcrumbList","@id":"https:\/\/www.villagraziella.com\/it\/#breadcrumb","itemListElement":[{"@type":"ListItem","position":1,"name":"Home","item":"https:\/\/www.villagraziella.com\/it\/"},{"@type":"ListItem","position":2,"name":"Home"}]},{"@type":"WebSite","@id":"https:\/\/www.villagraziella.com\/it\/#website","url":"https:\/\/www.villagraziella.com\/it\/","name":"Villa Graziella","description":"","potentialAction":[{"@type":"SearchAction","target":{"@type":"EntryPoint","urlTemplate":"https:\/\/www.villagraziella.com\/it\/?s={search_term_string}"},"query-input":{"@type":"PropertyValueSpecification","valueRequired":true,"valueName":"search_term_string"}}],"inLanguage":"it-IT"}]}},"publishpress_future_action":{"enabled":false,"date":"2026-05-01 12:45:12","action":"change-status","newStatus":"draft","terms":[],"taxonomy":"translation_priority","extraData":[]},"publishpress_future_workflow_manual_trigger":{"enabledWorkflows":[]},"_links":{"self":[{"href":"https:\/\/www.villagraziella.com\/it\/wp-json\/wp\/v2\/pages\/119","targetHints":{"allow":["GET"]}}],"collection":[{"href":"https:\/\/www.villagraziella.com\/it\/wp-json\/wp\/v2\/pages"}],"about":[{"href":"https:\/\/www.villagraziella.com\/it\/wp-json\/wp\/v2\/types\/page"}],"author":[{"embeddable":true,"href":"https:\/\/www.villagraziella.com\/it\/wp-json\/wp\/v2\/users\/24"}],"replies":[{"embeddable":true,"href":"https:\/\/www.villagraziella.com\/it\/wp-json\/wp\/v2\/comments?post=119"}],"version-history":[{"count":11,"href":"https:\/\/www.villagraziella.com\/it\/wp-json\/wp\/v2\/pages\/119\/revisions"}],"predecessor-version":[{"id":2505,"href":"https:\/\/www.villagraziella.com\/it\/wp-json\/wp\/v2\/pages\/119\/revisions\/2505"}],"wp:attachment":[{"href":"https:\/\/www.villagraziella.com\/it\/wp-json\/wp\/v2\/media?parent=119"}],"curies":[{"name":"wp","href":"https:\/\/api.w.org\/{rel}","templated":true}]}}