{"id":704,"date":"2015-01-14T14:07:44","date_gmt":"2015-01-14T14:07:44","guid":{"rendered":"https:\/\/www.villagraziella.com\/?page_id=704"},"modified":"2019-11-28T10:58:39","modified_gmt":"2019-11-28T10:58:39","slug":"descrizione","status":"publish","type":"page","link":"https:\/\/www.villagraziella.com\/it\/descrizione\/","title":{"rendered":"Descrizione"},"content":{"rendered":"<div id=\"colonna-2\">\n<h1 class=\"piccolo\">Hotel con parcheggio gratuito a Marghera<\/h1>\n<h2>L&#8217;hotel<\/h2>\n<p>Offriamo un servizio di pernottamento e prima colazione; siamo a Marghera, sulla terraferma veneziana, in un&#8217; area tranquilla e silenziosa, vicino alla stazione ferroviaria di Mestre-Venezia (solo 900 mt. a piedi) e non lontano dall&#8217; uscita dell&#8217; autostrada Milano-Venezia (1.5 Km). Facili collegamenti anche per e dagli aeroporti di Venezia (Marco Polo) e di Treviso (Antonio Canova).<\/p>\n<p>Grazie al nostro gentile servizio e all&#8217; esperienza del nostro staff potrete ottenere tutto ci\u00f2 di cui avete bisogno affinch\u00e9 il vostro <strong>soggiorno a Venezia<\/strong> sia a vostra misura e risulti ben riuscito. Saremo lieti di consigliarvi su visite, musei, luoghi tipici da visitare, ristoranti non turistici e vita notturna.<\/p>\n<p>Durante la primavera e l&#8217;estate \u00e8 possibile fare <strong>colazione all&#8217;aperto nel nostro giardino<\/strong>, piccolo e molto curato, o sedersi all&#8217; ombra della pergola a leggere i nostri libri e guide turistiche su Venezia e il Veneto. Offriamo un piccolo <strong>parcheggio interno e gratuito<\/strong>. Ricorda, nel centro storico di Venezia il parcheggio costa 20,00 EURO al giorno.<\/p>\n<h2>I servizi<\/h2>\n<p><strong>Antica Villa Graziella<\/strong> \u00e8 uno dei pi\u00f9 apprezzati <strong>alberghi 2 stelle<\/strong> di <strong>Mestre Venezia<\/strong> perch\u00e8 pur essendo un piccolo albergo offre ai propri ospiti numerosi servizi.<\/p>\n<p>Il <strong>giardino<\/strong> fiorito con la bella stagione \u00e8 a disposizione per i momenti di relax, per gustare un buon caff\u00e8 espresso, un ottimo cappuccino o una deliziosa cioccolata calda e per dedicarsi alla lettura delle guide di Venezia e dei libri d&#8217;arte che la biblioteca di Antica Villa Graziella mette al servizio di tutti gli ospiti.<\/p>\n<p>Comodo <strong>parcheggio gratuito<\/strong> per chi arriva in auto o in moto, piccolo deposito bagagli, <strong>cassetta di sicurezza<\/strong>, servizio sveglia, piccolo servizio bar, servizio <strong>fax<\/strong> e servizio <strong>internet<\/strong> sono disponibili alla reception. Inoltre, a pochi minuti a piedi ci sono ristoranti e pizzerie, cos\u00ec come il supermercato, la farmacia, la lavanderia, le banche etc. Centri commerciali nelle vicinanze (Panorama, Nave de vero, Auchan, Le Barche) raggiungibili in autobus.<\/p>\n<p>Il servizio di autobus pubblico garantisce il collegamento dall&#8217;hotel con il centro storico di Venezia durante tutte le 24 ore in soli 10 min. di viaggio. La fermata dista soltanto 400 mt. (5min. a piedi) e ci sono autobus ogni 10 min. fino alle 21.30 ed ogni 20 min. fino alle 0.30, mentre durante la notte il servizio \u00e8 garantito ogni ora. Invece i vaporetti a Venezia sono molto costosi, quindi vi consigliamo di munirvi dei biglietti cumulativi (12h; 24h; 48h; 3g) che includono tutti i trasporti pubblici (bus e vaporetti) di Mestre Venezia e che potete acquistare presso l&#8217;ufficio biglietti dell&#8217;ACTV a P.le Roma-Venezia.<\/p>\n<p><strong>Antica Villa Graziella<\/strong> si distingue tra gli hotel per l&#8217;accoglienza cordiale e per la disponibilit\u00e0 dello staff che si prodiga sempre perch\u00e9 gli ospiti trascorrano il pi\u00f9 piacevole soggiorno in <strong>hotel a Venezia Mestre<\/strong>. I bambini da noi sono i benvenuti; per loro, fino a tre anni mettiamo a disposizione gratuitamente un piccolo lettino (culla). Gli animali di piccola o media taglia sono ben accetti purch\u00e8 ben educati.<\/p>\n<p><\/div><div id=\"colonna-1\"><\/p>\n<div class=\"colonnaofferte\">\n<div class=\"offers\"><\/p>\n<div id=\"offertespeciali\">\n<h2>Offerte Speciali<\/h2>\n<div class=\"flexslider\" style=\"width:268px;\"><ul class=\"slides\"><li><a href=\"https:\/\/www.villagraziella.com\/it\/offers\/special-family-offer-stay-close-venice\/\"><img loading=\"lazy\" decoding=\"async\" width=\"268\" height=\"160\" src=\"https:\/\/www.villagraziella.com\/wp-content\/uploads\/2015\/02\/famiglia-268x160.jpg\" class=\"attachment-slider_medium size-slider_medium\" alt=\"\" \/><\/a><div class=\"flex-caption\"><div class=\"original-price price-all\"><\/div><div class=\"reducted-price price-all\"><\/div><div class=\"clear\"><\/div><div class=\"clear\"><\/div><div class=\"offer_title\"><a href=\"https:\/\/www.villagraziella.com\/it\/offers\/special-family-offer-stay-close-venice\/\">Speciale &#8220;Offerta famiglia&#8221; soggiorno vicino a Venezia<\/a><\/div><\/div><\/li><li><a href=\"https:\/\/www.villagraziella.com\/it\/offers\/special-companies-try\/\"><img loading=\"lazy\" decoding=\"async\" width=\"268\" height=\"160\" src=\"https:\/\/www.villagraziella.com\/wp-content\/uploads\/2015\/01\/business-268x160.jpg\" class=\"attachment-slider_medium size-slider_medium\" alt=\"\" \/><\/a><div class=\"flex-caption\"><div class=\"original-price price-all\"><\/div><div class=\"reducted-price price-all\"><\/div><div class=\"clear\"><\/div><div class=\"clear\"><\/div><div class=\"offer_title\"><a href=\"https:\/\/www.villagraziella.com\/it\/offers\/special-companies-try\/\">&#8220;SPECIALE AZIENDE&#8221; vicino Venezia<\/a><\/div><\/div><\/li><li><a href=\"https:\/\/www.villagraziella.com\/it\/offers\/tariffe-speciali-per-internet\/\"><img loading=\"lazy\" decoding=\"async\" width=\"268\" height=\"160\" src=\"https:\/\/www.villagraziella.com\/wp-content\/uploads\/2013\/09\/sanmarco-268x160.jpg\" class=\"attachment-slider_medium size-slider_medium\" alt=\"\" \/><\/a><div class=\"flex-caption\"><div class=\"original-price price-all\"><\/div><div class=\"reducted-price price-all\"><\/div><div class=\"clear\"><\/div><div class=\"clear\"><\/div><div class=\"offer_title\"><a href=\"https:\/\/www.villagraziella.com\/it\/offers\/tariffe-speciali-per-internet\/\">Tariffe Speciali per Internet<\/a><\/div><\/div><\/li><\/ul><\/div>\n<p><a href=\"..\/offerte-speciali\/\" title=\"Offerte Speciali\">Vai alla lista completa<\/a><\/p>\n<\/div>\n<p><\/div><\/p><\/div>\n<!-- index.php -->\n<div\n\tclass=\"ngg-galleryoverview ngg-ajax-pagination-none\"\n\tid=\"ngg-gallery-a4d344ef125264c717b135179f310794-1\">\n\n    \t<div class=\"slideshowlink\">\n        <a href='https:\/\/www.villagraziella.com\/it\/offers\/tariffe-speciali-per-internet\/nggallery\/slideshow'>[Show as slideshow]<\/a>\n\t\t\n\t<\/div>\n\t\t\t<!-- Thumbnails -->\n\t\t\t\t<div id=\"ngg-image-0\" class=\"ngg-gallery-thumbnail-box\" >\n\t\t\t\t        <div class=\"ngg-gallery-thumbnail\">\n            <a href=\"https:\/\/www.villagraziella.com\/wp-content\/gallery\/descrizione\/DSC_2052brusy.jpg\"\n               title=\"\"\n               data-src=\"https:\/\/www.villagraziella.com\/wp-content\/gallery\/descrizione\/DSC_2052brusy.jpg\"\n               data-thumbnail=\"https:\/\/www.villagraziella.com\/wp-content\/gallery\/descrizione\/thumbs\/thumbs_DSC_2052brusy.jpg\"\n               data-image-id=\"114\"\n               data-title=\"DSC_2052brusy\"\n               data-description=\"\"\n               data-image-slug=\"dsc_2052brusy-1\"\n               class='thickbox' rel='a4d344ef125264c717b135179f310794'>\n                <img\n                    title=\"DSC_2052brusy\"\n                    alt=\"DSC_2052brusy\"\n                    src=\"https:\/\/www.villagraziella.com\/wp-content\/gallery\/descrizione\/thumbs\/thumbs_DSC_2052brusy.jpg\"\n                    width=\"280\"\n                    height=\"280\"\n                    style=\"max-width:100%;\"\n                \/>\n            <\/a>\n        <\/div>\n\t\t\t\t\t\t\t<\/div> \n\t\t\t\n        \n\t\t\t\t<div id=\"ngg-image-1\" class=\"ngg-gallery-thumbnail-box\" >\n\t\t\t\t        <div class=\"ngg-gallery-thumbnail\">\n            <a href=\"https:\/\/www.villagraziella.com\/wp-content\/gallery\/descrizione\/DSC_2140brusy.JPG\"\n               title=\"\"\n               data-src=\"https:\/\/www.villagraziella.com\/wp-content\/gallery\/descrizione\/DSC_2140brusy.JPG\"\n               data-thumbnail=\"https:\/\/www.villagraziella.com\/wp-content\/gallery\/descrizione\/thumbs\/thumbs_DSC_2140brusy.JPG\"\n               data-image-id=\"116\"\n               data-title=\"DSC_2140brusy\"\n               data-description=\"\"\n               data-image-slug=\"dsc_2140brusy-1\"\n               class='thickbox' rel='a4d344ef125264c717b135179f310794'>\n                <img\n                    title=\"DSC_2140brusy\"\n                    alt=\"DSC_2140brusy\"\n                    src=\"https:\/\/www.villagraziella.com\/wp-content\/gallery\/descrizione\/thumbs\/thumbs_DSC_2140brusy.JPG\"\n                    width=\"280\"\n                    height=\"280\"\n                    style=\"max-width:100%;\"\n                \/>\n            <\/a>\n        <\/div>\n\t\t\t\t\t\t\t<\/div> \n\t\t\t\n        \n\t\t\t\t<div id=\"ngg-image-2\" class=\"ngg-gallery-thumbnail-box\" >\n\t\t\t\t        <div class=\"ngg-gallery-thumbnail\">\n            <a href=\"https:\/\/www.villagraziella.com\/wp-content\/gallery\/descrizione\/DSC_2198brusy.jpg\"\n               title=\"\"\n               data-src=\"https:\/\/www.villagraziella.com\/wp-content\/gallery\/descrizione\/DSC_2198brusy.jpg\"\n               data-thumbnail=\"https:\/\/www.villagraziella.com\/wp-content\/gallery\/descrizione\/thumbs\/thumbs_DSC_2198brusy.jpg\"\n               data-image-id=\"117\"\n               data-title=\"DSC_2198brusy\"\n               data-description=\"\"\n               data-image-slug=\"dsc_2198brusy-1\"\n               class='thickbox' rel='a4d344ef125264c717b135179f310794'>\n                <img\n                    title=\"DSC_2198brusy\"\n                    alt=\"DSC_2198brusy\"\n                    src=\"https:\/\/www.villagraziella.com\/wp-content\/gallery\/descrizione\/thumbs\/thumbs_DSC_2198brusy.jpg\"\n                    width=\"280\"\n                    height=\"280\"\n                    style=\"max-width:100%;\"\n                \/>\n            <\/a>\n        <\/div>\n\t\t\t\t\t\t\t<\/div> \n\t\t\t\n        \n\t\t\n\t\t<!-- Pagination -->\n\t<div class='ngg-clear'><\/div>\t<\/div>\n\n<p><\/div><\/p>\n","protected":false},"excerpt":{"rendered":"","protected":false},"author":24,"featured_media":0,"parent":0,"menu_order":0,"comment_status":"open","ping_status":"open","template":"page-monocolonna.php","meta":{"ngg_post_thumbnail":0,"footnotes":""},"class_list":["post-704","page","type-page","status-publish","hentry"],"yoast_head":"<!-- This site is optimized with the Yoast SEO plugin v25.7 - https:\/\/yoast.com\/wordpress\/plugins\/seo\/ -->\n<title>Hotel con parcheggio gratuito a Marghera - Hotel 2 stelle Marghera<\/title>\n<meta name=\"description\" content=\"Hotel con parcheggio gratuito a Marghera. L&#039;albergo \u00e8 un 2 stelle a gestione familiare con un giardino fiorito che \u00e8 a disposizione per i momenti di relax.\" \/>\n<meta name=\"robots\" content=\"index, follow, max-snippet:-1, max-image-preview:large, max-video-preview:-1\" \/>\n<link rel=\"canonical\" href=\"https:\/\/www.villagraziella.com\/it\/descrizione\/\" \/>\n<meta property=\"og:locale\" content=\"it_IT\" \/>\n<meta property=\"og:type\" content=\"article\" \/>\n<meta property=\"og:title\" content=\"Hotel con parcheggio gratuito a Marghera - Hotel 2 stelle Marghera\" \/>\n<meta property=\"og:description\" content=\"Hotel con parcheggio gratuito a Marghera. L&#039;albergo \u00e8 un 2 stelle a gestione familiare con un giardino fiorito che \u00e8 a disposizione per i momenti di relax.\" \/>\n<meta property=\"og:url\" content=\"https:\/\/www.villagraziella.com\/it\/descrizione\/\" \/>\n<meta property=\"og:site_name\" content=\"Villa Graziella\" \/>\n<meta property=\"article:modified_time\" content=\"2019-11-28T10:58:39+00:00\" \/>\n<meta name=\"twitter:label1\" content=\"Tempo di lettura stimato\" \/>\n\t<meta name=\"twitter:data1\" content=\"3 minuti\" \/>\n<script type=\"application\/ld+json\" class=\"yoast-schema-graph\">{\"@context\":\"https:\/\/schema.org\",\"@graph\":[{\"@type\":\"WebPage\",\"@id\":\"https:\/\/www.villagraziella.com\/it\/descrizione\/\",\"url\":\"https:\/\/www.villagraziella.com\/it\/descrizione\/\",\"name\":\"Hotel con parcheggio gratuito a Marghera - Hotel 2 stelle Marghera\",\"isPartOf\":{\"@id\":\"https:\/\/www.villagraziella.com\/it\/#website\"},\"datePublished\":\"2015-01-14T14:07:44+00:00\",\"dateModified\":\"2019-11-28T10:58:39+00:00\",\"description\":\"Hotel con parcheggio gratuito a Marghera. L'albergo \u00e8 un 2 stelle a gestione familiare con un giardino fiorito che \u00e8 a disposizione per i momenti di relax.\",\"breadcrumb\":{\"@id\":\"https:\/\/www.villagraziella.com\/it\/descrizione\/#breadcrumb\"},\"inLanguage\":\"it-IT\",\"potentialAction\":[{\"@type\":\"ReadAction\",\"target\":[\"https:\/\/www.villagraziella.com\/it\/descrizione\/\"]}]},{\"@type\":\"BreadcrumbList\",\"@id\":\"https:\/\/www.villagraziella.com\/it\/descrizione\/#breadcrumb\",\"itemListElement\":[{\"@type\":\"ListItem\",\"position\":1,\"name\":\"Home\",\"item\":\"https:\/\/www.villagraziella.com\/it\/\"},{\"@type\":\"ListItem\",\"position\":2,\"name\":\"Descrizione\"}]},{\"@type\":\"WebSite\",\"@id\":\"https:\/\/www.villagraziella.com\/it\/#website\",\"url\":\"https:\/\/www.villagraziella.com\/it\/\",\"name\":\"Villa Graziella\",\"description\":\"\",\"potentialAction\":[{\"@type\":\"SearchAction\",\"target\":{\"@type\":\"EntryPoint\",\"urlTemplate\":\"https:\/\/www.villagraziella.com\/it\/?s={search_term_string}\"},\"query-input\":{\"@type\":\"PropertyValueSpecification\",\"valueRequired\":true,\"valueName\":\"search_term_string\"}}],\"inLanguage\":\"it-IT\"}]}<\/script>\n<!-- \/ Yoast SEO plugin. -->","yoast_head_json":{"title":"Hotel con parcheggio gratuito a Marghera - Hotel 2 stelle Marghera","description":"Hotel con parcheggio gratuito a Marghera. L'albergo \u00e8 un 2 stelle a gestione familiare con un giardino fiorito che \u00e8 a disposizione per i momenti di relax.","robots":{"index":"index","follow":"follow","max-snippet":"max-snippet:-1","max-image-preview":"max-image-preview:large","max-video-preview":"max-video-preview:-1"},"canonical":"https:\/\/www.villagraziella.com\/it\/descrizione\/","og_locale":"it_IT","og_type":"article","og_title":"Hotel con parcheggio gratuito a Marghera - Hotel 2 stelle Marghera","og_description":"Hotel con parcheggio gratuito a Marghera. L'albergo \u00e8 un 2 stelle a gestione familiare con un giardino fiorito che \u00e8 a disposizione per i momenti di relax.","og_url":"https:\/\/www.villagraziella.com\/it\/descrizione\/","og_site_name":"Villa Graziella","article_modified_time":"2019-11-28T10:58:39+00:00","twitter_misc":{"Tempo di lettura stimato":"3 minuti"},"schema":{"@context":"https:\/\/schema.org","@graph":[{"@type":"WebPage","@id":"https:\/\/www.villagraziella.com\/it\/descrizione\/","url":"https:\/\/www.villagraziella.com\/it\/descrizione\/","name":"Hotel con parcheggio gratuito a Marghera - Hotel 2 stelle Marghera","isPartOf":{"@id":"https:\/\/www.villagraziella.com\/it\/#website"},"datePublished":"2015-01-14T14:07:44+00:00","dateModified":"2019-11-28T10:58:39+00:00","description":"Hotel con parcheggio gratuito a Marghera. L'albergo \u00e8 un 2 stelle a gestione familiare con un giardino fiorito che \u00e8 a disposizione per i momenti di relax.","breadcrumb":{"@id":"https:\/\/www.villagraziella.com\/it\/descrizione\/#breadcrumb"},"inLanguage":"it-IT","potentialAction":[{"@type":"ReadAction","target":["https:\/\/www.villagraziella.com\/it\/descrizione\/"]}]},{"@type":"BreadcrumbList","@id":"https:\/\/www.villagraziella.com\/it\/descrizione\/#breadcrumb","itemListElement":[{"@type":"ListItem","position":1,"name":"Home","item":"https:\/\/www.villagraziella.com\/it\/"},{"@type":"ListItem","position":2,"name":"Descrizione"}]},{"@type":"WebSite","@id":"https:\/\/www.villagraziella.com\/it\/#website","url":"https:\/\/www.villagraziella.com\/it\/","name":"Villa Graziella","description":"","potentialAction":[{"@type":"SearchAction","target":{"@type":"EntryPoint","urlTemplate":"https:\/\/www.villagraziella.com\/it\/?s={search_term_string}"},"query-input":{"@type":"PropertyValueSpecification","valueRequired":true,"valueName":"search_term_string"}}],"inLanguage":"it-IT"}]}},"publishpress_future_action":{"enabled":false,"date":"2026-04-24 06:08:14","action":"change-status","newStatus":"draft","terms":[],"taxonomy":"translation_priority","extraData":[]},"publishpress_future_workflow_manual_trigger":{"enabledWorkflows":[]},"_links":{"self":[{"href":"https:\/\/www.villagraziella.com\/it\/wp-json\/wp\/v2\/pages\/704","targetHints":{"allow":["GET"]}}],"collection":[{"href":"https:\/\/www.villagraziella.com\/it\/wp-json\/wp\/v2\/pages"}],"about":[{"href":"https:\/\/www.villagraziella.com\/it\/wp-json\/wp\/v2\/types\/page"}],"author":[{"embeddable":true,"href":"https:\/\/www.villagraziella.com\/it\/wp-json\/wp\/v2\/users\/24"}],"replies":[{"embeddable":true,"href":"https:\/\/www.villagraziella.com\/it\/wp-json\/wp\/v2\/comments?post=704"}],"version-history":[{"count":3,"href":"https:\/\/www.villagraziella.com\/it\/wp-json\/wp\/v2\/pages\/704\/revisions"}],"predecessor-version":[{"id":2527,"href":"https:\/\/www.villagraziella.com\/it\/wp-json\/wp\/v2\/pages\/704\/revisions\/2527"}],"wp:attachment":[{"href":"https:\/\/www.villagraziella.com\/it\/wp-json\/wp\/v2\/media?parent=704"}],"curies":[{"name":"wp","href":"https:\/\/api.w.org\/{rel}","templated":true}]}}