{"id":1221,"date":"2013-09-03T15:10:23","date_gmt":"2013-09-03T15:10:23","guid":{"rendered":"https:\/\/www.villagraziella.com\/home-7-2\/"},"modified":"2019-11-28T09:52:50","modified_gmt":"2019-11-28T09:52:50","slug":"home-7","status":"publish","type":"page","link":"https:\/\/www.villagraziella.com\/nl\/","title":{"rendered":"Home"},"content":{"rendered":"<div class=\"colonna margine\"><div class=\"illustrazioneuno\"><\/p>\n<h2><a href=\"beschrijving\/\">Voel u zoals<br \/>\nthuis!<\/a><\/h2>\n<p><strong>Het tweesterrenhotel<\/strong> in <strong>Marghera<\/strong>, <strong>Antica Villa Graziella<\/strong> verwacht u in een comfortabel gebouw en onder leiding van onze medewerkers, die met veel plezier talrijke routes zal suggereren om het echte <strong>Veneti\u00eb<\/strong> te ontdekken.<\/p>\n<p><\/div><\/p>\n<\/div>\n<div class=\"colonna margine\"><div class=\"illustrazionedue\"><\/p>\n<h2><a href=\"locatie\/\">Op enkele minuten van Veneti\u00eb!<\/a><\/h2>\n<p>Hotel Antica Villa Graziella bevindt zich op een rustige plek en wordt <strong>goed bediend <\/strong> door <strong>het openbaar vervoer naar Veneti\u00eb<\/strong>, waarbij de halte op slechts 300 meter ligt. Het hotel beschikt over een <strong>priv\u00e9parking<\/strong> en <strong>tuin<\/strong>, waar het <strong>ontbijt<\/strong> wordt geserveerd.<\/p>\n<p><\/div><\/p>\n<\/div>\n<div class=\"colonna\"><div class=\"offers\"><\/p>\n<div id=\"offertespeciali\">\n<h2>Aanbiedingen<\/h2>\n<div class=\"flexslider\" style=\"width:268px;\"><ul class=\"slides\"><li><a href=\"https:\/\/www.villagraziella.com\/nl\/offers\/special-family-offer-stay-close-venice-3\/\"><img loading=\"lazy\" decoding=\"async\" width=\"268\" height=\"160\" src=\"https:\/\/www.villagraziella.com\/wp-content\/uploads\/2015\/02\/famiglia-268x160.jpg\" class=\"attachment-slider_medium size-slider_medium\" alt=\"\" \/><\/a><div class=\"flex-caption\"><div class=\"original-price price-all\"><\/div><div class=\"reducted-price price-all\"><\/div><div class=\"clear\"><\/div><div class=\"clear\"><\/div><div class=\"offer_title\"><a href=\"https:\/\/www.villagraziella.com\/nl\/offers\/special-family-offer-stay-close-venice-3\/\">Special &#8220;Family Offer&#8221; for your stay close to Venice<\/a><\/div><\/div><\/li><li><a href=\"https:\/\/www.villagraziella.com\/nl\/offers\/special-companies-try-2\/\"><img loading=\"lazy\" decoding=\"async\" width=\"268\" height=\"160\" src=\"https:\/\/www.villagraziella.com\/wp-content\/uploads\/2015\/01\/business-268x160.jpg\" class=\"attachment-slider_medium size-slider_medium\" alt=\"\" \/><\/a><div class=\"flex-caption\"><div class=\"original-price price-all\"><\/div><div class=\"reducted-price price-all\"><\/div><div class=\"clear\"><\/div><div class=\"clear\"><\/div><div class=\"offer_title\"><a href=\"https:\/\/www.villagraziella.com\/nl\/offers\/special-companies-try-2\/\">&#8220;OFFER for COMPANIES&#8221; near Venice<\/a><\/div><\/div><\/li><li><a href=\"https:\/\/www.villagraziella.com\/nl\/offers\/speciale-aanbiedingen-voor-internet\/\"><img loading=\"lazy\" decoding=\"async\" width=\"268\" height=\"160\" src=\"https:\/\/www.villagraziella.com\/wp-content\/uploads\/2013\/09\/sanmarco-268x160.jpg\" class=\"attachment-slider_medium size-slider_medium\" alt=\"\" \/><\/a><div class=\"flex-caption\"><div class=\"original-price price-all\"><\/div><div class=\"reducted-price price-all\"><\/div><div class=\"clear\"><\/div><div class=\"clear\"><\/div><div class=\"offer_title\"><a href=\"https:\/\/www.villagraziella.com\/nl\/offers\/speciale-aanbiedingen-voor-internet\/\">Speciale aanbiedingen voor internet<\/a><\/div><\/div><\/li><\/ul><\/div>\n<p><a title=\"Speciale aanbiedingen\" href=\"speciale-aanbiedingen\/\">Ga naar de volledige lijst<\/a><\/p>\n<\/div>\n<p><\/div><\/p>\n<\/div>\n<hr \/>\n<div class=\"citazione\">\n<h3>\u201cFantastisch verblijf\u201d<\/h3>\n<p>Wij verbleven hier 4 nachten in october 2012. Alles was zeer naar wens , kamer op het gelijkvloers (1). Groot, modern, badkamer ook zeer mooi.<br \/>\nPersoneel zeer vriendelijk en behulpzaam.<br \/>\nMooie tuin om te ontspannen. Internet zeer vlug. Ik zou dit hotel aan iedereen aanbevelen.<\/p>\n<p class=\"firma\">4\/5 Tripadvisor Traveller<\/p>\n<\/div>\n","protected":false},"excerpt":{"rendered":"<p>\u201cFantastisch verblijf\u201d Wij verbleven hier 4 nachten in october 2012. Alles was zeer naar wens , kamer op het gelijkvloers (1). Groot, modern, badkamer ook zeer mooi. Personeel zeer vriendelijk en behulpzaam. Mooie tuin om te ontspannen. Internet zeer vlug. Ik zou dit hotel aan iedereen aanbevelen. 4\/5 Tripadvisor Traveller<\/p>\n","protected":false},"author":24,"featured_media":0,"parent":0,"menu_order":0,"comment_status":"open","ping_status":"open","template":"index.php","meta":{"ngg_post_thumbnail":0,"footnotes":""},"class_list":["post-1221","page","type-page","status-publish","hentry"],"yoast_head":"<!-- This site is optimized with the Yoast SEO plugin v25.7 - https:\/\/yoast.com\/wordpress\/plugins\/seo\/ -->\n<title>Budget hotel in de buurt van Veneti\u00eb - Villa Graziella Offici\u00eble Site<\/title>\n<meta name=\"description\" content=\"2-sterrenhotel in Marghera, betaalbaar en goed bereikbaar met het openbaar vervoer naar Veneti\u00eb, op slechts 300 meter afstand.\" \/>\n<meta name=\"robots\" content=\"index, follow, max-snippet:-1, max-image-preview:large, max-video-preview:-1\" \/>\n<link rel=\"canonical\" href=\"https:\/\/www.villagraziella.com\/nl\/\" \/>\n<meta property=\"og:locale\" content=\"nl_NL\" \/>\n<meta property=\"og:type\" content=\"article\" \/>\n<meta property=\"og:title\" content=\"Budget hotel in de buurt van Veneti\u00eb - Villa Graziella Offici\u00eble Site\" \/>\n<meta property=\"og:description\" content=\"2-sterrenhotel in Marghera, betaalbaar en goed bereikbaar met het openbaar vervoer naar Veneti\u00eb, op slechts 300 meter afstand.\" \/>\n<meta property=\"og:url\" content=\"https:\/\/www.villagraziella.com\/nl\/\" \/>\n<meta property=\"og:site_name\" content=\"Villa Graziella\" \/>\n<meta property=\"article:modified_time\" content=\"2019-11-28T09:52:50+00:00\" \/>\n<meta name=\"twitter:label1\" content=\"Geschatte leestijd\" \/>\n\t<meta name=\"twitter:data1\" content=\"1 minuut\" \/>\n<script type=\"application\/ld+json\" class=\"yoast-schema-graph\">{\"@context\":\"https:\/\/schema.org\",\"@graph\":[{\"@type\":\"WebPage\",\"@id\":\"https:\/\/www.villagraziella.com\/nl\/\",\"url\":\"https:\/\/www.villagraziella.com\/nl\/\",\"name\":\"Budget hotel in de buurt van Veneti\u00eb - Villa Graziella Offici\u00eble Site\",\"isPartOf\":{\"@id\":\"https:\/\/www.villagraziella.com\/nl\/#website\"},\"datePublished\":\"2013-09-03T15:10:23+00:00\",\"dateModified\":\"2019-11-28T09:52:50+00:00\",\"description\":\"2-sterrenhotel in Marghera, betaalbaar en goed bereikbaar met het openbaar vervoer naar Veneti\u00eb, op slechts 300 meter afstand.\",\"breadcrumb\":{\"@id\":\"https:\/\/www.villagraziella.com\/nl\/#breadcrumb\"},\"inLanguage\":\"nl-NL\",\"potentialAction\":[{\"@type\":\"ReadAction\",\"target\":[\"https:\/\/www.villagraziella.com\/nl\/\"]}]},{\"@type\":\"BreadcrumbList\",\"@id\":\"https:\/\/www.villagraziella.com\/nl\/#breadcrumb\",\"itemListElement\":[{\"@type\":\"ListItem\",\"position\":1,\"name\":\"Home\",\"item\":\"https:\/\/www.villagraziella.com\/nl\/\"},{\"@type\":\"ListItem\",\"position\":2,\"name\":\"Home\"}]},{\"@type\":\"WebSite\",\"@id\":\"https:\/\/www.villagraziella.com\/nl\/#website\",\"url\":\"https:\/\/www.villagraziella.com\/nl\/\",\"name\":\"Villa Graziella\",\"description\":\"\",\"potentialAction\":[{\"@type\":\"SearchAction\",\"target\":{\"@type\":\"EntryPoint\",\"urlTemplate\":\"https:\/\/www.villagraziella.com\/nl\/?s={search_term_string}\"},\"query-input\":{\"@type\":\"PropertyValueSpecification\",\"valueRequired\":true,\"valueName\":\"search_term_string\"}}],\"inLanguage\":\"nl-NL\"}]}<\/script>\n<!-- \/ Yoast SEO plugin. -->","yoast_head_json":{"title":"Budget hotel in de buurt van Veneti\u00eb - Villa Graziella Offici\u00eble Site","description":"2-sterrenhotel in Marghera, betaalbaar en goed bereikbaar met het openbaar vervoer naar Veneti\u00eb, op slechts 300 meter afstand.","robots":{"index":"index","follow":"follow","max-snippet":"max-snippet:-1","max-image-preview":"max-image-preview:large","max-video-preview":"max-video-preview:-1"},"canonical":"https:\/\/www.villagraziella.com\/nl\/","og_locale":"nl_NL","og_type":"article","og_title":"Budget hotel in de buurt van Veneti\u00eb - Villa Graziella Offici\u00eble Site","og_description":"2-sterrenhotel in Marghera, betaalbaar en goed bereikbaar met het openbaar vervoer naar Veneti\u00eb, op slechts 300 meter afstand.","og_url":"https:\/\/www.villagraziella.com\/nl\/","og_site_name":"Villa Graziella","article_modified_time":"2019-11-28T09:52:50+00:00","twitter_misc":{"Geschatte leestijd":"1 minuut"},"schema":{"@context":"https:\/\/schema.org","@graph":[{"@type":"WebPage","@id":"https:\/\/www.villagraziella.com\/nl\/","url":"https:\/\/www.villagraziella.com\/nl\/","name":"Budget hotel in de buurt van Veneti\u00eb - Villa Graziella Offici\u00eble Site","isPartOf":{"@id":"https:\/\/www.villagraziella.com\/nl\/#website"},"datePublished":"2013-09-03T15:10:23+00:00","dateModified":"2019-11-28T09:52:50+00:00","description":"2-sterrenhotel in Marghera, betaalbaar en goed bereikbaar met het openbaar vervoer naar Veneti\u00eb, op slechts 300 meter afstand.","breadcrumb":{"@id":"https:\/\/www.villagraziella.com\/nl\/#breadcrumb"},"inLanguage":"nl-NL","potentialAction":[{"@type":"ReadAction","target":["https:\/\/www.villagraziella.com\/nl\/"]}]},{"@type":"BreadcrumbList","@id":"https:\/\/www.villagraziella.com\/nl\/#breadcrumb","itemListElement":[{"@type":"ListItem","position":1,"name":"Home","item":"https:\/\/www.villagraziella.com\/nl\/"},{"@type":"ListItem","position":2,"name":"Home"}]},{"@type":"WebSite","@id":"https:\/\/www.villagraziella.com\/nl\/#website","url":"https:\/\/www.villagraziella.com\/nl\/","name":"Villa Graziella","description":"","potentialAction":[{"@type":"SearchAction","target":{"@type":"EntryPoint","urlTemplate":"https:\/\/www.villagraziella.com\/nl\/?s={search_term_string}"},"query-input":{"@type":"PropertyValueSpecification","valueRequired":true,"valueName":"search_term_string"}}],"inLanguage":"nl-NL"}]}},"publishpress_future_action":{"enabled":false,"date":"2026-05-11 13:08:43","action":"change-status","newStatus":"draft","terms":[],"taxonomy":"translation_priority","extraData":[]},"publishpress_future_workflow_manual_trigger":{"enabledWorkflows":[]},"_links":{"self":[{"href":"https:\/\/www.villagraziella.com\/nl\/wp-json\/wp\/v2\/pages\/1221","targetHints":{"allow":["GET"]}}],"collection":[{"href":"https:\/\/www.villagraziella.com\/nl\/wp-json\/wp\/v2\/pages"}],"about":[{"href":"https:\/\/www.villagraziella.com\/nl\/wp-json\/wp\/v2\/types\/page"}],"author":[{"embeddable":true,"href":"https:\/\/www.villagraziella.com\/nl\/wp-json\/wp\/v2\/users\/24"}],"replies":[{"embeddable":true,"href":"https:\/\/www.villagraziella.com\/nl\/wp-json\/wp\/v2\/comments?post=1221"}],"version-history":[{"count":9,"href":"https:\/\/www.villagraziella.com\/nl\/wp-json\/wp\/v2\/pages\/1221\/revisions"}],"predecessor-version":[{"id":2515,"href":"https:\/\/www.villagraziella.com\/nl\/wp-json\/wp\/v2\/pages\/1221\/revisions\/2515"}],"wp:attachment":[{"href":"https:\/\/www.villagraziella.com\/nl\/wp-json\/wp\/v2\/media?parent=1221"}],"curies":[{"name":"wp","href":"https:\/\/api.w.org\/{rel}","templated":true}]}}