{"id":1237,"date":"2015-01-14T14:07:44","date_gmt":"2015-01-14T14:07:44","guid":{"rendered":"https:\/\/www.villagraziella.com\/descrizione-2\/"},"modified":"2019-11-28T10:40:27","modified_gmt":"2019-11-28T10:40:27","slug":"beschrijving","status":"publish","type":"page","link":"https:\/\/www.villagraziella.com\/nl\/beschrijving\/","title":{"rendered":"Beschrijving"},"content":{"rendered":"<div id=\"colonna-2\">\n<h1 class=\"piccolo\">Hotel met gratis parkeren in Marghera<\/h1>\n<h2>Het hotel<\/h2>\n<p>We bieden een bed-and-breakfast-formule aan; het bevindt zich in Marghera, op het vasteland van de regio Veneti\u00eb, in een rustig en stil gebied dichtbij het treinstation Mestre-Venezia (op slechts 900 m. loopafstand) en niet ver verwijderd van de afslag van de autostrada Milano-Venezia (1,5 km). Er zijn ook goede verbindingen van en naar de vliegvelden van Veneti\u00eb (Marco Polo) en Treviso.<\/p>\n<p>Dankzij onze vriendelijke service en onze ervaren staf vindt u bij ons alles wat u nodig hebt voor een verblijf op maat en een <strong>geslaagde vakantie<\/strong>. Wij dienen u graag van advies over bezichtigingen, musea, karakteristieke plekjes die een bezoek waard zijn, niet-toeristische restaurants of het nachtleven.<\/p>\n<p>In de lente en \u2019s zomers kunt u in onze kleine <strong>goedverzorgde tuin ontbijten<\/strong>, of in de schaduw van de pergola onze boeken en toeristische gidsen over Veneti\u00eb en de provincie Veneto doornemen. In onze tuin bieden wij u een <strong>parkeerplaats<\/strong>. Offriamo un piccolo <strong>parcheggio interno e gratuito<\/strong>. (In het historisch centrum van Veneti\u00eb kost een parkeerplaats 20,00 EURO per dag).<\/p>\n<h2>Diensten<\/h2>\n<p><strong>Antica Villa Graziella<\/strong> is een van de meest gewaarderde <strong>tweesterrenhotels <\/strong>van<strong> Mestre Veneti\u00eb<\/strong> omdat het een klein hotel is dat haar gasten toch een groot aantal voorzieningen biedt.<\/p>\n<p>De <strong>tuin<\/strong> vol bloemen staat in het juiste seizoen ter beschikking voor ontspanning, om te genieten van een goede espresso, een zalige cappuccino of een heerlijke warme chocolademelk en om de gidsen van Veneti\u00eb en de boeken over kunst te lezen die de bibliotheek van Antica Villa Graziella ter beschikking stelt aan al de gasten.<\/p>\n<p>Een gemakkelijke <strong>gratis parking<\/strong> voor wie met de auto of met de motorfiets komt, een kleine bagagebergplaats, een <strong>safe<\/strong>, een wekdienst, een kleine barservice, een <strong>fax<\/strong>dienst en een <strong>internet<\/strong>dienst zijn beschikbaar aan de receptie. Bovendien vindt u op enkele minuten wandelafstand restaurants en pizzeria&#8217;s en ook een supermarkt, een apotheek, een wasserette, banken, enz. In de buurt zijn er ook winkelcentra (Panorama, Nave de vero, Auchan, Le Barche) die u kunt bereiken met de bus.<\/p>\n<p>De busdienst verzorgt de verbinding van het hotel met het historisch centrum van Veneti\u00eb in slechts 10 minuten en dit 24u op 24. De halte ligt op slechts 400m afstand. (5 minuten te voet) en er is om de 10 minuten een bus tot 21u30 en om de 20 minuten tot 0u30. &#8217;s Nachts is er elk uur een bus. De vaporetti (openbare bus-boten) in Veneti\u00eb zijn daarentegen erg duur. We raden u dan ook aan om een combiticket te kopen (12u; 24u; 48u; 3 dagen) waarmee u al het openbaar vervoer kunt gebruiken (bussen en vaporetti) van Mestre Veneti\u00eb. U kunt deze tickets kopen bij het loket van de ACTV op de Piazzale Roma in Veneti\u00eb.<\/p>\n<p><strong>Antica Villa Graziella<\/strong> si distingue tra gli hotel per l&#8217;accoglienza cordiale e per la disponibilit\u00e0 dello staff che si prodiga sempre perch\u00e9 gli ospiti trascorrano il pi\u00f9 piacevole soggiorno in <strong>hotel a Venezia Mestre<\/strong>. Ook kinderen zijn welkom bij ons. Voor kinderen tot drie jaar oud stellen we gratis een klein bed ter beschikking (wieg). Kleine of middelgrote dieren zijn ook toegelaten mits ze goed zijn opgevoed.<\/p>\n<p><\/div><div id=\"colonna-1\"><\/p>\n<div class=\"colonnaofferte\">\n<div class=\"offers\"><\/p>\n<div id=\"offertespeciali\">\n<h2>Speciale aanbiedingen<\/h2>\n<div class=\"flexslider\" style=\"width:268px;\"><ul class=\"slides\"><li><a href=\"https:\/\/www.villagraziella.com\/nl\/offers\/special-family-offer-stay-close-venice-3\/\"><img loading=\"lazy\" decoding=\"async\" width=\"268\" height=\"160\" src=\"https:\/\/www.villagraziella.com\/wp-content\/uploads\/2015\/02\/famiglia-268x160.jpg\" class=\"attachment-slider_medium size-slider_medium\" alt=\"\" \/><\/a><div class=\"flex-caption\"><div class=\"original-price price-all\"><\/div><div class=\"reducted-price price-all\"><\/div><div class=\"clear\"><\/div><div class=\"clear\"><\/div><div class=\"offer_title\"><a href=\"https:\/\/www.villagraziella.com\/nl\/offers\/special-family-offer-stay-close-venice-3\/\">Special &#8220;Family Offer&#8221; for your stay close to Venice<\/a><\/div><\/div><\/li><li><a href=\"https:\/\/www.villagraziella.com\/nl\/offers\/special-companies-try-2\/\"><img loading=\"lazy\" decoding=\"async\" width=\"268\" height=\"160\" src=\"https:\/\/www.villagraziella.com\/wp-content\/uploads\/2015\/01\/business-268x160.jpg\" class=\"attachment-slider_medium size-slider_medium\" alt=\"\" \/><\/a><div class=\"flex-caption\"><div class=\"original-price price-all\"><\/div><div class=\"reducted-price price-all\"><\/div><div class=\"clear\"><\/div><div class=\"clear\"><\/div><div class=\"offer_title\"><a href=\"https:\/\/www.villagraziella.com\/nl\/offers\/special-companies-try-2\/\">&#8220;OFFER for COMPANIES&#8221; near Venice<\/a><\/div><\/div><\/li><li><a href=\"https:\/\/www.villagraziella.com\/nl\/offers\/speciale-aanbiedingen-voor-internet\/\"><img loading=\"lazy\" decoding=\"async\" width=\"268\" height=\"160\" src=\"https:\/\/www.villagraziella.com\/wp-content\/uploads\/2013\/09\/sanmarco-268x160.jpg\" class=\"attachment-slider_medium size-slider_medium\" alt=\"\" \/><\/a><div class=\"flex-caption\"><div class=\"original-price price-all\"><\/div><div class=\"reducted-price price-all\"><\/div><div class=\"clear\"><\/div><div class=\"clear\"><\/div><div class=\"offer_title\"><a href=\"https:\/\/www.villagraziella.com\/nl\/offers\/speciale-aanbiedingen-voor-internet\/\">Speciale aanbiedingen voor internet<\/a><\/div><\/div><\/li><\/ul><\/div>\n<p><a href=\"..\/speciale-aanbiedingen\/\" title=\"Speciale aanbiedingen\">Ga naar de volledige lijst<\/a><\/p>\n<\/div>\n<p><\/div><\/p><\/div>\n<!-- index.php -->\n<div\n\tclass=\"ngg-galleryoverview ngg-ajax-pagination-none\"\n\tid=\"ngg-gallery-a4d344ef125264c717b135179f310794-1\">\n\n    \t<div class=\"slideshowlink\">\n        <a href='https:\/\/www.villagraziella.com\/nl\/offers\/speciale-aanbiedingen-voor-internet\/nggallery\/slideshow'>[Show as slideshow]<\/a>\n\t\t\n\t<\/div>\n\t\t\t<!-- Thumbnails -->\n\t\t\t\t<div id=\"ngg-image-0\" class=\"ngg-gallery-thumbnail-box\" >\n\t\t\t\t        <div class=\"ngg-gallery-thumbnail\">\n            <a href=\"https:\/\/www.villagraziella.com\/wp-content\/gallery\/descrizione\/DSC_2052brusy.jpg\"\n               title=\"\"\n               data-src=\"https:\/\/www.villagraziella.com\/wp-content\/gallery\/descrizione\/DSC_2052brusy.jpg\"\n               data-thumbnail=\"https:\/\/www.villagraziella.com\/wp-content\/gallery\/descrizione\/thumbs\/thumbs_DSC_2052brusy.jpg\"\n               data-image-id=\"114\"\n               data-title=\"DSC_2052brusy\"\n               data-description=\"\"\n               data-image-slug=\"dsc_2052brusy-1\"\n               class='thickbox' rel='a4d344ef125264c717b135179f310794'>\n                <img\n                    title=\"DSC_2052brusy\"\n                    alt=\"DSC_2052brusy\"\n                    src=\"https:\/\/www.villagraziella.com\/wp-content\/gallery\/descrizione\/thumbs\/thumbs_DSC_2052brusy.jpg\"\n                    width=\"280\"\n                    height=\"280\"\n                    style=\"max-width:100%;\"\n                \/>\n            <\/a>\n        <\/div>\n\t\t\t\t\t\t\t<\/div> \n\t\t\t\n        \n\t\t\t\t<div id=\"ngg-image-1\" class=\"ngg-gallery-thumbnail-box\" >\n\t\t\t\t        <div class=\"ngg-gallery-thumbnail\">\n            <a href=\"https:\/\/www.villagraziella.com\/wp-content\/gallery\/descrizione\/DSC_2140brusy.JPG\"\n               title=\"\"\n               data-src=\"https:\/\/www.villagraziella.com\/wp-content\/gallery\/descrizione\/DSC_2140brusy.JPG\"\n               data-thumbnail=\"https:\/\/www.villagraziella.com\/wp-content\/gallery\/descrizione\/thumbs\/thumbs_DSC_2140brusy.JPG\"\n               data-image-id=\"116\"\n               data-title=\"DSC_2140brusy\"\n               data-description=\"\"\n               data-image-slug=\"dsc_2140brusy-1\"\n               class='thickbox' rel='a4d344ef125264c717b135179f310794'>\n                <img\n                    title=\"DSC_2140brusy\"\n                    alt=\"DSC_2140brusy\"\n                    src=\"https:\/\/www.villagraziella.com\/wp-content\/gallery\/descrizione\/thumbs\/thumbs_DSC_2140brusy.JPG\"\n                    width=\"280\"\n                    height=\"280\"\n                    style=\"max-width:100%;\"\n                \/>\n            <\/a>\n        <\/div>\n\t\t\t\t\t\t\t<\/div> \n\t\t\t\n        \n\t\t\t\t<div id=\"ngg-image-2\" class=\"ngg-gallery-thumbnail-box\" >\n\t\t\t\t        <div class=\"ngg-gallery-thumbnail\">\n            <a href=\"https:\/\/www.villagraziella.com\/wp-content\/gallery\/descrizione\/DSC_2198brusy.jpg\"\n               title=\"\"\n               data-src=\"https:\/\/www.villagraziella.com\/wp-content\/gallery\/descrizione\/DSC_2198brusy.jpg\"\n               data-thumbnail=\"https:\/\/www.villagraziella.com\/wp-content\/gallery\/descrizione\/thumbs\/thumbs_DSC_2198brusy.jpg\"\n               data-image-id=\"117\"\n               data-title=\"DSC_2198brusy\"\n               data-description=\"\"\n               data-image-slug=\"dsc_2198brusy-1\"\n               class='thickbox' rel='a4d344ef125264c717b135179f310794'>\n                <img\n                    title=\"DSC_2198brusy\"\n                    alt=\"DSC_2198brusy\"\n                    src=\"https:\/\/www.villagraziella.com\/wp-content\/gallery\/descrizione\/thumbs\/thumbs_DSC_2198brusy.jpg\"\n                    width=\"280\"\n                    height=\"280\"\n                    style=\"max-width:100%;\"\n                \/>\n            <\/a>\n        <\/div>\n\t\t\t\t\t\t\t<\/div> \n\t\t\t\n        \n\t\t\n\t\t<!-- Pagination -->\n\t<div class='ngg-clear'><\/div>\t<\/div>\n\n<p><\/div><\/p>\n","protected":false},"excerpt":{"rendered":"","protected":false},"author":24,"featured_media":0,"parent":0,"menu_order":0,"comment_status":"open","ping_status":"open","template":"page-monocolonna.php","meta":{"ngg_post_thumbnail":0,"footnotes":""},"class_list":["post-1237","page","type-page","status-publish","hentry"],"yoast_head":"<!-- This site is optimized with the Yoast SEO plugin v25.7 - https:\/\/yoast.com\/wordpress\/plugins\/seo\/ -->\n<title>Hotel met gratis parkeren Marghera - 2 sterren hotel Marghera<\/title>\n<meta name=\"description\" content=\"Hotel met gratis parkeren in Marghera. Een 2-sterren familiehotel met een bloeiende tuin ter beschikking voor momenten van ontspanning.\" \/>\n<meta name=\"robots\" content=\"index, follow, max-snippet:-1, max-image-preview:large, max-video-preview:-1\" \/>\n<link rel=\"canonical\" href=\"https:\/\/www.villagraziella.com\/nl\/beschrijving\/\" \/>\n<meta property=\"og:locale\" content=\"nl_NL\" \/>\n<meta property=\"og:type\" content=\"article\" \/>\n<meta property=\"og:title\" content=\"Hotel met gratis parkeren Marghera - 2 sterren hotel Marghera\" \/>\n<meta property=\"og:description\" content=\"Hotel met gratis parkeren in Marghera. Een 2-sterren familiehotel met een bloeiende tuin ter beschikking voor momenten van ontspanning.\" \/>\n<meta property=\"og:url\" content=\"https:\/\/www.villagraziella.com\/nl\/beschrijving\/\" \/>\n<meta property=\"og:site_name\" content=\"Villa Graziella\" \/>\n<meta property=\"article:modified_time\" content=\"2019-11-28T10:40:27+00:00\" \/>\n<meta name=\"twitter:label1\" content=\"Geschatte leestijd\" \/>\n\t<meta name=\"twitter:data1\" content=\"3 minuten\" \/>\n<script type=\"application\/ld+json\" class=\"yoast-schema-graph\">{\"@context\":\"https:\/\/schema.org\",\"@graph\":[{\"@type\":\"WebPage\",\"@id\":\"https:\/\/www.villagraziella.com\/nl\/beschrijving\/\",\"url\":\"https:\/\/www.villagraziella.com\/nl\/beschrijving\/\",\"name\":\"Hotel met gratis parkeren Marghera - 2 sterren hotel Marghera\",\"isPartOf\":{\"@id\":\"https:\/\/www.villagraziella.com\/nl\/#website\"},\"datePublished\":\"2015-01-14T14:07:44+00:00\",\"dateModified\":\"2019-11-28T10:40:27+00:00\",\"description\":\"Hotel met gratis parkeren in Marghera. Een 2-sterren familiehotel met een bloeiende tuin ter beschikking voor momenten van ontspanning.\",\"breadcrumb\":{\"@id\":\"https:\/\/www.villagraziella.com\/nl\/beschrijving\/#breadcrumb\"},\"inLanguage\":\"nl-NL\",\"potentialAction\":[{\"@type\":\"ReadAction\",\"target\":[\"https:\/\/www.villagraziella.com\/nl\/beschrijving\/\"]}]},{\"@type\":\"BreadcrumbList\",\"@id\":\"https:\/\/www.villagraziella.com\/nl\/beschrijving\/#breadcrumb\",\"itemListElement\":[{\"@type\":\"ListItem\",\"position\":1,\"name\":\"Home\",\"item\":\"https:\/\/www.villagraziella.com\/nl\/\"},{\"@type\":\"ListItem\",\"position\":2,\"name\":\"Beschrijving\"}]},{\"@type\":\"WebSite\",\"@id\":\"https:\/\/www.villagraziella.com\/nl\/#website\",\"url\":\"https:\/\/www.villagraziella.com\/nl\/\",\"name\":\"Villa Graziella\",\"description\":\"\",\"potentialAction\":[{\"@type\":\"SearchAction\",\"target\":{\"@type\":\"EntryPoint\",\"urlTemplate\":\"https:\/\/www.villagraziella.com\/nl\/?s={search_term_string}\"},\"query-input\":{\"@type\":\"PropertyValueSpecification\",\"valueRequired\":true,\"valueName\":\"search_term_string\"}}],\"inLanguage\":\"nl-NL\"}]}<\/script>\n<!-- \/ Yoast SEO plugin. -->","yoast_head_json":{"title":"Hotel met gratis parkeren Marghera - 2 sterren hotel Marghera","description":"Hotel met gratis parkeren in Marghera. Een 2-sterren familiehotel met een bloeiende tuin ter beschikking voor momenten van ontspanning.","robots":{"index":"index","follow":"follow","max-snippet":"max-snippet:-1","max-image-preview":"max-image-preview:large","max-video-preview":"max-video-preview:-1"},"canonical":"https:\/\/www.villagraziella.com\/nl\/beschrijving\/","og_locale":"nl_NL","og_type":"article","og_title":"Hotel met gratis parkeren Marghera - 2 sterren hotel Marghera","og_description":"Hotel met gratis parkeren in Marghera. Een 2-sterren familiehotel met een bloeiende tuin ter beschikking voor momenten van ontspanning.","og_url":"https:\/\/www.villagraziella.com\/nl\/beschrijving\/","og_site_name":"Villa Graziella","article_modified_time":"2019-11-28T10:40:27+00:00","twitter_misc":{"Geschatte leestijd":"3 minuten"},"schema":{"@context":"https:\/\/schema.org","@graph":[{"@type":"WebPage","@id":"https:\/\/www.villagraziella.com\/nl\/beschrijving\/","url":"https:\/\/www.villagraziella.com\/nl\/beschrijving\/","name":"Hotel met gratis parkeren Marghera - 2 sterren hotel Marghera","isPartOf":{"@id":"https:\/\/www.villagraziella.com\/nl\/#website"},"datePublished":"2015-01-14T14:07:44+00:00","dateModified":"2019-11-28T10:40:27+00:00","description":"Hotel met gratis parkeren in Marghera. Een 2-sterren familiehotel met een bloeiende tuin ter beschikking voor momenten van ontspanning.","breadcrumb":{"@id":"https:\/\/www.villagraziella.com\/nl\/beschrijving\/#breadcrumb"},"inLanguage":"nl-NL","potentialAction":[{"@type":"ReadAction","target":["https:\/\/www.villagraziella.com\/nl\/beschrijving\/"]}]},{"@type":"BreadcrumbList","@id":"https:\/\/www.villagraziella.com\/nl\/beschrijving\/#breadcrumb","itemListElement":[{"@type":"ListItem","position":1,"name":"Home","item":"https:\/\/www.villagraziella.com\/nl\/"},{"@type":"ListItem","position":2,"name":"Beschrijving"}]},{"@type":"WebSite","@id":"https:\/\/www.villagraziella.com\/nl\/#website","url":"https:\/\/www.villagraziella.com\/nl\/","name":"Villa Graziella","description":"","potentialAction":[{"@type":"SearchAction","target":{"@type":"EntryPoint","urlTemplate":"https:\/\/www.villagraziella.com\/nl\/?s={search_term_string}"},"query-input":{"@type":"PropertyValueSpecification","valueRequired":true,"valueName":"search_term_string"}}],"inLanguage":"nl-NL"}]}},"publishpress_future_action":{"enabled":false,"date":"2026-05-11 14:24:47","action":"change-status","newStatus":"draft","terms":[],"taxonomy":"translation_priority","extraData":[]},"publishpress_future_workflow_manual_trigger":{"enabledWorkflows":[]},"_links":{"self":[{"href":"https:\/\/www.villagraziella.com\/nl\/wp-json\/wp\/v2\/pages\/1237","targetHints":{"allow":["GET"]}}],"collection":[{"href":"https:\/\/www.villagraziella.com\/nl\/wp-json\/wp\/v2\/pages"}],"about":[{"href":"https:\/\/www.villagraziella.com\/nl\/wp-json\/wp\/v2\/types\/page"}],"author":[{"embeddable":true,"href":"https:\/\/www.villagraziella.com\/nl\/wp-json\/wp\/v2\/users\/24"}],"replies":[{"embeddable":true,"href":"https:\/\/www.villagraziella.com\/nl\/wp-json\/wp\/v2\/comments?post=1237"}],"version-history":[{"count":1,"href":"https:\/\/www.villagraziella.com\/nl\/wp-json\/wp\/v2\/pages\/1237\/revisions"}],"predecessor-version":[{"id":2518,"href":"https:\/\/www.villagraziella.com\/nl\/wp-json\/wp\/v2\/pages\/1237\/revisions\/2518"}],"wp:attachment":[{"href":"https:\/\/www.villagraziella.com\/nl\/wp-json\/wp\/v2\/media?parent=1237"}],"curies":[{"name":"wp","href":"https:\/\/api.w.org\/{rel}","templated":true}]}}