{"id":1227,"date":"2013-09-03T15:10:23","date_gmt":"2013-09-03T15:10:23","guid":{"rendered":"https:\/\/www.villagraziella.com\/home-7-2\/"},"modified":"2019-11-28T09:39:16","modified_gmt":"2019-11-28T09:39:16","slug":"home-7","status":"publish","type":"page","link":"https:\/\/www.villagraziella.com\/pl\/","title":{"rendered":"Home"},"content":{"rendered":"<div class=\"colonna margine\"><div class=\"illustrazioneuno\"><\/p>\n<h2><a href=\"opis\/\">Czujcie si\u0119<br \/>\njak u siebie!<\/a><\/h2>\n<p><strong>2-gwiazdkowy hotel Antica Villa Graziella w Margherze<\/strong> czeka na Was z wygodnymi pokojami \u2013 z najwi\u0119ksz\u0105 przyjemno\u015bci\u0105 zaproponujemy wszystkie najpi\u0119kniejsze <strong>trasy<\/strong> po najbardziej autentycznej <strong>Wenecji<\/strong>.<\/p>\n<p><\/div><\/p>\n<\/div>\n<div class=\"colonna margine\"><div class=\"illustrazionedue\"><\/p>\n<h2><a href=\"lokalizacja\/\">Kilka minut drogi do Wenecji!<\/a><\/h2>\n<p>Hotel Antica Villa Graziella po\u0142o\u017cony jest w relaksuj\u0105co spokojnym miejscu i <strong>doskonale obs\u0142uguj\u0105 je<\/strong> <strong>\u0142\u0105cz\u0105ce z Wenecj\u0105<\/strong> \u015brodki komunikacji publicznej; przystanek znajduje si\u0119 tylko 300 metr\u00f3w od hotelu. Dysponuje <strong>prywatnym parkingiem<\/strong> i <strong> ogrodem<\/strong>, do kt\u00f3rego zapraszamy swoich go\u015bci na <strong>\u015bniadania<\/strong>.<\/p>\n<p><\/div><\/p>\n<\/div>\n<div class=\"colonna\"><div class=\"offers\"><\/p>\n<div id=\"offertespeciali\">\n<h2>Oferty specjalne<\/h2>\n<div class=\"flexslider\" style=\"width:268px;\"><ul class=\"slides\"><li><a href=\"https:\/\/www.villagraziella.com\/pl\/offers\/special-family-offer-stay-close-venice-3\/\"><img loading=\"lazy\" decoding=\"async\" width=\"268\" height=\"160\" src=\"https:\/\/www.villagraziella.com\/wp-content\/uploads\/2015\/02\/famiglia-268x160.jpg\" class=\"attachment-slider_medium size-slider_medium\" alt=\"\" \/><\/a><div class=\"flex-caption\"><div class=\"original-price price-all\"><\/div><div class=\"reducted-price price-all\"><\/div><div class=\"clear\"><\/div><div class=\"clear\"><\/div><div class=\"offer_title\"><a href=\"https:\/\/www.villagraziella.com\/pl\/offers\/special-family-offer-stay-close-venice-3\/\">Special &#8222;Family Offer&#8221; for your stay close to Venice<\/a><\/div><\/div><\/li><li><a href=\"https:\/\/www.villagraziella.com\/pl\/offers\/special-companies-try-2\/\"><img loading=\"lazy\" decoding=\"async\" width=\"268\" height=\"160\" src=\"https:\/\/www.villagraziella.com\/wp-content\/uploads\/2015\/01\/business-268x160.jpg\" class=\"attachment-slider_medium size-slider_medium\" alt=\"\" \/><\/a><div class=\"flex-caption\"><div class=\"original-price price-all\"><\/div><div class=\"reducted-price price-all\"><\/div><div class=\"clear\"><\/div><div class=\"clear\"><\/div><div class=\"offer_title\"><a href=\"https:\/\/www.villagraziella.com\/pl\/offers\/special-companies-try-2\/\">&#8222;OFFER for COMPANIES&#8221; near Venice<\/a><\/div><\/div><\/li><li><a href=\"https:\/\/www.villagraziella.com\/pl\/offers\/special-internet-rates-pl\/\"><img loading=\"lazy\" decoding=\"async\" width=\"268\" height=\"160\" src=\"https:\/\/www.villagraziella.com\/wp-content\/uploads\/2013\/09\/sanmarco-268x160.jpg\" class=\"attachment-slider_medium size-slider_medium\" alt=\"\" \/><\/a><div class=\"flex-caption\"><div class=\"original-price price-all\"><\/div><div class=\"reducted-price price-all\"><\/div><div class=\"clear\"><\/div><div class=\"clear\"><\/div><div class=\"offer_title\"><a href=\"https:\/\/www.villagraziella.com\/pl\/offers\/special-internet-rates-pl\/\">Special internet rates<\/a><\/div><\/div><\/li><\/ul><\/div>\n<p><a title=\"Oferty specjalne\" href=\"oferty-specjalne\/\">Zobacz pe\u0142n\u0105 list\u0119<\/a><\/p>\n<\/div>\n<p><\/div><\/p>\n<\/div>\n<hr \/>\n<div class=\"citazione\">\n<h3>\u201cExcellent B&amp;B\u201d<\/h3>\n<p>This was the cleanest and well maintained place we&#8217;ve stayed in during our travel in Europe. The place is about 10 minutes to Venice by bus. if you don&#8217;t mind the bus and don&#8217;t want to spend a lot of money by staying in Venice, this would be a good alternative. Breakfast was included. The staff gave us a lot of information including bus schedule.<\/p>\n<p class=\"firma\">5\/5 Tripadvisor Traveller<\/p>\n<\/div>\n","protected":false},"excerpt":{"rendered":"<p>\u201cExcellent B&amp;B\u201d This was the cleanest and well maintained place we&#8217;ve stayed in during our travel in Europe. The place is about 10 minutes to Venice by bus. if you don&#8217;t mind the bus and don&#8217;t want to spend a lot of money by staying in Venice, this would be a good alternative. Breakfast was [&hellip;]<\/p>\n","protected":false},"author":24,"featured_media":0,"parent":0,"menu_order":0,"comment_status":"open","ping_status":"open","template":"index.php","meta":{"ngg_post_thumbnail":0,"footnotes":""},"class_list":["post-1227","page","type-page","status-publish","hentry"],"yoast_head":"<!-- This site is optimized with the Yoast SEO plugin v25.7 - https:\/\/yoast.com\/wordpress\/plugins\/seo\/ -->\n<title>Niedrogi hotel blisko Wenecji - Villa Graziella Strona internetowa<\/title>\n<meta name=\"description\" content=\"Dwugwiazdkowy hotel w miejscowo\u015bci Marghera, niedrogi i z dobrym dojazdem \u015brodkami transportu publicznego do Wenecji, przystanek znajduje si\u0119 tylko 300 metr\u00f3w od hotelu.\" \/>\n<meta name=\"robots\" content=\"index, follow, max-snippet:-1, max-image-preview:large, max-video-preview:-1\" \/>\n<link rel=\"canonical\" href=\"https:\/\/www.villagraziella.com\/pl\/\" \/>\n<meta property=\"og:locale\" content=\"pl_PL\" \/>\n<meta property=\"og:type\" content=\"article\" \/>\n<meta property=\"og:title\" content=\"Niedrogi hotel blisko Wenecji - Villa Graziella Strona internetowa\" \/>\n<meta property=\"og:description\" content=\"Dwugwiazdkowy hotel w miejscowo\u015bci Marghera, niedrogi i z dobrym dojazdem \u015brodkami transportu publicznego do Wenecji, przystanek znajduje si\u0119 tylko 300 metr\u00f3w od hotelu.\" \/>\n<meta property=\"og:url\" content=\"https:\/\/www.villagraziella.com\/pl\/\" \/>\n<meta property=\"og:site_name\" content=\"Villa Graziella\" \/>\n<meta property=\"article:modified_time\" content=\"2019-11-28T09:39:16+00:00\" \/>\n<meta name=\"twitter:label1\" content=\"Szacowany czas czytania\" \/>\n\t<meta name=\"twitter:data1\" content=\"1 minuta\" \/>\n<script type=\"application\/ld+json\" class=\"yoast-schema-graph\">{\"@context\":\"https:\/\/schema.org\",\"@graph\":[{\"@type\":\"WebPage\",\"@id\":\"https:\/\/www.villagraziella.com\/pl\/\",\"url\":\"https:\/\/www.villagraziella.com\/pl\/\",\"name\":\"Niedrogi hotel blisko Wenecji - Villa Graziella Strona internetowa\",\"isPartOf\":{\"@id\":\"https:\/\/www.villagraziella.com\/pl\/#website\"},\"datePublished\":\"2013-09-03T15:10:23+00:00\",\"dateModified\":\"2019-11-28T09:39:16+00:00\",\"description\":\"Dwugwiazdkowy hotel w miejscowo\u015bci Marghera, niedrogi i z dobrym dojazdem \u015brodkami transportu publicznego do Wenecji, przystanek znajduje si\u0119 tylko 300 metr\u00f3w od hotelu.\",\"breadcrumb\":{\"@id\":\"https:\/\/www.villagraziella.com\/pl\/#breadcrumb\"},\"inLanguage\":\"pl-PL\",\"potentialAction\":[{\"@type\":\"ReadAction\",\"target\":[\"https:\/\/www.villagraziella.com\/pl\/\"]}]},{\"@type\":\"BreadcrumbList\",\"@id\":\"https:\/\/www.villagraziella.com\/pl\/#breadcrumb\",\"itemListElement\":[{\"@type\":\"ListItem\",\"position\":1,\"name\":\"Home\",\"item\":\"https:\/\/www.villagraziella.com\/pl\/\"},{\"@type\":\"ListItem\",\"position\":2,\"name\":\"Home\"}]},{\"@type\":\"WebSite\",\"@id\":\"https:\/\/www.villagraziella.com\/pl\/#website\",\"url\":\"https:\/\/www.villagraziella.com\/pl\/\",\"name\":\"Villa Graziella\",\"description\":\"\",\"potentialAction\":[{\"@type\":\"SearchAction\",\"target\":{\"@type\":\"EntryPoint\",\"urlTemplate\":\"https:\/\/www.villagraziella.com\/pl\/?s={search_term_string}\"},\"query-input\":{\"@type\":\"PropertyValueSpecification\",\"valueRequired\":true,\"valueName\":\"search_term_string\"}}],\"inLanguage\":\"pl-PL\"}]}<\/script>\n<!-- \/ Yoast SEO plugin. -->","yoast_head_json":{"title":"Niedrogi hotel blisko Wenecji - Villa Graziella Strona internetowa","description":"Dwugwiazdkowy hotel w miejscowo\u015bci Marghera, niedrogi i z dobrym dojazdem \u015brodkami transportu publicznego do Wenecji, przystanek znajduje si\u0119 tylko 300 metr\u00f3w od hotelu.","robots":{"index":"index","follow":"follow","max-snippet":"max-snippet:-1","max-image-preview":"max-image-preview:large","max-video-preview":"max-video-preview:-1"},"canonical":"https:\/\/www.villagraziella.com\/pl\/","og_locale":"pl_PL","og_type":"article","og_title":"Niedrogi hotel blisko Wenecji - Villa Graziella Strona internetowa","og_description":"Dwugwiazdkowy hotel w miejscowo\u015bci Marghera, niedrogi i z dobrym dojazdem \u015brodkami transportu publicznego do Wenecji, przystanek znajduje si\u0119 tylko 300 metr\u00f3w od hotelu.","og_url":"https:\/\/www.villagraziella.com\/pl\/","og_site_name":"Villa Graziella","article_modified_time":"2019-11-28T09:39:16+00:00","twitter_misc":{"Szacowany czas czytania":"1 minuta"},"schema":{"@context":"https:\/\/schema.org","@graph":[{"@type":"WebPage","@id":"https:\/\/www.villagraziella.com\/pl\/","url":"https:\/\/www.villagraziella.com\/pl\/","name":"Niedrogi hotel blisko Wenecji - Villa Graziella Strona internetowa","isPartOf":{"@id":"https:\/\/www.villagraziella.com\/pl\/#website"},"datePublished":"2013-09-03T15:10:23+00:00","dateModified":"2019-11-28T09:39:16+00:00","description":"Dwugwiazdkowy hotel w miejscowo\u015bci Marghera, niedrogi i z dobrym dojazdem \u015brodkami transportu publicznego do Wenecji, przystanek znajduje si\u0119 tylko 300 metr\u00f3w od hotelu.","breadcrumb":{"@id":"https:\/\/www.villagraziella.com\/pl\/#breadcrumb"},"inLanguage":"pl-PL","potentialAction":[{"@type":"ReadAction","target":["https:\/\/www.villagraziella.com\/pl\/"]}]},{"@type":"BreadcrumbList","@id":"https:\/\/www.villagraziella.com\/pl\/#breadcrumb","itemListElement":[{"@type":"ListItem","position":1,"name":"Home","item":"https:\/\/www.villagraziella.com\/pl\/"},{"@type":"ListItem","position":2,"name":"Home"}]},{"@type":"WebSite","@id":"https:\/\/www.villagraziella.com\/pl\/#website","url":"https:\/\/www.villagraziella.com\/pl\/","name":"Villa Graziella","description":"","potentialAction":[{"@type":"SearchAction","target":{"@type":"EntryPoint","urlTemplate":"https:\/\/www.villagraziella.com\/pl\/?s={search_term_string}"},"query-input":{"@type":"PropertyValueSpecification","valueRequired":true,"valueName":"search_term_string"}}],"inLanguage":"pl-PL"}]}},"publishpress_future_action":{"enabled":false,"date":"2026-05-13 15:19:24","action":"change-status","newStatus":"draft","terms":[],"taxonomy":"translation_priority","extraData":[]},"publishpress_future_workflow_manual_trigger":{"enabledWorkflows":[]},"_links":{"self":[{"href":"https:\/\/www.villagraziella.com\/pl\/wp-json\/wp\/v2\/pages\/1227","targetHints":{"allow":["GET"]}}],"collection":[{"href":"https:\/\/www.villagraziella.com\/pl\/wp-json\/wp\/v2\/pages"}],"about":[{"href":"https:\/\/www.villagraziella.com\/pl\/wp-json\/wp\/v2\/types\/page"}],"author":[{"embeddable":true,"href":"https:\/\/www.villagraziella.com\/pl\/wp-json\/wp\/v2\/users\/24"}],"replies":[{"embeddable":true,"href":"https:\/\/www.villagraziella.com\/pl\/wp-json\/wp\/v2\/comments?post=1227"}],"version-history":[{"count":6,"href":"https:\/\/www.villagraziella.com\/pl\/wp-json\/wp\/v2\/pages\/1227\/revisions"}],"predecessor-version":[{"id":2503,"href":"https:\/\/www.villagraziella.com\/pl\/wp-json\/wp\/v2\/pages\/1227\/revisions\/2503"}],"wp:attachment":[{"href":"https:\/\/www.villagraziella.com\/pl\/wp-json\/wp\/v2\/media?parent=1227"}],"curies":[{"name":"wp","href":"https:\/\/api.w.org\/{rel}","templated":true}]}}