{"id":1243,"date":"2015-01-14T14:07:44","date_gmt":"2015-01-14T14:07:44","guid":{"rendered":"https:\/\/www.villagraziella.com\/descrizione-2\/"},"modified":"2019-11-28T10:41:16","modified_gmt":"2019-11-28T10:41:16","slug":"opis","status":"publish","type":"page","link":"https:\/\/www.villagraziella.com\/pl\/opis\/","title":{"rendered":"Opis"},"content":{"rendered":"<div id=\"colonna-2\">\n<h1 class=\"piccolo\">Hotel z darmowym parkingiem w miejscowo\u015bci Marghera<\/h1>\n<h2>Hotel<\/h2>\n<p>Oferujemy zakwaterowanie i \u015bniadanie. Znajduje si\u0119 w Marghera, weneckiej prowincji na sta\u0142ym l\u0105dzie, w spokojnej i cichej strefie, blisko stacji kolejowej Mestre-Wenecja (tylko 900 m pieszo), w niedalekiej odleg\u0142o\u015bci od zjazdu z autostrady Mediolan-Wenecja (1.5 Km). \u0141atwe po\u0142\u0105czenia z lotniskami w Wenecji(Marco Polo) i w Treviso.  <\/p>\n<p>Dzi\u0119ki naszej mi\u0142ej obs\u0142udze i do\u015bwiadczeniu pracownik\u00f3w otrzymacie wszystko co jest wam niezb\u0119dne, aby\u015bcie mogli zaliczy\u0107 Wasz pobyt w Wenecji do udanych. Z przyjemno\u015bci\u0105 doradzimy Wam, co mo\u017cna zwiedzi\u0107, jakie muzea, interesuj\u0105ce miejsca, wyj\u0105tkowe restauracje, nocne \u017cycie.<\/p>\n<p> Wiosn\u0105 i latem \u015bniadania serwowane s\u0105 na \u015bwie\u017cym powietrzu, w naszym ma\u0142ym i zadbanym ogrodzie. Mo\u017cecie r\u00f3wnie\u017c usi\u0105\u015b\u0107 w cieniu altany oddaj\u0105c si\u0119 lekturze ksi\u0105\u017cek i przewodnik\u00f3w turystycznych, opisuj\u0105cych Wenecj\u0119 i region Veneto. Oddajemy do dyspozycji bezp\u0142atny, ma\u0142y <strong>parking wewn\u0119trzny<\/strong>. Nale\u017cy mie\u0107 na uwadze, \u017ce w historycznym centrum Wenecji koszt parkingu wynosi 20,00 EURO dziennie.<\/p>\n<h2>Uslugi<\/h2>\n<p><strong>Antica Villa Graziella<\/strong> jest jednym z najbardziej docenianych <strong>dwugwiazdkowych hoteli <\/strong>w<strong> Wenecji Mestre<\/strong>, poniewa\u017c mimo \u017ce jest on niedu\u017cym hotelem, to oferuje swoim go\u015bciom liczne us\u0142ugi.<\/p>\n<p>Ukwiecony <strong>ogr\u00f3d<\/strong> w sezonie jest do dyspozycji na chwile relaksu dla spr\u00f3bowania dobrej kawy z ekspresu, wy\u015bmienitego cappuccino lub przepysznej gor\u0105cej czekolady i po\u015bwi\u0119cenia si\u0119 lekturze przewodnik\u00f3w po Wenecji oraz ksi\u0105\u017cek o sztuce, kt\u00f3re biblioteka Antica Villa Graziella oddaje do dyspozycji wszystkim swoim go\u015bciom.<\/p>\n<p>Wygodny <strong>bezp\u0142atny parking<\/strong> dla przyje\u017cd\u017caj\u0105cych samochodem lub motocyklem, ma\u0142a przechowalnia baga\u017cu, <strong>bezpieczna kasetka<\/strong>, us\u0142uga budzenia, drobna us\u0142uga barowa, us\u0142uga <strong>faksu<\/strong> oraz <strong>Internetu<\/strong> s\u0105 dost\u0119pne w recepcji. Ponadto o kilka minut pieszo znajduj\u0105 si\u0119 restauracje i pizzerie, podobnie jak supermarket, apteka, pralnia, banki itd. Korzystaj\u0105c z autobusu, mo\u017cna dojecha\u0107 do pobliskich centr\u00f3w handlowych (Panorama, Nave de vero, Auchan, Le Barche).<\/p>\n<p>Autobusy miejskie gwarantuja\u02db po?a\u02dbczenie od hotelu do historycznego centrum Wenecji w cia\u02dbgu ca?ej doby po zaledwie 10 minutach jazdy. Przystanek jest odleg?y zaledwie o 400 m. (5 minut pieszo), autobusy podjez\u02d9dz\u02d9aja\u02db co 10 minut, do godziny 21:30 i co 20 minut do 0:30, natomiast us?uga ta w nocy gwarantowana jest co godzine\u02db. Poniewaz\u02d9 tramwaje wodne w Wenecji sa\u02db bardzo drogie, radzimy naszym gos\u00b4ciom zaopatrzyc\u00b4 sie\u02db w bilety okresowe (12-godzinne; 24-godzinne; 48-godzinne; 3-dniowe), kt\u00f3re sa\u02db waz\u02d9ne na wszystkie s\u00b4rodki komunikacji miejskiej (autobusy i tramwaje wodne) w Wenecji Mestre, do nabycia w biurze ACTV na Piazza Roma w Wenecji.<\/p>\n<p><strong>Hotel Antica Villa Graziella<\/strong> otoczy Was niezwyk\u0142\u0105 go\u015bcinno\u015bci\u0105, a jego w pe\u0142ni dyspozycyjny personel uczyni dla swoich go\u015bci wszystko, aby mogli oni sp\u0119dzi\u0107 w nim niezapomniane chwile, <strong>i powraca\u0107 do jak najmilej zapami\u0119tanego hotelu w Venezia Mestre<\/strong>. Mile widziane s\u0105 u nas zawsze dzieci; dla maluch\u00f3w w wieku poni\u017cej trzech lat bezp\u0142atnie dajemy do dyspozycji ma\u0142e \u0142\u00f3\u017ceczko. Ma\u0142e i \u015brednie zwierz\u0119ta przyjmowane s\u0105 ch\u0119tnie, o ile niczego nie mo\u017cna im zarzuci\u0107.<\/p>\n<p><\/div><div id=\"colonna-1\"><\/p>\n<div class=\"colonnaofferte\">\n<div class=\"offers\"><\/p>\n<div id=\"offertespeciali\">\n<h2>Oferty specjalne<\/h2>\n<div class=\"flexslider\" style=\"width:268px;\"><ul class=\"slides\"><li><a href=\"https:\/\/www.villagraziella.com\/pl\/offers\/special-family-offer-stay-close-venice-3\/\"><img loading=\"lazy\" decoding=\"async\" width=\"268\" height=\"160\" src=\"https:\/\/www.villagraziella.com\/wp-content\/uploads\/2015\/02\/famiglia-268x160.jpg\" class=\"attachment-slider_medium size-slider_medium\" alt=\"\" \/><\/a><div class=\"flex-caption\"><div class=\"original-price price-all\"><\/div><div class=\"reducted-price price-all\"><\/div><div class=\"clear\"><\/div><div class=\"clear\"><\/div><div class=\"offer_title\"><a href=\"https:\/\/www.villagraziella.com\/pl\/offers\/special-family-offer-stay-close-venice-3\/\">Special &#8222;Family Offer&#8221; for your stay close to Venice<\/a><\/div><\/div><\/li><li><a href=\"https:\/\/www.villagraziella.com\/pl\/offers\/special-companies-try-2\/\"><img loading=\"lazy\" decoding=\"async\" width=\"268\" height=\"160\" src=\"https:\/\/www.villagraziella.com\/wp-content\/uploads\/2015\/01\/business-268x160.jpg\" class=\"attachment-slider_medium size-slider_medium\" alt=\"\" \/><\/a><div class=\"flex-caption\"><div class=\"original-price price-all\"><\/div><div class=\"reducted-price price-all\"><\/div><div class=\"clear\"><\/div><div class=\"clear\"><\/div><div class=\"offer_title\"><a href=\"https:\/\/www.villagraziella.com\/pl\/offers\/special-companies-try-2\/\">&#8222;OFFER for COMPANIES&#8221; near Venice<\/a><\/div><\/div><\/li><li><a href=\"https:\/\/www.villagraziella.com\/pl\/offers\/special-internet-rates-pl\/\"><img loading=\"lazy\" decoding=\"async\" width=\"268\" height=\"160\" src=\"https:\/\/www.villagraziella.com\/wp-content\/uploads\/2013\/09\/sanmarco-268x160.jpg\" class=\"attachment-slider_medium size-slider_medium\" alt=\"\" \/><\/a><div class=\"flex-caption\"><div class=\"original-price price-all\"><\/div><div class=\"reducted-price price-all\"><\/div><div class=\"clear\"><\/div><div class=\"clear\"><\/div><div class=\"offer_title\"><a href=\"https:\/\/www.villagraziella.com\/pl\/offers\/special-internet-rates-pl\/\">Special internet rates<\/a><\/div><\/div><\/li><\/ul><\/div>\n<p><a href=\"..\/oferty-specjalne\/\" title=\"Oferty specjalne\">Zobacz pe\u0142n\u0105 list\u0119<\/a><\/p>\n<\/div>\n<p><\/div><\/p><\/div>\n<!-- index.php -->\n<div\n\tclass=\"ngg-galleryoverview ngg-ajax-pagination-none\"\n\tid=\"ngg-gallery-a4d344ef125264c717b135179f310794-1\">\n\n    \t<div class=\"slideshowlink\">\n        <a href='https:\/\/www.villagraziella.com\/pl\/offers\/special-internet-rates-pl\/nggallery\/slideshow'>[Show as slideshow]<\/a>\n\t\t\n\t<\/div>\n\t\t\t<!-- Thumbnails -->\n\t\t\t\t<div id=\"ngg-image-0\" class=\"ngg-gallery-thumbnail-box\" >\n\t\t\t\t        <div class=\"ngg-gallery-thumbnail\">\n            <a href=\"https:\/\/www.villagraziella.com\/wp-content\/gallery\/descrizione\/DSC_2052brusy.jpg\"\n               title=\"\"\n               data-src=\"https:\/\/www.villagraziella.com\/wp-content\/gallery\/descrizione\/DSC_2052brusy.jpg\"\n               data-thumbnail=\"https:\/\/www.villagraziella.com\/wp-content\/gallery\/descrizione\/thumbs\/thumbs_DSC_2052brusy.jpg\"\n               data-image-id=\"114\"\n               data-title=\"DSC_2052brusy\"\n               data-description=\"\"\n               data-image-slug=\"dsc_2052brusy-1\"\n               class='thickbox' rel='a4d344ef125264c717b135179f310794'>\n                <img\n                    title=\"DSC_2052brusy\"\n                    alt=\"DSC_2052brusy\"\n                    src=\"https:\/\/www.villagraziella.com\/wp-content\/gallery\/descrizione\/thumbs\/thumbs_DSC_2052brusy.jpg\"\n                    width=\"280\"\n                    height=\"280\"\n                    style=\"max-width:100%;\"\n                \/>\n            <\/a>\n        <\/div>\n\t\t\t\t\t\t\t<\/div> \n\t\t\t\n        \n\t\t\t\t<div id=\"ngg-image-1\" class=\"ngg-gallery-thumbnail-box\" >\n\t\t\t\t        <div class=\"ngg-gallery-thumbnail\">\n            <a href=\"https:\/\/www.villagraziella.com\/wp-content\/gallery\/descrizione\/DSC_2140brusy.JPG\"\n               title=\"\"\n               data-src=\"https:\/\/www.villagraziella.com\/wp-content\/gallery\/descrizione\/DSC_2140brusy.JPG\"\n               data-thumbnail=\"https:\/\/www.villagraziella.com\/wp-content\/gallery\/descrizione\/thumbs\/thumbs_DSC_2140brusy.JPG\"\n               data-image-id=\"116\"\n               data-title=\"DSC_2140brusy\"\n               data-description=\"\"\n               data-image-slug=\"dsc_2140brusy-1\"\n               class='thickbox' rel='a4d344ef125264c717b135179f310794'>\n                <img\n                    title=\"DSC_2140brusy\"\n                    alt=\"DSC_2140brusy\"\n                    src=\"https:\/\/www.villagraziella.com\/wp-content\/gallery\/descrizione\/thumbs\/thumbs_DSC_2140brusy.JPG\"\n                    width=\"280\"\n                    height=\"280\"\n                    style=\"max-width:100%;\"\n                \/>\n            <\/a>\n        <\/div>\n\t\t\t\t\t\t\t<\/div> \n\t\t\t\n        \n\t\t\t\t<div id=\"ngg-image-2\" class=\"ngg-gallery-thumbnail-box\" >\n\t\t\t\t        <div class=\"ngg-gallery-thumbnail\">\n            <a href=\"https:\/\/www.villagraziella.com\/wp-content\/gallery\/descrizione\/DSC_2198brusy.jpg\"\n               title=\"\"\n               data-src=\"https:\/\/www.villagraziella.com\/wp-content\/gallery\/descrizione\/DSC_2198brusy.jpg\"\n               data-thumbnail=\"https:\/\/www.villagraziella.com\/wp-content\/gallery\/descrizione\/thumbs\/thumbs_DSC_2198brusy.jpg\"\n               data-image-id=\"117\"\n               data-title=\"DSC_2198brusy\"\n               data-description=\"\"\n               data-image-slug=\"dsc_2198brusy-1\"\n               class='thickbox' rel='a4d344ef125264c717b135179f310794'>\n                <img\n                    title=\"DSC_2198brusy\"\n                    alt=\"DSC_2198brusy\"\n                    src=\"https:\/\/www.villagraziella.com\/wp-content\/gallery\/descrizione\/thumbs\/thumbs_DSC_2198brusy.jpg\"\n                    width=\"280\"\n                    height=\"280\"\n                    style=\"max-width:100%;\"\n                \/>\n            <\/a>\n        <\/div>\n\t\t\t\t\t\t\t<\/div> \n\t\t\t\n        \n\t\t\n\t\t<!-- Pagination -->\n\t<div class='ngg-clear'><\/div>\t<\/div>\n\n<p><\/div><\/p>\n","protected":false},"excerpt":{"rendered":"","protected":false},"author":24,"featured_media":0,"parent":0,"menu_order":0,"comment_status":"open","ping_status":"open","template":"page-monocolonna.php","meta":{"ngg_post_thumbnail":0,"footnotes":""},"class_list":["post-1243","page","type-page","status-publish","hentry"],"yoast_head":"<!-- This site is optimized with the Yoast SEO plugin v25.7 - https:\/\/yoast.com\/wordpress\/plugins\/seo\/ -->\n<title>Hotel z darmowym parkingiem Marghera - Hotel dwugwiazkowy Marghera<\/title>\n<meta name=\"description\" content=\"Hotel z darmowym parkingiem w miejscowo\u015bci Marghera. Dwugwiazkowy hotel rodzinny z ogrodem pe\u0142nym kwiat\u00f3w, z kt\u00f3rego go\u015bcie mog\u0105 korzysta\u0107 w chwilach relaksu.\" \/>\n<meta name=\"robots\" content=\"index, follow, max-snippet:-1, max-image-preview:large, max-video-preview:-1\" \/>\n<link rel=\"canonical\" href=\"https:\/\/www.villagraziella.com\/pl\/opis\/\" \/>\n<meta property=\"og:locale\" content=\"pl_PL\" \/>\n<meta property=\"og:type\" content=\"article\" \/>\n<meta property=\"og:title\" content=\"Hotel z darmowym parkingiem Marghera - Hotel dwugwiazkowy Marghera\" \/>\n<meta property=\"og:description\" content=\"Hotel z darmowym parkingiem w miejscowo\u015bci Marghera. Dwugwiazkowy hotel rodzinny z ogrodem pe\u0142nym kwiat\u00f3w, z kt\u00f3rego go\u015bcie mog\u0105 korzysta\u0107 w chwilach relaksu.\" \/>\n<meta property=\"og:url\" content=\"https:\/\/www.villagraziella.com\/pl\/opis\/\" \/>\n<meta property=\"og:site_name\" content=\"Villa Graziella\" \/>\n<meta property=\"article:modified_time\" content=\"2019-11-28T10:41:16+00:00\" \/>\n<meta name=\"twitter:label1\" content=\"Szacowany czas czytania\" \/>\n\t<meta name=\"twitter:data1\" content=\"3 minuty\" \/>\n<script type=\"application\/ld+json\" class=\"yoast-schema-graph\">{\"@context\":\"https:\/\/schema.org\",\"@graph\":[{\"@type\":\"WebPage\",\"@id\":\"https:\/\/www.villagraziella.com\/pl\/opis\/\",\"url\":\"https:\/\/www.villagraziella.com\/pl\/opis\/\",\"name\":\"Hotel z darmowym parkingiem Marghera - Hotel dwugwiazkowy Marghera\",\"isPartOf\":{\"@id\":\"https:\/\/www.villagraziella.com\/pl\/#website\"},\"datePublished\":\"2015-01-14T14:07:44+00:00\",\"dateModified\":\"2019-11-28T10:41:16+00:00\",\"description\":\"Hotel z darmowym parkingiem w miejscowo\u015bci Marghera. Dwugwiazkowy hotel rodzinny z ogrodem pe\u0142nym kwiat\u00f3w, z kt\u00f3rego go\u015bcie mog\u0105 korzysta\u0107 w chwilach relaksu.\",\"breadcrumb\":{\"@id\":\"https:\/\/www.villagraziella.com\/pl\/opis\/#breadcrumb\"},\"inLanguage\":\"pl-PL\",\"potentialAction\":[{\"@type\":\"ReadAction\",\"target\":[\"https:\/\/www.villagraziella.com\/pl\/opis\/\"]}]},{\"@type\":\"BreadcrumbList\",\"@id\":\"https:\/\/www.villagraziella.com\/pl\/opis\/#breadcrumb\",\"itemListElement\":[{\"@type\":\"ListItem\",\"position\":1,\"name\":\"Home\",\"item\":\"https:\/\/www.villagraziella.com\/pl\/\"},{\"@type\":\"ListItem\",\"position\":2,\"name\":\"Opis\"}]},{\"@type\":\"WebSite\",\"@id\":\"https:\/\/www.villagraziella.com\/pl\/#website\",\"url\":\"https:\/\/www.villagraziella.com\/pl\/\",\"name\":\"Villa Graziella\",\"description\":\"\",\"potentialAction\":[{\"@type\":\"SearchAction\",\"target\":{\"@type\":\"EntryPoint\",\"urlTemplate\":\"https:\/\/www.villagraziella.com\/pl\/?s={search_term_string}\"},\"query-input\":{\"@type\":\"PropertyValueSpecification\",\"valueRequired\":true,\"valueName\":\"search_term_string\"}}],\"inLanguage\":\"pl-PL\"}]}<\/script>\n<!-- \/ Yoast SEO plugin. -->","yoast_head_json":{"title":"Hotel z darmowym parkingiem Marghera - Hotel dwugwiazkowy Marghera","description":"Hotel z darmowym parkingiem w miejscowo\u015bci Marghera. Dwugwiazkowy hotel rodzinny z ogrodem pe\u0142nym kwiat\u00f3w, z kt\u00f3rego go\u015bcie mog\u0105 korzysta\u0107 w chwilach relaksu.","robots":{"index":"index","follow":"follow","max-snippet":"max-snippet:-1","max-image-preview":"max-image-preview:large","max-video-preview":"max-video-preview:-1"},"canonical":"https:\/\/www.villagraziella.com\/pl\/opis\/","og_locale":"pl_PL","og_type":"article","og_title":"Hotel z darmowym parkingiem Marghera - Hotel dwugwiazkowy Marghera","og_description":"Hotel z darmowym parkingiem w miejscowo\u015bci Marghera. Dwugwiazkowy hotel rodzinny z ogrodem pe\u0142nym kwiat\u00f3w, z kt\u00f3rego go\u015bcie mog\u0105 korzysta\u0107 w chwilach relaksu.","og_url":"https:\/\/www.villagraziella.com\/pl\/opis\/","og_site_name":"Villa Graziella","article_modified_time":"2019-11-28T10:41:16+00:00","twitter_misc":{"Szacowany czas czytania":"3 minuty"},"schema":{"@context":"https:\/\/schema.org","@graph":[{"@type":"WebPage","@id":"https:\/\/www.villagraziella.com\/pl\/opis\/","url":"https:\/\/www.villagraziella.com\/pl\/opis\/","name":"Hotel z darmowym parkingiem Marghera - Hotel dwugwiazkowy Marghera","isPartOf":{"@id":"https:\/\/www.villagraziella.com\/pl\/#website"},"datePublished":"2015-01-14T14:07:44+00:00","dateModified":"2019-11-28T10:41:16+00:00","description":"Hotel z darmowym parkingiem w miejscowo\u015bci Marghera. Dwugwiazkowy hotel rodzinny z ogrodem pe\u0142nym kwiat\u00f3w, z kt\u00f3rego go\u015bcie mog\u0105 korzysta\u0107 w chwilach relaksu.","breadcrumb":{"@id":"https:\/\/www.villagraziella.com\/pl\/opis\/#breadcrumb"},"inLanguage":"pl-PL","potentialAction":[{"@type":"ReadAction","target":["https:\/\/www.villagraziella.com\/pl\/opis\/"]}]},{"@type":"BreadcrumbList","@id":"https:\/\/www.villagraziella.com\/pl\/opis\/#breadcrumb","itemListElement":[{"@type":"ListItem","position":1,"name":"Home","item":"https:\/\/www.villagraziella.com\/pl\/"},{"@type":"ListItem","position":2,"name":"Opis"}]},{"@type":"WebSite","@id":"https:\/\/www.villagraziella.com\/pl\/#website","url":"https:\/\/www.villagraziella.com\/pl\/","name":"Villa Graziella","description":"","potentialAction":[{"@type":"SearchAction","target":{"@type":"EntryPoint","urlTemplate":"https:\/\/www.villagraziella.com\/pl\/?s={search_term_string}"},"query-input":{"@type":"PropertyValueSpecification","valueRequired":true,"valueName":"search_term_string"}}],"inLanguage":"pl-PL"}]}},"publishpress_future_action":{"enabled":false,"date":"2026-04-24 04:46:29","action":"change-status","newStatus":"draft","terms":[],"taxonomy":"translation_priority","extraData":[]},"publishpress_future_workflow_manual_trigger":{"enabledWorkflows":[]},"_links":{"self":[{"href":"https:\/\/www.villagraziella.com\/pl\/wp-json\/wp\/v2\/pages\/1243","targetHints":{"allow":["GET"]}}],"collection":[{"href":"https:\/\/www.villagraziella.com\/pl\/wp-json\/wp\/v2\/pages"}],"about":[{"href":"https:\/\/www.villagraziella.com\/pl\/wp-json\/wp\/v2\/types\/page"}],"author":[{"embeddable":true,"href":"https:\/\/www.villagraziella.com\/pl\/wp-json\/wp\/v2\/users\/24"}],"replies":[{"embeddable":true,"href":"https:\/\/www.villagraziella.com\/pl\/wp-json\/wp\/v2\/comments?post=1243"}],"version-history":[{"count":1,"href":"https:\/\/www.villagraziella.com\/pl\/wp-json\/wp\/v2\/pages\/1243\/revisions"}],"predecessor-version":[{"id":2523,"href":"https:\/\/www.villagraziella.com\/pl\/wp-json\/wp\/v2\/pages\/1243\/revisions\/2523"}],"wp:attachment":[{"href":"https:\/\/www.villagraziella.com\/pl\/wp-json\/wp\/v2\/media?parent=1243"}],"curies":[{"name":"wp","href":"https:\/\/api.w.org\/{rel}","templated":true}]}}