{"id":1335,"date":"2015-01-14T14:09:43","date_gmt":"2015-01-14T14:09:43","guid":{"rendered":"https:\/\/www.villagraziella.com\/recensioni-2\/"},"modified":"2018-06-27T14:30:07","modified_gmt":"2018-06-27T14:30:07","slug":"opinie","status":"publish","type":"page","link":"https:\/\/www.villagraziella.com\/pl\/opinie\/","title":{"rendered":"Opinie"},"content":{"rendered":"<div id=\"colonna-2\">\n<h1>Opinie<\/h1>\n<p>Zapoznaj si\u0119 z <strong>opiniami naszych go\u015bci<\/strong> opublikowanymi przez nich na najwa\u017cniejszych portalach recenzji on-line! Przypominamy, \u017ce tylko pod warunkiem  <strong>dokonania rezerwacji bezpo\u015brednio z naszej Strony G\u0142\u00f3wnej staniesz si\u0119 uprzywilejowanym podr\u00f3\u017cnikiem<\/strong>: nasz personel b\u0119dzie towarzyszy\u0142 Ci osobi\u015bcie przez ca\u0142y czas i b\u0119dziesz m\u00f3g\u0142 skorzysta\u0107 ze specjalnych taryf, ofert i promocji zarezerwowanych wy\u0142\u0105cznie dla Ciebie! Ponadto, je\u015bli dokonasz rezerwacji za po\u015brednictwem naszej Strony G\u0142\u00f3wnej, <strong> zostaniesz poproszony o napisanie w\u0142asnej wiarygodnej \u201eoficjalnej recenzji\u201d, poniewa\u017c \u015bci\u015ble zwi\u0105zanej z rzeczywist\u0105 rezerwacj\u0105<\/strong>. Dzi\u0119ki temu wniesiesz sw\u00f3j wk\u0142ad w podwy\u017cszanie jako\u015bci us\u0142ug oferowanych przez nas Tobie oraz wszystkim osobom podr\u00f3\u017cuj\u0105cym!<\/p>\n<link rel=\"stylesheet\" href=\"https:\/\/include.nozio.com\/dynamic\/css\/nozioreviewscss.css\" type=\"text\/css\" media=\"all\" \/>\n<div id=\"nozioreviewswidget\"><a href=\"\">Antica Villa Graziella - Venezia Marghera<\/a><\/div>\n<script type=\"text\/javascript\" src=\"https:\/\/include.nozio.com\/dynamic\/js\/jquery_tooltip.js\"><\/script>\n<script type=\"text\/javascript\" src=\"https:\/\/include.nozio.com\/dynamic\/js\/nozio_reviews.php?idsk=58044&amp;lang=it&amp;widgetwidth=600\"><\/script>\n<hr \/>\n<div id=\"TA_selfserveprop629\" class=\"TA_selfserveprop\">\n<ul id=\"wr0fFf\" class=\"TA_links QK5BHfhpWK\">\n<li id=\"HnSfBEr\" class=\"yTAyWT\">\n<a target=\"_blank\" href=\"https:\/\/www.tripadvisor.it\/\"><img decoding=\"async\" src=\"https:\/\/www.tripadvisor.it\/img\/cdsi\/img2\/branding\/150_logo-11900-2.png\" alt=\"TripAdvisor\"\/><\/a>\n<\/li>\n<\/ul>\n<\/div>\n<p><script src=\"https:\/\/www.jscache.com\/wejs?wtype=selfserveprop&amp;uniq=629&amp;locationId=563400&amp;lang=pl&amp;rating=true&amp;nreviews=5&amp;writereviewlink=true&amp;popIdx=true&amp;iswide=false&amp;border=true\"><\/script><\/p>\n<p><\/div><div id=\"colonna-1\"><\/p>\n<div class=\"colonnaofferte\">\n<div class=\"offers\"><\/p>\n<div id=\"offertespeciali\">\n<h2>Oferty specjalne<\/h2>\n<div class=\"flexslider\" style=\"width:268px;\"><ul class=\"slides\"><li><a href=\"https:\/\/www.villagraziella.com\/pl\/offers\/special-family-offer-stay-close-venice-3\/\"><img loading=\"lazy\" decoding=\"async\" width=\"268\" height=\"160\" src=\"https:\/\/www.villagraziella.com\/wp-content\/uploads\/2015\/02\/famiglia-268x160.jpg\" class=\"attachment-slider_medium size-slider_medium\" alt=\"\" \/><\/a><div class=\"flex-caption\"><div class=\"original-price price-all\"><\/div><div class=\"reducted-price price-all\"><\/div><div class=\"clear\"><\/div><div class=\"clear\"><\/div><div class=\"offer_title\"><a href=\"https:\/\/www.villagraziella.com\/pl\/offers\/special-family-offer-stay-close-venice-3\/\">Special &#8222;Family Offer&#8221; for your stay close to Venice<\/a><\/div><\/div><\/li><li><a href=\"https:\/\/www.villagraziella.com\/pl\/offers\/special-companies-try-2\/\"><img loading=\"lazy\" decoding=\"async\" width=\"268\" height=\"160\" src=\"https:\/\/www.villagraziella.com\/wp-content\/uploads\/2015\/01\/business-268x160.jpg\" class=\"attachment-slider_medium size-slider_medium\" alt=\"\" \/><\/a><div class=\"flex-caption\"><div class=\"original-price price-all\"><\/div><div class=\"reducted-price price-all\"><\/div><div class=\"clear\"><\/div><div class=\"clear\"><\/div><div class=\"offer_title\"><a href=\"https:\/\/www.villagraziella.com\/pl\/offers\/special-companies-try-2\/\">&#8222;OFFER for COMPANIES&#8221; near Venice<\/a><\/div><\/div><\/li><li><a href=\"https:\/\/www.villagraziella.com\/pl\/offers\/special-internet-rates-pl\/\"><img loading=\"lazy\" decoding=\"async\" width=\"268\" height=\"160\" src=\"https:\/\/www.villagraziella.com\/wp-content\/uploads\/2013\/09\/sanmarco-268x160.jpg\" class=\"attachment-slider_medium size-slider_medium\" alt=\"\" \/><\/a><div class=\"flex-caption\"><div class=\"original-price price-all\"><\/div><div class=\"reducted-price price-all\"><\/div><div class=\"clear\"><\/div><div class=\"clear\"><\/div><div class=\"offer_title\"><a href=\"https:\/\/www.villagraziella.com\/pl\/offers\/special-internet-rates-pl\/\">Special internet rates<\/a><\/div><\/div><\/li><\/ul><\/div>\n<p><a href=\"..\/oferty-specjalne\/\" title=\"Oferty specjalne\">Zobacz pe\u0142n\u0105 list\u0119<\/a><\/p>\n<\/div>\n<p><\/div><\/p><\/div>\n<p><\/div><\/p>\n","protected":false},"excerpt":{"rendered":"","protected":false},"author":24,"featured_media":0,"parent":0,"menu_order":0,"comment_status":"open","ping_status":"open","template":"page-monocolonna.php","meta":{"ngg_post_thumbnail":0,"footnotes":""},"class_list":["post-1335","page","type-page","status-publish","hentry"],"yoast_head":"<!-- This site is optimized with the Yoast SEO plugin v25.7 - https:\/\/yoast.com\/wordpress\/plugins\/seo\/ -->\n<title>Opinie - Villa Graziella<\/title>\n<meta name=\"description\" content=\"Opinie, Villa Graziella: dwugwiazdkowy hotel w miejscowosci Marghera, niedrogi i z dobrym dojazdem srodkami transportu publicznego do Wenecji.\" \/>\n<meta name=\"robots\" content=\"index, follow, max-snippet:-1, max-image-preview:large, max-video-preview:-1\" \/>\n<link rel=\"canonical\" href=\"https:\/\/www.villagraziella.com\/pl\/opinie\/\" \/>\n<meta property=\"og:locale\" content=\"pl_PL\" \/>\n<meta property=\"og:type\" content=\"article\" \/>\n<meta property=\"og:title\" content=\"Opinie - Villa Graziella\" \/>\n<meta property=\"og:description\" content=\"Opinie, Villa Graziella: dwugwiazdkowy hotel w miejscowosci Marghera, niedrogi i z dobrym dojazdem srodkami transportu publicznego do Wenecji.\" \/>\n<meta property=\"og:url\" content=\"https:\/\/www.villagraziella.com\/pl\/opinie\/\" \/>\n<meta property=\"og:site_name\" content=\"Villa Graziella\" \/>\n<meta property=\"article:modified_time\" content=\"2018-06-27T14:30:07+00:00\" \/>\n<meta property=\"og:image\" content=\"https:\/\/www.tripadvisor.it\/img\/cdsi\/img2\/branding\/150_logo-11900-2.png\" \/>\n<meta name=\"twitter:label1\" content=\"Szacowany czas czytania\" \/>\n\t<meta name=\"twitter:data1\" content=\"1 minuta\" \/>\n<script type=\"application\/ld+json\" class=\"yoast-schema-graph\">{\"@context\":\"https:\/\/schema.org\",\"@graph\":[{\"@type\":\"WebPage\",\"@id\":\"https:\/\/www.villagraziella.com\/pl\/opinie\/\",\"url\":\"https:\/\/www.villagraziella.com\/pl\/opinie\/\",\"name\":\"Opinie - Villa Graziella\",\"isPartOf\":{\"@id\":\"https:\/\/www.villagraziella.com\/pl\/#website\"},\"primaryImageOfPage\":{\"@id\":\"https:\/\/www.villagraziella.com\/pl\/opinie\/#primaryimage\"},\"image\":{\"@id\":\"https:\/\/www.villagraziella.com\/pl\/opinie\/#primaryimage\"},\"thumbnailUrl\":\"https:\/\/www.tripadvisor.it\/img\/cdsi\/img2\/branding\/150_logo-11900-2.png\",\"datePublished\":\"2015-01-14T14:09:43+00:00\",\"dateModified\":\"2018-06-27T14:30:07+00:00\",\"description\":\"Opinie, Villa Graziella: dwugwiazdkowy hotel w miejscowosci Marghera, niedrogi i z dobrym dojazdem srodkami transportu publicznego do Wenecji.\",\"breadcrumb\":{\"@id\":\"https:\/\/www.villagraziella.com\/pl\/opinie\/#breadcrumb\"},\"inLanguage\":\"pl-PL\",\"potentialAction\":[{\"@type\":\"ReadAction\",\"target\":[\"https:\/\/www.villagraziella.com\/pl\/opinie\/\"]}]},{\"@type\":\"ImageObject\",\"inLanguage\":\"pl-PL\",\"@id\":\"https:\/\/www.villagraziella.com\/pl\/opinie\/#primaryimage\",\"url\":\"https:\/\/www.tripadvisor.it\/img\/cdsi\/img2\/branding\/150_logo-11900-2.png\",\"contentUrl\":\"https:\/\/www.tripadvisor.it\/img\/cdsi\/img2\/branding\/150_logo-11900-2.png\"},{\"@type\":\"BreadcrumbList\",\"@id\":\"https:\/\/www.villagraziella.com\/pl\/opinie\/#breadcrumb\",\"itemListElement\":[{\"@type\":\"ListItem\",\"position\":1,\"name\":\"Home\",\"item\":\"https:\/\/www.villagraziella.com\/pl\/\"},{\"@type\":\"ListItem\",\"position\":2,\"name\":\"Opinie\"}]},{\"@type\":\"WebSite\",\"@id\":\"https:\/\/www.villagraziella.com\/pl\/#website\",\"url\":\"https:\/\/www.villagraziella.com\/pl\/\",\"name\":\"Villa Graziella\",\"description\":\"\",\"potentialAction\":[{\"@type\":\"SearchAction\",\"target\":{\"@type\":\"EntryPoint\",\"urlTemplate\":\"https:\/\/www.villagraziella.com\/pl\/?s={search_term_string}\"},\"query-input\":{\"@type\":\"PropertyValueSpecification\",\"valueRequired\":true,\"valueName\":\"search_term_string\"}}],\"inLanguage\":\"pl-PL\"}]}<\/script>\n<!-- \/ Yoast SEO plugin. -->","yoast_head_json":{"title":"Opinie - Villa Graziella","description":"Opinie, Villa Graziella: dwugwiazdkowy hotel w miejscowosci Marghera, niedrogi i z dobrym dojazdem srodkami transportu publicznego do Wenecji.","robots":{"index":"index","follow":"follow","max-snippet":"max-snippet:-1","max-image-preview":"max-image-preview:large","max-video-preview":"max-video-preview:-1"},"canonical":"https:\/\/www.villagraziella.com\/pl\/opinie\/","og_locale":"pl_PL","og_type":"article","og_title":"Opinie - Villa Graziella","og_description":"Opinie, Villa Graziella: dwugwiazdkowy hotel w miejscowosci Marghera, niedrogi i z dobrym dojazdem srodkami transportu publicznego do Wenecji.","og_url":"https:\/\/www.villagraziella.com\/pl\/opinie\/","og_site_name":"Villa Graziella","article_modified_time":"2018-06-27T14:30:07+00:00","og_image":[{"url":"https:\/\/www.tripadvisor.it\/img\/cdsi\/img2\/branding\/150_logo-11900-2.png","type":"","width":"","height":""}],"twitter_misc":{"Szacowany czas czytania":"1 minuta"},"schema":{"@context":"https:\/\/schema.org","@graph":[{"@type":"WebPage","@id":"https:\/\/www.villagraziella.com\/pl\/opinie\/","url":"https:\/\/www.villagraziella.com\/pl\/opinie\/","name":"Opinie - Villa Graziella","isPartOf":{"@id":"https:\/\/www.villagraziella.com\/pl\/#website"},"primaryImageOfPage":{"@id":"https:\/\/www.villagraziella.com\/pl\/opinie\/#primaryimage"},"image":{"@id":"https:\/\/www.villagraziella.com\/pl\/opinie\/#primaryimage"},"thumbnailUrl":"https:\/\/www.tripadvisor.it\/img\/cdsi\/img2\/branding\/150_logo-11900-2.png","datePublished":"2015-01-14T14:09:43+00:00","dateModified":"2018-06-27T14:30:07+00:00","description":"Opinie, Villa Graziella: dwugwiazdkowy hotel w miejscowosci Marghera, niedrogi i z dobrym dojazdem srodkami transportu publicznego do Wenecji.","breadcrumb":{"@id":"https:\/\/www.villagraziella.com\/pl\/opinie\/#breadcrumb"},"inLanguage":"pl-PL","potentialAction":[{"@type":"ReadAction","target":["https:\/\/www.villagraziella.com\/pl\/opinie\/"]}]},{"@type":"ImageObject","inLanguage":"pl-PL","@id":"https:\/\/www.villagraziella.com\/pl\/opinie\/#primaryimage","url":"https:\/\/www.tripadvisor.it\/img\/cdsi\/img2\/branding\/150_logo-11900-2.png","contentUrl":"https:\/\/www.tripadvisor.it\/img\/cdsi\/img2\/branding\/150_logo-11900-2.png"},{"@type":"BreadcrumbList","@id":"https:\/\/www.villagraziella.com\/pl\/opinie\/#breadcrumb","itemListElement":[{"@type":"ListItem","position":1,"name":"Home","item":"https:\/\/www.villagraziella.com\/pl\/"},{"@type":"ListItem","position":2,"name":"Opinie"}]},{"@type":"WebSite","@id":"https:\/\/www.villagraziella.com\/pl\/#website","url":"https:\/\/www.villagraziella.com\/pl\/","name":"Villa Graziella","description":"","potentialAction":[{"@type":"SearchAction","target":{"@type":"EntryPoint","urlTemplate":"https:\/\/www.villagraziella.com\/pl\/?s={search_term_string}"},"query-input":{"@type":"PropertyValueSpecification","valueRequired":true,"valueName":"search_term_string"}}],"inLanguage":"pl-PL"}]}},"publishpress_future_action":{"enabled":false,"date":"2026-05-06 08:31:23","action":"change-status","newStatus":"draft","terms":[],"taxonomy":"translation_priority","extraData":[]},"publishpress_future_workflow_manual_trigger":{"enabledWorkflows":[]},"_links":{"self":[{"href":"https:\/\/www.villagraziella.com\/pl\/wp-json\/wp\/v2\/pages\/1335","targetHints":{"allow":["GET"]}}],"collection":[{"href":"https:\/\/www.villagraziella.com\/pl\/wp-json\/wp\/v2\/pages"}],"about":[{"href":"https:\/\/www.villagraziella.com\/pl\/wp-json\/wp\/v2\/types\/page"}],"author":[{"embeddable":true,"href":"https:\/\/www.villagraziella.com\/pl\/wp-json\/wp\/v2\/users\/24"}],"replies":[{"embeddable":true,"href":"https:\/\/www.villagraziella.com\/pl\/wp-json\/wp\/v2\/comments?post=1335"}],"version-history":[{"count":1,"href":"https:\/\/www.villagraziella.com\/pl\/wp-json\/wp\/v2\/pages\/1335\/revisions"}],"predecessor-version":[{"id":2426,"href":"https:\/\/www.villagraziella.com\/pl\/wp-json\/wp\/v2\/pages\/1335\/revisions\/2426"}],"wp:attachment":[{"href":"https:\/\/www.villagraziella.com\/pl\/wp-json\/wp\/v2\/media?parent=1335"}],"curies":[{"name":"wp","href":"https:\/\/api.w.org\/{rel}","templated":true}]}}