{"id":1439,"date":"2015-01-14T14:09:25","date_gmt":"2015-01-14T14:09:25","guid":{"rendered":"https:\/\/www.villagraziella.com\/camere-2\/"},"modified":"2023-10-26T12:20:44","modified_gmt":"2023-10-26T12:20:44","slug":"pokoje","status":"publish","type":"page","link":"https:\/\/www.villagraziella.com\/pl\/pokoje\/","title":{"rendered":"Pokoje"},"content":{"rendered":"<div id=\"colonna-2\">\n<h1>Pokoje<\/h1>\n<p><strong>14 pokoi<\/strong> o standardzie wy\u017cszym ni\u017c oferowane przez <strong>dwugwiazdkowe hotele w Mestre<\/strong> podejmuj\u0105 go\u015bci <strong>Antica Villa Graziella<\/strong> na najprzyjemniejszy z pobyt\u00f3w w <strong>hotelu w Wenecji<\/strong>.<\/p>\n<p>Pokoje wygodne i jasne goszcz\u0105 od jednej do dwa os\u00f3b w r\u00f3\u017cnych wariantach, wszystkie dostarczaj\u0105 najwy\u017cszych wyg\u00f3d (osobne \u0142\u00f3\u017cka tylko na \u017c\u0105danie go\u015bci).  <strong>Klimatyzacja<\/strong> z automatyczn\u0105 regulacj\u0105, <strong>osobna \u0142azienka<\/strong> z prysznicem i suszarka\u02db do w?os\u00f3w, Internetu Wi-Fi, elektroniczny sejf, TV i bezpos\u00b4redni telefon gwarantuja\u02db gos\u00b4ciom hotelu Antica Villa Graziella rzeczywis\u00b4cie przyjemne i urlop, i weekend.<\/p>\n<h2>Nasze pokoje<\/h2>\n<div class=\"camere\">\n<div class=\"immagini\"><!-- index.php -->\n<div\n\tclass=\"ngg-galleryoverview ngg-ajax-pagination-none\"\n\tid=\"ngg-gallery-550e8aa23d2c04e9f2773d979c3f3951-1\">\n\n    \t<div class=\"slideshowlink\">\n        <a href='https:\/\/www.villagraziella.com\/pl\/offers\/special-internet-rates-pl\/nggallery\/slideshow'>[Show as slideshow]<\/a>\n\t\t\n\t<\/div>\n\t\t\t<!-- Thumbnails -->\n\t\t\t\t<div id=\"ngg-image-0\" class=\"ngg-gallery-thumbnail-box\" >\n\t\t\t\t        <div class=\"ngg-gallery-thumbnail\">\n            <a href=\"https:\/\/www.villagraziella.com\/wp-content\/gallery\/doppia-uso-singola\/DSC_1763.JPG\"\n               title=\"\"\n               data-src=\"https:\/\/www.villagraziella.com\/wp-content\/gallery\/doppia-uso-singola\/DSC_1763.JPG\"\n               data-thumbnail=\"https:\/\/www.villagraziella.com\/wp-content\/gallery\/doppia-uso-singola\/thumbs\/thumbs_DSC_1763.JPG\"\n               data-image-id=\"119\"\n               data-title=\"DSC_1763\"\n               data-description=\"\"\n               data-image-slug=\"dsc_1763\"\n               class='thickbox' rel='550e8aa23d2c04e9f2773d979c3f3951'>\n                <img\n                    title=\"DSC_1763\"\n                    alt=\"DSC_1763\"\n                    src=\"https:\/\/www.villagraziella.com\/wp-content\/gallery\/doppia-uso-singola\/thumbs\/thumbs_DSC_1763.JPG\"\n                    width=\"140\"\n                    height=\"140\"\n                    style=\"max-width:100%;\"\n                \/>\n            <\/a>\n        <\/div>\n\t\t\t\t\t\t\t<\/div> \n\t\t\t\n        \n\t\t\t\t<div id=\"ngg-image-1\" class=\"ngg-gallery-thumbnail-box\" >\n\t\t\t\t        <div class=\"ngg-gallery-thumbnail\">\n            <a href=\"https:\/\/www.villagraziella.com\/wp-content\/gallery\/doppia-uso-singola\/DSC_1784brusy.jpg\"\n               title=\"\"\n               data-src=\"https:\/\/www.villagraziella.com\/wp-content\/gallery\/doppia-uso-singola\/DSC_1784brusy.jpg\"\n               data-thumbnail=\"https:\/\/www.villagraziella.com\/wp-content\/gallery\/doppia-uso-singola\/thumbs\/thumbs_DSC_1784brusy.jpg\"\n               data-image-id=\"120\"\n               data-title=\"DSC_1784brusy\"\n               data-description=\"\"\n               data-image-slug=\"dsc_1784brusy\"\n               class='thickbox' rel='550e8aa23d2c04e9f2773d979c3f3951'>\n                <img\n                    title=\"DSC_1784brusy\"\n                    alt=\"DSC_1784brusy\"\n                    src=\"https:\/\/www.villagraziella.com\/wp-content\/gallery\/doppia-uso-singola\/thumbs\/thumbs_DSC_1784brusy.jpg\"\n                    width=\"140\"\n                    height=\"140\"\n                    style=\"max-width:100%;\"\n                \/>\n            <\/a>\n        <\/div>\n\t\t\t\t\t\t\t<\/div> \n\t\t\t\n        \n\t\t\n\t\t<!-- Pagination -->\n\t<div class='ngg-clear'><\/div>\t<\/div>\n<\/div>\n<h3>Pok\u00f3j dwuosobowy do jednoosobowego u\u017cytku<\/h3>\n<p>Klasycznie urz\u0105dzony standardowy pok\u00f3j z w\u0142asn\u0105 \u0142azienk\u0105, z jednym wi\u0119kszym \u0142\u00f3\u017ckiem; niedu\u017cy, ale o du\u017cym komforcie.<br \/>\nWyposa\u017cenie obejmuje: mi\u0119kkie r\u0119czniki frotte, \u0142\u0105czno\u015b\u0107 Wi-Fi, regulowane klimatyzacj\u0119\/ogrzewanie, telewizor z p\u0142askim ekranem (kana\u0142y satelitarne), telefon z niezale\u017cn\u0105 bezpo\u015bredni\u0105 lini\u0105, sejf.<br \/>\nWymiary \u0142\u00f3\u017cka: 1 ma\u0142e \u0142\u00f3\u017cko podw\u00f3jne (140 cm x 195 cm)<\/p>\n<p><a class=\"pulsante\" href=\"https:\/\/book2.nozio.com\/accommodation\/list?channelId=10e8dca1-0865-4eee-8fb8-424514de7698&amp;culture=pl\">Zarezerwuj ju\u017c teraz<\/a><\/p>\n<\/div>\n<div class=\"camere\">\n<div class=\"immagini\"><!-- index.php -->\n<div\n\tclass=\"ngg-galleryoverview ngg-ajax-pagination-none\"\n\tid=\"ngg-gallery-6afc97dfc1faf2706e50449e7bcad485-1\">\n\n    \t<div class=\"slideshowlink\">\n        <a href='https:\/\/www.villagraziella.com\/pl\/offers\/special-internet-rates-pl\/nggallery\/slideshow'>[Show as slideshow]<\/a>\n\t\t\n\t<\/div>\n\t\t\t<!-- Thumbnails -->\n\t\t\t\t<div id=\"ngg-image-0\" class=\"ngg-gallery-thumbnail-box\" >\n\t\t\t\t        <div class=\"ngg-gallery-thumbnail\">\n            <a href=\"https:\/\/www.villagraziella.com\/wp-content\/gallery\/matrimoniale\/3.jpg\"\n               title=\"\"\n               data-src=\"https:\/\/www.villagraziella.com\/wp-content\/gallery\/matrimoniale\/3.jpg\"\n               data-thumbnail=\"https:\/\/www.villagraziella.com\/wp-content\/gallery\/matrimoniale\/thumbs\/thumbs_3.jpg\"\n               data-image-id=\"5\"\n               data-title=\"3\"\n               data-description=\"\"\n               data-image-slug=\"3\"\n               class='thickbox' rel='6afc97dfc1faf2706e50449e7bcad485'>\n                <img\n                    title=\"3\"\n                    alt=\"3\"\n                    src=\"https:\/\/www.villagraziella.com\/wp-content\/gallery\/matrimoniale\/thumbs\/thumbs_3.jpg\"\n                    width=\"140\"\n                    height=\"140\"\n                    style=\"max-width:100%;\"\n                \/>\n            <\/a>\n        <\/div>\n\t\t\t\t\t\t\t<\/div> \n\t\t\t\n        \n\t\t\t\t<div id=\"ngg-image-1\" class=\"ngg-gallery-thumbnail-box\" >\n\t\t\t\t        <div class=\"ngg-gallery-thumbnail\">\n            <a href=\"https:\/\/www.villagraziella.com\/wp-content\/gallery\/matrimoniale\/1.jpg\"\n               title=\"\"\n               data-src=\"https:\/\/www.villagraziella.com\/wp-content\/gallery\/matrimoniale\/1.jpg\"\n               data-thumbnail=\"https:\/\/www.villagraziella.com\/wp-content\/gallery\/matrimoniale\/thumbs\/thumbs_1.jpg\"\n               data-image-id=\"1\"\n               data-title=\"1\"\n               data-description=\"\"\n               data-image-slug=\"1\"\n               class='thickbox' rel='6afc97dfc1faf2706e50449e7bcad485'>\n                <img\n                    title=\"1\"\n                    alt=\"1\"\n                    src=\"https:\/\/www.villagraziella.com\/wp-content\/gallery\/matrimoniale\/thumbs\/thumbs_1.jpg\"\n                    width=\"140\"\n                    height=\"140\"\n                    style=\"max-width:100%;\"\n                \/>\n            <\/a>\n        <\/div>\n\t\t\t\t\t\t\t<\/div> \n\t\t\t\n        \n\t\t\t\t<div id=\"ngg-image-2\" class=\"ngg-gallery-thumbnail-box\" >\n\t\t\t\t        <div class=\"ngg-gallery-thumbnail\">\n            <a href=\"https:\/\/www.villagraziella.com\/wp-content\/gallery\/matrimoniale\/1-1.jpg\"\n               title=\"\"\n               data-src=\"https:\/\/www.villagraziella.com\/wp-content\/gallery\/matrimoniale\/1-1.jpg\"\n               data-thumbnail=\"https:\/\/www.villagraziella.com\/wp-content\/gallery\/matrimoniale\/thumbs\/thumbs_1-1.jpg\"\n               data-image-id=\"3\"\n               data-title=\"1-1\"\n               data-description=\"\"\n               data-image-slug=\"1-1\"\n               class='thickbox' rel='6afc97dfc1faf2706e50449e7bcad485'>\n                <img\n                    title=\"1-1\"\n                    alt=\"1-1\"\n                    src=\"https:\/\/www.villagraziella.com\/wp-content\/gallery\/matrimoniale\/thumbs\/thumbs_1-1.jpg\"\n                    width=\"140\"\n                    height=\"140\"\n                    style=\"max-width:100%;\"\n                \/>\n            <\/a>\n        <\/div>\n\t\t\t\t\t\t\t<\/div> \n\t\t\t\n        \n\t\t\t\t<div id=\"ngg-image-3\" class=\"ngg-gallery-thumbnail-box\" >\n\t\t\t\t        <div class=\"ngg-gallery-thumbnail\">\n            <a href=\"https:\/\/www.villagraziella.com\/wp-content\/gallery\/matrimoniale\/2-1.jpg\"\n               title=\"\"\n               data-src=\"https:\/\/www.villagraziella.com\/wp-content\/gallery\/matrimoniale\/2-1.jpg\"\n               data-thumbnail=\"https:\/\/www.villagraziella.com\/wp-content\/gallery\/matrimoniale\/thumbs\/thumbs_2-1.jpg\"\n               data-image-id=\"4\"\n               data-title=\"2-1\"\n               data-description=\"\"\n               data-image-slug=\"2-1\"\n               class='thickbox' rel='6afc97dfc1faf2706e50449e7bcad485'>\n                <img\n                    title=\"2-1\"\n                    alt=\"2-1\"\n                    src=\"https:\/\/www.villagraziella.com\/wp-content\/gallery\/matrimoniale\/thumbs\/thumbs_2-1.jpg\"\n                    width=\"140\"\n                    height=\"140\"\n                    style=\"max-width:100%;\"\n                \/>\n            <\/a>\n        <\/div>\n\t\t\t\t\t\t\t<\/div> \n\t\t\t\n        \n\t\t\t\t<div id=\"ngg-image-4\" class=\"ngg-gallery-thumbnail-box\" >\n\t\t\t\t        <div class=\"ngg-gallery-thumbnail\">\n            <a href=\"https:\/\/www.villagraziella.com\/wp-content\/gallery\/matrimoniale\/2.jpg\"\n               title=\"\"\n               data-src=\"https:\/\/www.villagraziella.com\/wp-content\/gallery\/matrimoniale\/2.jpg\"\n               data-thumbnail=\"https:\/\/www.villagraziella.com\/wp-content\/gallery\/matrimoniale\/thumbs\/thumbs_2.jpg\"\n               data-image-id=\"2\"\n               data-title=\"2\"\n               data-description=\"\"\n               data-image-slug=\"2\"\n               class='thickbox' rel='6afc97dfc1faf2706e50449e7bcad485'>\n                <img\n                    title=\"2\"\n                    alt=\"2\"\n                    src=\"https:\/\/www.villagraziella.com\/wp-content\/gallery\/matrimoniale\/thumbs\/thumbs_2.jpg\"\n                    width=\"140\"\n                    height=\"140\"\n                    style=\"max-width:100%;\"\n                \/>\n            <\/a>\n        <\/div>\n\t\t\t\t\t\t\t<\/div> \n\t\t\t\n        \n\t\t\t\t<div id=\"ngg-image-5\" class=\"ngg-gallery-thumbnail-box\" >\n\t\t\t\t        <div class=\"ngg-gallery-thumbnail\">\n            <a href=\"https:\/\/www.villagraziella.com\/wp-content\/gallery\/matrimoniale\/3-1.jpg\"\n               title=\"\"\n               data-src=\"https:\/\/www.villagraziella.com\/wp-content\/gallery\/matrimoniale\/3-1.jpg\"\n               data-thumbnail=\"https:\/\/www.villagraziella.com\/wp-content\/gallery\/matrimoniale\/thumbs\/thumbs_3-1.jpg\"\n               data-image-id=\"6\"\n               data-title=\"3-1\"\n               data-description=\"\"\n               data-image-slug=\"3-1\"\n               class='thickbox' rel='6afc97dfc1faf2706e50449e7bcad485'>\n                <img\n                    title=\"3-1\"\n                    alt=\"3-1\"\n                    src=\"https:\/\/www.villagraziella.com\/wp-content\/gallery\/matrimoniale\/thumbs\/thumbs_3-1.jpg\"\n                    width=\"140\"\n                    height=\"140\"\n                    style=\"max-width:100%;\"\n                \/>\n            <\/a>\n        <\/div>\n\t\t\t\t\t\t\t<\/div> \n\t\t\t\n        \n\t\t\n\t\t<!-- Pagination -->\n\t<div class='ngg-clear'><\/div>\t<\/div>\n<\/div>\n<h3>Pok\u00f3j z \u0142\u00f3\u017ckiem dwuosobowym\/Pok\u00f3j z dwoma \u0142\u00f3\u017ckami<\/h3>\n<p>Klasycznie urz\u0105dzony standardowy pok\u00f3j z w\u0142asn\u0105 \u0142azienk\u0105 i podw\u00f3jnym \u0142\u00f3\u017ckiem (typu king size) lub dwoma \u0142\u00f3\u017ckami pojedynczymi.<br \/>\nPrzytulny, s\u0142oneczny, wyposa\u017cony w mi\u0119kkie r\u0119czniki frotte, \u0142\u0105czno\u015b\u0107 Wi-Fi, regulowane klimatyzacj\u0119 i ogrzewanie, telewizor z p\u0142askim ekranem (kana\u0142y satelitarne), telefon i sejf.<br \/>\nWymiary \u0142\u00f3\u017cka: 1 \u0142\u00f3\u017cko podw\u00f3jne (200 cm x 170 cm) lub 2 \u0142\u00f3\u017cka pojedyncze (200 cm x 85 cm).<\/p>\n<p><a class=\"pulsante\" href=\"https:\/\/book2.nozio.com\/accommodation\/list?channelId=10e8dca1-0865-4eee-8fb8-424514de7698&amp;culture=pl\">Zarezerwuj ju\u017c teraz<\/a><\/p>\n<\/div>\n<hr>\n<p><\/div><div id=\"colonna-1\"><\/p>\n<div class=\"colonnaofferte\">\n<div class=\"offers\"><\/p>\n<div id=\"offertespeciali\">\n<h2>Oferty specjalne<\/h2>\n<div class=\"flexslider\" style=\"width:268px;\"><ul class=\"slides\"><li><a href=\"https:\/\/www.villagraziella.com\/pl\/offers\/special-family-offer-stay-close-venice-3\/\"><img loading=\"lazy\" decoding=\"async\" width=\"268\" height=\"160\" src=\"https:\/\/www.villagraziella.com\/wp-content\/uploads\/2015\/02\/famiglia-268x160.jpg\" class=\"attachment-slider_medium size-slider_medium\" alt=\"\" \/><\/a><div class=\"flex-caption\"><div class=\"original-price price-all\"><\/div><div class=\"reducted-price price-all\"><\/div><div class=\"clear\"><\/div><div class=\"clear\"><\/div><div class=\"offer_title\"><a href=\"https:\/\/www.villagraziella.com\/pl\/offers\/special-family-offer-stay-close-venice-3\/\">Special &#8222;Family Offer&#8221; for your stay close to Venice<\/a><\/div><\/div><\/li><li><a href=\"https:\/\/www.villagraziella.com\/pl\/offers\/special-companies-try-2\/\"><img loading=\"lazy\" decoding=\"async\" width=\"268\" height=\"160\" src=\"https:\/\/www.villagraziella.com\/wp-content\/uploads\/2015\/01\/business-268x160.jpg\" class=\"attachment-slider_medium size-slider_medium\" alt=\"\" \/><\/a><div class=\"flex-caption\"><div class=\"original-price price-all\"><\/div><div class=\"reducted-price price-all\"><\/div><div class=\"clear\"><\/div><div class=\"clear\"><\/div><div class=\"offer_title\"><a href=\"https:\/\/www.villagraziella.com\/pl\/offers\/special-companies-try-2\/\">&#8222;OFFER for COMPANIES&#8221; near Venice<\/a><\/div><\/div><\/li><li><a href=\"https:\/\/www.villagraziella.com\/pl\/offers\/special-internet-rates-pl\/\"><img loading=\"lazy\" decoding=\"async\" width=\"268\" height=\"160\" src=\"https:\/\/www.villagraziella.com\/wp-content\/uploads\/2013\/09\/sanmarco-268x160.jpg\" class=\"attachment-slider_medium size-slider_medium\" alt=\"\" \/><\/a><div class=\"flex-caption\"><div class=\"original-price price-all\"><\/div><div class=\"reducted-price price-all\"><\/div><div class=\"clear\"><\/div><div class=\"clear\"><\/div><div class=\"offer_title\"><a href=\"https:\/\/www.villagraziella.com\/pl\/offers\/special-internet-rates-pl\/\">Special internet rates<\/a><\/div><\/div><\/li><\/ul><\/div>\n<p><a href=\"oferty-specjalne\/\" title=\"Oferty specjalne\">Zobacz pe\u0142n\u0105 list\u0119<\/a><\/p>\n<\/div>\n<p><\/div><\/p>\n<\/div>\n<div class=\"box\">\n<div class=\"illustrazioneuno\"><\/p>\n<h3>Quick info<\/h3>\n<p><strong>Recepcja i parking hotelu Antica Villa Graziella s\u0105 otwarte od si\u00f3dmej rano do p\u00f3\u0142nocy.<br \/>\nZAKWATEROWANIE od godziny 14:00 do 24:00 (Je\u015bli chcecie przyjecha\u0107 p\u00f3\u017aniej, uprzed\u017acie nas!)<br \/>\nWYJAZDY do godziny 11:00<\/strong><\/p>\n<p>Po przyje\u017adzie i przed wyjazdem mo\u017cecie zostawi\u0107 swoje baga\u017ce w hotelu i w samochodzie przy ulicy naprzeciwko bez \u017cadnej dodatkowej op\u0142aty &#8211; w ten spos\u00f3b b\u0119dziecie mogli sp\u0119dzi\u0107 ca\u0142y dzie\u0144 w Wenecji i wr\u00f3ci\u0107 po po\u0142udniu.<\/p>\n<p><\/div><\/p>\n<\/div>\n<p><\/div><\/p>\n","protected":false},"excerpt":{"rendered":"","protected":false},"author":24,"featured_media":0,"parent":0,"menu_order":0,"comment_status":"open","ping_status":"open","template":"page-monocolonna.php","meta":{"ngg_post_thumbnail":0,"footnotes":""},"class_list":["post-1439","page","type-page","status-publish","hentry"],"yoast_head":"<!-- This site is optimized with the Yoast SEO plugin v25.7 - https:\/\/yoast.com\/wordpress\/plugins\/seo\/ -->\n<title>Pokoje - Villa Graziella<\/title>\n<meta name=\"description\" content=\"Pokoje, Villa Graziella: dwugwiazdkowy hotel w miejscowo\u015bci Marghera, niedrogi i z dobrym dojazdem \u015brodkami transportu publicznego do Wenecji.\" \/>\n<meta name=\"robots\" content=\"index, follow, max-snippet:-1, max-image-preview:large, max-video-preview:-1\" \/>\n<link rel=\"canonical\" href=\"https:\/\/www.villagraziella.com\/pl\/pokoje\/\" \/>\n<meta property=\"og:locale\" content=\"pl_PL\" \/>\n<meta property=\"og:type\" content=\"article\" \/>\n<meta property=\"og:title\" content=\"Pokoje - Villa Graziella\" \/>\n<meta property=\"og:description\" content=\"Pokoje, Villa Graziella: dwugwiazdkowy hotel w miejscowo\u015bci Marghera, niedrogi i z dobrym dojazdem \u015brodkami transportu publicznego do Wenecji.\" \/>\n<meta property=\"og:url\" content=\"https:\/\/www.villagraziella.com\/pl\/pokoje\/\" \/>\n<meta property=\"og:site_name\" content=\"Villa Graziella\" \/>\n<meta property=\"article:modified_time\" content=\"2023-10-26T12:20:44+00:00\" \/>\n<meta name=\"twitter:label1\" content=\"Szacowany czas czytania\" \/>\n\t<meta name=\"twitter:data1\" content=\"2 minuty\" \/>\n<script type=\"application\/ld+json\" class=\"yoast-schema-graph\">{\"@context\":\"https:\/\/schema.org\",\"@graph\":[{\"@type\":\"WebPage\",\"@id\":\"https:\/\/www.villagraziella.com\/pl\/pokoje\/\",\"url\":\"https:\/\/www.villagraziella.com\/pl\/pokoje\/\",\"name\":\"Pokoje - Villa Graziella\",\"isPartOf\":{\"@id\":\"https:\/\/www.villagraziella.com\/pl\/#website\"},\"datePublished\":\"2015-01-14T14:09:25+00:00\",\"dateModified\":\"2023-10-26T12:20:44+00:00\",\"description\":\"Pokoje, Villa Graziella: dwugwiazdkowy hotel w miejscowo\u015bci Marghera, niedrogi i z dobrym dojazdem \u015brodkami transportu publicznego do Wenecji.\",\"breadcrumb\":{\"@id\":\"https:\/\/www.villagraziella.com\/pl\/pokoje\/#breadcrumb\"},\"inLanguage\":\"pl-PL\",\"potentialAction\":[{\"@type\":\"ReadAction\",\"target\":[\"https:\/\/www.villagraziella.com\/pl\/pokoje\/\"]}]},{\"@type\":\"BreadcrumbList\",\"@id\":\"https:\/\/www.villagraziella.com\/pl\/pokoje\/#breadcrumb\",\"itemListElement\":[{\"@type\":\"ListItem\",\"position\":1,\"name\":\"Home\",\"item\":\"https:\/\/www.villagraziella.com\/pl\/\"},{\"@type\":\"ListItem\",\"position\":2,\"name\":\"Pokoje\"}]},{\"@type\":\"WebSite\",\"@id\":\"https:\/\/www.villagraziella.com\/pl\/#website\",\"url\":\"https:\/\/www.villagraziella.com\/pl\/\",\"name\":\"Villa Graziella\",\"description\":\"\",\"potentialAction\":[{\"@type\":\"SearchAction\",\"target\":{\"@type\":\"EntryPoint\",\"urlTemplate\":\"https:\/\/www.villagraziella.com\/pl\/?s={search_term_string}\"},\"query-input\":{\"@type\":\"PropertyValueSpecification\",\"valueRequired\":true,\"valueName\":\"search_term_string\"}}],\"inLanguage\":\"pl-PL\"}]}<\/script>\n<!-- \/ Yoast SEO plugin. -->","yoast_head_json":{"title":"Pokoje - Villa Graziella","description":"Pokoje, Villa Graziella: dwugwiazdkowy hotel w miejscowo\u015bci Marghera, niedrogi i z dobrym dojazdem \u015brodkami transportu publicznego do Wenecji.","robots":{"index":"index","follow":"follow","max-snippet":"max-snippet:-1","max-image-preview":"max-image-preview:large","max-video-preview":"max-video-preview:-1"},"canonical":"https:\/\/www.villagraziella.com\/pl\/pokoje\/","og_locale":"pl_PL","og_type":"article","og_title":"Pokoje - Villa Graziella","og_description":"Pokoje, Villa Graziella: dwugwiazdkowy hotel w miejscowo\u015bci Marghera, niedrogi i z dobrym dojazdem \u015brodkami transportu publicznego do Wenecji.","og_url":"https:\/\/www.villagraziella.com\/pl\/pokoje\/","og_site_name":"Villa Graziella","article_modified_time":"2023-10-26T12:20:44+00:00","twitter_misc":{"Szacowany czas czytania":"2 minuty"},"schema":{"@context":"https:\/\/schema.org","@graph":[{"@type":"WebPage","@id":"https:\/\/www.villagraziella.com\/pl\/pokoje\/","url":"https:\/\/www.villagraziella.com\/pl\/pokoje\/","name":"Pokoje - Villa Graziella","isPartOf":{"@id":"https:\/\/www.villagraziella.com\/pl\/#website"},"datePublished":"2015-01-14T14:09:25+00:00","dateModified":"2023-10-26T12:20:44+00:00","description":"Pokoje, Villa Graziella: dwugwiazdkowy hotel w miejscowo\u015bci Marghera, niedrogi i z dobrym dojazdem \u015brodkami transportu publicznego do Wenecji.","breadcrumb":{"@id":"https:\/\/www.villagraziella.com\/pl\/pokoje\/#breadcrumb"},"inLanguage":"pl-PL","potentialAction":[{"@type":"ReadAction","target":["https:\/\/www.villagraziella.com\/pl\/pokoje\/"]}]},{"@type":"BreadcrumbList","@id":"https:\/\/www.villagraziella.com\/pl\/pokoje\/#breadcrumb","itemListElement":[{"@type":"ListItem","position":1,"name":"Home","item":"https:\/\/www.villagraziella.com\/pl\/"},{"@type":"ListItem","position":2,"name":"Pokoje"}]},{"@type":"WebSite","@id":"https:\/\/www.villagraziella.com\/pl\/#website","url":"https:\/\/www.villagraziella.com\/pl\/","name":"Villa Graziella","description":"","potentialAction":[{"@type":"SearchAction","target":{"@type":"EntryPoint","urlTemplate":"https:\/\/www.villagraziella.com\/pl\/?s={search_term_string}"},"query-input":{"@type":"PropertyValueSpecification","valueRequired":true,"valueName":"search_term_string"}}],"inLanguage":"pl-PL"}]}},"publishpress_future_action":{"enabled":false,"date":"2026-05-03 14:37:04","action":"change-status","newStatus":"draft","terms":[],"taxonomy":"translation_priority","extraData":[]},"publishpress_future_workflow_manual_trigger":{"enabledWorkflows":[]},"_links":{"self":[{"href":"https:\/\/www.villagraziella.com\/pl\/wp-json\/wp\/v2\/pages\/1439","targetHints":{"allow":["GET"]}}],"collection":[{"href":"https:\/\/www.villagraziella.com\/pl\/wp-json\/wp\/v2\/pages"}],"about":[{"href":"https:\/\/www.villagraziella.com\/pl\/wp-json\/wp\/v2\/types\/page"}],"author":[{"embeddable":true,"href":"https:\/\/www.villagraziella.com\/pl\/wp-json\/wp\/v2\/users\/24"}],"replies":[{"embeddable":true,"href":"https:\/\/www.villagraziella.com\/pl\/wp-json\/wp\/v2\/comments?post=1439"}],"version-history":[{"count":7,"href":"https:\/\/www.villagraziella.com\/pl\/wp-json\/wp\/v2\/pages\/1439\/revisions"}],"predecessor-version":[{"id":2611,"href":"https:\/\/www.villagraziella.com\/pl\/wp-json\/wp\/v2\/pages\/1439\/revisions\/2611"}],"wp:attachment":[{"href":"https:\/\/www.villagraziella.com\/pl\/wp-json\/wp\/v2\/media?parent=1439"}],"curies":[{"name":"wp","href":"https:\/\/api.w.org\/{rel}","templated":true}]}}