{"id":1520,"date":"2015-02-05T10:26:23","date_gmt":"2015-02-05T10:26:23","guid":{"rendered":"https:\/\/www.villagraziella.com\/?page_id=1520"},"modified":"2015-02-26T15:10:53","modified_gmt":"2015-02-26T15:10:53","slug":"mappa-pl","status":"publish","type":"page","link":"https:\/\/www.villagraziella.com\/pl\/mappa-pl\/","title":{"rendered":"Mappa"},"content":{"rendered":"<h2>Jak do nas dojecha\u0107<\/h2>\n<div id=\"container-map\">\n<div id=\"map-canvas\"><\/div>\n<\/p><\/div>\n<h3>Samochodem<\/h3>\n<p><strong>Z autostrady A4 MILANO-PADOVA-VENEZIA<\/strong>; Za PADOVA EST autostrada rozwidla sie; jadac prawa strona kierujecie sie na VENEZIA\/AEROPORTO-MESTRE. Po okolo 10 km dojedziecie do tablicy VENEZIA-MESTRE. Trzymajac sie nadal prawej strony wyjezdzacie pierwszym znajdem po Waszej prawej stronie, wedlug drogowskaz\u00f3w na VENEZIA-RAVENNA \/ MESTRE-MARGHERA. Dojedziecie do duzego ronda. Skrecicie w drugi wyjazd po prawej stronie, na MARGHERA *(za stacja benzynowa &#8222;TOTAL FINA&#8221; zaraz po prawej). Dojedziecie nastepnie do malego ronda (piazzale Parmesan), skrecacie w trzecia ulice (Via Calvi). Jestesmy na koncu tej ulicy, po lewej stronie przed stacja benzynowa Q8 (Via Luigi Coletti, 6).<\/p>\n<p><strong>Z autostrady A27 BELLUNO-VENEZIA<\/strong>; kierujecie sie na obwodnice TANGENZIALE \/ VENEZIA-MILANO A4; przejezdzacie Tangenziale di Mestre i wyjezdzacie ostatnim wyjazdem kierujac sie na MARGHERA \/ CHIOGGIA-RAVENNA. Dojezdzacie do duzego ronda, skrecacie w trzeci wyjazd po prawej stronie, na MARGHERE; a nastepnie jedziecie dalej z punktu *(za stacja).<\/p>\n<p><strong>Z autostrady A4 TRIESTE-UDINE-VENEZIA<\/strong>; za S.DONA&#8217;-NOVENTA jedziecie autostrada przez okolo 17 km. Na rozwidleniu trzymacie sie prawej strony i kierujecie sie na VENEZIA-AEROPORTO \/ VENEZIA EST. Po przejechaniu okolo 1 km docieracie do tablicy VENEZIA EST. Dalej kierujecie sie na obwodnice TANGENZIALE \/ A4 MILANO-VENEZIA. Przejezdzacie Tangenziale di Mestre, wyjezdzacie ostatnim wyjazdem kierujac sie na RAVENNA\/CHIOGGIA-MARGHERA. Docieracie do duzego ronda, skrecacie w trzeci wyjazd po prawej stronie, na MARGHERE; a nastepnie jedziecie dalej z punktu *(za stacja).<br \/>\nZ drogi krajowej E45 z RAVENNA-CHIOGGIA; dojezdzacie do pierwszego duzego ronda, skrecacie w drugi wyjazd w kierunku VENEZIA- MILANO A4 &#8211; wjedzacie na superstrade, przejezdzacie ja cala, na koncu dojedziecie do duzego ronda, skrecacie na MARGHERE; nastepnie jedziecie dalej z punktu *(za stacja).<\/p>\n<h3>Pociagiem<\/h3>\n<p>Aby dojechac do hotelu Antica Villa Graziella nalezy wysiasc na stacji MESTRE-VENEZIA \u2013 znajduje sie w odleglosci 800 metr\u00f3w od hotelu. <\/p>\n<p>&#8211; Po dotarciu na stacje mozecie dojsc do hotelu na pieszo \u2013 jezeli nie macie ciezkich bagazy (w ciagu ok. 15 minut). Przechodzicie zatem przez stacje przejsciem podziemnym i wychodzicie od strony MARGHERA. Dochodzicie do malej ulicy (Via Ulloa lub Via Rizzardi), na koncu kt\u00f3rej znajduje sie okragly plac (Piazzale Giovannacci). Idziecie pierwsza ulica na prawo (Viale Paolucci). Na jej koncu zobaczycie supermarket \u201cALI\u201d, po Waszej prawej stronie, naprzeciwko, znajduje sie stacja benzynowa Q8 i tablica Villa Graziella. Jestesmy wlasnie tam, przy pierwszej ulicy przecinajacej \u2013 Via Luigi Coletti, po prawej stronie.<\/p>\n<p>&#8211; Je\u015bli chcesz dojecha\u0107 do nas tramwajem, wyjd\u017a ze stacji kolejowej od strony MESTRE, skr\u0119\u0107 w prawo, a\u017c do PIAZZALE FAVRETTI, gdzie znajduje si\u0119 przystanek tramwajowy (ostatni tramwaj do Marghery odje\u017cd\u017ca o godzinie\u00a021:33). Wysi\u0105d\u017a w Margherze na przystanku VIA LAVELLI, cofnij si\u0119 do g\u0142\u00f3wnej ulicy (Viale Paolucci), skr\u0119\u0107 w lewo i id\u017a przed siebie oko\u0142o 300 metr\u00f3w, po prawej stronie zauwa\u017cysz supermarket \u201eALI\u201d, a przed sob\u0105 stacj\u0119 benzynow\u0105 Q8; znajdujemy si\u0119 oko\u0142o 30 metr\u00f3w dalej, przy pierwszej przecznicy w prawo, pod adresem Via Luigi Coletti, 6.  (Przejazd tramwajem trwa oko\u0142o 5 minut, bilet w jedn\u0105 stron\u0119 kosztuje 1,30 euro od osoby*). Radzimy wcze\u015bniej kupi\u0107 bilet na autobus\/tramwaj na stacji kolejowej Mestre.<\/p>\n<p>&#8211; Mozecie r\u00f3wniez pojechac taks\u00f3wka. Post\u00f3j znajduje sie przed gl\u00f3wnym wejsciem na stacje (strona MESTRE) \u2013 dojedziecie do hotelu w ciagu 5\/10  minut, (okolo 15\/20 euro maks. 4 os.)<\/p>\n<h3>Samolotem<\/h3>\n<p>Z portu lotniczego w Wenecji \u201cMarco Polo\u201d<br \/>\n\u2013 autobusem linii ACTV:<br \/>\n*Linia dzienna (w dni powszednie): z lotniska jedziecie autobusem linii nr 15 (ostatni do Marghera odjezdza o ok. godz.  20:15), wysiadacie na ostatnim przystanku na, Piazzale Faretti do Mestre (w pobli\u017cu stacji kolejowej)\u2028\u2028<\/p>\n<p>Tam wsi\u0105d\u017a do tramwaju i wysi\u0105d\u017a na przystanku Via Lavelli w Margherze, nast\u0119pnie cofnij si\u0119 do g\u0142\u00f3wnej ulicy (Viale Paolucci), skr\u0119\u0107 w lewo i id\u017a przed siebie oko\u0142o 300 metr\u00f3w (mijaj\u0105c supermarket \u201eALI\u201d), zauwa\u017cysz przed sob\u0105 stacj\u0119 benzynow\u0105 Q8; znajdujemy si\u0119 oko\u0142o 30 metr\u00f3w dalej, przy pierwszej przecznicy w prawo, pod adresem Via Luigi Coletti, 6. UWAGA: W dni \u015bwi\u0105teczne przez Margher\u0119 przeje\u017cd\u017ca autobus nr 15 (ostatni autobus do Marghery odje\u017cd\u017ca o godzinie 19:50); nale\u017cy wysi\u0105\u015b\u0107 w Margherze na przystanku Via Lavelli. *WA\u017bNE: Za rondem Piazzale Giovannacci zg\u0142o\u015b potrzeb\u0119 zatrzymania si\u0119 autobusu na przystanku. *)st\u0105d kieruj si\u0119 wed\u0142ug wymienionych powy\u017cej wskaz\u00f3wek. (Przejazd trwa oko\u0142o 40\/45 minut (zale\u017cnie od panuj\u0105cego ruchu), bilet w jedn\u0105 stron\u0119 kosztuje 6,00 euro od osoby)\u2028\u2028<\/p>\n<p>* Linia nocno-dzienna (w dni powszednie\/\u015bwi\u0105teczne): na lotnisku wsi\u0105d\u017a do autobusu linii\u00b05, wysi\u0105d\u017a w Wenecji (na Piazzale Roma), (ostatni autobus do Wenecji odje\u017cd\u017ca o godzinie 01:10). Bilet w jedn\u0105 stron\u0119 kosztuje 6,00 euro od osoby. Nast\u0119pnie wsi\u0105d\u017a do autobusu N2 (nocnego), kt\u00f3ry zaczyna kursowa\u0107 od godziny 00:50 (co godzin\u0119) do Marghery lub wsi\u0105d\u017a do autobusu linii\u00b06 (dziennego), wysi\u0105d\u017a w Margherze na pierwszym przystanku Via Lavelli.*WA\u017bNE: Za rondem Piazzale Giovannacci zg\u0142o\u015b potrzeb\u0119 zatrzymania si\u0119 autobusu na przystanku. *)st\u0105d kieruj si\u0119 wed\u0142ug wymienionych powy\u017cej wskaz\u00f3wek.  Bilet w jedn\u0105 stron\u0119 kosztuje 1,30 euro od osoby.<\/p>\n<p>&#8211; autobusem (bezposrednim) ATVO (Fly Bus): z lotniska jedziecie autobusem (bezposrednim) ATVO (ostatni odjezdza o godz. 24:20), wysiadacie na stacji kolejowej w MESTRE-VENEZIA, znajdujacej sie zaledwie 900 800 metr\u00f3w od naszego hotelu (15 minut pieszo).<br \/>\nZe stacji MESTRE-VENEZIA kierujecie sie wskaz\u00f3wkami jak w punkcie \u201cPociagiem\u201d.<br \/>\n(Przejazd trwa oko\u0142o 20\/30 minut (zale\u017cnie od panuj\u0105cego ruchu), bilet w jedn\u0105 stron\u0119 kosztuje 6,00 euro od osoby<br \/>\n*) Zalecamy wczesniejszy zakup biletu na autobus na stacji kolejowej<\/p>\n<p>\u2013 Taks\u00f3wka: jest to z pewnoscia najlepsze i najszybsze rozwiazanie. Przejazd trwa okolo 20\/30 minut (ok. 45\/55 euro maks. 4 os.)<br \/>\nZ portu lotniczego w Trewizo \u201cAntonio Canova\u201d<\/p>\n<p>&#8211; Mozna skorzystac z shuttle-bus\u2019u ATVO, kt\u00f3rego rozklad jest odpowiednio dostosowany do lot\u00f3w. Przejazd trwa 50\/60 minut. Autobus wahad\u0142owy doje\u017cd\u017ca bezpo\u015brednio na stacj\u0119 kolejow\u0105 Venezia\/Mestre, a nast\u0119pnie jedzie na Piazzale Roma Venezia.<br \/>\nWysiadacie na stacji kolejowej w MESTRE. Nasz hotel znajduje sie w odleglosci 800 m (okolo 15 minut pieszo). Bilet w jedn\u0105 stron\u0119 kosztuje 10 euro od osoby, za\u015b bilet w obie strony kosztuje 18 euro od osoby (baga\u017c wliczony jest w cen\u0119 biletu). Ze stacji kierujecie sie wedlug wskaz\u00f3wek jak w punkcie \u201cPociagiem\u201d. <\/p>\n<p>&#8211; Do hotelu \u201eAntica Villa Graziella**\u201d naj\u0142atwiej i najszybciej doje\u017cd\u017ca si\u0119 taks\u00f3wk\u0105, jednak taki przejazd jest drogi: op\u0142ata wynosi 70\/80 euro (maksymalnie dla 4 os\u00f3b), przejazd trwa oko\u0142o 40\/50 minut (zale\u017cnie od panuj\u0105cego ruchu).<\/p>\n<p><a href=\"#\" onclick=\"self.print();return false;\">Druk<\/a><\/p>\n","protected":false},"excerpt":{"rendered":"<p>Jak do nas dojecha\u0107 Samochodem Z autostrady A4 MILANO-PADOVA-VENEZIA; Za PADOVA EST autostrada rozwidla sie; jadac prawa strona kierujecie sie na VENEZIA\/AEROPORTO-MESTRE. Po okolo 10 km dojedziecie do tablicy VENEZIA-MESTRE. Trzymajac sie nadal prawej strony wyjezdzacie pierwszym znajdem po Waszej prawej stronie, wedlug drogowskaz\u00f3w na VENEZIA-RAVENNA \/ MESTRE-MARGHERA. Dojedziecie do duzego ronda. Skrecicie w drugi [&hellip;]<\/p>\n","protected":false},"author":24,"featured_media":0,"parent":0,"menu_order":0,"comment_status":"open","ping_status":"open","template":"page-popup.php","meta":{"ngg_post_thumbnail":0,"footnotes":""},"class_list":["post-1520","page","type-page","status-publish","hentry"],"yoast_head":"<!-- This site is optimized with the Yoast SEO plugin v25.7 - https:\/\/yoast.com\/wordpress\/plugins\/seo\/ -->\n<title>Mappa - Villa Graziella<\/title>\n<meta name=\"description\" content=\"Mappa, Villa Graziella:\" \/>\n<meta name=\"robots\" content=\"noindex, nofollow\" \/>\n<meta property=\"og:locale\" content=\"pl_PL\" \/>\n<meta property=\"og:type\" content=\"article\" \/>\n<meta property=\"og:title\" content=\"Mappa - Villa Graziella\" \/>\n<meta property=\"og:description\" content=\"Mappa, Villa Graziella:\" \/>\n<meta property=\"og:url\" content=\"https:\/\/www.villagraziella.com\/pl\/mappa-pl\/\" \/>\n<meta property=\"og:site_name\" content=\"Villa Graziella\" \/>\n<meta property=\"article:modified_time\" content=\"2015-02-26T15:10:53+00:00\" \/>\n<meta name=\"twitter:label1\" content=\"Szacowany czas czytania\" \/>\n\t<meta name=\"twitter:data1\" content=\"5 minut\" \/>\n<script type=\"application\/ld+json\" class=\"yoast-schema-graph\">{\"@context\":\"https:\/\/schema.org\",\"@graph\":[{\"@type\":\"WebPage\",\"@id\":\"https:\/\/www.villagraziella.com\/pl\/mappa-pl\/\",\"url\":\"https:\/\/www.villagraziella.com\/pl\/mappa-pl\/\",\"name\":\"Mappa - Villa Graziella\",\"isPartOf\":{\"@id\":\"https:\/\/www.villagraziella.com\/pl\/#website\"},\"datePublished\":\"2015-02-05T10:26:23+00:00\",\"dateModified\":\"2015-02-26T15:10:53+00:00\",\"description\":\"Mappa, Villa Graziella:\",\"breadcrumb\":{\"@id\":\"https:\/\/www.villagraziella.com\/pl\/mappa-pl\/#breadcrumb\"},\"inLanguage\":\"pl-PL\",\"potentialAction\":[{\"@type\":\"ReadAction\",\"target\":[\"https:\/\/www.villagraziella.com\/pl\/mappa-pl\/\"]}]},{\"@type\":\"BreadcrumbList\",\"@id\":\"https:\/\/www.villagraziella.com\/pl\/mappa-pl\/#breadcrumb\",\"itemListElement\":[{\"@type\":\"ListItem\",\"position\":1,\"name\":\"Home\",\"item\":\"https:\/\/www.villagraziella.com\/pl\/\"},{\"@type\":\"ListItem\",\"position\":2,\"name\":\"Mappa\"}]},{\"@type\":\"WebSite\",\"@id\":\"https:\/\/www.villagraziella.com\/pl\/#website\",\"url\":\"https:\/\/www.villagraziella.com\/pl\/\",\"name\":\"Villa Graziella\",\"description\":\"\",\"potentialAction\":[{\"@type\":\"SearchAction\",\"target\":{\"@type\":\"EntryPoint\",\"urlTemplate\":\"https:\/\/www.villagraziella.com\/pl\/?s={search_term_string}\"},\"query-input\":{\"@type\":\"PropertyValueSpecification\",\"valueRequired\":true,\"valueName\":\"search_term_string\"}}],\"inLanguage\":\"pl-PL\"}]}<\/script>\n<!-- \/ Yoast SEO plugin. -->","yoast_head_json":{"title":"Mappa - Villa Graziella","description":"Mappa, Villa Graziella:","robots":{"index":"noindex","follow":"nofollow"},"og_locale":"pl_PL","og_type":"article","og_title":"Mappa - Villa Graziella","og_description":"Mappa, Villa Graziella:","og_url":"https:\/\/www.villagraziella.com\/pl\/mappa-pl\/","og_site_name":"Villa Graziella","article_modified_time":"2015-02-26T15:10:53+00:00","twitter_misc":{"Szacowany czas czytania":"5 minut"},"schema":{"@context":"https:\/\/schema.org","@graph":[{"@type":"WebPage","@id":"https:\/\/www.villagraziella.com\/pl\/mappa-pl\/","url":"https:\/\/www.villagraziella.com\/pl\/mappa-pl\/","name":"Mappa - Villa Graziella","isPartOf":{"@id":"https:\/\/www.villagraziella.com\/pl\/#website"},"datePublished":"2015-02-05T10:26:23+00:00","dateModified":"2015-02-26T15:10:53+00:00","description":"Mappa, Villa Graziella:","breadcrumb":{"@id":"https:\/\/www.villagraziella.com\/pl\/mappa-pl\/#breadcrumb"},"inLanguage":"pl-PL","potentialAction":[{"@type":"ReadAction","target":["https:\/\/www.villagraziella.com\/pl\/mappa-pl\/"]}]},{"@type":"BreadcrumbList","@id":"https:\/\/www.villagraziella.com\/pl\/mappa-pl\/#breadcrumb","itemListElement":[{"@type":"ListItem","position":1,"name":"Home","item":"https:\/\/www.villagraziella.com\/pl\/"},{"@type":"ListItem","position":2,"name":"Mappa"}]},{"@type":"WebSite","@id":"https:\/\/www.villagraziella.com\/pl\/#website","url":"https:\/\/www.villagraziella.com\/pl\/","name":"Villa Graziella","description":"","potentialAction":[{"@type":"SearchAction","target":{"@type":"EntryPoint","urlTemplate":"https:\/\/www.villagraziella.com\/pl\/?s={search_term_string}"},"query-input":{"@type":"PropertyValueSpecification","valueRequired":true,"valueName":"search_term_string"}}],"inLanguage":"pl-PL"}]}},"publishpress_future_action":{"enabled":false,"date":"2026-05-08 15:41:54","action":"change-status","newStatus":"draft","terms":[],"taxonomy":"translation_priority","extraData":[]},"publishpress_future_workflow_manual_trigger":{"enabledWorkflows":[]},"_links":{"self":[{"href":"https:\/\/www.villagraziella.com\/pl\/wp-json\/wp\/v2\/pages\/1520","targetHints":{"allow":["GET"]}}],"collection":[{"href":"https:\/\/www.villagraziella.com\/pl\/wp-json\/wp\/v2\/pages"}],"about":[{"href":"https:\/\/www.villagraziella.com\/pl\/wp-json\/wp\/v2\/types\/page"}],"author":[{"embeddable":true,"href":"https:\/\/www.villagraziella.com\/pl\/wp-json\/wp\/v2\/users\/24"}],"replies":[{"embeddable":true,"href":"https:\/\/www.villagraziella.com\/pl\/wp-json\/wp\/v2\/comments?post=1520"}],"version-history":[{"count":0,"href":"https:\/\/www.villagraziella.com\/pl\/wp-json\/wp\/v2\/pages\/1520\/revisions"}],"wp:attachment":[{"href":"https:\/\/www.villagraziella.com\/pl\/wp-json\/wp\/v2\/media?parent=1520"}],"curies":[{"name":"wp","href":"https:\/\/api.w.org\/{rel}","templated":true}]}}