{"id":1228,"date":"2013-09-03T15:10:23","date_gmt":"2013-09-03T15:10:23","guid":{"rendered":"https:\/\/www.villagraziella.com\/home-7-2\/"},"modified":"2019-11-28T09:37:59","modified_gmt":"2019-11-28T09:37:59","slug":"home-7","status":"publish","type":"page","link":"https:\/\/www.villagraziella.com\/sv\/","title":{"rendered":"Home"},"content":{"rendered":"<div class=\"colonna margine\"><div class=\"illustrazioneuno\"><\/p>\n<h2><a href=\"beskrivning\/\">K\u00e4nn er<br \/>\nsom hemma!<\/a><\/h2>\n<p><strong>2-stj\u00e4rnigt hotell<\/strong> i <strong>Marghera<\/strong>, <strong>Antica Villa Graziella<\/strong> v\u00e4ntar er i en bekv\u00e4m milj\u00f6, som sk\u00f6ts av v\u00e5r personal, som g\u00e4rna ger er r\u00e5d f\u00f6r att <strong>bes\u00f6ka<\/strong> det mest \u00e4kta <strong>Venedig<\/strong>.<\/p>\n<p><\/div><\/p>\n<\/div>\n<div class=\"colonna margine\"><div class=\"illustrazionedue\"><\/p>\n<h2><a href=\"lage\/\">Bara n\u00e5gra minuter fr\u00e5n Venedig!<\/a><\/h2>\n<p>Antica Villa Graziella ligger i ett lugnt omr\u00e5de som har goda <strong>direkta f\u00f6rbindelser med allm\u00e4n transport till Venedig<\/strong>, p\u00e5 bara 300 meters avst\u00e5nd. Vi har <strong>privat parkering<\/strong> och <strong>tr\u00e4dg\u00e5rd<\/strong>, d\u00e4r vi serverar <strong>frukost<\/strong>.<\/p>\n<p><\/div><\/p>\n<\/div>\n<div class=\"colonna\"><div class=\"offers\"><\/p>\n<div id=\"offertespeciali\">\n<h2>Specialerbjudanden<\/h2>\n<div class=\"flexslider\" style=\"width:268px;\"><ul class=\"slides\"><li><a href=\"https:\/\/www.villagraziella.com\/sv\/offers\/special-family-offer-stay-close-venice-3\/\"><img loading=\"lazy\" decoding=\"async\" width=\"268\" height=\"160\" src=\"https:\/\/www.villagraziella.com\/wp-content\/uploads\/2015\/02\/famiglia-268x160.jpg\" class=\"attachment-slider_medium size-slider_medium\" alt=\"\" \/><\/a><div class=\"flex-caption\"><div class=\"original-price price-all\"><\/div><div class=\"reducted-price price-all\"><\/div><div class=\"clear\"><\/div><div class=\"clear\"><\/div><div class=\"offer_title\"><a href=\"https:\/\/www.villagraziella.com\/sv\/offers\/special-family-offer-stay-close-venice-3\/\">Special &#8221;Family Offer&#8221; for your stay close to Venice<\/a><\/div><\/div><\/li><li><a href=\"https:\/\/www.villagraziella.com\/sv\/offers\/special-companies-try-2\/\"><img loading=\"lazy\" decoding=\"async\" width=\"268\" height=\"160\" src=\"https:\/\/www.villagraziella.com\/wp-content\/uploads\/2015\/01\/business-268x160.jpg\" class=\"attachment-slider_medium size-slider_medium\" alt=\"\" \/><\/a><div class=\"flex-caption\"><div class=\"original-price price-all\"><\/div><div class=\"reducted-price price-all\"><\/div><div class=\"clear\"><\/div><div class=\"clear\"><\/div><div class=\"offer_title\"><a href=\"https:\/\/www.villagraziella.com\/sv\/offers\/special-companies-try-2\/\">&#8221;OFFER for COMPANIES&#8221; near Venice<\/a><\/div><\/div><\/li><li><a href=\"https:\/\/www.villagraziella.com\/sv\/offers\/special-internet-rates-sv\/\"><img loading=\"lazy\" decoding=\"async\" width=\"268\" height=\"160\" src=\"https:\/\/www.villagraziella.com\/wp-content\/uploads\/2013\/09\/sanmarco-268x160.jpg\" class=\"attachment-slider_medium size-slider_medium\" alt=\"\" \/><\/a><div class=\"flex-caption\"><div class=\"original-price price-all\"><\/div><div class=\"reducted-price price-all\"><\/div><div class=\"clear\"><\/div><div class=\"clear\"><\/div><div class=\"offer_title\"><a href=\"https:\/\/www.villagraziella.com\/sv\/offers\/special-internet-rates-sv\/\">Special Internet Rates<\/a><\/div><\/div><\/li><\/ul><\/div>\n<p><a title=\"Specialerbjudanden\" href=\"specialerbjudanden\/\">G\u00e5 till fullst\u00e4ndig lista<\/a><\/p>\n<\/div>\n<p><\/div><\/p>\n<\/div>\n<hr \/>\n<div class=\"citazione\">\n<h3>\u201cMeg &#8211; An excellent base for seeing Venice\u201d<\/h3>\n<p>The staff were very friendly and helpful.<br \/>\nBreakfast under the fragrant jasmine in the lovely garden, was a great start to the day.<br \/>\nConvenience of bus to Venice and a choice of restaurants within walking distance for evening meals make this an ideal place to stay. We highly recommend it.<\/p>\n<p class=\"firma\">5\/5 Tripadvisor Traveller<\/p>\n<\/div>\n","protected":false},"excerpt":{"rendered":"<p>\u201cMeg &#8211; An excellent base for seeing Venice\u201d The staff were very friendly and helpful. Breakfast under the fragrant jasmine in the lovely garden, was a great start to the day. Convenience of bus to Venice and a choice of restaurants within walking distance for evening meals make this an ideal place to stay. We [&hellip;]<\/p>\n","protected":false},"author":24,"featured_media":0,"parent":0,"menu_order":0,"comment_status":"open","ping_status":"open","template":"index.php","meta":{"ngg_post_thumbnail":0,"footnotes":""},"class_list":["post-1228","page","type-page","status-publish","hentry"],"yoast_head":"<!-- This site is optimized with the Yoast SEO plugin v25.7 - https:\/\/yoast.com\/wordpress\/plugins\/seo\/ -->\n<title>Prisv\u00e4rt hotell n\u00e4ra Venedig - Villa Graziella Officiella Hemsida<\/title>\n<meta name=\"description\" content=\"2-stj\u00e4rnigt hotell i Marghera, billigt och bra f\u00f6rbindelser med kollektivtrafik till Venedig, endast 300 meters avst\u00e5nd.\" \/>\n<meta name=\"robots\" content=\"index, follow, max-snippet:-1, max-image-preview:large, max-video-preview:-1\" \/>\n<link rel=\"canonical\" href=\"https:\/\/www.villagraziella.com\/sv\/\" \/>\n<meta property=\"og:locale\" content=\"sv_SE\" \/>\n<meta property=\"og:type\" content=\"article\" \/>\n<meta property=\"og:title\" content=\"Prisv\u00e4rt hotell n\u00e4ra Venedig - Villa Graziella Officiella Hemsida\" \/>\n<meta property=\"og:description\" content=\"2-stj\u00e4rnigt hotell i Marghera, billigt och bra f\u00f6rbindelser med kollektivtrafik till Venedig, endast 300 meters avst\u00e5nd.\" \/>\n<meta property=\"og:url\" content=\"https:\/\/www.villagraziella.com\/sv\/\" \/>\n<meta property=\"og:site_name\" content=\"Villa Graziella\" \/>\n<meta property=\"article:modified_time\" content=\"2019-11-28T09:37:59+00:00\" \/>\n<meta name=\"twitter:label1\" content=\"Ber\u00e4knad l\u00e4stid\" \/>\n\t<meta name=\"twitter:data1\" content=\"1 minut\" \/>\n<script type=\"application\/ld+json\" class=\"yoast-schema-graph\">{\"@context\":\"https:\/\/schema.org\",\"@graph\":[{\"@type\":\"WebPage\",\"@id\":\"https:\/\/www.villagraziella.com\/sv\/\",\"url\":\"https:\/\/www.villagraziella.com\/sv\/\",\"name\":\"Prisv\u00e4rt hotell n\u00e4ra Venedig - Villa Graziella Officiella Hemsida\",\"isPartOf\":{\"@id\":\"https:\/\/www.villagraziella.com\/sv\/#website\"},\"datePublished\":\"2013-09-03T15:10:23+00:00\",\"dateModified\":\"2019-11-28T09:37:59+00:00\",\"description\":\"2-stj\u00e4rnigt hotell i Marghera, billigt och bra f\u00f6rbindelser med kollektivtrafik till Venedig, endast 300 meters avst\u00e5nd.\",\"breadcrumb\":{\"@id\":\"https:\/\/www.villagraziella.com\/sv\/#breadcrumb\"},\"inLanguage\":\"sv-SE\",\"potentialAction\":[{\"@type\":\"ReadAction\",\"target\":[\"https:\/\/www.villagraziella.com\/sv\/\"]}]},{\"@type\":\"BreadcrumbList\",\"@id\":\"https:\/\/www.villagraziella.com\/sv\/#breadcrumb\",\"itemListElement\":[{\"@type\":\"ListItem\",\"position\":1,\"name\":\"Home\",\"item\":\"https:\/\/www.villagraziella.com\/sv\/\"},{\"@type\":\"ListItem\",\"position\":2,\"name\":\"Home\"}]},{\"@type\":\"WebSite\",\"@id\":\"https:\/\/www.villagraziella.com\/sv\/#website\",\"url\":\"https:\/\/www.villagraziella.com\/sv\/\",\"name\":\"Villa Graziella\",\"description\":\"\",\"potentialAction\":[{\"@type\":\"SearchAction\",\"target\":{\"@type\":\"EntryPoint\",\"urlTemplate\":\"https:\/\/www.villagraziella.com\/sv\/?s={search_term_string}\"},\"query-input\":{\"@type\":\"PropertyValueSpecification\",\"valueRequired\":true,\"valueName\":\"search_term_string\"}}],\"inLanguage\":\"sv-SE\"}]}<\/script>\n<!-- \/ Yoast SEO plugin. -->","yoast_head_json":{"title":"Prisv\u00e4rt hotell n\u00e4ra Venedig - Villa Graziella Officiella Hemsida","description":"2-stj\u00e4rnigt hotell i Marghera, billigt och bra f\u00f6rbindelser med kollektivtrafik till Venedig, endast 300 meters avst\u00e5nd.","robots":{"index":"index","follow":"follow","max-snippet":"max-snippet:-1","max-image-preview":"max-image-preview:large","max-video-preview":"max-video-preview:-1"},"canonical":"https:\/\/www.villagraziella.com\/sv\/","og_locale":"sv_SE","og_type":"article","og_title":"Prisv\u00e4rt hotell n\u00e4ra Venedig - Villa Graziella Officiella Hemsida","og_description":"2-stj\u00e4rnigt hotell i Marghera, billigt och bra f\u00f6rbindelser med kollektivtrafik till Venedig, endast 300 meters avst\u00e5nd.","og_url":"https:\/\/www.villagraziella.com\/sv\/","og_site_name":"Villa Graziella","article_modified_time":"2019-11-28T09:37:59+00:00","twitter_misc":{"Ber\u00e4knad l\u00e4stid":"1 minut"},"schema":{"@context":"https:\/\/schema.org","@graph":[{"@type":"WebPage","@id":"https:\/\/www.villagraziella.com\/sv\/","url":"https:\/\/www.villagraziella.com\/sv\/","name":"Prisv\u00e4rt hotell n\u00e4ra Venedig - Villa Graziella Officiella Hemsida","isPartOf":{"@id":"https:\/\/www.villagraziella.com\/sv\/#website"},"datePublished":"2013-09-03T15:10:23+00:00","dateModified":"2019-11-28T09:37:59+00:00","description":"2-stj\u00e4rnigt hotell i Marghera, billigt och bra f\u00f6rbindelser med kollektivtrafik till Venedig, endast 300 meters avst\u00e5nd.","breadcrumb":{"@id":"https:\/\/www.villagraziella.com\/sv\/#breadcrumb"},"inLanguage":"sv-SE","potentialAction":[{"@type":"ReadAction","target":["https:\/\/www.villagraziella.com\/sv\/"]}]},{"@type":"BreadcrumbList","@id":"https:\/\/www.villagraziella.com\/sv\/#breadcrumb","itemListElement":[{"@type":"ListItem","position":1,"name":"Home","item":"https:\/\/www.villagraziella.com\/sv\/"},{"@type":"ListItem","position":2,"name":"Home"}]},{"@type":"WebSite","@id":"https:\/\/www.villagraziella.com\/sv\/#website","url":"https:\/\/www.villagraziella.com\/sv\/","name":"Villa Graziella","description":"","potentialAction":[{"@type":"SearchAction","target":{"@type":"EntryPoint","urlTemplate":"https:\/\/www.villagraziella.com\/sv\/?s={search_term_string}"},"query-input":{"@type":"PropertyValueSpecification","valueRequired":true,"valueName":"search_term_string"}}],"inLanguage":"sv-SE"}]}},"publishpress_future_action":{"enabled":false,"date":"2026-04-21 20:30:54","action":"change-status","newStatus":"draft","terms":[],"taxonomy":"translation_priority","extraData":[]},"publishpress_future_workflow_manual_trigger":{"enabledWorkflows":[]},"_links":{"self":[{"href":"https:\/\/www.villagraziella.com\/sv\/wp-json\/wp\/v2\/pages\/1228","targetHints":{"allow":["GET"]}}],"collection":[{"href":"https:\/\/www.villagraziella.com\/sv\/wp-json\/wp\/v2\/pages"}],"about":[{"href":"https:\/\/www.villagraziella.com\/sv\/wp-json\/wp\/v2\/types\/page"}],"author":[{"embeddable":true,"href":"https:\/\/www.villagraziella.com\/sv\/wp-json\/wp\/v2\/users\/24"}],"replies":[{"embeddable":true,"href":"https:\/\/www.villagraziella.com\/sv\/wp-json\/wp\/v2\/comments?post=1228"}],"version-history":[{"count":4,"href":"https:\/\/www.villagraziella.com\/sv\/wp-json\/wp\/v2\/pages\/1228\/revisions"}],"predecessor-version":[{"id":2501,"href":"https:\/\/www.villagraziella.com\/sv\/wp-json\/wp\/v2\/pages\/1228\/revisions\/2501"}],"wp:attachment":[{"href":"https:\/\/www.villagraziella.com\/sv\/wp-json\/wp\/v2\/media?parent=1228"}],"curies":[{"name":"wp","href":"https:\/\/api.w.org\/{rel}","templated":true}]}}