{"id":1244,"date":"2015-01-14T14:07:44","date_gmt":"2015-01-14T14:07:44","guid":{"rendered":"https:\/\/www.villagraziella.com\/descrizione-2\/"},"modified":"2019-11-28T10:41:34","modified_gmt":"2019-11-28T10:41:34","slug":"beskrivning","status":"publish","type":"page","link":"https:\/\/www.villagraziella.com\/sv\/beskrivning\/","title":{"rendered":"Beskrivning"},"content":{"rendered":"<div id=\"colonna-2\">\n<h1 class=\"piccolo\">Hotell med gratis parkering i Marghera<\/h1>\n<h2>Hotell<\/h2>\n<p>Vi erbjuder Bed &#038; Breakfast service; det ligger i Marghera, en venetiansk provins p\u00e5 fastlandet, i ett lugnt och tyst omr\u00e5de, n\u00e4ra t\u00e5gstationen Mestre-Venedig (bara 900 m till fots) och inte l\u00e5ngt fr\u00e5n motorv\u00e4gen Milano-Venedig (1,5 Km). Bra anslutningar \u00e4ven till och fr\u00e5n flygplatsen i Venedig (Marco Polo) och Treviso.<\/p>\n<p>Tack vare den service vi erbjuder och v\u00e5r personals vida erfarenhet, kan du f\u00e5 allt du beh\u00f6ver f\u00f6r att din <strong>semester i Venedig<\/strong> ska skr\u00e4ddarsys \u00e5t dig och bli s\u00e5 lyckad som m\u00f6jligt. Vi ger dig g\u00e4rna r\u00e5d om guidning, mus\u00e9er, karakt\u00e4ristiska platser v\u00e4rda att bes\u00f6ka, restauranger som inte \u00e4r bara f\u00f6r turister och nattliv.<\/p>\n<p>Under v\u00e5ren och sommaren kan du \u00e4ta <strong>frukost utomhus i v\u00e5r tr\u00e4dg\u00e5rd<\/strong> som \u00e4r liten och mycket v\u00e4lsk\u00f6tt, eller sitta i bers\u00e5n och l\u00e4sa n\u00e5gon av v\u00e5ra b\u00f6cker eller turistguider om Venedig och regionen Veneto. Vi erbjuder en liten <strong>intern gratis parkering<\/strong>. Gl\u00f6m inte att parkeringar i Venedigs historiska centrum kostar 20,00 EURO om dagen.<\/p>\n<h2>Service<\/h2>\n<p><strong>Antica Villa Graziella<\/strong> \u00e4r ett av de mest uppskattade <strong>2-stj\u00e4rniga hotellen <\/strong>i<strong> Mestre Venedig<\/strong> eftersom det erbjuder sina hotellg\u00e4ster \u00e5tskilliga tj\u00e4nster trots att det \u00e4r ett litet hotell.<\/p>\n<p>Under den varma \u00e5rstiden \u00e4r den vackra <strong>blomstertr\u00e4dg\u00e5rden<\/strong> tillg\u00e4nglig f\u00f6r g\u00e4ster som vill vila en stund och kanske \u00e5tnjuta en god kopp espressokaffe, en underbar cappuccino eller en h\u00e4rlig kopp varm choklad. Man kan \u00e4ven sitta ner i tr\u00e4dg\u00e5rden f\u00f6r att l\u00e4sa guideb\u00f6cker om Venedig och konstb\u00f6ckerna som finns i biblioteket som Antica Villa Graziella erbjuder sina g\u00e4ster.<\/p>\n<p>Bekv\u00e4m <strong>gratis parkering<\/strong> f\u00f6r g\u00e4ster som anl\u00e4nder med bil eller motorcykel, liten bagageinl\u00e4mning, <strong>kassask\u00e5p<\/strong>, v\u00e4ckningsservice, liten bar, service som <strong>fax<\/strong> och <strong>Internet<\/strong> finns tillg\u00e4nglig i receptionen. Dessutom finns det restauranger och pizzerior i n\u00e4rheten samt ett snabbk\u00f6p, ett apotek, en kemtv\u00e4tt och banker osv. K\u00f6pcentra i n\u00e4rheten (Panorama, Nave de vero, Auchan, Le Barche) som man kan \u00e5ka till med buss.<\/p>\n<p>Den offentliga busservicen garanterar kommunikationer fr\u00e5n hotellet till Venedigs historiska centrum dygnet runt p\u00e5 bara tio minuter. H\u00e5llplatsen ligger bara 400 meter (5 min. promenad) fr\u00e5n hotellet och det finns bussar var tionde minut till klockan 21.30 och d\u00e4refter var tjugonde minut till klockan 00:30. Nattetid \u00e4r servicen garanterad en g\u00e5ng i timmen. \u00c5ngb\u00e5tarna till Venedig \u00e4r mycket dyra, vilket betyder att vi r\u00e5der dig att f\u00f6rse dig med biljetter av r\u00e4tt typ (12 timmar, 24 timmar, 48 timmar eller 3 dagar) som inkluderar offentliga transportmedel (buss och \u00e5ngb\u00e5tar) i Mestre Venedig som man kan k\u00f6pa vid ACTV:s biljettkontor p\u00e5 Piazzale Roma &#8211; Venedig.<\/p>\n<p><strong>Antica Villa Graziella<\/strong> utm\u00e4rker sig bland hotellen, genom sitt hj\u00e4rtliga mottagande och personalens tillg\u00e4nglighet, vilka alltid anstr\u00e4nger sig f\u00f6r att se till att g\u00e4sterna har en trevlig vistelse p\u00e5 <strong>hotell i Venedig Mestre<\/strong>. Barn \u00e4r varmt v\u00e4lkomna hos oss: upp till tre \u00e5r, st\u00e4ller vi gratis upp med en liten barns\u00e4ng (vagga). Mindre husdjur \u00e4r v\u00e4lkomna om de \u00e4r v\u00e4ldresserade.<\/p>\n<p><\/div><div id=\"colonna-1\"><\/p>\n<div class=\"colonnaofferte\">\n<div class=\"offers\"><\/p>\n<div id=\"offertespeciali\">\n<h2>Specialerbjudanden<\/h2>\n<div class=\"flexslider\" style=\"width:268px;\"><ul class=\"slides\"><li><a href=\"https:\/\/www.villagraziella.com\/sv\/offers\/special-family-offer-stay-close-venice-3\/\"><img loading=\"lazy\" decoding=\"async\" width=\"268\" height=\"160\" src=\"https:\/\/www.villagraziella.com\/wp-content\/uploads\/2015\/02\/famiglia-268x160.jpg\" class=\"attachment-slider_medium size-slider_medium\" alt=\"\" \/><\/a><div class=\"flex-caption\"><div class=\"original-price price-all\"><\/div><div class=\"reducted-price price-all\"><\/div><div class=\"clear\"><\/div><div class=\"clear\"><\/div><div class=\"offer_title\"><a href=\"https:\/\/www.villagraziella.com\/sv\/offers\/special-family-offer-stay-close-venice-3\/\">Special &#8221;Family Offer&#8221; for your stay close to Venice<\/a><\/div><\/div><\/li><li><a href=\"https:\/\/www.villagraziella.com\/sv\/offers\/special-companies-try-2\/\"><img loading=\"lazy\" decoding=\"async\" width=\"268\" height=\"160\" src=\"https:\/\/www.villagraziella.com\/wp-content\/uploads\/2015\/01\/business-268x160.jpg\" class=\"attachment-slider_medium size-slider_medium\" alt=\"\" \/><\/a><div class=\"flex-caption\"><div class=\"original-price price-all\"><\/div><div class=\"reducted-price price-all\"><\/div><div class=\"clear\"><\/div><div class=\"clear\"><\/div><div class=\"offer_title\"><a href=\"https:\/\/www.villagraziella.com\/sv\/offers\/special-companies-try-2\/\">&#8221;OFFER for COMPANIES&#8221; near Venice<\/a><\/div><\/div><\/li><li><a href=\"https:\/\/www.villagraziella.com\/sv\/offers\/special-internet-rates-sv\/\"><img loading=\"lazy\" decoding=\"async\" width=\"268\" height=\"160\" src=\"https:\/\/www.villagraziella.com\/wp-content\/uploads\/2013\/09\/sanmarco-268x160.jpg\" class=\"attachment-slider_medium size-slider_medium\" alt=\"\" \/><\/a><div class=\"flex-caption\"><div class=\"original-price price-all\"><\/div><div class=\"reducted-price price-all\"><\/div><div class=\"clear\"><\/div><div class=\"clear\"><\/div><div class=\"offer_title\"><a href=\"https:\/\/www.villagraziella.com\/sv\/offers\/special-internet-rates-sv\/\">Special Internet Rates<\/a><\/div><\/div><\/li><\/ul><\/div>\n<p><a href=\"..\/specialerbjudanden\/\" title=\"Specialerbjudanden\">G\u00e5 till fullst\u00e4ndig lista<\/a><\/p>\n<\/div>\n<p><\/div><\/p><\/div>\n<!-- index.php -->\n<div\n\tclass=\"ngg-galleryoverview ngg-ajax-pagination-none\"\n\tid=\"ngg-gallery-a4d344ef125264c717b135179f310794-1\">\n\n    \t<div class=\"slideshowlink\">\n        <a href='https:\/\/www.villagraziella.com\/sv\/offers\/special-internet-rates-sv\/nggallery\/slideshow'>[Show as slideshow]<\/a>\n\t\t\n\t<\/div>\n\t\t\t<!-- Thumbnails -->\n\t\t\t\t<div id=\"ngg-image-0\" class=\"ngg-gallery-thumbnail-box\" >\n\t\t\t\t        <div class=\"ngg-gallery-thumbnail\">\n            <a href=\"https:\/\/www.villagraziella.com\/wp-content\/gallery\/descrizione\/DSC_2052brusy.jpg\"\n               title=\"\"\n               data-src=\"https:\/\/www.villagraziella.com\/wp-content\/gallery\/descrizione\/DSC_2052brusy.jpg\"\n               data-thumbnail=\"https:\/\/www.villagraziella.com\/wp-content\/gallery\/descrizione\/thumbs\/thumbs_DSC_2052brusy.jpg\"\n               data-image-id=\"114\"\n               data-title=\"DSC_2052brusy\"\n               data-description=\"\"\n               data-image-slug=\"dsc_2052brusy-1\"\n               class='thickbox' rel='a4d344ef125264c717b135179f310794'>\n                <img\n                    title=\"DSC_2052brusy\"\n                    alt=\"DSC_2052brusy\"\n                    src=\"https:\/\/www.villagraziella.com\/wp-content\/gallery\/descrizione\/thumbs\/thumbs_DSC_2052brusy.jpg\"\n                    width=\"280\"\n                    height=\"280\"\n                    style=\"max-width:100%;\"\n                \/>\n            <\/a>\n        <\/div>\n\t\t\t\t\t\t\t<\/div> \n\t\t\t\n        \n\t\t\t\t<div id=\"ngg-image-1\" class=\"ngg-gallery-thumbnail-box\" >\n\t\t\t\t        <div class=\"ngg-gallery-thumbnail\">\n            <a href=\"https:\/\/www.villagraziella.com\/wp-content\/gallery\/descrizione\/DSC_2140brusy.JPG\"\n               title=\"\"\n               data-src=\"https:\/\/www.villagraziella.com\/wp-content\/gallery\/descrizione\/DSC_2140brusy.JPG\"\n               data-thumbnail=\"https:\/\/www.villagraziella.com\/wp-content\/gallery\/descrizione\/thumbs\/thumbs_DSC_2140brusy.JPG\"\n               data-image-id=\"116\"\n               data-title=\"DSC_2140brusy\"\n               data-description=\"\"\n               data-image-slug=\"dsc_2140brusy-1\"\n               class='thickbox' rel='a4d344ef125264c717b135179f310794'>\n                <img\n                    title=\"DSC_2140brusy\"\n                    alt=\"DSC_2140brusy\"\n                    src=\"https:\/\/www.villagraziella.com\/wp-content\/gallery\/descrizione\/thumbs\/thumbs_DSC_2140brusy.JPG\"\n                    width=\"280\"\n                    height=\"280\"\n                    style=\"max-width:100%;\"\n                \/>\n            <\/a>\n        <\/div>\n\t\t\t\t\t\t\t<\/div> \n\t\t\t\n        \n\t\t\t\t<div id=\"ngg-image-2\" class=\"ngg-gallery-thumbnail-box\" >\n\t\t\t\t        <div class=\"ngg-gallery-thumbnail\">\n            <a href=\"https:\/\/www.villagraziella.com\/wp-content\/gallery\/descrizione\/DSC_2198brusy.jpg\"\n               title=\"\"\n               data-src=\"https:\/\/www.villagraziella.com\/wp-content\/gallery\/descrizione\/DSC_2198brusy.jpg\"\n               data-thumbnail=\"https:\/\/www.villagraziella.com\/wp-content\/gallery\/descrizione\/thumbs\/thumbs_DSC_2198brusy.jpg\"\n               data-image-id=\"117\"\n               data-title=\"DSC_2198brusy\"\n               data-description=\"\"\n               data-image-slug=\"dsc_2198brusy-1\"\n               class='thickbox' rel='a4d344ef125264c717b135179f310794'>\n                <img\n                    title=\"DSC_2198brusy\"\n                    alt=\"DSC_2198brusy\"\n                    src=\"https:\/\/www.villagraziella.com\/wp-content\/gallery\/descrizione\/thumbs\/thumbs_DSC_2198brusy.jpg\"\n                    width=\"280\"\n                    height=\"280\"\n                    style=\"max-width:100%;\"\n                \/>\n            <\/a>\n        <\/div>\n\t\t\t\t\t\t\t<\/div> \n\t\t\t\n        \n\t\t\n\t\t<!-- Pagination -->\n\t<div class='ngg-clear'><\/div>\t<\/div>\n\n<p><\/div><\/p>\n","protected":false},"excerpt":{"rendered":"","protected":false},"author":24,"featured_media":0,"parent":0,"menu_order":0,"comment_status":"open","ping_status":"open","template":"page-monocolonna.php","meta":{"ngg_post_thumbnail":0,"footnotes":""},"class_list":["post-1244","page","type-page","status-publish","hentry"],"yoast_head":"<!-- This site is optimized with the Yoast SEO plugin v25.7 - https:\/\/yoast.com\/wordpress\/plugins\/seo\/ -->\n<title>Gratis hotellparkering Marghera - 2-stj\u00e4rnigt hotell Merghera<\/title>\n<meta name=\"description\" content=\"Hotell med gratis parkering i Marghera. Hotellet \u00e4r 2-stj\u00e4rnigt och drivs av familjen med blomstrande tr\u00e4dg\u00e5rd f\u00f6r sk\u00f6n avkoppling.\" \/>\n<meta name=\"robots\" content=\"index, follow, max-snippet:-1, max-image-preview:large, max-video-preview:-1\" \/>\n<link rel=\"canonical\" href=\"https:\/\/www.villagraziella.com\/sv\/beskrivning\/\" \/>\n<meta property=\"og:locale\" content=\"sv_SE\" \/>\n<meta property=\"og:type\" content=\"article\" \/>\n<meta property=\"og:title\" content=\"Gratis hotellparkering Marghera - 2-stj\u00e4rnigt hotell Merghera\" \/>\n<meta property=\"og:description\" content=\"Hotell med gratis parkering i Marghera. Hotellet \u00e4r 2-stj\u00e4rnigt och drivs av familjen med blomstrande tr\u00e4dg\u00e5rd f\u00f6r sk\u00f6n avkoppling.\" \/>\n<meta property=\"og:url\" content=\"https:\/\/www.villagraziella.com\/sv\/beskrivning\/\" \/>\n<meta property=\"og:site_name\" content=\"Villa Graziella\" \/>\n<meta property=\"article:modified_time\" content=\"2019-11-28T10:41:34+00:00\" \/>\n<meta name=\"twitter:label1\" content=\"Ber\u00e4knad l\u00e4stid\" \/>\n\t<meta name=\"twitter:data1\" content=\"3 minuter\" \/>\n<script type=\"application\/ld+json\" class=\"yoast-schema-graph\">{\"@context\":\"https:\/\/schema.org\",\"@graph\":[{\"@type\":\"WebPage\",\"@id\":\"https:\/\/www.villagraziella.com\/sv\/beskrivning\/\",\"url\":\"https:\/\/www.villagraziella.com\/sv\/beskrivning\/\",\"name\":\"Gratis hotellparkering Marghera - 2-stj\u00e4rnigt hotell Merghera\",\"isPartOf\":{\"@id\":\"https:\/\/www.villagraziella.com\/sv\/#website\"},\"datePublished\":\"2015-01-14T14:07:44+00:00\",\"dateModified\":\"2019-11-28T10:41:34+00:00\",\"description\":\"Hotell med gratis parkering i Marghera. Hotellet \u00e4r 2-stj\u00e4rnigt och drivs av familjen med blomstrande tr\u00e4dg\u00e5rd f\u00f6r sk\u00f6n avkoppling.\",\"breadcrumb\":{\"@id\":\"https:\/\/www.villagraziella.com\/sv\/beskrivning\/#breadcrumb\"},\"inLanguage\":\"sv-SE\",\"potentialAction\":[{\"@type\":\"ReadAction\",\"target\":[\"https:\/\/www.villagraziella.com\/sv\/beskrivning\/\"]}]},{\"@type\":\"BreadcrumbList\",\"@id\":\"https:\/\/www.villagraziella.com\/sv\/beskrivning\/#breadcrumb\",\"itemListElement\":[{\"@type\":\"ListItem\",\"position\":1,\"name\":\"Home\",\"item\":\"https:\/\/www.villagraziella.com\/sv\/\"},{\"@type\":\"ListItem\",\"position\":2,\"name\":\"Beskrivning\"}]},{\"@type\":\"WebSite\",\"@id\":\"https:\/\/www.villagraziella.com\/sv\/#website\",\"url\":\"https:\/\/www.villagraziella.com\/sv\/\",\"name\":\"Villa Graziella\",\"description\":\"\",\"potentialAction\":[{\"@type\":\"SearchAction\",\"target\":{\"@type\":\"EntryPoint\",\"urlTemplate\":\"https:\/\/www.villagraziella.com\/sv\/?s={search_term_string}\"},\"query-input\":{\"@type\":\"PropertyValueSpecification\",\"valueRequired\":true,\"valueName\":\"search_term_string\"}}],\"inLanguage\":\"sv-SE\"}]}<\/script>\n<!-- \/ Yoast SEO plugin. -->","yoast_head_json":{"title":"Gratis hotellparkering Marghera - 2-stj\u00e4rnigt hotell Merghera","description":"Hotell med gratis parkering i Marghera. Hotellet \u00e4r 2-stj\u00e4rnigt och drivs av familjen med blomstrande tr\u00e4dg\u00e5rd f\u00f6r sk\u00f6n avkoppling.","robots":{"index":"index","follow":"follow","max-snippet":"max-snippet:-1","max-image-preview":"max-image-preview:large","max-video-preview":"max-video-preview:-1"},"canonical":"https:\/\/www.villagraziella.com\/sv\/beskrivning\/","og_locale":"sv_SE","og_type":"article","og_title":"Gratis hotellparkering Marghera - 2-stj\u00e4rnigt hotell Merghera","og_description":"Hotell med gratis parkering i Marghera. Hotellet \u00e4r 2-stj\u00e4rnigt och drivs av familjen med blomstrande tr\u00e4dg\u00e5rd f\u00f6r sk\u00f6n avkoppling.","og_url":"https:\/\/www.villagraziella.com\/sv\/beskrivning\/","og_site_name":"Villa Graziella","article_modified_time":"2019-11-28T10:41:34+00:00","twitter_misc":{"Ber\u00e4knad l\u00e4stid":"3 minuter"},"schema":{"@context":"https:\/\/schema.org","@graph":[{"@type":"WebPage","@id":"https:\/\/www.villagraziella.com\/sv\/beskrivning\/","url":"https:\/\/www.villagraziella.com\/sv\/beskrivning\/","name":"Gratis hotellparkering Marghera - 2-stj\u00e4rnigt hotell Merghera","isPartOf":{"@id":"https:\/\/www.villagraziella.com\/sv\/#website"},"datePublished":"2015-01-14T14:07:44+00:00","dateModified":"2019-11-28T10:41:34+00:00","description":"Hotell med gratis parkering i Marghera. Hotellet \u00e4r 2-stj\u00e4rnigt och drivs av familjen med blomstrande tr\u00e4dg\u00e5rd f\u00f6r sk\u00f6n avkoppling.","breadcrumb":{"@id":"https:\/\/www.villagraziella.com\/sv\/beskrivning\/#breadcrumb"},"inLanguage":"sv-SE","potentialAction":[{"@type":"ReadAction","target":["https:\/\/www.villagraziella.com\/sv\/beskrivning\/"]}]},{"@type":"BreadcrumbList","@id":"https:\/\/www.villagraziella.com\/sv\/beskrivning\/#breadcrumb","itemListElement":[{"@type":"ListItem","position":1,"name":"Home","item":"https:\/\/www.villagraziella.com\/sv\/"},{"@type":"ListItem","position":2,"name":"Beskrivning"}]},{"@type":"WebSite","@id":"https:\/\/www.villagraziella.com\/sv\/#website","url":"https:\/\/www.villagraziella.com\/sv\/","name":"Villa Graziella","description":"","potentialAction":[{"@type":"SearchAction","target":{"@type":"EntryPoint","urlTemplate":"https:\/\/www.villagraziella.com\/sv\/?s={search_term_string}"},"query-input":{"@type":"PropertyValueSpecification","valueRequired":true,"valueName":"search_term_string"}}],"inLanguage":"sv-SE"}]}},"publishpress_future_action":{"enabled":false,"date":"2026-04-21 20:40:11","action":"change-status","newStatus":"draft","terms":[],"taxonomy":"translation_priority","extraData":[]},"publishpress_future_workflow_manual_trigger":{"enabledWorkflows":[]},"_links":{"self":[{"href":"https:\/\/www.villagraziella.com\/sv\/wp-json\/wp\/v2\/pages\/1244","targetHints":{"allow":["GET"]}}],"collection":[{"href":"https:\/\/www.villagraziella.com\/sv\/wp-json\/wp\/v2\/pages"}],"about":[{"href":"https:\/\/www.villagraziella.com\/sv\/wp-json\/wp\/v2\/types\/page"}],"author":[{"embeddable":true,"href":"https:\/\/www.villagraziella.com\/sv\/wp-json\/wp\/v2\/users\/24"}],"replies":[{"embeddable":true,"href":"https:\/\/www.villagraziella.com\/sv\/wp-json\/wp\/v2\/comments?post=1244"}],"version-history":[{"count":1,"href":"https:\/\/www.villagraziella.com\/sv\/wp-json\/wp\/v2\/pages\/1244\/revisions"}],"predecessor-version":[{"id":2525,"href":"https:\/\/www.villagraziella.com\/sv\/wp-json\/wp\/v2\/pages\/1244\/revisions\/2525"}],"wp:attachment":[{"href":"https:\/\/www.villagraziella.com\/sv\/wp-json\/wp\/v2\/media?parent=1244"}],"curies":[{"name":"wp","href":"https:\/\/api.w.org\/{rel}","templated":true}]}}