{"id":1336,"date":"2015-01-14T14:09:43","date_gmt":"2015-01-14T14:09:43","guid":{"rendered":"https:\/\/www.villagraziella.com\/recensioni-2\/"},"modified":"2018-06-27T14:30:25","modified_gmt":"2018-06-27T14:30:25","slug":"recensioner","status":"publish","type":"page","link":"https:\/\/www.villagraziella.com\/sv\/recensioner\/","title":{"rendered":"Recensioner"},"content":{"rendered":"<div id=\"colonna-2\">\n<h1>Recensioner<\/h1>\n<p>L\u00e4s <strong>recensionerna som v\u00e5ra g\u00e4ster har<\/strong> publicerat p\u00e5 de viktigaste recensionsportalerna p\u00e5 n\u00e4tet! Vi vill p\u00e5minna dig om att endast <strong>genom att direktboka p\u00e5 v\u00e5r officiella webbplats blir du en privilegierad resen\u00e4r<\/strong>: du blir personligen v\u00e4gledd av v\u00e5r personal fr\u00e5n b\u00f6rjan till slut och kommer att kunna \u00e5tnjuta specialpriser samt erbjudanden som vi reserverar bara f\u00f6r dig!<br \/>\nDessutom, om du bokar via v\u00e5r officiella webbplats, <strong>kommer vi att be dig skriva en &#8221;officiell recension&#8221; som garanteras eftersom den \u00e4r ansluten till en faktisk bokning<\/strong>. P\u00e5 s\u00e5 s\u00e4tt kommer du att bidra till att f\u00f6rb\u00e4ttra kvaliteten p\u00e5 servicen som vi erbjuder dig och alla andra resen\u00e4rer!<\/p>\n<link rel=\"stylesheet\" href=\"https:\/\/include.nozio.com\/dynamic\/css\/nozioreviewscss.css\" type=\"text\/css\" media=\"all\" \/>\n<div id=\"nozioreviewswidget\"><a href=\"\">Antica Villa Graziella - Venezia Marghera<\/a><\/div>\n<script type=\"text\/javascript\" src=\"https:\/\/include.nozio.com\/dynamic\/js\/jquery_tooltip.js\"><\/script>\n<script type=\"text\/javascript\" src=\"https:\/\/include.nozio.com\/dynamic\/js\/nozio_reviews.php?idsk=58044&amp;lang=it&amp;widgetwidth=600\"><\/script>\n<hr \/>\n<div id=\"TA_selfserveprop629\" class=\"TA_selfserveprop\">\n<ul id=\"wr0fFf\" class=\"TA_links QK5BHfhpWK\">\n<li id=\"HnSfBEr\" class=\"yTAyWT\">\n<a target=\"_blank\" href=\"https:\/\/www.tripadvisor.it\/\"><img decoding=\"async\" src=\"https:\/\/www.tripadvisor.it\/img\/cdsi\/img2\/branding\/150_logo-11900-2.png\" alt=\"TripAdvisor\"\/><\/a>\n<\/li>\n<\/ul>\n<\/div>\n<p><script src=\"https:\/\/www.jscache.com\/wejs?wtype=selfserveprop&amp;uniq=629&amp;locationId=563400&amp;lang=sv&amp;rating=true&amp;nreviews=5&amp;writereviewlink=true&amp;popIdx=true&amp;iswide=false&amp;border=true\"><\/script><\/p>\n<p><\/div><div id=\"colonna-1\"><\/p>\n<div class=\"colonnaofferte\">\n<div class=\"offers\"><\/p>\n<div id=\"offertespeciali\">\n<h2>Specialerbjudanden<\/h2>\n<div class=\"flexslider\" style=\"width:268px;\"><ul class=\"slides\"><li><a href=\"https:\/\/www.villagraziella.com\/sv\/offers\/special-family-offer-stay-close-venice-3\/\"><img loading=\"lazy\" decoding=\"async\" width=\"268\" height=\"160\" src=\"https:\/\/www.villagraziella.com\/wp-content\/uploads\/2015\/02\/famiglia-268x160.jpg\" class=\"attachment-slider_medium size-slider_medium\" alt=\"\" \/><\/a><div class=\"flex-caption\"><div class=\"original-price price-all\"><\/div><div class=\"reducted-price price-all\"><\/div><div class=\"clear\"><\/div><div class=\"clear\"><\/div><div class=\"offer_title\"><a href=\"https:\/\/www.villagraziella.com\/sv\/offers\/special-family-offer-stay-close-venice-3\/\">Special &#8221;Family Offer&#8221; for your stay close to Venice<\/a><\/div><\/div><\/li><li><a href=\"https:\/\/www.villagraziella.com\/sv\/offers\/special-companies-try-2\/\"><img loading=\"lazy\" decoding=\"async\" width=\"268\" height=\"160\" src=\"https:\/\/www.villagraziella.com\/wp-content\/uploads\/2015\/01\/business-268x160.jpg\" class=\"attachment-slider_medium size-slider_medium\" alt=\"\" \/><\/a><div class=\"flex-caption\"><div class=\"original-price price-all\"><\/div><div class=\"reducted-price price-all\"><\/div><div class=\"clear\"><\/div><div class=\"clear\"><\/div><div class=\"offer_title\"><a href=\"https:\/\/www.villagraziella.com\/sv\/offers\/special-companies-try-2\/\">&#8221;OFFER for COMPANIES&#8221; near Venice<\/a><\/div><\/div><\/li><li><a href=\"https:\/\/www.villagraziella.com\/sv\/offers\/special-internet-rates-sv\/\"><img loading=\"lazy\" decoding=\"async\" width=\"268\" height=\"160\" src=\"https:\/\/www.villagraziella.com\/wp-content\/uploads\/2013\/09\/sanmarco-268x160.jpg\" class=\"attachment-slider_medium size-slider_medium\" alt=\"\" \/><\/a><div class=\"flex-caption\"><div class=\"original-price price-all\"><\/div><div class=\"reducted-price price-all\"><\/div><div class=\"clear\"><\/div><div class=\"clear\"><\/div><div class=\"offer_title\"><a href=\"https:\/\/www.villagraziella.com\/sv\/offers\/special-internet-rates-sv\/\">Special Internet Rates<\/a><\/div><\/div><\/li><\/ul><\/div>\n<p><a href=\"..\/specialerbjudanden\/\" title=\"Specialerbjudanden\">G\u00e5 till fullst\u00e4ndig lista<\/a><\/p>\n<\/div>\n<p><\/div><\/p><\/div>\n<p><\/div><\/p>\n","protected":false},"excerpt":{"rendered":"","protected":false},"author":24,"featured_media":0,"parent":0,"menu_order":0,"comment_status":"open","ping_status":"open","template":"page-monocolonna.php","meta":{"ngg_post_thumbnail":0,"footnotes":""},"class_list":["post-1336","page","type-page","status-publish","hentry"],"yoast_head":"<!-- This site is optimized with the Yoast SEO plugin v25.7 - https:\/\/yoast.com\/wordpress\/plugins\/seo\/ -->\n<title>Recensioner - Villa Graziella<\/title>\n<meta name=\"description\" content=\"Recensioner, Villa Graziella: 2-stj\u00e4rnigt hotell i Marghera, billigt och bra f\u00f6rbindelser med kollektivtrafik till Venedig.\" \/>\n<meta name=\"robots\" content=\"index, follow, max-snippet:-1, max-image-preview:large, max-video-preview:-1\" \/>\n<link rel=\"canonical\" href=\"https:\/\/www.villagraziella.com\/sv\/recensioner\/\" \/>\n<meta property=\"og:locale\" content=\"sv_SE\" \/>\n<meta property=\"og:type\" content=\"article\" \/>\n<meta property=\"og:title\" content=\"Recensioner - Villa Graziella\" \/>\n<meta property=\"og:description\" content=\"Recensioner, Villa Graziella: 2-stj\u00e4rnigt hotell i Marghera, billigt och bra f\u00f6rbindelser med kollektivtrafik till Venedig.\" \/>\n<meta property=\"og:url\" content=\"https:\/\/www.villagraziella.com\/sv\/recensioner\/\" \/>\n<meta property=\"og:site_name\" content=\"Villa Graziella\" \/>\n<meta property=\"article:modified_time\" content=\"2018-06-27T14:30:25+00:00\" \/>\n<meta property=\"og:image\" content=\"https:\/\/www.tripadvisor.it\/img\/cdsi\/img2\/branding\/150_logo-11900-2.png\" \/>\n<meta name=\"twitter:label1\" content=\"Ber\u00e4knad l\u00e4stid\" \/>\n\t<meta name=\"twitter:data1\" content=\"1 minut\" \/>\n<script type=\"application\/ld+json\" class=\"yoast-schema-graph\">{\"@context\":\"https:\/\/schema.org\",\"@graph\":[{\"@type\":\"WebPage\",\"@id\":\"https:\/\/www.villagraziella.com\/sv\/recensioner\/\",\"url\":\"https:\/\/www.villagraziella.com\/sv\/recensioner\/\",\"name\":\"Recensioner - Villa Graziella\",\"isPartOf\":{\"@id\":\"https:\/\/www.villagraziella.com\/sv\/#website\"},\"primaryImageOfPage\":{\"@id\":\"https:\/\/www.villagraziella.com\/sv\/recensioner\/#primaryimage\"},\"image\":{\"@id\":\"https:\/\/www.villagraziella.com\/sv\/recensioner\/#primaryimage\"},\"thumbnailUrl\":\"https:\/\/www.tripadvisor.it\/img\/cdsi\/img2\/branding\/150_logo-11900-2.png\",\"datePublished\":\"2015-01-14T14:09:43+00:00\",\"dateModified\":\"2018-06-27T14:30:25+00:00\",\"description\":\"Recensioner, Villa Graziella: 2-stj\u00e4rnigt hotell i Marghera, billigt och bra f\u00f6rbindelser med kollektivtrafik till Venedig.\",\"breadcrumb\":{\"@id\":\"https:\/\/www.villagraziella.com\/sv\/recensioner\/#breadcrumb\"},\"inLanguage\":\"sv-SE\",\"potentialAction\":[{\"@type\":\"ReadAction\",\"target\":[\"https:\/\/www.villagraziella.com\/sv\/recensioner\/\"]}]},{\"@type\":\"ImageObject\",\"inLanguage\":\"sv-SE\",\"@id\":\"https:\/\/www.villagraziella.com\/sv\/recensioner\/#primaryimage\",\"url\":\"https:\/\/www.tripadvisor.it\/img\/cdsi\/img2\/branding\/150_logo-11900-2.png\",\"contentUrl\":\"https:\/\/www.tripadvisor.it\/img\/cdsi\/img2\/branding\/150_logo-11900-2.png\"},{\"@type\":\"BreadcrumbList\",\"@id\":\"https:\/\/www.villagraziella.com\/sv\/recensioner\/#breadcrumb\",\"itemListElement\":[{\"@type\":\"ListItem\",\"position\":1,\"name\":\"Home\",\"item\":\"https:\/\/www.villagraziella.com\/sv\/\"},{\"@type\":\"ListItem\",\"position\":2,\"name\":\"Recensioner\"}]},{\"@type\":\"WebSite\",\"@id\":\"https:\/\/www.villagraziella.com\/sv\/#website\",\"url\":\"https:\/\/www.villagraziella.com\/sv\/\",\"name\":\"Villa Graziella\",\"description\":\"\",\"potentialAction\":[{\"@type\":\"SearchAction\",\"target\":{\"@type\":\"EntryPoint\",\"urlTemplate\":\"https:\/\/www.villagraziella.com\/sv\/?s={search_term_string}\"},\"query-input\":{\"@type\":\"PropertyValueSpecification\",\"valueRequired\":true,\"valueName\":\"search_term_string\"}}],\"inLanguage\":\"sv-SE\"}]}<\/script>\n<!-- \/ Yoast SEO plugin. -->","yoast_head_json":{"title":"Recensioner - Villa Graziella","description":"Recensioner, Villa Graziella: 2-stj\u00e4rnigt hotell i Marghera, billigt och bra f\u00f6rbindelser med kollektivtrafik till Venedig.","robots":{"index":"index","follow":"follow","max-snippet":"max-snippet:-1","max-image-preview":"max-image-preview:large","max-video-preview":"max-video-preview:-1"},"canonical":"https:\/\/www.villagraziella.com\/sv\/recensioner\/","og_locale":"sv_SE","og_type":"article","og_title":"Recensioner - Villa Graziella","og_description":"Recensioner, Villa Graziella: 2-stj\u00e4rnigt hotell i Marghera, billigt och bra f\u00f6rbindelser med kollektivtrafik till Venedig.","og_url":"https:\/\/www.villagraziella.com\/sv\/recensioner\/","og_site_name":"Villa Graziella","article_modified_time":"2018-06-27T14:30:25+00:00","og_image":[{"url":"https:\/\/www.tripadvisor.it\/img\/cdsi\/img2\/branding\/150_logo-11900-2.png","type":"","width":"","height":""}],"twitter_misc":{"Ber\u00e4knad l\u00e4stid":"1 minut"},"schema":{"@context":"https:\/\/schema.org","@graph":[{"@type":"WebPage","@id":"https:\/\/www.villagraziella.com\/sv\/recensioner\/","url":"https:\/\/www.villagraziella.com\/sv\/recensioner\/","name":"Recensioner - Villa Graziella","isPartOf":{"@id":"https:\/\/www.villagraziella.com\/sv\/#website"},"primaryImageOfPage":{"@id":"https:\/\/www.villagraziella.com\/sv\/recensioner\/#primaryimage"},"image":{"@id":"https:\/\/www.villagraziella.com\/sv\/recensioner\/#primaryimage"},"thumbnailUrl":"https:\/\/www.tripadvisor.it\/img\/cdsi\/img2\/branding\/150_logo-11900-2.png","datePublished":"2015-01-14T14:09:43+00:00","dateModified":"2018-06-27T14:30:25+00:00","description":"Recensioner, Villa Graziella: 2-stj\u00e4rnigt hotell i Marghera, billigt och bra f\u00f6rbindelser med kollektivtrafik till Venedig.","breadcrumb":{"@id":"https:\/\/www.villagraziella.com\/sv\/recensioner\/#breadcrumb"},"inLanguage":"sv-SE","potentialAction":[{"@type":"ReadAction","target":["https:\/\/www.villagraziella.com\/sv\/recensioner\/"]}]},{"@type":"ImageObject","inLanguage":"sv-SE","@id":"https:\/\/www.villagraziella.com\/sv\/recensioner\/#primaryimage","url":"https:\/\/www.tripadvisor.it\/img\/cdsi\/img2\/branding\/150_logo-11900-2.png","contentUrl":"https:\/\/www.tripadvisor.it\/img\/cdsi\/img2\/branding\/150_logo-11900-2.png"},{"@type":"BreadcrumbList","@id":"https:\/\/www.villagraziella.com\/sv\/recensioner\/#breadcrumb","itemListElement":[{"@type":"ListItem","position":1,"name":"Home","item":"https:\/\/www.villagraziella.com\/sv\/"},{"@type":"ListItem","position":2,"name":"Recensioner"}]},{"@type":"WebSite","@id":"https:\/\/www.villagraziella.com\/sv\/#website","url":"https:\/\/www.villagraziella.com\/sv\/","name":"Villa Graziella","description":"","potentialAction":[{"@type":"SearchAction","target":{"@type":"EntryPoint","urlTemplate":"https:\/\/www.villagraziella.com\/sv\/?s={search_term_string}"},"query-input":{"@type":"PropertyValueSpecification","valueRequired":true,"valueName":"search_term_string"}}],"inLanguage":"sv-SE"}]}},"publishpress_future_action":{"enabled":false,"date":"2026-04-25 05:28:11","action":"change-status","newStatus":"draft","terms":[],"taxonomy":"translation_priority","extraData":[]},"publishpress_future_workflow_manual_trigger":{"enabledWorkflows":[]},"_links":{"self":[{"href":"https:\/\/www.villagraziella.com\/sv\/wp-json\/wp\/v2\/pages\/1336","targetHints":{"allow":["GET"]}}],"collection":[{"href":"https:\/\/www.villagraziella.com\/sv\/wp-json\/wp\/v2\/pages"}],"about":[{"href":"https:\/\/www.villagraziella.com\/sv\/wp-json\/wp\/v2\/types\/page"}],"author":[{"embeddable":true,"href":"https:\/\/www.villagraziella.com\/sv\/wp-json\/wp\/v2\/users\/24"}],"replies":[{"embeddable":true,"href":"https:\/\/www.villagraziella.com\/sv\/wp-json\/wp\/v2\/comments?post=1336"}],"version-history":[{"count":1,"href":"https:\/\/www.villagraziella.com\/sv\/wp-json\/wp\/v2\/pages\/1336\/revisions"}],"predecessor-version":[{"id":2427,"href":"https:\/\/www.villagraziella.com\/sv\/wp-json\/wp\/v2\/pages\/1336\/revisions\/2427"}],"wp:attachment":[{"href":"https:\/\/www.villagraziella.com\/sv\/wp-json\/wp\/v2\/media?parent=1336"}],"curies":[{"name":"wp","href":"https:\/\/api.w.org\/{rel}","templated":true}]}}